{"id":37613,"date":"2026-05-07T15:29:47","date_gmt":"2026-05-07T13:29:47","guid":{"rendered":"https:\/\/gervi.be\/?post_type=product&#038;p=37613"},"modified":"2026-05-07T16:02:53","modified_gmt":"2026-05-07T14:02:53","slug":"sauna-exterieur-luna-1-kopie","status":"publish","type":"product","link":"https:\/\/gervi.be\/fr\/produit\/sauna-exterieur-luna-1-kopie\/","title":{"rendered":"AURA"},"content":{"rendered":"<p><em>Dimensions ext\u00e9rieures de la cabine : 2m20 de large x 2m50 de profondeur x 2m365 de hauteur<\/em><\/p>\n<p><strong>Standard :<br \/>\n<\/strong>&#8211; Elementsauna, rev\u00eatement int\u00e9rieur en panneaux de placage de hemlock<br \/>\n&#8211; Four FERO 9 KW et commande manuelle 21028<br \/>\n&#8211; Accessoires : sablier, thermom\u00e8tre, &#8230;<br \/>\n&#8211; Paquet de coussins MOLLIS inclus &#8211; couleur taupe<br \/>\n&#8211; Pas de rev\u00eatement ext\u00e9rieur pr\u00e9vu <\/p>\n<p><strong>Suppl\u00e9mentaire :<\/strong><br \/>\n&#8211; Fa\u00e7ade en verre sur mesure, poign\u00e9e de porte &#8216;Duet&#8217; \u20ac 3,579.00<br \/>\n&#8211; Syst\u00e8me de chauffage Sanarium Compact Fero 9KW<br \/>\nControl 21033 touch panel \u20ac 4,133.00<br \/>\n&#8211; Lampe suspendue NOOA \u20ac 995.00<br \/>\n&#8211; Seau de sauna NOOA Design et cuill\u00e8re \u20ac 365.00<\/p>\n<p><em>suppl\u00e9ment pour l&#8217;installation : \u20ac 2,250.00<\/em><\/p>\n","protected":false},"excerpt":{"rendered":"<ul>\n<li>SaunacontrolT<\/li>\n<li>Chauffage Hotline V6 10,5 kW<\/li>\n<li>Capacit\u00e9 : 4 \u00e0 6 personnes<\/li>\n<\/ul>\n","protected":false},"featured_media":37615,"template":"","meta":{"_acf_changed":false,"_uag_custom_page_level_css":"","site-sidebar-layout":"default","site-content-layout":"","ast-site-content-layout":"default","site-content-style":"default","site-sidebar-style":"default","ast-global-header-display":"","ast-banner-title-visibility":"","ast-main-header-display":"","ast-hfb-above-header-display":"","ast-hfb-below-header-display":"","ast-hfb-mobile-header-display":"","site-post-title":"","ast-breadcrumbs-content":"","ast-featured-img":"","footer-sml-layout":"","ast-disable-related-posts":"","theme-transparent-header-meta":"default","adv-header-id-meta":"","stick-header-meta":"","header-above-stick-meta":"","header-main-stick-meta":"","header-below-stick-meta":"","astra-migrate-meta-layouts":"set","ast-page-background-enabled":"default","ast-page-background-meta":{"desktop":{"background-color":"","background-image":"","background-repeat":"repeat","background-position":"center center","background-size":"auto","background-attachment":"scroll","background-type":"","background-media":"","overlay-type":"","overlay-color":"","overlay-opacity":"","overlay-gradient":""},"tablet":{"background-color":"","background-image":"","background-repeat":"repeat","background-position":"center center","background-size":"auto","background-attachment":"scroll","background-type":"","background-media":"","overlay-type":"","overlay-color":"","overlay-opacity":"","overlay-gradient":""},"mobile":{"background-color":"","background-image":"","background-repeat":"repeat","background-position":"center center","background-size":"auto","background-attachment":"scroll","background-type":"","background-media":"","overlay-type":"","overlay-color":"","overlay-opacity":"","overlay-gradient":""}},"ast-content-background-meta":{"desktop":{"background-color":"var(--ast-global-color-5)","background-image":"","background-repeat":"repeat","background-position":"center center","background-size":"auto","background-attachment":"scroll","background-type":"","background-media":"","overlay-type":"","overlay-color":"","overlay-opacity":"","overlay-gradient":""},"tablet":{"background-color":"var(--ast-global-color-5)","background-image":"","background-repeat":"repeat","background-position":"center center","background-size":"auto","background-attachment":"scroll","background-type":"","background-media":"","overlay-type":"","overlay-color":"","overlay-opacity":"","overlay-gradient":""},"mobile":{"background-color":"var(--ast-global-color-5)","background-image":"","background-repeat":"repeat","background-position":"center center","background-size":"auto","background-attachment":"scroll","background-type":"","background-media":"","overlay-type":"","overlay-color":"","overlay-opacity":"","overlay-gradient":""}}},"product_brand":[],"product_cat":[765,643,1912],"product_tag":[4368,4800,6100,3451,6101,6096,6099,5819,4038,6103,6097,1344,5944,6102,6105,5036,2422,6094,2210,6106,6107,1903,6098,2457,2206,6104,6095,6108,2212,2458,5091],"class_list":{"0":"post-37613","1":"product","2":"type-product","3":"status-publish","4":"has-post-thumbnail","6":"product_cat-modeles-klafs","7":"product_cat-sauna-fr","8":"product_cat-stocksale","9":"product_tag-aspect-naturel","10":"product_tag-atmosphere-apaisante-fr","11":"product_tag-bancs-ergonomiques","12":"product_tag-basse-energie","13":"product_tag-bien-etre-au-jardin","14":"product_tag-bois-de-meleze","15":"product_tag-chauffage-electrique","16":"product_tag-construction-durable","17":"product_tag-design-intemporel","18":"product_tag-design-minimaliste-fr","19":"product_tag-design-scandinave","20":"product_tag-detente","21":"product_tag-finition-de-haute-qualite","22":"product_tag-isole-thermiquement","23":"product_tag-kit-dauto-assemblage","24":"product_tag-lexperience-authentique-du-sauna","25":"product_tag-le-bien-etre-a-la-maison","26":"product_tag-luna-1-fr","27":"product_tag-materiaux-durables","28":"product_tag-montage-facile","29":"product_tag-qualite-superieure","30":"product_tag-resistant-aux-intemperies","31":"product_tag-sauna-au-feu-de-bois","32":"product_tag-sauna-compact","33":"product_tag-sauna-de-luxe","34":"product_tag-sauna-en-bois","35":"product_tag-sauna-exterieur","36":"product_tag-sauna-exterieur-elegant","37":"product_tag-sauna-finlandais","38":"product_tag-sauna-moderne","39":"product_tag-sauna-traditionnel","40":"desktop-align-left","41":"tablet-align-left","42":"mobile-align-left","44":"first","45":"instock","46":"sale","47":"taxable","48":"shipping-taxable","49":"purchasable","50":"product-type-simple"},"acf":[],"uagb_featured_image_src":{"full":["https:\/\/gervi.be\/wp-content\/uploads\/2026\/05\/AURA2025.jpg",363,484,false],"thumbnail":["https:\/\/gervi.be\/wp-content\/uploads\/2026\/05\/AURA2025-150x150.jpg",150,150,true],"medium":["https:\/\/gervi.be\/wp-content\/uploads\/2026\/05\/AURA2025-225x300.jpg",225,300,true],"medium_large":["https:\/\/gervi.be\/wp-content\/uploads\/2026\/05\/AURA2025.jpg",363,484,false],"large":["https:\/\/gervi.be\/wp-content\/uploads\/2026\/05\/AURA2025.jpg",363,484,false],"1536x1536":["https:\/\/gervi.be\/wp-content\/uploads\/2026\/05\/AURA2025.jpg",363,484,false],"2048x2048":["https:\/\/gervi.be\/wp-content\/uploads\/2026\/05\/AURA2025.jpg",363,484,false],"woocommerce_thumbnail":["https:\/\/gervi.be\/wp-content\/uploads\/2026\/05\/AURA2025.jpg",363,484,false],"woocommerce_single":["https:\/\/gervi.be\/wp-content\/uploads\/2026\/05\/AURA2025.jpg",363,484,false],"woocommerce_gallery_thumbnail":["https:\/\/gervi.be\/wp-content\/uploads\/2026\/05\/AURA2025-100x100.jpg",100,100,true],"dgwt-wcas-product-suggestion":["https:\/\/gervi.be\/wp-content\/uploads\/2026\/05\/AURA2025-64x85.jpg",64,85,true]},"uagb_author_info":{"display_name":"Valeria","author_link":"https:\/\/gervi.be\/fr\/author\/"},"uagb_comment_info":0,"uagb_excerpt":"SaunacontrolT Chauffage Hotline V6 10,5 kW Capacit\u00e9 : 4 \u00e0 6 personnes","_links":{"self":[{"href":"https:\/\/gervi.be\/fr\/wp-json\/wp\/v2\/product\/37613","targetHints":{"allow":["GET"]}}],"collection":[{"href":"https:\/\/gervi.be\/fr\/wp-json\/wp\/v2\/product"}],"about":[{"href":"https:\/\/gervi.be\/fr\/wp-json\/wp\/v2\/types\/product"}],"wp:featuredmedia":[{"embeddable":true,"href":"https:\/\/gervi.be\/fr\/wp-json\/wp\/v2\/media\/37615"}],"wp:attachment":[{"href":"https:\/\/gervi.be\/fr\/wp-json\/wp\/v2\/media?parent=37613"}],"wp:term":[{"taxonomy":"product_brand","embeddable":true,"href":"https:\/\/gervi.be\/fr\/wp-json\/wp\/v2\/product_brand?post=37613"},{"taxonomy":"product_cat","embeddable":true,"href":"https:\/\/gervi.be\/fr\/wp-json\/wp\/v2\/product_cat?post=37613"},{"taxonomy":"product_tag","embeddable":true,"href":"https:\/\/gervi.be\/fr\/wp-json\/wp\/v2\/product_tag?post=37613"}],"curies":[{"name":"wp","href":"https:\/\/api.w.org\/{rel}","templated":true}]}}