{"id":37255,"date":"2026-04-20T11:54:04","date_gmt":"2026-04-20T09:54:04","guid":{"rendered":"https:\/\/gervi.be\/?post_type=product&#038;p=37255"},"modified":"2026-04-20T13:16:29","modified_gmt":"2026-04-20T11:16:29","slug":"klafs-sway-kopie","status":"publish","type":"product","link":"https:\/\/gervi.be\/fr\/produit\/klafs-sway-kopie\/","title":{"rendered":"Chaise longue de bien-\u00eatre Klafs Somra"},"content":{"rendered":"<p><a href=\"https:\/\/gervi.be\/fr\/marques\/klafs\/\"><img decoding=\"async\" class=\"alignnone wp-image-17003\" src=\"https:\/\/gervi.be\/wp-content\/uploads\/2023\/12\/Klafs-logo-300x115.png\" alt=\"Logo Klafs\" width=\"150\" height=\"57\" title=\"\" srcset=\"https:\/\/gervi.be\/wp-content\/uploads\/2023\/12\/Klafs-logo-300x115.png 300w, https:\/\/gervi.be\/wp-content\/uploads\/2023\/12\/Klafs-logo-1024x393.png 1024w, https:\/\/gervi.be\/wp-content\/uploads\/2023\/12\/Klafs-logo-768x294.png 768w, https:\/\/gervi.be\/wp-content\/uploads\/2023\/12\/Klafs-logo-600x230.png 600w, https:\/\/gervi.be\/wp-content\/uploads\/2023\/12\/Klafs-logo.png 1200w\" sizes=\"(max-width: 150px) 100vw, 150px\" \/><\/a><\/p>\n<h2>Description<\/h2>\n<p>Pour un moment de repos indispensable dans le spa, KLAFS pr\u00e9sente la chaise longue SOMRA wellness : un meuble design exclusif qui allie tranquillit\u00e9, confort et esth\u00e9tique.<\/p>\n<p>Con\u00e7u par le designer de renomm\u00e9e internationale Sebastian Herkner, SOMRA offre un espace de s\u00e9curit\u00e9 et de relaxation profonde au sein de l&#8217;espace bien-\u00eatre. Cette chaise longue au design intemporel et discret peut \u00eatre \u00e9quip\u00e9e en option d&#8217;une fonction de chauffage int\u00e9gr\u00e9e de la nuque aux pieds. Cette fonction prolonge l&#8217;effet r\u00e9g\u00e9n\u00e9rateur d&#8217;une s\u00e9ance de sauna et contribue \u00e0 une relaxation plus intense.  <\/p>\n<p>La chaise longue SOMRA est disponible en ch\u00eane huil\u00e9 ou en noyer et est recouverte d&#8217;un rev\u00eatement durable de haute qualit\u00e9. Il s&#8217;agit donc non seulement d&#8217;un lieu de repos \u00e9l\u00e9gant pour la maison, mais aussi d&#8217;une pi\u00e8ce de d\u00e9tente \u00e9l\u00e9gante pour les spas professionnels. <\/p>\n<p>Avec SOMRA, KLAFS et Sebastian Herkner visent l&#8217;harmonie parfaite entre la fonctionnalit\u00e9, l&#8217;esth\u00e9tique et l&#8217;exp\u00e9rience tactile.<\/p>\n<p>&nbsp;<\/p>\n<p><strong>Chaise longue SOMRA non chauff\u00e9e, version ch\u00eane 3087 euros<\/strong><\/p>\n<p>Chaise longue SOMRA chauff\u00e9e, version ch\u00eane 3717 euros<\/p>\n<p>Chaise longue SOMRA non chauff\u00e9e, design Note 3717 euros<\/p>\n<p>Bain de soleil SOMRA chauff\u00e9, design Note 4347 euros<\/p>\n<p>&nbsp;<\/p>\n","protected":false},"excerpt":{"rendered":"<ul>\n<li>Dimensions : 1670 x 998 x 810 mm (L x L x H)<\/li>\n<li>Surface de la couche : 1900 x 518 (L X L)<\/li>\n<li>Variantes : disponibles avec ou sans fonction de chauffage int\u00e9gr\u00e9e<\/li>\n<li>Mat\u00e9riaux : Cadre en ch\u00eane huil\u00e9 avec rev\u00eatement en Sandgrau (0212) ou cadre en noyer huil\u00e9 avec rev\u00eatement en Graphitgrau (0394).<\/li>\n<li>Fonction de chauffage : trois r\u00e9glages, commande par bouton haptique, branchement \u00e9lectrique 230 v 8 120w, c\u00e2ble de 2 m<\/li>\n<li>Poids : environ 45 kg<\/li>\n<\/ul>\n","protected":false},"featured_media":37259,"template":"","meta":{"_acf_changed":false,"_uag_custom_page_level_css":"","site-sidebar-layout":"default","site-content-layout":"","ast-site-content-layout":"default","site-content-style":"default","site-sidebar-style":"default","ast-global-header-display":"","ast-banner-title-visibility":"","ast-main-header-display":"","ast-hfb-above-header-display":"","ast-hfb-below-header-display":"","ast-hfb-mobile-header-display":"","site-post-title":"","ast-breadcrumbs-content":"","ast-featured-img":"","footer-sml-layout":"","ast-disable-related-posts":"","theme-transparent-header-meta":"default","adv-header-id-meta":"","stick-header-meta":"","header-above-stick-meta":"","header-main-stick-meta":"","header-below-stick-meta":"","astra-migrate-meta-layouts":"set","ast-page-background-enabled":"default","ast-page-background-meta":{"desktop":{"background-color":"","background-image":"","background-repeat":"repeat","background-position":"center center","background-size":"auto","background-attachment":"scroll","background-type":"","background-media":"","overlay-type":"","overlay-color":"","overlay-opacity":"","overlay-gradient":""},"tablet":{"background-color":"","background-image":"","background-repeat":"repeat","background-position":"center center","background-size":"auto","background-attachment":"scroll","background-type":"","background-media":"","overlay-type":"","overlay-color":"","overlay-opacity":"","overlay-gradient":""},"mobile":{"background-color":"","background-image":"","background-repeat":"repeat","background-position":"center center","background-size":"auto","background-attachment":"scroll","background-type":"","background-media":"","overlay-type":"","overlay-color":"","overlay-opacity":"","overlay-gradient":""}},"ast-content-background-meta":{"desktop":{"background-color":"var(--ast-global-color-5)","background-image":"","background-repeat":"repeat","background-position":"center center","background-size":"auto","background-attachment":"scroll","background-type":"","background-media":"","overlay-type":"","overlay-color":"","overlay-opacity":"","overlay-gradient":""},"tablet":{"background-color":"var(--ast-global-color-5)","background-image":"","background-repeat":"repeat","background-position":"center center","background-size":"auto","background-attachment":"scroll","background-type":"","background-media":"","overlay-type":"","overlay-color":"","overlay-opacity":"","overlay-gradient":""},"mobile":{"background-color":"var(--ast-global-color-5)","background-image":"","background-repeat":"repeat","background-position":"center center","background-size":"auto","background-attachment":"scroll","background-type":"","background-media":"","overlay-type":"","overlay-color":"","overlay-opacity":"","overlay-gradient":""}}},"product_brand":[],"product_cat":[765,643],"product_tag":[1315,2258,2398,2264,2394,1344,2396,1708,1314,1339,2395,2390,2261,2260,2397,2391,2389,1357,2259,1345,2393,2392,2265],"class_list":{"0":"post-37255","1":"product","2":"type-product","3":"status-publish","4":"has-post-thumbnail","6":"product_cat-modeles-klafs","7":"product_cat-sauna-fr","8":"product_tag-bien-etre","9":"product_tag-canape-a-berceau","10":"product_tag-canape-confortable","11":"product_tag-cuir-textile","12":"product_tag-design-elegant","13":"product_tag-detente","14":"product_tag-experience-thermale","15":"product_tag-explorez-votre-mode-de-vie","16":"product_tag-gervi-fr","17":"product_tag-klafs-fr","18":"product_tag-materiau-de-haute-qualite","19":"product_tag-meuble-de-luxe","20":"product_tag-mouvement-pendulaire","21":"product_tag-powernap-fr","22":"product_tag-reduction-du-stress","23":"product_tag-reglable-electriquement","24":"product_tag-salle-de-relaxation","25":"product_tag-sauna-fr","26":"product_tag-se-balancer","27":"product_tag-se-detendre","28":"product_tag-sommeil-reparateur","29":"product_tag-un-swing-subtil","30":"product_tag-viscoelastique","31":"desktop-align-left","32":"tablet-align-left","33":"mobile-align-left","35":"first","36":"instock","37":"purchasable","38":"product-type-simple"},"acf":[],"uagb_featured_image_src":{"full":["https:\/\/gervi.be\/wp-content\/uploads\/2026\/04\/Somra2.jpg",1080,776,false],"thumbnail":["https:\/\/gervi.be\/wp-content\/uploads\/2026\/04\/Somra2-150x150.jpg",150,150,true],"medium":["https:\/\/gervi.be\/wp-content\/uploads\/2026\/04\/Somra2-300x216.jpg",300,216,true],"medium_large":["https:\/\/gervi.be\/wp-content\/uploads\/2026\/04\/Somra2-768x552.jpg",768,552,true],"large":["https:\/\/gervi.be\/wp-content\/uploads\/2026\/04\/Somra2-1024x736.jpg",1024,736,true],"1536x1536":["https:\/\/gervi.be\/wp-content\/uploads\/2026\/04\/Somra2.jpg",1080,776,false],"2048x2048":["https:\/\/gervi.be\/wp-content\/uploads\/2026\/04\/Somra2.jpg",1080,776,false],"woocommerce_thumbnail":["https:\/\/gervi.be\/wp-content\/uploads\/2026\/04\/Somra2.jpg",1080,776,false],"woocommerce_single":["https:\/\/gervi.be\/wp-content\/uploads\/2026\/04\/Somra2.jpg",1080,776,false],"woocommerce_gallery_thumbnail":["https:\/\/gervi.be\/wp-content\/uploads\/2026\/04\/Somra2-100x100.jpg",100,100,true],"dgwt-wcas-product-suggestion":["https:\/\/gervi.be\/wp-content\/uploads\/2026\/04\/Somra2.jpg",64,46,false]},"uagb_author_info":{"display_name":"Valeria","author_link":"https:\/\/gervi.be\/fr\/author\/"},"uagb_comment_info":0,"uagb_excerpt":"Dimensions : 1670 x 998 x 810 mm (L x L x H) Surface de la couche : 1900 x 518 (L X L) Variantes : disponibles avec ou sans fonction de chauffage int\u00e9gr\u00e9e Mat\u00e9riaux : Cadre en ch\u00eane huil\u00e9 avec rev\u00eatement en Sandgrau (0212) ou cadre en noyer huil\u00e9 avec rev\u00eatement en Graphitgrau (0394).\u2026","_links":{"self":[{"href":"https:\/\/gervi.be\/fr\/wp-json\/wp\/v2\/product\/37255","targetHints":{"allow":["GET"]}}],"collection":[{"href":"https:\/\/gervi.be\/fr\/wp-json\/wp\/v2\/product"}],"about":[{"href":"https:\/\/gervi.be\/fr\/wp-json\/wp\/v2\/types\/product"}],"wp:featuredmedia":[{"embeddable":true,"href":"https:\/\/gervi.be\/fr\/wp-json\/wp\/v2\/media\/37259"}],"wp:attachment":[{"href":"https:\/\/gervi.be\/fr\/wp-json\/wp\/v2\/media?parent=37255"}],"wp:term":[{"taxonomy":"product_brand","embeddable":true,"href":"https:\/\/gervi.be\/fr\/wp-json\/wp\/v2\/product_brand?post=37255"},{"taxonomy":"product_cat","embeddable":true,"href":"https:\/\/gervi.be\/fr\/wp-json\/wp\/v2\/product_cat?post=37255"},{"taxonomy":"product_tag","embeddable":true,"href":"https:\/\/gervi.be\/fr\/wp-json\/wp\/v2\/product_tag?post=37255"}],"curies":[{"name":"wp","href":"https:\/\/api.w.org\/{rel}","templated":true}]}}