{"id":36989,"date":"2026-03-19T09:54:46","date_gmt":"2026-03-19T08:54:46","guid":{"rendered":"https:\/\/gervi.be\/?post_type=product&#038;p=36989"},"modified":"2026-03-19T10:50:51","modified_gmt":"2026-03-19T09:50:51","slug":"chill-tub-original-kopie","status":"publish","type":"product","link":"https:\/\/gervi.be\/fr\/produit\/chill-tub-original-kopie\/","title":{"rendered":"Plongeon froid Vigor"},"content":{"rendered":"<p>Avec la m\u00eame qualit\u00e9, durabilit\u00e9 et innovation qui ont fait des spas Hot Spring les spas les plus vendus au monde,<br \/>\nVigor innove maintenant l&#8217;exp\u00e9rience de l&#8217;eau froide. Gr\u00e2ce \u00e0 une pompe ultra-silencieuse et \u00e0 un design ergonomique, Vigor cr\u00e9e l&#8217;environnement id\u00e9al<br \/>\npour se concentrer sur la r\u00e9cup\u00e9ration. Des syst\u00e8mes de refroidissement et de filtration avanc\u00e9s garantissent que l&#8217;eau cristalline est parfaitement r\u00e9frig\u00e9r\u00e9e et que<br \/>\nest toujours pr\u00eate, tandis qu&#8217;une isolation am\u00e9lior\u00e9e maintient les temp\u00e9ratures stables et l&#8217;efficacit\u00e9 \u00e9nerg\u00e9tique. Vigor est le compl\u00e9ment id\u00e9al de votre programme de bien-\u00eatre<br \/>\n, offrant commodit\u00e9, fiabilit\u00e9 et performances in\u00e9gal\u00e9es.   <\/p>\n<p>&nbsp;<\/p>\n<p>Sentez-vous vivant et ajoutez un peu de vitalit\u00e9 \u00e0 tous les aspects de votre vie avec le bain froid Vigor\u2122 de Hot Spring\u00ae Spas. Faites l&#8217;exp\u00e9rience<br \/>\nd&#8217;une immersion dans l&#8217;eau froide qui revitalise votre corps, aiguise votre concentration et am\u00e9liore votre humeur. Il ne s&#8217;agit pas<br \/>\nseulement de se sentir bien &#8211; il s&#8217;agit aussi de r\u00e9duire l&#8217;inflammation, d&#8217;acc\u00e9l\u00e9rer la r\u00e9cup\u00e9ration et d&#8217;optimiser<br \/>\nvos performances. En ajoutant un moment d&#8217;eau froide \u00e0 votre programme de bien-\u00eatre, vous augmenterez votre \u00e9nergie, renforcerez<br \/>\nvotre syst\u00e8me immunitaire et d\u00e9velopperez votre r\u00e9sistance. Profitez des bienfaits de la th\u00e9rapie par l&#8217;eau froide qui changent votre vie et devenez<br \/>\nune version plus forte de vous-m\u00eame, capable de relever tous les d\u00e9fis.    <\/p>\n","protected":false},"excerpt":{"rendered":"<ul>\n<li>Dimensions : 224 x 107 x 74<\/li>\n<li>Poids (\u00e0 sec) : 165 kg<\/li>\n<li>Capacit\u00e9 en eau : 425 litres<\/li>\n<li>Nombre de si\u00e8ges : 1<\/li>\n<li>Electricit\u00e9 : 230v\/ 13amp<\/li>\n<li>Temp\u00e9rature la plus basse : 5\u00b0c<\/li>\n<\/ul>\n","protected":false},"featured_media":36994,"template":"","meta":{"_acf_changed":false,"_uag_custom_page_level_css":"","site-sidebar-layout":"default","site-content-layout":"","ast-site-content-layout":"default","site-content-style":"default","site-sidebar-style":"default","ast-global-header-display":"","ast-banner-title-visibility":"","ast-main-header-display":"","ast-hfb-above-header-display":"","ast-hfb-below-header-display":"","ast-hfb-mobile-header-display":"","site-post-title":"","ast-breadcrumbs-content":"","ast-featured-img":"","footer-sml-layout":"","ast-disable-related-posts":"","theme-transparent-header-meta":"default","adv-header-id-meta":"","stick-header-meta":"","header-above-stick-meta":"","header-main-stick-meta":"","header-below-stick-meta":"","astra-migrate-meta-layouts":"set","ast-page-background-enabled":"default","ast-page-background-meta":{"desktop":{"background-color":"","background-image":"","background-repeat":"repeat","background-position":"center center","background-size":"auto","background-attachment":"scroll","background-type":"","background-media":"","overlay-type":"","overlay-color":"","overlay-opacity":"","overlay-gradient":""},"tablet":{"background-color":"","background-image":"","background-repeat":"repeat","background-position":"center center","background-size":"auto","background-attachment":"scroll","background-type":"","background-media":"","overlay-type":"","overlay-color":"","overlay-opacity":"","overlay-gradient":""},"mobile":{"background-color":"","background-image":"","background-repeat":"repeat","background-position":"center center","background-size":"auto","background-attachment":"scroll","background-type":"","background-media":"","overlay-type":"","overlay-color":"","overlay-opacity":"","overlay-gradient":""}},"ast-content-background-meta":{"desktop":{"background-color":"var(--ast-global-color-5)","background-image":"","background-repeat":"repeat","background-position":"center center","background-size":"auto","background-attachment":"scroll","background-type":"","background-media":"","overlay-type":"","overlay-color":"","overlay-opacity":"","overlay-gradient":""},"tablet":{"background-color":"var(--ast-global-color-5)","background-image":"","background-repeat":"repeat","background-position":"center center","background-size":"auto","background-attachment":"scroll","background-type":"","background-media":"","overlay-type":"","overlay-color":"","overlay-opacity":"","overlay-gradient":""},"mobile":{"background-color":"var(--ast-global-color-5)","background-image":"","background-repeat":"repeat","background-position":"center center","background-size":"auto","background-attachment":"scroll","background-type":"","background-media":"","overlay-type":"","overlay-color":"","overlay-opacity":"","overlay-gradient":""}}},"product_brand":[],"product_cat":[1770],"product_tag":[1772,1771,1773,1777,1315,1780,1314,1776,1779,1778,1774,6443,1775],"class_list":{"0":"post-36989","1":"product","2":"type-product","3":"status-publish","4":"has-post-thumbnail","6":"product_cat-bains-de-glace","7":"product_tag-baignoire-refrigeree","8":"product_tag-baignoires-refrigerantes","9":"product_tag-bain-de-glace","10":"product_tag-bain-froid","11":"product_tag-bien-etre","12":"product_tag-chill-tub-original-fr","13":"product_tag-gervi-fr","14":"product_tag-lhomme-de-glace","15":"product_tag-original-fr","16":"product_tag-reparation","17":"product_tag-therapie-par-le-froid","18":"product_tag-vigueur","19":"product_tag-wim-hof-fr","20":"desktop-align-left","21":"tablet-align-left","22":"mobile-align-left","24":"first","25":"instock","26":"purchasable","27":"product-type-simple"},"acf":[],"uagb_featured_image_src":{"full":["https:\/\/gervi.be\/wp-content\/uploads\/2026\/03\/Cold-Plunge-HotSpring-Ash-3Q-2-with-Cover-scaled.png",2560,1440,false],"thumbnail":["https:\/\/gervi.be\/wp-content\/uploads\/2026\/03\/Cold-Plunge-HotSpring-Ash-3Q-2-with-Cover-150x150.png",150,150,true],"medium":["https:\/\/gervi.be\/wp-content\/uploads\/2026\/03\/Cold-Plunge-HotSpring-Ash-3Q-2-with-Cover-300x169.png",300,169,true],"medium_large":["https:\/\/gervi.be\/wp-content\/uploads\/2026\/03\/Cold-Plunge-HotSpring-Ash-3Q-2-with-Cover-768x432.png",768,432,true],"large":["https:\/\/gervi.be\/wp-content\/uploads\/2026\/03\/Cold-Plunge-HotSpring-Ash-3Q-2-with-Cover-1024x576.png",1024,576,true],"1536x1536":["https:\/\/gervi.be\/wp-content\/uploads\/2026\/03\/Cold-Plunge-HotSpring-Ash-3Q-2-with-Cover-1536x864.png",1536,864,true],"2048x2048":["https:\/\/gervi.be\/wp-content\/uploads\/2026\/03\/Cold-Plunge-HotSpring-Ash-3Q-2-with-Cover-2048x1152.png",2048,1152,true],"woocommerce_thumbnail":["https:\/\/gervi.be\/wp-content\/uploads\/2026\/03\/Cold-Plunge-HotSpring-Ash-3Q-2-with-Cover-2000x1500.png",2000,1500,true],"woocommerce_single":["https:\/\/gervi.be\/wp-content\/uploads\/2026\/03\/Cold-Plunge-HotSpring-Ash-3Q-2-with-Cover-2000x1125.png",2000,1125,true],"woocommerce_gallery_thumbnail":["https:\/\/gervi.be\/wp-content\/uploads\/2026\/03\/Cold-Plunge-HotSpring-Ash-3Q-2-with-Cover-100x100.png",100,100,true],"dgwt-wcas-product-suggestion":["https:\/\/gervi.be\/wp-content\/uploads\/2026\/03\/Cold-Plunge-HotSpring-Ash-3Q-2-with-Cover-scaled.png",64,36,false]},"uagb_author_info":{"display_name":"Valeria","author_link":"https:\/\/gervi.be\/fr\/author\/"},"uagb_comment_info":0,"uagb_excerpt":"Dimensions : 224 x 107 x 74 Poids (\u00e0 sec) : 165 kg Capacit\u00e9 en eau : 425 litres Nombre de si\u00e8ges : 1 Electricit\u00e9 : 230v\/ 13amp Temp\u00e9rature la plus basse : 5\u00b0c","_links":{"self":[{"href":"https:\/\/gervi.be\/fr\/wp-json\/wp\/v2\/product\/36989","targetHints":{"allow":["GET"]}}],"collection":[{"href":"https:\/\/gervi.be\/fr\/wp-json\/wp\/v2\/product"}],"about":[{"href":"https:\/\/gervi.be\/fr\/wp-json\/wp\/v2\/types\/product"}],"wp:featuredmedia":[{"embeddable":true,"href":"https:\/\/gervi.be\/fr\/wp-json\/wp\/v2\/media\/36994"}],"wp:attachment":[{"href":"https:\/\/gervi.be\/fr\/wp-json\/wp\/v2\/media?parent=36989"}],"wp:term":[{"taxonomy":"product_brand","embeddable":true,"href":"https:\/\/gervi.be\/fr\/wp-json\/wp\/v2\/product_brand?post=36989"},{"taxonomy":"product_cat","embeddable":true,"href":"https:\/\/gervi.be\/fr\/wp-json\/wp\/v2\/product_cat?post=36989"},{"taxonomy":"product_tag","embeddable":true,"href":"https:\/\/gervi.be\/fr\/wp-json\/wp\/v2\/product_tag?post=36989"}],"curies":[{"name":"wp","href":"https:\/\/api.w.org\/{rel}","templated":true}]}}