{"id":34687,"date":"2025-12-18T14:33:30","date_gmt":"2025-12-18T13:33:30","guid":{"rendered":"https:\/\/gervi.be\/shop\/espuro-cloudspa\/"},"modified":"2025-12-18T14:33:30","modified_gmt":"2025-12-18T13:33:30","slug":"espuro-cloudspa","status":"publish","type":"product","link":"https:\/\/gervi.be\/fr\/produit\/espuro-cloudspa\/","title":{"rendered":"Espuro Cloudspa"},"content":{"rendered":"<p><strong><sup>ESPURO\u00ae<\/sup> CloudSPA<\/strong><\/p>\n<ul>\n<li>Appareil moussant pratique fonctionnant sur piles pour la douche, le bain ou tout autre endroit pr\u00e9f\u00e9r\u00e9 pour se d\u00e9tendre.<\/li>\n<li>Pas besoin de raccordement \u00e0 l&#8217;\u00e9lectricit\u00e9 ou \u00e0 l&#8217;eau, fonctionne sur piles, avec r\u00e9servoir d&#8217;eau int\u00e9gr\u00e9 pouvant contenir jusqu&#8217;\u00e0 3,5 l d&#8217;eau chaude ou froide.<\/li>\n<li>D\u00e9bit de mousse jusqu&#8217;\u00e0 400 l\/min<\/li>\n<li>Design minimaliste et \u00e9l\u00e9gant d\u00e9velopp\u00e9 en collaboration avec le Studio F. A. Porsche.<\/li>\n<li>Quatre sorties de mousse interchangeables pour une distribution cibl\u00e9e ou uniforme de la mousse : un jet de mousse doux pour la douche, qui peut \u00eatre dirig\u00e9 sans effort dans n&#8217;importe quelle direction, ou un tapis de mousse \u00e0 dispersion rapide pour la baignoire.<\/li>\n<li>R\u00e9glage progressif du volume de la mousse \u00e0 l&#8217;aide d&#8217;un bouton rotatif intuitif<\/li>\n<li>\u00c9clairage color\u00e9 LED int\u00e9gr\u00e9 avec fonction de gradation et s\u00e9lection des couleurs<\/li>\n<li>Dimensions de l&#8217;appareil : 420 \u00d7 290 \u00d7 153 mm (L \u00d7 H \u00d7 P)<\/li>\n<li>Support mural inclus pour une installation facile dans la douche<\/li>\n<li>Blanc mat avec accents chrom\u00e9s<\/li>\n<li>Technologie brevet\u00e9e &#8211; silencieuse, efficace, fonctionnement intuitif<\/li>\n<li>Prix allemand de l&#8217;innovation 2025<\/li>\n<\/ul>\n","protected":false},"excerpt":{"rendered":"<p><img fetchpriority=\"high\" decoding=\"async\" class=\"alignnone size-medium wp-image-34685\" src=\"https:\/\/gervi.be\/wp-content\/uploads\/2025\/12\/Klafs-espuro-cloudspa-240x300.jpg\" alt=\"\" width=\"240\" height=\"300\" srcset=\"https:\/\/gervi.be\/wp-content\/uploads\/2025\/12\/Klafs-espuro-cloudspa-240x300.jpg 240w, https:\/\/gervi.be\/wp-content\/uploads\/2025\/12\/Klafs-espuro-cloudspa.jpg 520w\" sizes=\"(max-width: 240px) 100vw, 240px\" \/><\/p>\n","protected":false},"featured_media":34686,"template":"","meta":{"_acf_changed":false,"_uag_custom_page_level_css":"","site-sidebar-layout":"default","site-content-layout":"","ast-site-content-layout":"default","site-content-style":"default","site-sidebar-style":"default","ast-global-header-display":"","ast-banner-title-visibility":"","ast-main-header-display":"","ast-hfb-above-header-display":"","ast-hfb-below-header-display":"","ast-hfb-mobile-header-display":"","site-post-title":"","ast-breadcrumbs-content":"","ast-featured-img":"","footer-sml-layout":"","ast-disable-related-posts":"","theme-transparent-header-meta":"default","adv-header-id-meta":"","stick-header-meta":"","header-above-stick-meta":"","header-main-stick-meta":"","header-below-stick-meta":"","astra-migrate-meta-layouts":"default","ast-page-background-enabled":"default","ast-page-background-meta":{"desktop":{"background-color":"","background-image":"","background-repeat":"repeat","background-position":"center center","background-size":"auto","background-attachment":"scroll","background-type":"","background-media":"","overlay-type":"","overlay-color":"","overlay-opacity":"","overlay-gradient":""},"tablet":{"background-color":"","background-image":"","background-repeat":"repeat","background-position":"center center","background-size":"auto","background-attachment":"scroll","background-type":"","background-media":"","overlay-type":"","overlay-color":"","overlay-opacity":"","overlay-gradient":""},"mobile":{"background-color":"","background-image":"","background-repeat":"repeat","background-position":"center center","background-size":"auto","background-attachment":"scroll","background-type":"","background-media":"","overlay-type":"","overlay-color":"","overlay-opacity":"","overlay-gradient":""}},"ast-content-background-meta":{"desktop":{"background-color":"var(--ast-global-color-5)","background-image":"","background-repeat":"repeat","background-position":"center center","background-size":"auto","background-attachment":"scroll","background-type":"","background-media":"","overlay-type":"","overlay-color":"","overlay-opacity":"","overlay-gradient":""},"tablet":{"background-color":"var(--ast-global-color-5)","background-image":"","background-repeat":"repeat","background-position":"center center","background-size":"auto","background-attachment":"scroll","background-type":"","background-media":"","overlay-type":"","overlay-color":"","overlay-opacity":"","overlay-gradient":""},"mobile":{"background-color":"var(--ast-global-color-5)","background-image":"","background-repeat":"repeat","background-position":"center center","background-size":"auto","background-attachment":"scroll","background-type":"","background-media":"","overlay-type":"","overlay-color":"","overlay-opacity":"","overlay-gradient":""}}},"product_brand":[],"product_cat":[645,643],"product_tag":[6422,1339],"class_list":{"0":"post-34687","1":"product","2":"type-product","3":"status-publish","4":"has-post-thumbnail","6":"product_cat-accessoires-pour-saunas","7":"product_cat-sauna-fr","8":"product_tag-espuro-cloudspa","9":"product_tag-klafs-fr","10":"desktop-align-left","11":"tablet-align-left","12":"mobile-align-left","14":"first","15":"instock","16":"taxable","17":"shipping-taxable","18":"purchasable","19":"product-type-simple"},"acf":[],"uagb_featured_image_src":{"full":["https:\/\/gervi.be\/wp-content\/uploads\/2025\/12\/Klafs-espuro-cloudspa.jpg",520,650,false],"thumbnail":["https:\/\/gervi.be\/wp-content\/uploads\/2025\/12\/Klafs-espuro-cloudspa-150x150.jpg",150,150,true],"medium":["https:\/\/gervi.be\/wp-content\/uploads\/2025\/12\/Klafs-espuro-cloudspa-240x300.jpg",240,300,true],"medium_large":["https:\/\/gervi.be\/wp-content\/uploads\/2025\/12\/Klafs-espuro-cloudspa.jpg",520,650,false],"large":["https:\/\/gervi.be\/wp-content\/uploads\/2025\/12\/Klafs-espuro-cloudspa.jpg",520,650,false],"1536x1536":["https:\/\/gervi.be\/wp-content\/uploads\/2025\/12\/Klafs-espuro-cloudspa.jpg",520,650,false],"2048x2048":["https:\/\/gervi.be\/wp-content\/uploads\/2025\/12\/Klafs-espuro-cloudspa.jpg",520,650,false],"woocommerce_thumbnail":["https:\/\/gervi.be\/wp-content\/uploads\/2025\/12\/Klafs-espuro-cloudspa.jpg",520,650,false],"woocommerce_single":["https:\/\/gervi.be\/wp-content\/uploads\/2025\/12\/Klafs-espuro-cloudspa.jpg",520,650,false],"woocommerce_gallery_thumbnail":["https:\/\/gervi.be\/wp-content\/uploads\/2025\/12\/Klafs-espuro-cloudspa-100x100.jpg",100,100,true],"dgwt-wcas-product-suggestion":["https:\/\/gervi.be\/wp-content\/uploads\/2025\/12\/Klafs-espuro-cloudspa.jpg",64,80,false]},"uagb_author_info":{"display_name":"Valeria","author_link":"https:\/\/gervi.be\/fr\/author\/"},"uagb_comment_info":0,"uagb_excerpt":null,"_links":{"self":[{"href":"https:\/\/gervi.be\/fr\/wp-json\/wp\/v2\/product\/34687","targetHints":{"allow":["GET"]}}],"collection":[{"href":"https:\/\/gervi.be\/fr\/wp-json\/wp\/v2\/product"}],"about":[{"href":"https:\/\/gervi.be\/fr\/wp-json\/wp\/v2\/types\/product"}],"wp:featuredmedia":[{"embeddable":true,"href":"https:\/\/gervi.be\/fr\/wp-json\/wp\/v2\/media\/34686"}],"wp:attachment":[{"href":"https:\/\/gervi.be\/fr\/wp-json\/wp\/v2\/media?parent=34687"}],"wp:term":[{"taxonomy":"product_brand","embeddable":true,"href":"https:\/\/gervi.be\/fr\/wp-json\/wp\/v2\/product_brand?post=34687"},{"taxonomy":"product_cat","embeddable":true,"href":"https:\/\/gervi.be\/fr\/wp-json\/wp\/v2\/product_cat?post=34687"},{"taxonomy":"product_tag","embeddable":true,"href":"https:\/\/gervi.be\/fr\/wp-json\/wp\/v2\/product_tag?post=34687"}],"curies":[{"name":"wp","href":"https:\/\/api.w.org\/{rel}","templated":true}]}}