{"id":33882,"date":"2025-10-06T15:18:05","date_gmt":"2025-10-06T13:18:05","guid":{"rendered":"https:\/\/gervi.be\/shop\/leonardo-2b\/"},"modified":"2025-10-06T15:18:05","modified_gmt":"2025-10-06T13:18:05","slug":"leonardo-2b","status":"publish","type":"product","link":"https:\/\/gervi.be\/fr\/produit\/leonardo-2b\/","title":{"rendered":"Leonardo 2B"},"content":{"rendered":"<p>Les nouveaux barbecues \u00e0 gaz Leonardo de Boretti combinent puissance, style et savoir-faire pour une exp\u00e9rience ultime du barbecue.<br \/>\nLes Leonardo apportent la passion de l&#8217;Italie dans notre arri\u00e8re-cour, avec un clin d&#8217;\u0153il aux voitures classiques et une finition qui respire le savoir-faire. De longues soir\u00e9es pleines de saveurs, de convivialit\u00e9 et d&#8217;un bon verre de vin &#8211; comme le font les Italiens. <\/p>\n<p>Chaque mod\u00e8le est fabriqu\u00e9 en fonte d&#8217;aluminium et en acier inoxydable de haute qualit\u00e9, avec des grilles en fonte \u00e9maill\u00e9e pour une r\u00e9partition optimale de la chaleur. En ajoutant des copeaux de bois dans la bo\u00eete de fumage int\u00e9gr\u00e9e \u00e0 la grille, vous ajoutez sans effort une dimension suppl\u00e9mentaire de saveur \u00e0 n&#8217;importe quel plat. Gr\u00e2ce aux puissants br\u00fbleurs principaux et au couvercle \u00e0 double paroi, vous contr\u00f4lez parfaitement la temp\u00e9rature. Apr\u00e8s le gril, vous pouvez \u00e9galement maintenir vos plats \u00e0 temp\u00e9rature en les pla\u00e7ant sur la luxueuse plaque chauffante en acier inoxydable.   <\/p>\n","protected":false},"excerpt":{"rendered":"<ul>\n<li>Surface de cuisson 480X420MM<\/li>\n<li>2 br\u00fbleurs principaux 3,6 KW<\/li>\n<li>Grilles en fonte \u00e9maill\u00e9e<\/li>\n<li>Plaque chauffante de luxe en acier inoxydable<\/li>\n<li>Double porte dans le placard<\/li>\n<li>Couvercle \u00e0 double paroi<\/li>\n<li>Pr\u00e9paration pour 8 personnes<\/li>\n<\/ul>\n","protected":false},"featured_media":33879,"template":"","meta":{"_acf_changed":false,"_uag_custom_page_level_css":"","site-sidebar-layout":"default","site-content-layout":"","ast-site-content-layout":"default","site-content-style":"default","site-sidebar-style":"default","ast-global-header-display":"","ast-banner-title-visibility":"","ast-main-header-display":"","ast-hfb-above-header-display":"","ast-hfb-below-header-display":"","ast-hfb-mobile-header-display":"","site-post-title":"","ast-breadcrumbs-content":"","ast-featured-img":"","footer-sml-layout":"","ast-disable-related-posts":"","theme-transparent-header-meta":"default","adv-header-id-meta":"","stick-header-meta":"","header-above-stick-meta":"","header-main-stick-meta":"","header-below-stick-meta":"","astra-migrate-meta-layouts":"default","ast-page-background-enabled":"default","ast-page-background-meta":{"desktop":{"background-color":"","background-image":"","background-repeat":"repeat","background-position":"center center","background-size":"auto","background-attachment":"scroll","background-type":"","background-media":"","overlay-type":"","overlay-color":"","overlay-opacity":"","overlay-gradient":""},"tablet":{"background-color":"","background-image":"","background-repeat":"repeat","background-position":"center center","background-size":"auto","background-attachment":"scroll","background-type":"","background-media":"","overlay-type":"","overlay-color":"","overlay-opacity":"","overlay-gradient":""},"mobile":{"background-color":"","background-image":"","background-repeat":"repeat","background-position":"center center","background-size":"auto","background-attachment":"scroll","background-type":"","background-media":"","overlay-type":"","overlay-color":"","overlay-opacity":"","overlay-gradient":""}},"ast-content-background-meta":{"desktop":{"background-color":"var(--ast-global-color-5)","background-image":"","background-repeat":"repeat","background-position":"center center","background-size":"auto","background-attachment":"scroll","background-type":"","background-media":"","overlay-type":"","overlay-color":"","overlay-opacity":"","overlay-gradient":""},"tablet":{"background-color":"var(--ast-global-color-5)","background-image":"","background-repeat":"repeat","background-position":"center center","background-size":"auto","background-attachment":"scroll","background-type":"","background-media":"","overlay-type":"","overlay-color":"","overlay-opacity":"","overlay-gradient":""},"mobile":{"background-color":"var(--ast-global-color-5)","background-image":"","background-repeat":"repeat","background-position":"center center","background-size":"auto","background-attachment":"scroll","background-type":"","background-media":"","overlay-type":"","overlay-color":"","overlay-opacity":"","overlay-gradient":""}}},"product_brand":[],"product_cat":[651,658],"product_tag":[],"class_list":{"0":"post-33882","1":"product","2":"type-product","3":"status-publish","4":"has-post-thumbnail","6":"product_cat-bbq-fr","7":"product_cat-boretti-fr","8":"desktop-align-left","9":"tablet-align-left","10":"mobile-align-left","12":"first","13":"instock","14":"taxable","15":"shipping-taxable","16":"purchasable","17":"product-type-simple"},"acf":[],"uagb_featured_image_src":{"full":["https:\/\/gervi.be\/wp-content\/uploads\/2025\/10\/Boretti-Leonardo-2B.webp",1332,1000,false],"thumbnail":["https:\/\/gervi.be\/wp-content\/uploads\/2025\/10\/Boretti-Leonardo-2B-150x150.webp",150,150,true],"medium":["https:\/\/gervi.be\/wp-content\/uploads\/2025\/10\/Boretti-Leonardo-2B-300x225.webp",300,225,true],"medium_large":["https:\/\/gervi.be\/wp-content\/uploads\/2025\/10\/Boretti-Leonardo-2B-768x577.webp",768,577,true],"large":["https:\/\/gervi.be\/wp-content\/uploads\/2025\/10\/Boretti-Leonardo-2B-1024x769.webp",1024,769,true],"1536x1536":["https:\/\/gervi.be\/wp-content\/uploads\/2025\/10\/Boretti-Leonardo-2B.webp",1332,1000,false],"2048x2048":["https:\/\/gervi.be\/wp-content\/uploads\/2025\/10\/Boretti-Leonardo-2B.webp",1332,1000,false],"woocommerce_thumbnail":["https:\/\/gervi.be\/wp-content\/uploads\/2025\/10\/Boretti-Leonardo-2B.webp",1332,1000,false],"woocommerce_single":["https:\/\/gervi.be\/wp-content\/uploads\/2025\/10\/Boretti-Leonardo-2B.webp",1332,1000,false],"woocommerce_gallery_thumbnail":["https:\/\/gervi.be\/wp-content\/uploads\/2025\/10\/Boretti-Leonardo-2B-100x100.webp",100,100,true],"dgwt-wcas-product-suggestion":["https:\/\/gervi.be\/wp-content\/uploads\/2025\/10\/Boretti-Leonardo-2B.webp",64,48,false]},"uagb_author_info":{"display_name":"Jelle Jakobus","author_link":"https:\/\/gervi.be\/fr\/author\/"},"uagb_comment_info":0,"uagb_excerpt":"Surface de cuisson 480X420MM 2 br\u00fbleurs principaux 3,6 KW Grilles en fonte \u00e9maill\u00e9e Plaque chauffante de luxe en acier inoxydable Double porte dans le placard Couvercle \u00e0 double paroi Pr\u00e9paration pour 8 personnes","_links":{"self":[{"href":"https:\/\/gervi.be\/fr\/wp-json\/wp\/v2\/product\/33882","targetHints":{"allow":["GET"]}}],"collection":[{"href":"https:\/\/gervi.be\/fr\/wp-json\/wp\/v2\/product"}],"about":[{"href":"https:\/\/gervi.be\/fr\/wp-json\/wp\/v2\/types\/product"}],"wp:featuredmedia":[{"embeddable":true,"href":"https:\/\/gervi.be\/fr\/wp-json\/wp\/v2\/media\/33879"}],"wp:attachment":[{"href":"https:\/\/gervi.be\/fr\/wp-json\/wp\/v2\/media?parent=33882"}],"wp:term":[{"taxonomy":"product_brand","embeddable":true,"href":"https:\/\/gervi.be\/fr\/wp-json\/wp\/v2\/product_brand?post=33882"},{"taxonomy":"product_cat","embeddable":true,"href":"https:\/\/gervi.be\/fr\/wp-json\/wp\/v2\/product_cat?post=33882"},{"taxonomy":"product_tag","embeddable":true,"href":"https:\/\/gervi.be\/fr\/wp-json\/wp\/v2\/product_tag?post=33882"}],"curies":[{"name":"wp","href":"https:\/\/api.w.org\/{rel}","templated":true}]}}