{"id":33870,"date":"2025-10-06T15:04:05","date_gmt":"2025-10-06T13:04:05","guid":{"rendered":"https:\/\/gervi.be\/shop\/classic-100-brushed\/"},"modified":"2025-10-06T15:04:05","modified_gmt":"2025-10-06T13:04:05","slug":"classic-100-brushed","status":"publish","type":"product","link":"https:\/\/gervi.be\/fr\/produit\/classic-100-brushed\/","title":{"rendered":"Classic 100 Brushed"},"content":{"rendered":"<p>L&#8217;OFYR 100 en acier inoxydable bross\u00e9 allie durabilit\u00e9 et luxe discret. La finition en acier inoxydable bross\u00e9 donne \u00e0 ce mod\u00e8le un aspect moderne et minimaliste, tout en r\u00e9sistant \u00e0 toutes les conditions m\u00e9t\u00e9orologiques. Ce mod\u00e8le est id\u00e9al pour tous ceux qui recherchent une cuisine ext\u00e9rieure polyvalente avec une finition de haute qualit\u00e9. Avec un diam\u00e8tre de 100 cm, il offre plus d&#8217;espace que n\u00e9cessaire pour pr\u00e9parer sans effort de d\u00e9licieux repas pour de grandes f\u00eates.   <\/p>\n","protected":false},"excerpt":{"rendered":"<p>Diam\u00e8tre : 100 cm<br \/>\nDimensions : 100 x 100 x 103 cm<br \/>\nMat\u00e9riau : acier corten \/ acier laqu\u00e9 noir<br \/>\nPoids : 103 kg<\/p>\n","protected":false},"featured_media":33869,"template":"","meta":{"_acf_changed":false,"_uag_custom_page_level_css":"","site-sidebar-layout":"default","site-content-layout":"","ast-site-content-layout":"default","site-content-style":"default","site-sidebar-style":"default","ast-global-header-display":"","ast-banner-title-visibility":"","ast-main-header-display":"","ast-hfb-above-header-display":"","ast-hfb-below-header-display":"","ast-hfb-mobile-header-display":"","site-post-title":"","ast-breadcrumbs-content":"","ast-featured-img":"","footer-sml-layout":"","ast-disable-related-posts":"","theme-transparent-header-meta":"default","adv-header-id-meta":"","stick-header-meta":"","header-above-stick-meta":"","header-main-stick-meta":"","header-below-stick-meta":"","astra-migrate-meta-layouts":"default","ast-page-background-enabled":"default","ast-page-background-meta":{"desktop":{"background-color":"","background-image":"","background-repeat":"repeat","background-position":"center center","background-size":"auto","background-attachment":"scroll","background-type":"","background-media":"","overlay-type":"","overlay-color":"","overlay-opacity":"","overlay-gradient":""},"tablet":{"background-color":"","background-image":"","background-repeat":"repeat","background-position":"center center","background-size":"auto","background-attachment":"scroll","background-type":"","background-media":"","overlay-type":"","overlay-color":"","overlay-opacity":"","overlay-gradient":""},"mobile":{"background-color":"","background-image":"","background-repeat":"repeat","background-position":"center center","background-size":"auto","background-attachment":"scroll","background-type":"","background-media":"","overlay-type":"","overlay-color":"","overlay-opacity":"","overlay-gradient":""}},"ast-content-background-meta":{"desktop":{"background-color":"var(--ast-global-color-5)","background-image":"","background-repeat":"repeat","background-position":"center center","background-size":"auto","background-attachment":"scroll","background-type":"","background-media":"","overlay-type":"","overlay-color":"","overlay-opacity":"","overlay-gradient":""},"tablet":{"background-color":"var(--ast-global-color-5)","background-image":"","background-repeat":"repeat","background-position":"center center","background-size":"auto","background-attachment":"scroll","background-type":"","background-media":"","overlay-type":"","overlay-color":"","overlay-opacity":"","overlay-gradient":""},"mobile":{"background-color":"var(--ast-global-color-5)","background-image":"","background-repeat":"repeat","background-position":"center center","background-size":"auto","background-attachment":"scroll","background-type":"","background-media":"","overlay-type":"","overlay-color":"","overlay-opacity":"","overlay-gradient":""}}},"product_brand":[],"product_cat":[651,654],"product_tag":[],"class_list":{"0":"post-33870","1":"product","2":"type-product","3":"status-publish","4":"has-post-thumbnail","6":"product_cat-bbq-fr","7":"product_cat-ofyr-fr","8":"desktop-align-left","9":"tablet-align-left","10":"mobile-align-left","12":"first","13":"instock","14":"taxable","15":"shipping-taxable","16":"product-type-simple"},"acf":[],"uagb_featured_image_src":{"full":["https:\/\/gervi.be\/wp-content\/uploads\/2025\/10\/Ofyr-Classic-100-Brushed.webp",920,690,false],"thumbnail":["https:\/\/gervi.be\/wp-content\/uploads\/2025\/10\/Ofyr-Classic-100-Brushed-150x150.webp",150,150,true],"medium":["https:\/\/gervi.be\/wp-content\/uploads\/2025\/10\/Ofyr-Classic-100-Brushed-300x225.webp",300,225,true],"medium_large":["https:\/\/gervi.be\/wp-content\/uploads\/2025\/10\/Ofyr-Classic-100-Brushed-768x576.webp",768,576,true],"large":["https:\/\/gervi.be\/wp-content\/uploads\/2025\/10\/Ofyr-Classic-100-Brushed.webp",920,690,false],"1536x1536":["https:\/\/gervi.be\/wp-content\/uploads\/2025\/10\/Ofyr-Classic-100-Brushed.webp",920,690,false],"2048x2048":["https:\/\/gervi.be\/wp-content\/uploads\/2025\/10\/Ofyr-Classic-100-Brushed.webp",920,690,false],"woocommerce_thumbnail":["https:\/\/gervi.be\/wp-content\/uploads\/2025\/10\/Ofyr-Classic-100-Brushed.webp",920,690,false],"woocommerce_single":["https:\/\/gervi.be\/wp-content\/uploads\/2025\/10\/Ofyr-Classic-100-Brushed.webp",920,690,false],"woocommerce_gallery_thumbnail":["https:\/\/gervi.be\/wp-content\/uploads\/2025\/10\/Ofyr-Classic-100-Brushed-100x100.webp",100,100,true],"dgwt-wcas-product-suggestion":["https:\/\/gervi.be\/wp-content\/uploads\/2025\/10\/Ofyr-Classic-100-Brushed.webp",64,48,false]},"uagb_author_info":{"display_name":"Jelle Jakobus","author_link":"https:\/\/gervi.be\/fr\/author\/"},"uagb_comment_info":0,"uagb_excerpt":"Diam\u00e8tre : 100 cm Dimensions : 100 x 100 x 103 cm Mat\u00e9riau : acier corten \/ acier laqu\u00e9 noir Poids : 103 kg","_links":{"self":[{"href":"https:\/\/gervi.be\/fr\/wp-json\/wp\/v2\/product\/33870","targetHints":{"allow":["GET"]}}],"collection":[{"href":"https:\/\/gervi.be\/fr\/wp-json\/wp\/v2\/product"}],"about":[{"href":"https:\/\/gervi.be\/fr\/wp-json\/wp\/v2\/types\/product"}],"wp:featuredmedia":[{"embeddable":true,"href":"https:\/\/gervi.be\/fr\/wp-json\/wp\/v2\/media\/33869"}],"wp:attachment":[{"href":"https:\/\/gervi.be\/fr\/wp-json\/wp\/v2\/media?parent=33870"}],"wp:term":[{"taxonomy":"product_brand","embeddable":true,"href":"https:\/\/gervi.be\/fr\/wp-json\/wp\/v2\/product_brand?post=33870"},{"taxonomy":"product_cat","embeddable":true,"href":"https:\/\/gervi.be\/fr\/wp-json\/wp\/v2\/product_cat?post=33870"},{"taxonomy":"product_tag","embeddable":true,"href":"https:\/\/gervi.be\/fr\/wp-json\/wp\/v2\/product_tag?post=33870"}],"curies":[{"name":"wp","href":"https:\/\/api.w.org\/{rel}","templated":true}]}}