{"id":32557,"date":"2025-08-04T11:49:24","date_gmt":"2025-08-04T09:49:24","guid":{"rendered":"https:\/\/gervi.be\/shop\/swingrest\/"},"modified":"2025-09-10T11:26:39","modified_gmt":"2025-09-10T09:26:39","slug":"swingrest","status":"publish","type":"product","link":"https:\/\/gervi.be\/fr\/produit\/swingrest\/","title":{"rendered":"SWINGREST"},"content":{"rendered":"<p data-start=\"173\" data-end=\"682\">Le lit de jour Dedon Swingrest, con\u00e7u par Daniel Pouzet pour Dedon, est un luxueux salon d&#8217;ext\u00e9rieur rond d&#8217;un diam\u00e8tre impressionnant d&#8217;environ 193 cm et d&#8217;une profondeur d&#8217;environ 196 cm, tandis que la hauteur d&#8217;assise est d&#8217;environ 38-42 cm. Le lit de jour est disponible en deux versions : la version suspendue \u00e0 des c\u00e2bles, ou la pratique &#8220;chaise longue debout&#8221; avec sa propre base stable, y compris une base rotative \u00e0 360\u00b0 pour plus de flexibilit\u00e9. <\/p>\n<p data-start=\"684\" data-end=\"1136\">Le design associe un cadre en aluminium peint par poudrage \u00e0 la fibre plastique r\u00e9sistante aux intemp\u00e9ries, tiss\u00e9e \u00e0 la main, signature de Dedon, pour une structure \u00e0 la fois durable et \u00e9l\u00e9gante. De plus, une \u00e9l\u00e9gante table d&#8217;appoint pivotante est int\u00e9gr\u00e9e avec un plateau en r\u00e9sine min\u00e9rale et un bras en aluminium qui permet d&#8217;avoir toujours \u00e0 port\u00e9e de main des sandwichs, des boissons ou des livres. <\/p>\n<p data-start=\"1138\" data-end=\"1650\">Le confort d&#8217;assise est exceptionnel gr\u00e2ce \u00e0 un coussin d&#8217;assise g\u00e9n\u00e9reux (\u00d8 192 cm) et \u00e0 une s\u00e9rie de coussins d\u00e9coratifs &#8211; g\u00e9n\u00e9ralement six grands (60\u00d750 cm) et quatre plus petits (40\u00d740 cm), dans diff\u00e9rentes cat\u00e9gories de tissus r\u00e9sistants aux UV et lavables.<\/p>\n<p data-start=\"1652\" data-end=\"1840\">En bref, le lit de jour Dedon Swingrest est un meuble d&#8217;ext\u00e9rieur embl\u00e9matique, spacieux et confortable qui allie sans effort luxe, durabilit\u00e9 et design \u00e9l\u00e9gant : parfait pour se d\u00e9tendre avec style.<\/p>\n","protected":false},"excerpt":{"rendered":"<p>Le lit de jour Dedon Swingrest, con\u00e7u par Daniel Pouzet pour Dedon, est un luxueux salon d&#8217;ext\u00e9rieur rond d&#8217;un diam\u00e8tre impressionnant d&#8217;environ 193 cm et d&#8217;une profondeur d&#8217;environ 196 cm, tandis que la hauteur d&#8217;assise est d&#8217;environ 38-42 cm. Le lit de jour est disponible en deux versions : la version suspendue \u00e0 des c\u00e2bles, [&hellip;]<\/p>\n","protected":false},"featured_media":32550,"template":"","meta":{"_acf_changed":false,"_uag_custom_page_level_css":"","site-sidebar-layout":"default","site-content-layout":"","ast-site-content-layout":"default","site-content-style":"default","site-sidebar-style":"default","ast-global-header-display":"","ast-banner-title-visibility":"","ast-main-header-display":"","ast-hfb-above-header-display":"","ast-hfb-below-header-display":"","ast-hfb-mobile-header-display":"","site-post-title":"","ast-breadcrumbs-content":"","ast-featured-img":"","footer-sml-layout":"","ast-disable-related-posts":"","theme-transparent-header-meta":"default","adv-header-id-meta":"","stick-header-meta":"","header-above-stick-meta":"","header-main-stick-meta":"","header-below-stick-meta":"","astra-migrate-meta-layouts":"default","ast-page-background-enabled":"default","ast-page-background-meta":{"desktop":{"background-color":"","background-image":"","background-repeat":"repeat","background-position":"center center","background-size":"auto","background-attachment":"scroll","background-type":"","background-media":"","overlay-type":"","overlay-color":"","overlay-opacity":"","overlay-gradient":""},"tablet":{"background-color":"","background-image":"","background-repeat":"repeat","background-position":"center center","background-size":"auto","background-attachment":"scroll","background-type":"","background-media":"","overlay-type":"","overlay-color":"","overlay-opacity":"","overlay-gradient":""},"mobile":{"background-color":"","background-image":"","background-repeat":"repeat","background-position":"center center","background-size":"auto","background-attachment":"scroll","background-type":"","background-media":"","overlay-type":"","overlay-color":"","overlay-opacity":"","overlay-gradient":""}},"ast-content-background-meta":{"desktop":{"background-color":"var(--ast-global-color-5)","background-image":"","background-repeat":"repeat","background-position":"center center","background-size":"auto","background-attachment":"scroll","background-type":"","background-media":"","overlay-type":"","overlay-color":"","overlay-opacity":"","overlay-gradient":""},"tablet":{"background-color":"var(--ast-global-color-5)","background-image":"","background-repeat":"repeat","background-position":"center center","background-size":"auto","background-attachment":"scroll","background-type":"","background-media":"","overlay-type":"","overlay-color":"","overlay-opacity":"","overlay-gradient":""},"mobile":{"background-color":"var(--ast-global-color-5)","background-image":"","background-repeat":"repeat","background-position":"center center","background-size":"auto","background-attachment":"scroll","background-type":"","background-media":"","overlay-type":"","overlay-color":"","overlay-opacity":"","overlay-gradient":""}}},"product_brand":[6287],"product_cat":[6313,878],"product_tag":[6373,6389,6385,6371,6392,6383,6368,6376,6387,1314,1893,6380,6369,6390,6372,6382,6386,6377,4132,6391,6379,6374,6370,6375,6381,6388,6393,6384,6394,6378],"class_list":{"0":"post-32557","1":"product","2":"type-product","3":"status-publish","4":"has-post-thumbnail","6":"product_brand-dedon","7":"product_cat-lit-de-jour","8":"product_cat-meubles-de-jardin","9":"product_tag-canape-de-salon-moderne","10":"product_tag-chaise-longue-dexterieur","11":"product_tag-chaise-longue-debout-dedon","12":"product_tag-chaise-longue-ronde-dexterieur","13":"product_tag-collection-dedon-design","14":"product_tag-coussins-amovibles","15":"product_tag-dedon-swingrest-daybed-fr","16":"product_tag-design-des-meubles-de-jardin","17":"product_tag-ensemble-de-salon-dexterieur-fr","18":"product_tag-gervi-fr","19":"product_tag-gervi-outdoor-fr","20":"product_tag-lit-de-jour-avec-cadre-en-aluminium","21":"product_tag-lit-de-jour-de-luxe-pour-lexterieur","22":"product_tag-lit-de-jour-exclusif","23":"product_tag-lit-de-jour-resistant-aux-intemperies","24":"product_tag-lit-de-jour-resistant-aux-uv","25":"product_tag-lit-de-jour-suspendu","26":"product_tag-lit-de-relaxation-exterieur","27":"product_tag-meubles-dexterieur-design","28":"product_tag-meubles-dexterieur-multifonctionnels","29":"product_tag-meubles-dexterieur-tisses-a-la-main","30":"product_tag-meubles-de-jardin-de-haute-qualite","31":"product_tag-meubles-de-jardin-design","32":"product_tag-meubles-de-salon-dexterieur","33":"product_tag-meubles-de-salon-rotatifs","34":"product_tag-meubles-de-terrasse-luxe","35":"product_tag-salon-de-jardin-de-luxe","36":"product_tag-salon-exterieur-confortable","37":"product_tag-sieges-dexterieur-modernes","38":"product_tag-terrasse-premium-avec-lit-de-jour","39":"desktop-align-left","40":"tablet-align-left","41":"mobile-align-left","43":"first","44":"instock","45":"taxable","46":"shipping-taxable","47":"product-type-simple"},"acf":[],"uagb_featured_image_src":{"full":["https:\/\/gervi.be\/wp-content\/uploads\/2025\/08\/Swingrest.png",750,750,false],"thumbnail":["https:\/\/gervi.be\/wp-content\/uploads\/2025\/08\/Swingrest-150x150.png",150,150,true],"medium":["https:\/\/gervi.be\/wp-content\/uploads\/2025\/08\/Swingrest-300x300.png",300,300,true],"medium_large":["https:\/\/gervi.be\/wp-content\/uploads\/2025\/08\/Swingrest.png",750,750,false],"large":["https:\/\/gervi.be\/wp-content\/uploads\/2025\/08\/Swingrest.png",750,750,false],"1536x1536":["https:\/\/gervi.be\/wp-content\/uploads\/2025\/08\/Swingrest.png",750,750,false],"2048x2048":["https:\/\/gervi.be\/wp-content\/uploads\/2025\/08\/Swingrest.png",750,750,false],"woocommerce_thumbnail":["https:\/\/gervi.be\/wp-content\/uploads\/2025\/08\/Swingrest.png",750,750,false],"woocommerce_single":["https:\/\/gervi.be\/wp-content\/uploads\/2025\/08\/Swingrest.png",750,750,false],"woocommerce_gallery_thumbnail":["https:\/\/gervi.be\/wp-content\/uploads\/2025\/08\/Swingrest-100x100.png",100,100,true],"dgwt-wcas-product-suggestion":["https:\/\/gervi.be\/wp-content\/uploads\/2025\/08\/Swingrest.png",64,64,false]},"uagb_author_info":{"display_name":"creativitijd","author_link":"https:\/\/gervi.be\/fr\/author\/"},"uagb_comment_info":0,"uagb_excerpt":"Le lit de jour Dedon Swingrest, con\u00e7u par Daniel Pouzet pour Dedon, est un luxueux salon d&#8217;ext\u00e9rieur rond d&#8217;un diam\u00e8tre impressionnant d&#8217;environ 193 cm et d&#8217;une profondeur d&#8217;environ 196 cm, tandis que la hauteur d&#8217;assise est d&#8217;environ 38-42 cm. Le lit de jour est disponible en deux versions : la version suspendue \u00e0 des c\u00e2bles,\u2026","_links":{"self":[{"href":"https:\/\/gervi.be\/fr\/wp-json\/wp\/v2\/product\/32557","targetHints":{"allow":["GET"]}}],"collection":[{"href":"https:\/\/gervi.be\/fr\/wp-json\/wp\/v2\/product"}],"about":[{"href":"https:\/\/gervi.be\/fr\/wp-json\/wp\/v2\/types\/product"}],"wp:featuredmedia":[{"embeddable":true,"href":"https:\/\/gervi.be\/fr\/wp-json\/wp\/v2\/media\/32550"}],"wp:attachment":[{"href":"https:\/\/gervi.be\/fr\/wp-json\/wp\/v2\/media?parent=32557"}],"wp:term":[{"taxonomy":"product_brand","embeddable":true,"href":"https:\/\/gervi.be\/fr\/wp-json\/wp\/v2\/product_brand?post=32557"},{"taxonomy":"product_cat","embeddable":true,"href":"https:\/\/gervi.be\/fr\/wp-json\/wp\/v2\/product_cat?post=32557"},{"taxonomy":"product_tag","embeddable":true,"href":"https:\/\/gervi.be\/fr\/wp-json\/wp\/v2\/product_tag?post=32557"}],"curies":[{"name":"wp","href":"https:\/\/api.w.org\/{rel}","templated":true}]}}