{"id":28239,"date":"2025-01-10T12:42:28","date_gmt":"2025-01-10T11:42:28","guid":{"rendered":"https:\/\/gervi.be\/shop\/brillance-du-spa\/"},"modified":"2025-01-10T12:42:49","modified_gmt":"2025-01-10T11:42:49","slug":"brillance-du-spa","status":"publish","type":"product","link":"https:\/\/gervi.be\/fr\/produit\/brillance-du-spa\/","title":{"rendered":"Brillance du spa"},"content":{"rendered":"<p><strong>Spa Shine<\/strong> est le nettoyant et le conditionneur parfaits pour l&#8217;entretien de votre jacuzzi ou de votre spa. Le produit nettoie et polit les surfaces acryliques et les couvertures de spa, tout en offrant une couche protectrice contre les rayons UV et l&#8217;humidit\u00e9.  Le r\u00e9sultat ? Une brillance sans trace et une protection longue dur\u00e9e. Facile \u00e0 appliquer et id\u00e9al pour ceux qui veulent garder leur spa en parfait \u00e9tat. <\/p>\n","protected":false},"excerpt":{"rendered":"<p>Spa Shine est le nettoyant et le conditionneur parfaits pour l&#8217;entretien de votre jacuzzi ou de votre spa. Le produit nettoie et polit les surfaces acryliques et les couvertures de spa, tout en offrant une couche protectrice contre les rayons UV et l&#8217;humidit\u00e9. Le r\u00e9sultat ? Une brillance sans trace et une protection longue dur\u00e9e. [&hellip;]<\/p>\n","protected":false},"featured_media":28238,"template":"","meta":{"_acf_changed":false,"_uag_custom_page_level_css":"","site-sidebar-layout":"default","site-content-layout":"","ast-site-content-layout":"default","site-content-style":"default","site-sidebar-style":"default","ast-global-header-display":"","ast-banner-title-visibility":"","ast-main-header-display":"","ast-hfb-above-header-display":"","ast-hfb-below-header-display":"","ast-hfb-mobile-header-display":"","site-post-title":"","ast-breadcrumbs-content":"","ast-featured-img":"","footer-sml-layout":"","ast-disable-related-posts":"","theme-transparent-header-meta":"default","adv-header-id-meta":"","stick-header-meta":"","header-above-stick-meta":"","header-main-stick-meta":"","header-below-stick-meta":"","astra-migrate-meta-layouts":"default","ast-page-background-enabled":"default","ast-page-background-meta":{"desktop":{"background-color":"","background-image":"","background-repeat":"repeat","background-position":"center center","background-size":"auto","background-attachment":"scroll","background-type":"","background-media":"","overlay-type":"","overlay-color":"","overlay-opacity":"","overlay-gradient":""},"tablet":{"background-color":"","background-image":"","background-repeat":"repeat","background-position":"center center","background-size":"auto","background-attachment":"scroll","background-type":"","background-media":"","overlay-type":"","overlay-color":"","overlay-opacity":"","overlay-gradient":""},"mobile":{"background-color":"","background-image":"","background-repeat":"repeat","background-position":"center center","background-size":"auto","background-attachment":"scroll","background-type":"","background-media":"","overlay-type":"","overlay-color":"","overlay-opacity":"","overlay-gradient":""}},"ast-content-background-meta":{"desktop":{"background-color":"var(--ast-global-color-5)","background-image":"","background-repeat":"repeat","background-position":"center center","background-size":"auto","background-attachment":"scroll","background-type":"","background-media":"","overlay-type":"","overlay-color":"","overlay-opacity":"","overlay-gradient":""},"tablet":{"background-color":"var(--ast-global-color-5)","background-image":"","background-repeat":"repeat","background-position":"center center","background-size":"auto","background-attachment":"scroll","background-type":"","background-media":"","overlay-type":"","overlay-color":"","overlay-opacity":"","overlay-gradient":""},"mobile":{"background-color":"var(--ast-global-color-5)","background-image":"","background-repeat":"repeat","background-position":"center center","background-size":"auto","background-attachment":"scroll","background-type":"","background-media":"","overlay-type":"","overlay-color":"","overlay-opacity":"","overlay-gradient":""}}},"product_brand":[],"product_cat":[635,690],"product_tag":[2085,6270,6275,6285,6274,6134,6272,2076,4009,1314,6279,6276,6281,2117,2115,6284,6271,2765,2137,6283,6277,6282,6273,6286,6280,6278],"class_list":{"0":"post-28239","1":"product","2":"type-product","3":"status-publish","4":"has-post-thumbnail","6":"product_cat-jacuzzi-fr","7":"product_cat-produits-dentretien","8":"product_tag-accessoires-pour-le-spa","9":"product_tag-brillance-du-spa-fr","10":"product_tag-brillance-sans-trace","11":"product_tag-commodite-de-lentretien-du-spa","12":"product_tag-conditionneur-pour-spa","13":"product_tag-conseils-pour-lentretien-du-spa","14":"product_tag-entretien-des-couvertures-de-spa","15":"product_tag-entretien-du-jacuzzi","16":"product_tag-explorez-votre-style-de-vie-fr","17":"product_tag-gervi-fr","18":"product_tag-jacuzzi-brillant","19":"product_tag-nettoyage-du-spa-fr-2","20":"product_tag-nettoyage-facile-du-spa","21":"product_tag-nettoyant-pour-acrylique","22":"product_tag-nettoyeur-de-spa","23":"product_tag-polissage-de-lacrylique","24":"product_tag-polissage-du-spa","25":"product_tag-produits-dentretien-jacuzzi","26":"product_tag-produits-de-soins-pour-le-spa","27":"product_tag-protection-a-long-terme-du-spa","28":"product_tag-protection-contre-lhumidite","29":"product_tag-protection-des-couvertures-de-spa","30":"product_tag-protection-uv-spa","31":"product_tag-soins-de-luxe","32":"product_tag-spa-en-parfait-etat","33":"product_tag-surfaces-de-spa","34":"desktop-align-left","35":"tablet-align-left","36":"mobile-align-left","38":"first","39":"instock","40":"taxable","41":"shipping-taxable","42":"purchasable","43":"product-type-simple"},"acf":[],"uagb_featured_image_src":{"full":["https:\/\/gervi.be\/wp-content\/uploads\/2025\/01\/Spa-Shine.jpg",1500,1500,false],"thumbnail":["https:\/\/gervi.be\/wp-content\/uploads\/2025\/01\/Spa-Shine-150x150.jpg",150,150,true],"medium":["https:\/\/gervi.be\/wp-content\/uploads\/2025\/01\/Spa-Shine-300x300.jpg",300,300,true],"medium_large":["https:\/\/gervi.be\/wp-content\/uploads\/2025\/01\/Spa-Shine-768x768.jpg",768,768,true],"large":["https:\/\/gervi.be\/wp-content\/uploads\/2025\/01\/Spa-Shine-1024x1024.jpg",1024,1024,true],"1536x1536":["https:\/\/gervi.be\/wp-content\/uploads\/2025\/01\/Spa-Shine.jpg",1500,1500,false],"2048x2048":["https:\/\/gervi.be\/wp-content\/uploads\/2025\/01\/Spa-Shine.jpg",1500,1500,false],"woocommerce_thumbnail":["https:\/\/gervi.be\/wp-content\/uploads\/2025\/01\/Spa-Shine.jpg",1500,1500,false],"woocommerce_single":["https:\/\/gervi.be\/wp-content\/uploads\/2025\/01\/Spa-Shine.jpg",1500,1500,false],"woocommerce_gallery_thumbnail":["https:\/\/gervi.be\/wp-content\/uploads\/2025\/01\/Spa-Shine-100x100.jpg",100,100,true],"dgwt-wcas-product-suggestion":["https:\/\/gervi.be\/wp-content\/uploads\/2025\/01\/Spa-Shine.jpg",64,64,false]},"uagb_author_info":{"display_name":"Seppe Vandecruys","author_link":"https:\/\/gervi.be\/fr\/author\/"},"uagb_comment_info":0,"uagb_excerpt":"Spa Shine est le nettoyant et le conditionneur parfaits pour l&#8217;entretien de votre jacuzzi ou de votre spa. Le produit nettoie et polit les surfaces acryliques et les couvertures de spa, tout en offrant une couche protectrice contre les rayons UV et l&#8217;humidit\u00e9. Le r\u00e9sultat ? Une brillance sans trace et une protection longue dur\u00e9e.\u2026","_links":{"self":[{"href":"https:\/\/gervi.be\/fr\/wp-json\/wp\/v2\/product\/28239","targetHints":{"allow":["GET"]}}],"collection":[{"href":"https:\/\/gervi.be\/fr\/wp-json\/wp\/v2\/product"}],"about":[{"href":"https:\/\/gervi.be\/fr\/wp-json\/wp\/v2\/types\/product"}],"wp:featuredmedia":[{"embeddable":true,"href":"https:\/\/gervi.be\/fr\/wp-json\/wp\/v2\/media\/28238"}],"wp:attachment":[{"href":"https:\/\/gervi.be\/fr\/wp-json\/wp\/v2\/media?parent=28239"}],"wp:term":[{"taxonomy":"product_brand","embeddable":true,"href":"https:\/\/gervi.be\/fr\/wp-json\/wp\/v2\/product_brand?post=28239"},{"taxonomy":"product_cat","embeddable":true,"href":"https:\/\/gervi.be\/fr\/wp-json\/wp\/v2\/product_cat?post=28239"},{"taxonomy":"product_tag","embeddable":true,"href":"https:\/\/gervi.be\/fr\/wp-json\/wp\/v2\/product_tag?post=28239"}],"curies":[{"name":"wp","href":"https:\/\/api.w.org\/{rel}","templated":true}]}}