{"id":27909,"date":"2024-12-05T15:47:56","date_gmt":"2024-12-05T14:47:56","guid":{"rendered":"https:\/\/gervi.be\/shop\/soleil-120\/"},"modified":"2025-12-03T12:00:58","modified_gmt":"2025-12-03T11:00:58","slug":"soleil-120","status":"publish","type":"product","link":"https:\/\/gervi.be\/fr\/produit\/soleil-120\/","title":{"rendered":"Soleil 120"},"content":{"rendered":"<p>Veuillez noter qu&#8217;il s&#8217;agit d&#8217;un produit provenant de la vente en stock. Il n&#8217;y a qu&#8217;un nombre limit\u00e9 de places disponibles et une fois qu&#8217;elles sont \u00e9puis\u00e9es, elles disparaissent. Le prix sugg\u00e9r\u00e9 ne comprend pas la livraison et l&#8217;installation. N&#8217;h\u00e9sitez pas \u00e0 nous interroger sur les possibilit\u00e9s qui s&#8217;offrent \u00e0 vous.<\/p>\n<p>La cabine infrarouge Sunlight 120 est une solution de bien-\u00eatre compacte et \u00e9l\u00e9gante, con\u00e7ue pour apporter d\u00e9tente et sant\u00e9 dans le confort de votre maison. Cette cabine infrarouge combine des mat\u00e9riaux de haute qualit\u00e9, une technologie innovante et un design moderne, ce qui en fait un excellent choix pour ceux qui recherchent une exp\u00e9rience de bien-\u00eatre haut de gamme.<\/p>\n<p>La cabane est fabriqu\u00e9e en bois durable, souvent de la pruche du Canada ou du tremble, connu pour sa couleur claire, ses propri\u00e9t\u00e9s d&#8217;isolation thermique et son aspect naturel. Les portes et panneaux en verre conf\u00e8rent \u00e0 la cabine un aspect spacieux et moderne, tout en cr\u00e9ant une atmosph\u00e8re ouverte et accueillante.<\/p>\n<p>Cette cabine est \u00e9galement \u00e9quip\u00e9e de radiateurs infrarouges avanc\u00e9s, notamment des radiateurs \u00e0 spectre complet et des radiateurs \u00e0 l&#8217;oxyde de magn\u00e9sium (MgO). Ces radiateurs g\u00e9n\u00e8rent une chaleur profonde et homog\u00e8ne qui p\u00e9n\u00e8tre la peau et soulage les douleurs musculaires, stimule la circulation et favorise la relaxation g\u00e9n\u00e9rale. L&#8217;utilisation d&#8217;\u00e9metteurs \u00e0 spectre complet fournit une large gamme d&#8217;ondes infrarouges (IR-A, IR-B et IR-C) pour une th\u00e9rapie thermique intensive et efficace.<\/p>\n<p>Le Sunlight 120 a \u00e9t\u00e9 con\u00e7u dans un souci de convivialit\u00e9. Le panneau de commande intuitif permet de r\u00e9gler facilement la temp\u00e9rature, le type de rayonnement et la dur\u00e9e de la s\u00e9ance. En outre, la cabine offre des options telles que la th\u00e9rapie par lumi\u00e8re color\u00e9e LED, qui aide \u00e0 r\u00e9duire le stress et cr\u00e9e une atmosph\u00e8re apaisante.<\/p>\n<p>Mesurant environ 120 x 100 cm, cette cabine infrarouge est id\u00e9ale pour les petites pi\u00e8ces, telles que les salles de bains ou les salles de sport, tout en offrant suffisamment d&#8217;espace pour une personne.<\/p>\n<p>La cabine infrarouge Sunlight 120 offre un \u00e9quilibre parfait entre fonctionnalit\u00e9, confort et design. C&#8217;est un excellent choix pour ceux qui souhaitent ajouter \u00e0 leur vie quotidienne une exp\u00e9rience de bien-\u00eatre compacte, luxueuse et efficace.<\/p>\n","protected":false},"excerpt":{"rendered":"<ul>\n<li>Capacit\u00e9 : 2 adultes<\/li>\n<li>Dimensions : 120 x 105 x 190 cm<\/li>\n<li>Puissance : 1100 W \/ 2 x 400 W<\/li>\n<li>Design : Pruche du Canada<\/li>\n<li>Y compris LED RGB et syst\u00e8me de musique<\/li>\n<li>\u00c9lectricit\u00e9 : 230 V &#8211; 50 Hz 16 A<\/li>\n<li>2 Chauffages solaires<\/li>\n<li>Option : 2 radiateurs suppl\u00e9mentaires (suppl\u00e9ment de 540 \u20ac)<\/li>\n<\/ul>\n","protected":false},"featured_media":27908,"template":"","meta":{"_acf_changed":false,"_uag_custom_page_level_css":"","site-sidebar-layout":"default","site-content-layout":"","ast-site-content-layout":"default","site-content-style":"default","site-sidebar-style":"default","ast-global-header-display":"","ast-banner-title-visibility":"","ast-main-header-display":"","ast-hfb-above-header-display":"","ast-hfb-below-header-display":"","ast-hfb-mobile-header-display":"","site-post-title":"","ast-breadcrumbs-content":"","ast-featured-img":"","footer-sml-layout":"","ast-disable-related-posts":"","theme-transparent-header-meta":"default","adv-header-id-meta":"","stick-header-meta":"","header-above-stick-meta":"","header-main-stick-meta":"","header-below-stick-meta":"","astra-migrate-meta-layouts":"default","ast-page-background-enabled":"default","ast-page-background-meta":{"desktop":{"background-color":"","background-image":"","background-repeat":"repeat","background-position":"center center","background-size":"auto","background-attachment":"scroll","background-type":"","background-media":"","overlay-type":"","overlay-color":"","overlay-opacity":"","overlay-gradient":""},"tablet":{"background-color":"","background-image":"","background-repeat":"repeat","background-position":"center center","background-size":"auto","background-attachment":"scroll","background-type":"","background-media":"","overlay-type":"","overlay-color":"","overlay-opacity":"","overlay-gradient":""},"mobile":{"background-color":"","background-image":"","background-repeat":"repeat","background-position":"center center","background-size":"auto","background-attachment":"scroll","background-type":"","background-media":"","overlay-type":"","overlay-color":"","overlay-opacity":"","overlay-gradient":""}},"ast-content-background-meta":{"desktop":{"background-color":"var(--ast-global-color-5)","background-image":"","background-repeat":"repeat","background-position":"center center","background-size":"auto","background-attachment":"scroll","background-type":"","background-media":"","overlay-type":"","overlay-color":"","overlay-opacity":"","overlay-gradient":""},"tablet":{"background-color":"var(--ast-global-color-5)","background-image":"","background-repeat":"repeat","background-position":"center center","background-size":"auto","background-attachment":"scroll","background-type":"","background-media":"","overlay-type":"","overlay-color":"","overlay-opacity":"","overlay-gradient":""},"mobile":{"background-color":"var(--ast-global-color-5)","background-image":"","background-repeat":"repeat","background-position":"center center","background-size":"auto","background-attachment":"scroll","background-type":"","background-media":"","overlay-type":"","overlay-color":"","overlay-opacity":"","overlay-gradient":""}}},"product_brand":[],"product_cat":[791,1912],"product_tag":[4800,2653,3532,3527,5153,6077,4548,6074,6078,5940,3530,6066,1344,5922,6058,6075,5994,6076,2422,2210,3913,5925,5920,2397,2427,6073,6059,5941,5943,6060],"class_list":{"0":"post-27909","1":"product","2":"type-product","3":"status-publish","4":"has-post-thumbnail","6":"product_cat-cabine-infrarouge","7":"product_cat-stocksale","8":"product_tag-atmosphere-apaisante-fr","9":"product_tag-avantages-pour-la-sante","10":"product_tag-bien-etre-de-luxe","11":"product_tag-bois-de-pruche","12":"product_tag-bois-de-tremble","13":"product_tag-cabine-confortable","14":"product_tag-cabine-infrarouge-fr","15":"product_tag-cabine-pour-une-personne","16":"product_tag-chauffages-infrarouges-de-haute-qualite","17":"product_tag-conception-compacte","18":"product_tag-design-moderne-fr","19":"product_tag-desintoxication","20":"product_tag-detente","21":"product_tag-emetteurs-a-loxyde-de-magnesium","22":"product_tag-emetteurs-a-spectre-complet-fr","23":"product_tag-espaces-confines","24":"product_tag-finition-haut-de-gamme","25":"product_tag-isolation-thermique","26":"product_tag-le-bien-etre-a-la-maison","27":"product_tag-materiaux-durables","28":"product_tag-minimaliste","29":"product_tag-panneau-de-commande-intuitif","30":"product_tag-panneaux-de-verre","31":"product_tag-reduction-du-stress","32":"product_tag-relaxation-musculaire","33":"product_tag-soleil-120","34":"product_tag-therapie-par-lumiere-coloree-led","35":"product_tag-traitement-thermique","36":"product_tag-un-attrait-intemporel","37":"product_tag-une-meilleure-circulation-sanguine","38":"desktop-align-left","39":"tablet-align-left","40":"mobile-align-left","42":"first","43":"outofstock","44":"sale","45":"taxable","46":"shipping-taxable","47":"purchasable","48":"product-type-simple"},"acf":[],"uagb_featured_image_src":{"full":["https:\/\/gervi.be\/wp-content\/uploads\/2024\/12\/Sunglight-120.png",1920,1080,false],"thumbnail":["https:\/\/gervi.be\/wp-content\/uploads\/2024\/12\/Sunglight-120-150x150.png",150,150,true],"medium":["https:\/\/gervi.be\/wp-content\/uploads\/2024\/12\/Sunglight-120-300x169.png",300,169,true],"medium_large":["https:\/\/gervi.be\/wp-content\/uploads\/2024\/12\/Sunglight-120-768x432.png",768,432,true],"large":["https:\/\/gervi.be\/wp-content\/uploads\/2024\/12\/Sunglight-120-1024x576.png",1024,576,true],"1536x1536":["https:\/\/gervi.be\/wp-content\/uploads\/2024\/12\/Sunglight-120-1536x864.png",1536,864,true],"2048x2048":["https:\/\/gervi.be\/wp-content\/uploads\/2024\/12\/Sunglight-120.png",1920,1080,false],"woocommerce_thumbnail":["https:\/\/gervi.be\/wp-content\/uploads\/2024\/12\/Sunglight-120.png",1920,1080,false],"woocommerce_single":["https:\/\/gervi.be\/wp-content\/uploads\/2024\/12\/Sunglight-120.png",1920,1080,false],"woocommerce_gallery_thumbnail":["https:\/\/gervi.be\/wp-content\/uploads\/2024\/12\/Sunglight-120-100x100.png",100,100,true],"dgwt-wcas-product-suggestion":["https:\/\/gervi.be\/wp-content\/uploads\/2024\/12\/Sunglight-120.png",64,36,false]},"uagb_author_info":{"display_name":"Stephanie","author_link":"https:\/\/gervi.be\/fr\/author\/"},"uagb_comment_info":0,"uagb_excerpt":"Capacit\u00e9 : 2 adultes Dimensions : 120 x 105 x 190 cm Puissance : 1100 W \/ 2 x 400 W Design : Pruche du Canada Y compris LED RGB et syst\u00e8me de musique \u00c9lectricit\u00e9 : 230 V - 50 Hz 16 A 2 Chauffages solaires Option : 2 radiateurs suppl\u00e9mentaires (suppl\u00e9ment de 540 \u20ac)","_links":{"self":[{"href":"https:\/\/gervi.be\/fr\/wp-json\/wp\/v2\/product\/27909","targetHints":{"allow":["GET"]}}],"collection":[{"href":"https:\/\/gervi.be\/fr\/wp-json\/wp\/v2\/product"}],"about":[{"href":"https:\/\/gervi.be\/fr\/wp-json\/wp\/v2\/types\/product"}],"wp:featuredmedia":[{"embeddable":true,"href":"https:\/\/gervi.be\/fr\/wp-json\/wp\/v2\/media\/27908"}],"wp:attachment":[{"href":"https:\/\/gervi.be\/fr\/wp-json\/wp\/v2\/media?parent=27909"}],"wp:term":[{"taxonomy":"product_brand","embeddable":true,"href":"https:\/\/gervi.be\/fr\/wp-json\/wp\/v2\/product_brand?post=27909"},{"taxonomy":"product_cat","embeddable":true,"href":"https:\/\/gervi.be\/fr\/wp-json\/wp\/v2\/product_cat?post=27909"},{"taxonomy":"product_tag","embeddable":true,"href":"https:\/\/gervi.be\/fr\/wp-json\/wp\/v2\/product_tag?post=27909"}],"curies":[{"name":"wp","href":"https:\/\/api.w.org\/{rel}","templated":true}]}}