{"id":27896,"date":"2024-12-04T14:53:42","date_gmt":"2024-12-04T13:53:42","guid":{"rendered":"https:\/\/gervi.be\/shop\/treesse-heaven\/"},"modified":"2025-09-04T13:07:10","modified_gmt":"2025-09-04T11:07:10","slug":"treesse-heaven","status":"publish","type":"product","link":"https:\/\/gervi.be\/fr\/produit\/treesse-heaven\/","title":{"rendered":"Treesse Heaven"},"content":{"rendered":"<p>Veuillez noter qu&#8217;il s&#8217;agit d&#8217;un produit provenant de la vente en stock. Il n&#8217;y a qu&#8217;un nombre limit\u00e9 de places disponibles et une fois qu&#8217;elles sont \u00e9puis\u00e9es, elles disparaissent. Le prix sugg\u00e9r\u00e9 ne comprend pas la livraison et l&#8217;installation. N&#8217;h\u00e9sitez pas \u00e0 nous interroger sur les possibilit\u00e9s qui s&#8217;offrent \u00e0 vous.<\/p>\n<p>La Treesse Heaven est une mini-piscine luxueuse qui allie une technologie de pointe \u00e0 un design \u00e9l\u00e9gant, con\u00e7ue par Marc Sadler. Mesurant 210 x 210 x 86 cm, cette mini-piscine peut accueillir confortablement 4 \u00e0 5 personnes, ce qui en fait un choix id\u00e9al pour les espaces int\u00e9rieurs et ext\u00e9rieurs. <\/p>\n<p>Le syst\u00e8me d&#8217;hydromassage brevet\u00e9 Ghost Plus est l&#8217;une des caract\u00e9ristiques les plus remarquables du Treesse Heaven. Ce syst\u00e8me innovant dissimule les jets d&#8217;hydromassage dans des fentes \u00e9troites et discr\u00e8tes le long du bord int\u00e9rieur de la mini-piscine, ce qui permet d&#8217;obtenir un design \u00e9pur\u00e9 et minimaliste sans \u00e9l\u00e9ments techniques visibles. Les jets cach\u00e9s offrent des massages puissants et sont dot\u00e9s d&#8217;un \u00e9clairage LED multicolore, offrant une exp\u00e9rience de chromoth\u00e9rapie apaisante.  <\/p>\n<p>Les si\u00e8ges de Heaven ont \u00e9t\u00e9 con\u00e7us dans un souci de confort ; ils sont plac\u00e9s plus bas pour que l&#8217;eau atteigne les \u00e9paules, ce qui contribue \u00e0 une relaxation plus profonde. Les dossiers ont une forme ergonomique pour un meilleur soutien, et chaque si\u00e8ge est \u00e9quip\u00e9 d&#8217;\u00e9l\u00e9gants coussins d&#8217;appui-t\u00eate de couleur anthracite qui am\u00e9liorent encore le confort. <\/p>\n<p>Pour la circulation de l&#8217;eau, la mini-piscine utilise un syst\u00e8me de recirculation efficace avec deux filtres \u00e0 cartouche, garantissant une eau claire et propre. Des options telles qu&#8217;un ozonateur pour la d\u00e9sinfection de l&#8217;eau et un module WiFi pour la commande \u00e0 distance sont disponibles pour am\u00e9liorer l&#8217;exp\u00e9rience de l&#8217;utilisateur. <\/p>\n<p>L&#8217;ext\u00e9rieur est rev\u00eatu de panneaux blancs ou noirs satin\u00e9s, ce qui lui conf\u00e8re un aspect moderne et sophistiqu\u00e9. La couverture thermique de couleur anthracite offre une protection et permet de maintenir la temp\u00e9rature de l&#8217;eau lorsque la mini-piscine n&#8217;est pas utilis\u00e9e. <\/p>\n<p>En r\u00e9sum\u00e9, Treesse Heaven offre un m\u00e9lange harmonieux d&#8217;esth\u00e9tique, de confort et de technologie de pointe. C&#8217;est un choix id\u00e9al pour ceux qui recherchent une exp\u00e9rience de bien-\u00eatre de haute qualit\u00e9 dans le confort de leur propre maison. <\/p>\n","protected":false},"excerpt":{"rendered":"<ul>\n<li>Dimensions : 210 x 210 x 86 cm<\/li>\n<li>Couvercle (anthracite) inclus<\/li>\n<li>16 jets d&#8217;hydromassage<\/li>\n<li>14 jets d&#8217;hydromassage plus<\/li>\n<li>Panneaux blancs<\/li>\n<\/ul>\n","protected":false},"featured_media":27893,"template":"","meta":{"_acf_changed":false,"_uag_custom_page_level_css":"","site-sidebar-layout":"default","site-content-layout":"","ast-site-content-layout":"default","site-content-style":"default","site-sidebar-style":"default","ast-global-header-display":"","ast-banner-title-visibility":"","ast-main-header-display":"","ast-hfb-above-header-display":"","ast-hfb-below-header-display":"","ast-hfb-mobile-header-display":"","site-post-title":"","ast-breadcrumbs-content":"","ast-featured-img":"","footer-sml-layout":"","ast-disable-related-posts":"","theme-transparent-header-meta":"default","adv-header-id-meta":"","stick-header-meta":"","header-above-stick-meta":"","header-main-stick-meta":"","header-below-stick-meta":"","astra-migrate-meta-layouts":"default","ast-page-background-enabled":"default","ast-page-background-meta":{"desktop":{"background-color":"","background-image":"","background-repeat":"repeat","background-position":"center center","background-size":"auto","background-attachment":"scroll","background-type":"","background-media":"","overlay-type":"","overlay-color":"","overlay-opacity":"","overlay-gradient":""},"tablet":{"background-color":"","background-image":"","background-repeat":"repeat","background-position":"center center","background-size":"auto","background-attachment":"scroll","background-type":"","background-media":"","overlay-type":"","overlay-color":"","overlay-opacity":"","overlay-gradient":""},"mobile":{"background-color":"","background-image":"","background-repeat":"repeat","background-position":"center center","background-size":"auto","background-attachment":"scroll","background-type":"","background-media":"","overlay-type":"","overlay-color":"","overlay-opacity":"","overlay-gradient":""}},"ast-content-background-meta":{"desktop":{"background-color":"var(--ast-global-color-5)","background-image":"","background-repeat":"repeat","background-position":"center center","background-size":"auto","background-attachment":"scroll","background-type":"","background-media":"","overlay-type":"","overlay-color":"","overlay-opacity":"","overlay-gradient":""},"tablet":{"background-color":"var(--ast-global-color-5)","background-image":"","background-repeat":"repeat","background-position":"center center","background-size":"auto","background-attachment":"scroll","background-type":"","background-media":"","overlay-type":"","overlay-color":"","overlay-opacity":"","overlay-gradient":""},"mobile":{"background-color":"var(--ast-global-color-5)","background-image":"","background-repeat":"repeat","background-position":"center center","background-size":"auto","background-attachment":"scroll","background-type":"","background-media":"","overlay-type":"","overlay-color":"","overlay-opacity":"","overlay-gradient":""}}},"product_brand":[],"product_cat":[635,1912],"product_tag":[5998,6044,6024,6045,6029,2216,6030,6039,6040,3530,2298,6032,6041,6034,6046,6028,6026,2463,6025,3913,6035,6320,6037,4808,6031,6043,6027,6033,6023,6042],"class_list":{"0":"post-27896","1":"product","2":"type-product","3":"status-publish","4":"has-post-thumbnail","6":"product_cat-jacuzzi-fr","7":"product_cat-stocksale","8":"product_tag-arbres","9":"product_tag-aspect-moderne-fr","10":"product_tag-bain-a-remous-de-luxe","11":"product_tag-bien-etre-exclusif","12":"product_tag-chromotherapie-fr","13":"product_tag-conception-ergonomique","14":"product_tag-coussins-de-couleur-anthracite","15":"product_tag-couverture-thermique","16":"product_tag-des-massages-puissants","17":"product_tag-design-moderne-fr","18":"product_tag-eclairage-led","19":"product_tag-espace-interieur-et-exterieur","20":"product_tag-experience-de-bien-etre-fr","21":"product_tag-filtres-a-double-cartouche","22":"product_tag-finition-elegante","23":"product_tag-jets-dhydromassage","24":"product_tag-marc-sadler-fr","25":"product_tag-materiaux-de-haute-qualite","26":"product_tag-mini-pole","27":"product_tag-minimaliste","28":"product_tag-ozonateur","29":"product_tag-panneaux-blancs","30":"product_tag-panneaux-blancs-satines","31":"product_tag-relaxation-profonde","32":"product_tag-sieges-confortables","33":"product_tag-spa-premium","34":"product_tag-systeme-dhydromassage-ghost-plus","35":"product_tag-systeme-de-circulation-de-leau","36":"product_tag-treesse-heaven-fr","37":"product_tag-un-eclairage-apaisant","38":"desktop-align-left","39":"tablet-align-left","40":"mobile-align-left","42":"first","43":"instock","44":"sale","45":"taxable","46":"shipping-taxable","47":"purchasable","48":"product-type-simple"},"acf":[],"uagb_featured_image_src":{"full":["https:\/\/gervi.be\/wp-content\/uploads\/2024\/12\/Treesse-heaven.png",1920,1080,false],"thumbnail":["https:\/\/gervi.be\/wp-content\/uploads\/2024\/12\/Treesse-heaven-150x150.png",150,150,true],"medium":["https:\/\/gervi.be\/wp-content\/uploads\/2024\/12\/Treesse-heaven-300x169.png",300,169,true],"medium_large":["https:\/\/gervi.be\/wp-content\/uploads\/2024\/12\/Treesse-heaven-768x432.png",768,432,true],"large":["https:\/\/gervi.be\/wp-content\/uploads\/2024\/12\/Treesse-heaven-1024x576.png",1024,576,true],"1536x1536":["https:\/\/gervi.be\/wp-content\/uploads\/2024\/12\/Treesse-heaven-1536x864.png",1536,864,true],"2048x2048":["https:\/\/gervi.be\/wp-content\/uploads\/2024\/12\/Treesse-heaven.png",1920,1080,false],"woocommerce_thumbnail":["https:\/\/gervi.be\/wp-content\/uploads\/2024\/12\/Treesse-heaven.png",1920,1080,false],"woocommerce_single":["https:\/\/gervi.be\/wp-content\/uploads\/2024\/12\/Treesse-heaven.png",1920,1080,false],"woocommerce_gallery_thumbnail":["https:\/\/gervi.be\/wp-content\/uploads\/2024\/12\/Treesse-heaven-100x100.png",100,100,true],"dgwt-wcas-product-suggestion":["https:\/\/gervi.be\/wp-content\/uploads\/2024\/12\/Treesse-heaven.png",64,36,false]},"uagb_author_info":{"display_name":"Stephanie","author_link":"https:\/\/gervi.be\/fr\/author\/"},"uagb_comment_info":0,"uagb_excerpt":"Dimensions : 210 x 210 x 86 cm Couvercle (anthracite) inclus 16 jets d'hydromassage 14 jets d'hydromassage plus Panneaux blancs","_links":{"self":[{"href":"https:\/\/gervi.be\/fr\/wp-json\/wp\/v2\/product\/27896","targetHints":{"allow":["GET"]}}],"collection":[{"href":"https:\/\/gervi.be\/fr\/wp-json\/wp\/v2\/product"}],"about":[{"href":"https:\/\/gervi.be\/fr\/wp-json\/wp\/v2\/types\/product"}],"wp:featuredmedia":[{"embeddable":true,"href":"https:\/\/gervi.be\/fr\/wp-json\/wp\/v2\/media\/27893"}],"wp:attachment":[{"href":"https:\/\/gervi.be\/fr\/wp-json\/wp\/v2\/media?parent=27896"}],"wp:term":[{"taxonomy":"product_brand","embeddable":true,"href":"https:\/\/gervi.be\/fr\/wp-json\/wp\/v2\/product_brand?post=27896"},{"taxonomy":"product_cat","embeddable":true,"href":"https:\/\/gervi.be\/fr\/wp-json\/wp\/v2\/product_cat?post=27896"},{"taxonomy":"product_tag","embeddable":true,"href":"https:\/\/gervi.be\/fr\/wp-json\/wp\/v2\/product_tag?post=27896"}],"curies":[{"name":"wp","href":"https:\/\/api.w.org\/{rel}","templated":true}]}}