{"id":27873,"date":"2024-12-03T15:20:31","date_gmt":"2024-12-03T14:20:31","guid":{"rendered":"https:\/\/gervi.be\/?post_type=product&#038;p=27873"},"modified":"2024-12-04T10:08:14","modified_gmt":"2024-12-04T09:08:14","slug":"atlantis-4-4-xd-kopie","status":"publish","type":"product","link":"https:\/\/gervi.be\/fr\/produit\/atlantis-4-4-xd-kopie\/","title":{"rendered":"Atlantis 4.4 XD Pro"},"content":{"rendered":"<div class=\"flex flex-grow flex-col max-w-full\">\n<div class=\"min-h-[20px] text-message flex flex-col items-start gap-3 whitespace-pre-wrap break-words [.text-message+&amp;]:mt-5 overflow-x-auto\" data-message-author-role=\"assistant\" data-message-id=\"6a7ef4dc-7de5-421c-b8af-a5ad819f96d0\">\n<div class=\"markdown prose w-full break-words dark:prose-invert light\">\n<p><a href=\"https:\/\/gervi.be\/merken\/riptide\/\"><img decoding=\"async\" class=\"alignnone wp-image-20326\" src=\"https:\/\/gervi.be\/wp-content\/uploads\/2023\/08\/Riptide-logo-300x92.png\" alt=\"Logo Riptide\" width=\"150\" height=\"46\" title=\"\" srcset=\"https:\/\/gervi.be\/wp-content\/uploads\/2023\/08\/Riptide-logo-300x92.png 300w, https:\/\/gervi.be\/wp-content\/uploads\/2023\/08\/Riptide-logo-1024x314.png 1024w, https:\/\/gervi.be\/wp-content\/uploads\/2023\/08\/Riptide-logo-768x236.png 768w, https:\/\/gervi.be\/wp-content\/uploads\/2023\/08\/Riptide-logo-1536x471.png 1536w, https:\/\/gervi.be\/wp-content\/uploads\/2023\/08\/Riptide-logo.png 1597w\" sizes=\"(max-width: 150px) 100vw, 150px\" \/><\/a><\/p>\n<h2>Description<\/h2>\n<div class=\"flex flex-grow flex-col max-w-full\">\n<div class=\"min-h-[20px] text-message flex flex-col items-start gap-3 whitespace-pre-wrap break-words [.text-message+&amp;]:mt-5 overflow-x-auto\" data-message-author-role=\"assistant\" data-message-id=\"594eec33-9010-44a2-afd5-7c9acf28cbf9\">\n<div class=\"markdown prose w-full break-words dark:prose-invert light\">\n<div class=\"flex flex-grow flex-col max-w-full\">\n<div class=\"min-h-[20px] text-message flex flex-col items-start gap-3 whitespace-pre-wrap break-words [.text-message+&amp;]:mt-5 overflow-x-auto\" data-message-author-role=\"assistant\" data-message-id=\"6bb917d0-9187-4dde-b92a-0474588d2c2b\">\n<div class=\"markdown prose w-full break-words dark:prose-invert light\">\n<div class=\"flex flex-grow flex-col max-w-full\">\n<div class=\"text-message flex flex-col items-start whitespace-pre-wrap break-words [.text-message+&amp;]:mt-5 overflow-x-auto gap-3\" dir=\"auto\" data-message-author-role=\"assistant\" data-message-id=\"c730e535-4295-43fe-a0ff-21884e2a6163\">\n<div class=\"markdown prose w-full break-words dark:prose-invert light\">\n<div class=\"flex flex-grow flex-col max-w-full\">\n<div class=\"text-message flex flex-col items-start whitespace-pre-wrap break-words [.text-message+&amp;]:mt-5 overflow-x-auto gap-3\" dir=\"auto\" data-message-author-role=\"assistant\" data-message-id=\"63f070db-1f10-4938-92d7-7d815882857d\">\n<div class=\"markdown prose w-full break-words dark:prose-invert light\">\n<div class=\"flex flex-grow flex-col max-w-full\">\n<div class=\"text-message flex flex-col items-start whitespace-pre-wrap break-words [.text-message+&amp;]:mt-5 overflow-x-auto gap-3\" dir=\"auto\" data-message-author-role=\"assistant\" data-message-id=\"420818e6-7e5b-49d8-9fa7-2e80a2590811\">\n<div class=\"markdown prose w-full break-words dark:prose-invert light\">\n<p>Veuillez noter qu&#8217;il s&#8217;agit d&#8217;un produit provenant de la vente en stock. Il n&#8217;y a qu&#8217;un nombre limit\u00e9 de places disponibles et une fois qu&#8217;elles sont \u00e9puis\u00e9es, elles disparaissent. Le prix sugg\u00e9r\u00e9 ne comprend pas la livraison et l&#8217;installation. N&#8217;h\u00e9sitez pas \u00e0 nous interroger sur les possibilit\u00e9s qui s&#8217;offrent \u00e0 vous.<\/p>\n<p>L&#8217;Atlantis 4.4 XD de Riptide est un spa de nage \u00e0 la pointe de la technologie qui offre des performances de nage de premier ordre dans un ensemble \u00e9l\u00e9gant. Ce mod\u00e8le est id\u00e9al pour les amateurs de fitness et les familles \u00e0 la recherche d&#8217;une solution polyvalente et peu encombrante pour leurs loisirs et leur entra\u00eenement \u00e0 domicile. Avec ses dimensions compactes de 4 430 mm x 2 350 mm x 1 540 mm, l&#8217;Atlantis 4.4 XD combine les caract\u00e9ristiques d&#8217;une piscine traditionnelle avec celles d&#8217;une installation d&#8217;exercice ultramoderne, le tout dans le confort de votre propre jardin.<\/p>\n<p>L&#8217;une des caract\u00e9ristiques de l&#8217;Atlantis 4.4 XD est la technologie de natation avanc\u00e9e utilis\u00e9e pour cr\u00e9er un flux fluide et continu, permettant aux nageurs de tous niveaux d&#8217;am\u00e9liorer efficacement leur technique et leur endurance. Ce mod\u00e8le est \u00e9quip\u00e9 de jets de nage puissants et r\u00e9glables qui produisent un flux d&#8217;eau dynamique similaire \u00e0 celui des machines de nage traditionnelles. Cette fonction permet aux utilisateurs de nager contre une r\u00e9sistance constante de l&#8217;eau, augmentant ainsi l&#8217;efficacit\u00e9 de leur entra\u00eenement sans avoir besoin d&#8217;une piscine longue et encombrante.<\/p>\n<p>L&#8217;Atlantis 4.4 XD se distingue \u00e9galement par sa conception \u00e9conome en \u00e9nergie. Le spa de nage est dot\u00e9 des derni\u00e8res technologies en mati\u00e8re de r\u00e9tention de la chaleur et d&#8217;isolation, ce qui permet de garder l&#8217;eau chaude plus longtemps tout en consommant moins d&#8217;\u00e9nergie. Ce n&#8217;est pas seulement b\u00e9n\u00e9fique pour l&#8217;environnement, mais aussi pour le portefeuille du propri\u00e9taire. L&#8217;int\u00e9grit\u00e9 structurelle du spa est renforc\u00e9e par des mat\u00e9riaux de haute qualit\u00e9 qui sont \u00e0 la fois durables et r\u00e9sistants aux intemp\u00e9ries, ce qui rend l&#8217;Atlantis 4.4 XD id\u00e9al pour une utilisation dans une vari\u00e9t\u00e9 de climats et de conditions m\u00e9t\u00e9orologiques.<\/p>\n<p>En termes de facilit\u00e9 d&#8217;utilisation, l&#8217;Atlantis 4.4 XD offre une exp\u00e9rience conviviale gr\u00e2ce \u00e0 un panneau de commande avanc\u00e9. Ce panneau num\u00e9rique permet de r\u00e9gler facilement les jets de natation, la temp\u00e9rature de l&#8217;eau et l&#8217;\u00e9clairage. Le contr\u00f4le de ces \u00e9l\u00e9ments est crucial pour optimiser l&#8217;exp\u00e9rience de la natation, qu&#8217;il s&#8217;agisse d&#8217;une s\u00e9ance d&#8217;entra\u00eenement intense ou d&#8217;une baignade relaxante lors d&#8217;un apr\u00e8s-midi de farniente.<\/p>\n<p>En outre, l&#8217;Atlantis 4.4 XD offre une gamme d&#8217;options d&#8217;\u00e9clairage qui permettent d&#8217;am\u00e9liorer et d&#8217;adapter l&#8217;atmosph\u00e8re \u00e0 l&#8217;ambiance ou \u00e0 l&#8217;utilisation pr\u00e9vue. Les syst\u00e8mes d&#8217;\u00e9clairage LED sont \u00e0 la fois fonctionnels et esth\u00e9tiques, et peuvent \u00eatre personnalis\u00e9s pour assurer \u00e0 la fois la s\u00e9curit\u00e9 et l&#8217;ambiance pendant la nuit. Ces syst\u00e8mes d&#8217;\u00e9clairage sont con\u00e7us pour \u00eatre efficaces sur le plan \u00e9nerg\u00e9tique et ajoutent une couche suppl\u00e9mentaire de luxe \u00e0 l&#8217;aspect g\u00e9n\u00e9ral du spa de nage.<\/p>\n<p>L&#8217;Atlantis 4.4 XD est \u00e9galement \u00e9quip\u00e9 d&#8217;un syst\u00e8me de filtration sup\u00e9rieur qui garantit que l&#8217;eau reste toujours propre et claire. Ce syst\u00e8me est facile \u00e0 entretenir et ne n\u00e9cessite qu&#8217;une intervention minimale, ce qui permet aux utilisateurs de passer plus de temps \u00e0 profiter de leur spa de nage et moins de temps \u00e0 l&#8217;entretenir. La conception de la filtration contribue \u00e0 la durabilit\u00e9 globale du spa de nage et assure une plus longue dur\u00e9e de vie de l&#8217;eau, r\u00e9duisant ainsi la fr\u00e9quence des changements d&#8217;eau.<\/p>\n<p>L&#8217;Atlantis 4.4 XD de Riptide est un excellent choix pour ceux qui recherchent un spa de nage polyvalent, \u00e0 la fois fonctionnel et \u00e9conome en \u00e9nergie, sans compromis sur le style ou les performances. Ce mod\u00e8le offre une solution id\u00e9ale pour les familles actives et les athl\u00e8tes s\u00e9rieux qui souhaitent am\u00e9liorer leurs comp\u00e9tences en natation ou simplement profiter des bienfaits de la th\u00e9rapie aquatique \u00e0 domicile. Avec son design compact et ses fonctions avanc\u00e9es, l&#8217;Atlantis 4.4 XD garantit des ann\u00e9es de plaisir et de remise en forme \u00e0 tous ceux qui l&#8217;utilisent.<\/p>\n<\/div>\n<\/div>\n<\/div>\n<\/div>\n<\/div>\n<\/div>\n<\/div>\n<\/div>\n<\/div>\n<\/div>\n<\/div>\n<\/div>\n<\/div>\n<\/div>\n<\/div>\n<\/div>\n<\/div>\n<\/div>\n","protected":false},"excerpt":{"rendered":"<ul>\n<li>Dimensions : 4 430 x 2 350 x 1 540 mm<\/li>\n<li>Volume : 7 722 L<\/li>\n<li>Poids (\u00e0 sec) : 958 Kg<\/li>\n<li>Alimentation : 16Amp &#8211; 400V<\/li>\n<li>Jets de nage : 3&#8243; Turbo jets x 4<\/li>\n<li>Syst\u00e8me professionnel<\/li>\n<li>Panneau de contr\u00f4le : \u00e9cran tactile TP10<\/li>\n<\/ul>\n","protected":false},"featured_media":20204,"template":"","meta":{"_acf_changed":false,"_uag_custom_page_level_css":"","site-sidebar-layout":"default","site-content-layout":"","ast-site-content-layout":"default","site-content-style":"default","site-sidebar-style":"default","ast-global-header-display":"","ast-banner-title-visibility":"","ast-main-header-display":"","ast-hfb-above-header-display":"","ast-hfb-below-header-display":"","ast-hfb-mobile-header-display":"","site-post-title":"","ast-breadcrumbs-content":"","ast-featured-img":"","footer-sml-layout":"","ast-disable-related-posts":"","theme-transparent-header-meta":"default","adv-header-id-meta":"","stick-header-meta":"","header-above-stick-meta":"","header-main-stick-meta":"","header-below-stick-meta":"","astra-migrate-meta-layouts":"set","ast-page-background-enabled":"default","ast-page-background-meta":{"desktop":{"background-color":"","background-image":"","background-repeat":"repeat","background-position":"center center","background-size":"auto","background-attachment":"scroll","background-type":"","background-media":"","overlay-type":"","overlay-color":"","overlay-opacity":"","overlay-gradient":""},"tablet":{"background-color":"","background-image":"","background-repeat":"repeat","background-position":"center center","background-size":"auto","background-attachment":"scroll","background-type":"","background-media":"","overlay-type":"","overlay-color":"","overlay-opacity":"","overlay-gradient":""},"mobile":{"background-color":"","background-image":"","background-repeat":"repeat","background-position":"center center","background-size":"auto","background-attachment":"scroll","background-type":"","background-media":"","overlay-type":"","overlay-color":"","overlay-opacity":"","overlay-gradient":""}},"ast-content-background-meta":{"desktop":{"background-color":"var(--ast-global-color-5)","background-image":"","background-repeat":"repeat","background-position":"center center","background-size":"auto","background-attachment":"scroll","background-type":"","background-media":"","overlay-type":"","overlay-color":"","overlay-opacity":"","overlay-gradient":""},"tablet":{"background-color":"var(--ast-global-color-5)","background-image":"","background-repeat":"repeat","background-position":"center center","background-size":"auto","background-attachment":"scroll","background-type":"","background-media":"","overlay-type":"","overlay-color":"","overlay-opacity":"","overlay-gradient":""},"mobile":{"background-color":"var(--ast-global-color-5)","background-image":"","background-repeat":"repeat","background-position":"center center","background-size":"auto","background-attachment":"scroll","background-type":"","background-media":"","overlay-type":"","overlay-color":"","overlay-opacity":"","overlay-gradient":""}}},"product_brand":[],"product_cat":[664,667,647,1912],"product_tag":[1718,1726,5946,1314,1596,1310,1788,1311,1312],"class_list":{"0":"post-27873","1":"product","2":"type-product","3":"status-publish","4":"has-post-thumbnail","6":"product_cat-riptide-fr","7":"product_cat-riptide-1-volume","8":"product_cat-spa-de-nage","9":"product_cat-stocksale","10":"product_tag-atlantis-fr","11":"product_tag-atlantis-4-4-xd-fr","12":"product_tag-atlantis-4-4-xd-pro-fr","13":"product_tag-gervi-fr","14":"product_tag-monobloc","15":"product_tag-riptide-fr","16":"product_tag-riptideswim-fr","17":"product_tag-spa-de-natation","18":"product_tag-swimspa-fr","19":"desktop-align-left","20":"tablet-align-left","21":"mobile-align-left","23":"first","24":"instock","25":"sale","26":"purchasable","27":"product-type-simple"},"acf":[],"uagb_featured_image_src":{"full":["https:\/\/gervi.be\/wp-content\/uploads\/2024\/03\/Atlantis-4.4-XD-Riptide-Zwemspa.jpg",1920,1920,false],"thumbnail":["https:\/\/gervi.be\/wp-content\/uploads\/2024\/03\/Atlantis-4.4-XD-Riptide-Zwemspa-150x150.jpg",150,150,true],"medium":["https:\/\/gervi.be\/wp-content\/uploads\/2024\/03\/Atlantis-4.4-XD-Riptide-Zwemspa-300x300.jpg",300,300,true],"medium_large":["https:\/\/gervi.be\/wp-content\/uploads\/2024\/03\/Atlantis-4.4-XD-Riptide-Zwemspa-768x768.jpg",768,768,true],"large":["https:\/\/gervi.be\/wp-content\/uploads\/2024\/03\/Atlantis-4.4-XD-Riptide-Zwemspa-1024x1024.jpg",1024,1024,true],"1536x1536":["https:\/\/gervi.be\/wp-content\/uploads\/2024\/03\/Atlantis-4.4-XD-Riptide-Zwemspa-1536x1536.jpg",1536,1536,true],"2048x2048":["https:\/\/gervi.be\/wp-content\/uploads\/2024\/03\/Atlantis-4.4-XD-Riptide-Zwemspa.jpg",1920,1920,false],"woocommerce_thumbnail":["https:\/\/gervi.be\/wp-content\/uploads\/2024\/03\/Atlantis-4.4-XD-Riptide-Zwemspa-1920x1500.jpg",1920,1500,true],"woocommerce_single":["https:\/\/gervi.be\/wp-content\/uploads\/2024\/03\/Atlantis-4.4-XD-Riptide-Zwemspa.jpg",1920,1920,false],"woocommerce_gallery_thumbnail":["https:\/\/gervi.be\/wp-content\/uploads\/2024\/03\/Atlantis-4.4-XD-Riptide-Zwemspa-100x100.jpg",100,100,true],"dgwt-wcas-product-suggestion":["https:\/\/gervi.be\/wp-content\/uploads\/2024\/03\/Atlantis-4.4-XD-Riptide-Zwemspa.jpg",64,64,false]},"uagb_author_info":{"display_name":"Stephanie","author_link":"https:\/\/gervi.be\/fr\/author\/"},"uagb_comment_info":0,"uagb_excerpt":"Dimensions : 4 430 x 2 350 x 1 540 mm Volume : 7 722 L Poids (\u00e0 sec) : 958 Kg Alimentation : 16Amp - 400V Jets de nage : 3\" Turbo jets x 4 Syst\u00e8me professionnel Panneau de contr\u00f4le : \u00e9cran tactile TP10","_links":{"self":[{"href":"https:\/\/gervi.be\/fr\/wp-json\/wp\/v2\/product\/27873","targetHints":{"allow":["GET"]}}],"collection":[{"href":"https:\/\/gervi.be\/fr\/wp-json\/wp\/v2\/product"}],"about":[{"href":"https:\/\/gervi.be\/fr\/wp-json\/wp\/v2\/types\/product"}],"wp:featuredmedia":[{"embeddable":true,"href":"https:\/\/gervi.be\/fr\/wp-json\/wp\/v2\/media\/20204"}],"wp:attachment":[{"href":"https:\/\/gervi.be\/fr\/wp-json\/wp\/v2\/media?parent=27873"}],"wp:term":[{"taxonomy":"product_brand","embeddable":true,"href":"https:\/\/gervi.be\/fr\/wp-json\/wp\/v2\/product_brand?post=27873"},{"taxonomy":"product_cat","embeddable":true,"href":"https:\/\/gervi.be\/fr\/wp-json\/wp\/v2\/product_cat?post=27873"},{"taxonomy":"product_tag","embeddable":true,"href":"https:\/\/gervi.be\/fr\/wp-json\/wp\/v2\/product_tag?post=27873"}],"curies":[{"name":"wp","href":"https:\/\/api.w.org\/{rel}","templated":true}]}}