{"id":27869,"date":"2024-12-02T15:55:42","date_gmt":"2024-12-02T14:55:42","guid":{"rendered":"https:\/\/gervi.be\/shop\/triosol-zermatt-125\/"},"modified":"2024-12-02T16:01:18","modified_gmt":"2024-12-02T15:01:18","slug":"triosol-zermatt-125","status":"publish","type":"product","link":"https:\/\/gervi.be\/fr\/produit\/triosol-zermatt-125\/","title":{"rendered":"Triosol Zermatt 125"},"content":{"rendered":"<p>Veuillez noter qu&#8217;il s&#8217;agit d&#8217;un produit provenant de la vente en stock. Il n&#8217;y a qu&#8217;un nombre limit\u00e9 de places disponibles et une fois qu&#8217;elles sont \u00e9puis\u00e9es, elles disparaissent. Le prix sugg\u00e9r\u00e9 ne comprend pas la livraison et l&#8217;installation. N&#8217;h\u00e9sitez pas \u00e0 nous interroger sur les possibilit\u00e9s qui s&#8217;offrent \u00e0 vous.<\/p>\n<p>La Triosol Zermatt d&#8217;Infraworld est une cabine infrarouge de haute qualit\u00e9 qui allie luxe, bien-\u00eatre et technologie avanc\u00e9e. De taille compacte, cette cabine est id\u00e9ale pour les petites pi\u00e8ces comme pour les grands environnements de bien-\u00eatre. Le design est une combinaison harmonieuse de bois naturel et de technologie moderne, cr\u00e9ant une atmosph\u00e8re apaisante et un look \u00e9l\u00e9gant. La particularit\u00e9 de cette cabine r\u00e9side dans la technologie innovante Triosol, qui combine trois types de rayonnement thermique : des radiateurs planaires, des radiateurs \u00e0 spectre complet et un syst\u00e8me int\u00e9gr\u00e9 d&#8217;\u00e9vaporation du sel. Cette combinaison permet non seulement de d\u00e9tendre les muscles en profondeur et de soulager les douleurs musculaires, mais aussi de favoriser la sant\u00e9 respiratoire gr\u00e2ce aux bienfaits de la th\u00e9rapie par \u00e9vaporation de sel. Le panneau de sel int\u00e9gr\u00e9 disperse les min\u00e9raux et cr\u00e9e une qualit\u00e9 d&#8217;air agr\u00e9able et rafra\u00eechissante. La cabine est fabriqu\u00e9e en bois de haute qualit\u00e9, comme la pruche du Canada ou le tremble, connu pour sa durabilit\u00e9 et ses propri\u00e9t\u00e9s confortables. Le bois naturel d\u00e9gage de la chaleur et de la tranquillit\u00e9, tout en \u00e9tant durable et facile \u00e0 entretenir. Les radiateurs ergonomiques et le panneau de commande intuitif garantissent une exp\u00e9rience de bien-\u00eatre personnalis\u00e9e, la temp\u00e9rature et l&#8217;intensit\u00e9 \u00e9tant facilement r\u00e9glables. Avec son syst\u00e8me de luminoth\u00e9rapie int\u00e9gr\u00e9, le Triosol Zermatt offre une dimension suppl\u00e9mentaire de relaxation. Le syst\u00e8me peut \u00eatre adapt\u00e9 aux pr\u00e9f\u00e9rences personnelles et renforce la sensation de bien-\u00eatre. Le Triosol Zermatt n&#8217;est pas seulement fonctionnel, il est aussi un ajout esth\u00e9tique \u00e0 toute maison. Sa conception compacte la rend adapt\u00e9e \u00e0 une utilisation domestique, tandis que sa fabrication de haute qualit\u00e9 et sa technologie avanc\u00e9e garantissent une exp\u00e9rience de bien-\u00eatre de premier ordre. En bref, cette cabine infrarouge offre une combinaison parfaite de design, de confort et de th\u00e9rapies innovantes pour une relaxation et une sant\u00e9 optimales.  <\/p>\n","protected":false},"excerpt":{"rendered":"<ul>\n<li>Essence : panneaux d\u00e9coratifs en ch\u00eane\/ bois de pin\/ moulures d&#8217;angle en bois de pin<\/li>\n<li>\u00c9l\u00e9ments chauffants : 3 \u00e9metteurs de surface, 2 \u00e9metteurs infrarouges VITALlight-IPX4<\/li>\n<li>Puissance : 860 watts \/ 2 x 350 watts<\/li>\n<li>\u00c9vaporateur AquaTherm : \u00e9vaporateur puissant, 800 watts, capacit\u00e9 du r\u00e9servoir d&#8217;eau d&#8217;environ 2 litres<\/li>\n<li>Sole therme pur : couvercle d&#8217;\u00e9vaporateur de sel pour \u00e9vaporateur AquaTherm avec 2 kg de pierres de sel<\/li>\n<li>Porte et fa\u00e7ade en verre : verre de s\u00e9curit\u00e9 8 mm, transparent<\/li>\n<li>Banc : aulne massif<\/li>\n<li>Dimensions (L x P x H) : 145 x 115 x 200 cm<\/li>\n<\/ul>\n","protected":false},"featured_media":27868,"template":"","meta":{"_acf_changed":false,"_uag_custom_page_level_css":"","site-sidebar-layout":"default","site-content-layout":"","ast-site-content-layout":"default","site-content-style":"default","site-sidebar-style":"default","ast-global-header-display":"","ast-banner-title-visibility":"","ast-main-header-display":"","ast-hfb-above-header-display":"","ast-hfb-below-header-display":"","ast-hfb-mobile-header-display":"","site-post-title":"","ast-breadcrumbs-content":"","ast-featured-img":"","footer-sml-layout":"","ast-disable-related-posts":"","theme-transparent-header-meta":"default","adv-header-id-meta":"","stick-header-meta":"","header-above-stick-meta":"","header-main-stick-meta":"","header-below-stick-meta":"","astra-migrate-meta-layouts":"default","ast-page-background-enabled":"default","ast-page-background-meta":{"desktop":{"background-color":"","background-image":"","background-repeat":"repeat","background-position":"center center","background-size":"auto","background-attachment":"scroll","background-type":"","background-media":"","overlay-type":"","overlay-color":"","overlay-opacity":"","overlay-gradient":""},"tablet":{"background-color":"","background-image":"","background-repeat":"repeat","background-position":"center center","background-size":"auto","background-attachment":"scroll","background-type":"","background-media":"","overlay-type":"","overlay-color":"","overlay-opacity":"","overlay-gradient":""},"mobile":{"background-color":"","background-image":"","background-repeat":"repeat","background-position":"center center","background-size":"auto","background-attachment":"scroll","background-type":"","background-media":"","overlay-type":"","overlay-color":"","overlay-opacity":"","overlay-gradient":""}},"ast-content-background-meta":{"desktop":{"background-color":"var(--ast-global-color-5)","background-image":"","background-repeat":"repeat","background-position":"center center","background-size":"auto","background-attachment":"scroll","background-type":"","background-media":"","overlay-type":"","overlay-color":"","overlay-opacity":"","overlay-gradient":""},"tablet":{"background-color":"var(--ast-global-color-5)","background-image":"","background-repeat":"repeat","background-position":"center center","background-size":"auto","background-attachment":"scroll","background-type":"","background-media":"","overlay-type":"","overlay-color":"","overlay-opacity":"","overlay-gradient":""},"mobile":{"background-color":"var(--ast-global-color-5)","background-image":"","background-repeat":"repeat","background-position":"center center","background-size":"auto","background-attachment":"scroll","background-type":"","background-media":"","overlay-type":"","overlay-color":"","overlay-opacity":"","overlay-gradient":""}}},"product_brand":[],"product_cat":[791,792,1912,793],"product_tag":[5939,4800,2653,2207,3532,3527,5153,4335,4548,5923,5940,4017,1344,5922,5921,5780,5938,4593,5944,2645,4500,2418,4340,5925,3058,2427,3503,5942,5393,5941,5937,5943],"class_list":{"0":"post-27869","1":"product","2":"type-product","3":"status-publish","4":"has-post-thumbnail","6":"product_cat-cabine-infrarouge","7":"product_cat-modeles","8":"product_cat-stocksale","9":"product_cat-triosol","10":"product_tag-amelioration-des-voies-aeriennes","11":"product_tag-atmosphere-apaisante-fr","12":"product_tag-avantages-pour-la-sante","13":"product_tag-bien-etre-a-domicile","14":"product_tag-bien-etre-de-luxe","15":"product_tag-bois-de-pruche","16":"product_tag-bois-de-tremble","17":"product_tag-bois-durable","18":"product_tag-cabine-infrarouge-fr","19":"product_tag-chaleur-profonde","20":"product_tag-conception-compacte","21":"product_tag-design-minimaliste","22":"product_tag-detente","23":"product_tag-emetteurs-a-loxyde-de-magnesium","24":"product_tag-emetteurs-a-spectre-complet","25":"product_tag-ergonomique","26":"product_tag-evaporateur-de-sel","27":"product_tag-experience-de-bien-etre","28":"product_tag-finition-de-haute-qualite","29":"product_tag-infrarouge","30":"product_tag-infraworld-fr","31":"product_tag-luminotherapie","32":"product_tag-materiaux-de-qualite-superieure","33":"product_tag-panneau-de-commande-intuitif","34":"product_tag-peu-dentretien","35":"product_tag-relaxation-musculaire","36":"product_tag-soulagement-du-stress","37":"product_tag-technologie-moderne","38":"product_tag-therapie-par-le-sel","39":"product_tag-traitement-thermique","40":"product_tag-triosol-zermatt-125-fr","41":"product_tag-un-attrait-intemporel","42":"desktop-align-left","43":"tablet-align-left","44":"mobile-align-left","46":"first","47":"instock","48":"sale","49":"taxable","50":"shipping-taxable","51":"purchasable","52":"product-type-simple"},"acf":[],"uagb_featured_image_src":{"full":["https:\/\/gervi.be\/wp-content\/uploads\/2024\/12\/Triosol-Zermatt.png",1920,1080,false],"thumbnail":["https:\/\/gervi.be\/wp-content\/uploads\/2024\/12\/Triosol-Zermatt-150x150.png",150,150,true],"medium":["https:\/\/gervi.be\/wp-content\/uploads\/2024\/12\/Triosol-Zermatt-300x169.png",300,169,true],"medium_large":["https:\/\/gervi.be\/wp-content\/uploads\/2024\/12\/Triosol-Zermatt-768x432.png",768,432,true],"large":["https:\/\/gervi.be\/wp-content\/uploads\/2024\/12\/Triosol-Zermatt-1024x576.png",1024,576,true],"1536x1536":["https:\/\/gervi.be\/wp-content\/uploads\/2024\/12\/Triosol-Zermatt-1536x864.png",1536,864,true],"2048x2048":["https:\/\/gervi.be\/wp-content\/uploads\/2024\/12\/Triosol-Zermatt.png",1920,1080,false],"woocommerce_thumbnail":["https:\/\/gervi.be\/wp-content\/uploads\/2024\/12\/Triosol-Zermatt.png",1920,1080,false],"woocommerce_single":["https:\/\/gervi.be\/wp-content\/uploads\/2024\/12\/Triosol-Zermatt.png",1920,1080,false],"woocommerce_gallery_thumbnail":["https:\/\/gervi.be\/wp-content\/uploads\/2024\/12\/Triosol-Zermatt-100x100.png",100,100,true],"dgwt-wcas-product-suggestion":["https:\/\/gervi.be\/wp-content\/uploads\/2024\/12\/Triosol-Zermatt.png",64,36,false]},"uagb_author_info":{"display_name":"Stephanie","author_link":"https:\/\/gervi.be\/fr\/author\/"},"uagb_comment_info":0,"uagb_excerpt":"Essence : panneaux d\u00e9coratifs en ch\u00eane\/ bois de pin\/ moulures d'angle en bois de pin \u00c9l\u00e9ments chauffants : 3 \u00e9metteurs de surface, 2 \u00e9metteurs infrarouges VITALlight-IPX4 Puissance : 860 watts \/ 2 x 350 watts \u00c9vaporateur AquaTherm : \u00e9vaporateur puissant, 800 watts, capacit\u00e9 du r\u00e9servoir d'eau d'environ 2 litres Sole therme pur : couvercle d'\u00e9vaporateur\u2026","_links":{"self":[{"href":"https:\/\/gervi.be\/fr\/wp-json\/wp\/v2\/product\/27869","targetHints":{"allow":["GET"]}}],"collection":[{"href":"https:\/\/gervi.be\/fr\/wp-json\/wp\/v2\/product"}],"about":[{"href":"https:\/\/gervi.be\/fr\/wp-json\/wp\/v2\/types\/product"}],"wp:featuredmedia":[{"embeddable":true,"href":"https:\/\/gervi.be\/fr\/wp-json\/wp\/v2\/media\/27868"}],"wp:attachment":[{"href":"https:\/\/gervi.be\/fr\/wp-json\/wp\/v2\/media?parent=27869"}],"wp:term":[{"taxonomy":"product_brand","embeddable":true,"href":"https:\/\/gervi.be\/fr\/wp-json\/wp\/v2\/product_brand?post=27869"},{"taxonomy":"product_cat","embeddable":true,"href":"https:\/\/gervi.be\/fr\/wp-json\/wp\/v2\/product_cat?post=27869"},{"taxonomy":"product_tag","embeddable":true,"href":"https:\/\/gervi.be\/fr\/wp-json\/wp\/v2\/product_tag?post=27869"}],"curies":[{"name":"wp","href":"https:\/\/api.w.org\/{rel}","templated":true}]}}