{"id":27864,"date":"2024-12-02T14:15:17","date_gmt":"2024-12-02T13:15:17","guid":{"rendered":"https:\/\/gervi.be\/shop\/fusion-glass-spruce\/"},"modified":"2024-12-04T10:12:07","modified_gmt":"2024-12-04T09:12:07","slug":"fusion-glass-spruce","status":"publish","type":"product","link":"https:\/\/gervi.be\/fr\/produit\/fusion-glass-spruce\/","title":{"rendered":"Fusion Glass Spruce"},"content":{"rendered":"<p>Veuillez noter qu&#8217;il s&#8217;agit d&#8217;un produit provenant de la vente en stock. Il n&#8217;y a qu&#8217;un nombre limit\u00e9 de places disponibles et une fois qu&#8217;elles sont \u00e9puis\u00e9es, elles disparaissent. Le prix sugg\u00e9r\u00e9 ne comprend pas la livraison et l&#8217;installation. N&#8217;h\u00e9sitez pas \u00e0 nous interroger sur les possibilit\u00e9s qui s&#8217;offrent \u00e0 vous.<\/p>\n<p>Cette cabine infrarouge de la marque Infraworld est une solution de bien-\u00eatre innovante et \u00e9l\u00e9gante, con\u00e7ue pour apporter d\u00e9tente et bienfaits pour la sant\u00e9. Cette cabine allie une technologie moderne \u00e0 un design \u00e9l\u00e9gant, combinant harmonieusement le bois d&#8217;\u00e9pic\u00e9a et le verre. Le bois d&#8217;\u00e9pic\u00e9a, connu pour son aspect naturel et sa durabilit\u00e9, cr\u00e9e une atmosph\u00e8re chaleureuse et apaisante, tandis que les panneaux de verre donnent une impression d&#8217;espace et de luxe. La cabine est \u00e9quip\u00e9e d&#8217;une technologie infrarouge avanc\u00e9e, comprenant des radiateurs \u00e0 spectre complet et des radiateurs planaires. Ceux-ci produisent un effet de chaleur en profondeur qui contribue \u00e0 am\u00e9liorer la circulation, \u00e0 soulager les douleurs musculaires et \u00e0 favoriser la relaxation g\u00e9n\u00e9rale. La chaleur infrarouge p\u00e9n\u00e8tre profond\u00e9ment dans la peau, offrant une exp\u00e9rience agr\u00e9able et efficace. La cabine &#8220;Fusion Glass&#8221; a \u00e9t\u00e9 con\u00e7ue dans un souci de convivialit\u00e9 et de confort. Le panneau de commande intuitif permet de r\u00e9gler facilement la temp\u00e9rature et l&#8217;intensit\u00e9 du rayonnement en fonction des pr\u00e9f\u00e9rences de chacun. En outre, la cabine offre des options ergonomiques d&#8217;assise et de couchage, ce qui vous permet de vous d\u00e9tendre de mani\u00e8re optimale pendant chaque s\u00e9ance. Gr\u00e2ce \u00e0 ses dimensions compactes, la cabine s&#8217;adapte aussi bien aux grands qu&#8217;aux petits espaces, ce qui en fait un choix id\u00e9al pour un usage domestique. Le design de la cabine respire le minimalisme et l&#8217;\u00e9l\u00e9gance, ce qui en fait un compl\u00e9ment esth\u00e9tique \u00e0 tout int\u00e9rieur. De plus, le bois d&#8217;\u00e9pic\u00e9a provient de sources durables, ce qui en fait un choix \u00e9cologique. En r\u00e9sum\u00e9, la cabine infrarouge Fusion Glass d&#8217;Infraworld offre une combinaison parfaite de design, de confort et de technologie avanc\u00e9e. C&#8217;est un choix id\u00e9al pour ceux qui recherchent une solution de bien-\u00eatre \u00e0 domicile de haute qualit\u00e9 et \u00e9l\u00e9gante.  <\/p>\n","protected":false},"excerpt":{"rendered":"<ul>\n<li>Type de bois : \u00c9pic\u00e9a d&#8217;Europe du Nord<\/li>\n<li>\u00c9l\u00e9ments chauffants : 4 \u00e9metteurs de surface, 2 \u00e9metteurs infrarouges VITALlight-IPX4<\/li>\n<li>Puissance : 1260 watts \/ 2 x 350 watts<\/li>\n<li>Porte et fa\u00e7ade en verre : verre de s\u00e9curit\u00e9 8 mm, transparent<\/li>\n<li>Banc : bois de tremble massif<\/li>\n<li>Dimensions (L x P x H) : 145 x 112 x 201,5 cm<\/li>\n<\/ul>\n","protected":false},"featured_media":13692,"template":"","meta":{"_acf_changed":false,"_uag_custom_page_level_css":"","site-sidebar-layout":"default","site-content-layout":"","ast-site-content-layout":"default","site-content-style":"default","site-sidebar-style":"default","ast-global-header-display":"","ast-banner-title-visibility":"","ast-main-header-display":"","ast-hfb-above-header-display":"","ast-hfb-below-header-display":"","ast-hfb-mobile-header-display":"","site-post-title":"","ast-breadcrumbs-content":"","ast-featured-img":"","footer-sml-layout":"","ast-disable-related-posts":"","theme-transparent-header-meta":"default","adv-header-id-meta":"","stick-header-meta":"","header-above-stick-meta":"","header-main-stick-meta":"","header-below-stick-meta":"","astra-migrate-meta-layouts":"default","ast-page-background-enabled":"default","ast-page-background-meta":{"desktop":{"background-color":"","background-image":"","background-repeat":"repeat","background-position":"center center","background-size":"auto","background-attachment":"scroll","background-type":"","background-media":"","overlay-type":"","overlay-color":"","overlay-opacity":"","overlay-gradient":""},"tablet":{"background-color":"","background-image":"","background-repeat":"repeat","background-position":"center center","background-size":"auto","background-attachment":"scroll","background-type":"","background-media":"","overlay-type":"","overlay-color":"","overlay-opacity":"","overlay-gradient":""},"mobile":{"background-color":"","background-image":"","background-repeat":"repeat","background-position":"center center","background-size":"auto","background-attachment":"scroll","background-type":"","background-media":"","overlay-type":"","overlay-color":"","overlay-opacity":"","overlay-gradient":""}},"ast-content-background-meta":{"desktop":{"background-color":"var(--ast-global-color-5)","background-image":"","background-repeat":"repeat","background-position":"center center","background-size":"auto","background-attachment":"scroll","background-type":"","background-media":"","overlay-type":"","overlay-color":"","overlay-opacity":"","overlay-gradient":""},"tablet":{"background-color":"var(--ast-global-color-5)","background-image":"","background-repeat":"repeat","background-position":"center center","background-size":"auto","background-attachment":"scroll","background-type":"","background-media":"","overlay-type":"","overlay-color":"","overlay-opacity":"","overlay-gradient":""},"mobile":{"background-color":"var(--ast-global-color-5)","background-image":"","background-repeat":"repeat","background-position":"center center","background-size":"auto","background-attachment":"scroll","background-type":"","background-media":"","overlay-type":"","overlay-color":"","overlay-opacity":"","overlay-gradient":""}}},"product_brand":[],"product_cat":[791,890,792,1912],"product_tag":[4358,4800,2653,3451,3532,5928,5924,4548,5923,2428,1813,4321,4017,3530,1344,5922,5921,5919,5780,2645,4500,5918,2422,4340,5925,5920,3058,2427,5927,3503,5926,5917],"class_list":{"0":"post-27864","1":"product","2":"type-product","3":"status-publish","4":"has-post-thumbnail","6":"product_cat-cabine-infrarouge","7":"product_cat-fusion","8":"product_cat-modeles","9":"product_cat-stocksale","10":"product_tag-aspect-luxueux","11":"product_tag-atmosphere-apaisante-fr","12":"product_tag-avantages-pour-la-sante","13":"product_tag-basse-energie","14":"product_tag-bien-etre-de-luxe","15":"product_tag-bois-durables","16":"product_tag-cabine-compacte","17":"product_tag-cabine-infrarouge-fr","18":"product_tag-chaleur-profonde","19":"product_tag-circulation-sanguine","20":"product_tag-conviviale","21":"product_tag-design-intemporel-fr","22":"product_tag-design-minimaliste","23":"product_tag-design-moderne-fr","24":"product_tag-detente","25":"product_tag-emetteurs-a-loxyde-de-magnesium","26":"product_tag-emetteurs-a-spectre-complet","27":"product_tag-epicea","28":"product_tag-ergonomique","29":"product_tag-infrarouge","30":"product_tag-infraworld-fr","31":"product_tag-la-sante","32":"product_tag-le-bien-etre-a-la-maison","33":"product_tag-materiaux-de-qualite-superieure","34":"product_tag-panneau-de-commande-intuitif","35":"product_tag-panneaux-de-verre","36":"product_tag-peu-dentretien","37":"product_tag-relaxation-musculaire","38":"product_tag-sauna-alternatif","39":"product_tag-soulagement-du-stress","40":"product_tag-therapie-par-la-chaleur","41":"product_tag-verre-de-fusion","42":"desktop-align-left","43":"tablet-align-left","44":"mobile-align-left","46":"first","47":"instock","48":"sale","49":"taxable","50":"shipping-taxable","51":"purchasable","52":"product-type-simple"},"acf":[],"uagb_featured_image_src":{"full":["https:\/\/gervi.be\/wp-content\/uploads\/2023\/08\/nr3Fusionglas145espe.jpg",597,448,false],"thumbnail":["https:\/\/gervi.be\/wp-content\/uploads\/2023\/08\/nr3Fusionglas145espe-150x150.jpg",150,150,true],"medium":["https:\/\/gervi.be\/wp-content\/uploads\/2023\/08\/nr3Fusionglas145espe-300x225.jpg",300,225,true],"medium_large":["https:\/\/gervi.be\/wp-content\/uploads\/2023\/08\/nr3Fusionglas145espe.jpg",597,448,false],"large":["https:\/\/gervi.be\/wp-content\/uploads\/2023\/08\/nr3Fusionglas145espe.jpg",597,448,false],"1536x1536":["https:\/\/gervi.be\/wp-content\/uploads\/2023\/08\/nr3Fusionglas145espe.jpg",597,448,false],"2048x2048":["https:\/\/gervi.be\/wp-content\/uploads\/2023\/08\/nr3Fusionglas145espe.jpg",597,448,false],"woocommerce_thumbnail":["https:\/\/gervi.be\/wp-content\/uploads\/2023\/08\/nr3Fusionglas145espe-300x300.jpg",300,300,true],"woocommerce_single":["https:\/\/gervi.be\/wp-content\/uploads\/2023\/08\/nr3Fusionglas145espe.jpg",597,448,false],"woocommerce_gallery_thumbnail":["https:\/\/gervi.be\/wp-content\/uploads\/2023\/08\/nr3Fusionglas145espe-100x100.jpg",100,100,true],"dgwt-wcas-product-suggestion":["https:\/\/gervi.be\/wp-content\/uploads\/2023\/08\/nr3Fusionglas145espe.jpg",64,48,false]},"uagb_author_info":{"display_name":"Stephanie","author_link":"https:\/\/gervi.be\/fr\/author\/"},"uagb_comment_info":0,"uagb_excerpt":"Type de bois : \u00c9pic\u00e9a d'Europe du Nord \u00c9l\u00e9ments chauffants : 4 \u00e9metteurs de surface, 2 \u00e9metteurs infrarouges VITALlight-IPX4 Puissance : 1260 watts \/ 2 x 350 watts Porte et fa\u00e7ade en verre : verre de s\u00e9curit\u00e9 8 mm, transparent Banc : bois de tremble massif Dimensions (L x P x H) : 145 x\u2026","_links":{"self":[{"href":"https:\/\/gervi.be\/fr\/wp-json\/wp\/v2\/product\/27864","targetHints":{"allow":["GET"]}}],"collection":[{"href":"https:\/\/gervi.be\/fr\/wp-json\/wp\/v2\/product"}],"about":[{"href":"https:\/\/gervi.be\/fr\/wp-json\/wp\/v2\/types\/product"}],"wp:featuredmedia":[{"embeddable":true,"href":"https:\/\/gervi.be\/fr\/wp-json\/wp\/v2\/media\/13692"}],"wp:attachment":[{"href":"https:\/\/gervi.be\/fr\/wp-json\/wp\/v2\/media?parent=27864"}],"wp:term":[{"taxonomy":"product_brand","embeddable":true,"href":"https:\/\/gervi.be\/fr\/wp-json\/wp\/v2\/product_brand?post=27864"},{"taxonomy":"product_cat","embeddable":true,"href":"https:\/\/gervi.be\/fr\/wp-json\/wp\/v2\/product_cat?post=27864"},{"taxonomy":"product_tag","embeddable":true,"href":"https:\/\/gervi.be\/fr\/wp-json\/wp\/v2\/product_tag?post=27864"}],"curies":[{"name":"wp","href":"https:\/\/api.w.org\/{rel}","templated":true}]}}