{"id":26443,"date":"2024-08-28T10:13:16","date_gmt":"2024-08-28T08:13:16","guid":{"rendered":"https:\/\/gervi.be\/shop\/stockage-classique-noir-85\/"},"modified":"2024-08-28T10:13:16","modified_gmt":"2024-08-28T08:13:16","slug":"stockage-classique-noir-85","status":"publish","type":"product","link":"https:\/\/gervi.be\/fr\/produit\/stockage-classique-noir-85\/","title":{"rendered":"Stockage classique Noir 85"},"content":{"rendered":"<p>L&#8217;<strong>OFYR Classic Storage Black 85<\/strong> est une unit\u00e9 de cuisson ext\u00e9rieure \u00e9l\u00e9gante et fonctionnelle, id\u00e9ale pour les amateurs de cuisine en plein air et les r\u00e9unions sociales.<br \/>\nAvec un diam\u00e8tre de 85 cm, ce mod\u00e8le offre une table de cuisson compacte mais efficace, adapt\u00e9e \u00e0 une vari\u00e9t\u00e9 de techniques de cuisson, du gril \u00e0 la cuisson au four. <strong>Conception et mat\u00e9riaux<\/strong> L&#8217;OFYR Classic Storage Black 85 est fabriqu\u00e9 en acier durable, recouvert d&#8217;un rev\u00eatement en poudre noire qui lui conf\u00e8re un aspect moderne et \u00e9l\u00e9gant.<br \/>\nCe rev\u00eatement prot\u00e8ge l&#8217;unit\u00e9 de cuisson de la rouille et des intemp\u00e9ries, ce qui rend l&#8217;OFYR parfait pour une utilisation ext\u00e9rieure \u00e0 long terme. <strong>Plaque de cuisson et rangement<\/strong> La plaque de cuisson a un diam\u00e8tre de 85 cm et est fabriqu\u00e9e en acier de haute qualit\u00e9.<br \/>\nElle chauffe uniform\u00e9ment, ce qui garantit une exp\u00e9rience de cuisson optimale.<br \/>\nLa taille de la plaque de cuisson permet de cuisiner plusieurs plats \u00e0 la fois, ce qui est id\u00e9al pour recevoir des invit\u00e9s.<br \/>\nSous la plaque de cuisson se trouve un espace de rangement pratique pour le bois.<br \/>\nNon seulement cet espace est fonctionnel, car le bois est \u00e0 port\u00e9e de main, mais il contribue \u00e9galement au design \u00e9pur\u00e9 et minimaliste de l&#8217;appareil.<br \/>\nL&#8217;OFYR Classic Storage Black 85 allie fonctionnalit\u00e9 et esth\u00e9tique, ce qui en fait un \u00e9l\u00e9ment qui attire l&#8217;attention dans n&#8217;importe quel espace ext\u00e9rieur.<br \/>\nC&#8217;est un choix parfait pour ceux qui recherchent une solution de cuisson ext\u00e9rieure durable, \u00e9l\u00e9gante et polyvalente.        <\/p>\n","protected":false},"excerpt":{"rendered":"<p>L&#8217;OFYR Classic Storage Black 85 est une unit\u00e9 de cuisson ext\u00e9rieure \u00e9l\u00e9gante et fonctionnelle, id\u00e9ale pour les amateurs de cuisine en plein air et les r\u00e9unions sociales. Avec un diam\u00e8tre de 85 cm, ce mod\u00e8le offre une table de cuisson compacte mais efficace, adapt\u00e9e \u00e0 une vari\u00e9t\u00e9 de techniques de cuisson, du gril \u00e0 la [&hellip;]<\/p>\n","protected":false},"featured_media":26438,"template":"","meta":{"_acf_changed":false,"_uag_custom_page_level_css":"","site-sidebar-layout":"default","site-content-layout":"","ast-site-content-layout":"default","site-content-style":"default","site-sidebar-style":"default","ast-global-header-display":"","ast-banner-title-visibility":"","ast-main-header-display":"","ast-hfb-above-header-display":"","ast-hfb-below-header-display":"","ast-hfb-mobile-header-display":"","site-post-title":"","ast-breadcrumbs-content":"","ast-featured-img":"","footer-sml-layout":"","ast-disable-related-posts":"","theme-transparent-header-meta":"default","adv-header-id-meta":"","stick-header-meta":"","header-above-stick-meta":"","header-main-stick-meta":"","header-below-stick-meta":"","astra-migrate-meta-layouts":"default","ast-page-background-enabled":"default","ast-page-background-meta":{"desktop":{"background-color":"","background-image":"","background-repeat":"repeat","background-position":"center center","background-size":"auto","background-attachment":"scroll","background-type":"","background-media":"","overlay-type":"","overlay-color":"","overlay-opacity":"","overlay-gradient":""},"tablet":{"background-color":"","background-image":"","background-repeat":"repeat","background-position":"center center","background-size":"auto","background-attachment":"scroll","background-type":"","background-media":"","overlay-type":"","overlay-color":"","overlay-opacity":"","overlay-gradient":""},"mobile":{"background-color":"","background-image":"","background-repeat":"repeat","background-position":"center center","background-size":"auto","background-attachment":"scroll","background-type":"","background-media":"","overlay-type":"","overlay-color":"","overlay-opacity":"","overlay-gradient":""}},"ast-content-background-meta":{"desktop":{"background-color":"var(--ast-global-color-5)","background-image":"","background-repeat":"repeat","background-position":"center center","background-size":"auto","background-attachment":"scroll","background-type":"","background-media":"","overlay-type":"","overlay-color":"","overlay-opacity":"","overlay-gradient":""},"tablet":{"background-color":"var(--ast-global-color-5)","background-image":"","background-repeat":"repeat","background-position":"center center","background-size":"auto","background-attachment":"scroll","background-type":"","background-media":"","overlay-type":"","overlay-color":"","overlay-opacity":"","overlay-gradient":""},"mobile":{"background-color":"var(--ast-global-color-5)","background-image":"","background-repeat":"repeat","background-position":"center center","background-size":"auto","background-attachment":"scroll","background-type":"","background-media":"","overlay-type":"","overlay-color":"","overlay-opacity":"","overlay-gradient":""}}},"product_brand":[],"product_cat":[651,654,1912],"product_tag":[4300,4308,4237,4225,4234,4224,4232,4305,4228,4017,4143,4009,1314,4231,4303,4129,4134,4301,4311,4236,4304,4310,4127,4313,4307,4226,4302,4306,4309,4312],"class_list":{"0":"post-26443","1":"product","2":"type-product","3":"status-publish","4":"has-post-thumbnail","6":"product_cat-bbq-fr","7":"product_cat-ofyr-fr","8":"product_cat-stocksale","9":"product_tag-accessoires-dexterieur","10":"product_tag-apparence-elegante","11":"product_tag-barbecue-ofyr","12":"product_tag-bol-a-feu","13":"product_tag-cuisine-en-plein-air-fr-2","14":"product_tag-cuisine-en-plein-air","15":"product_tag-cuisine-en-plein-air-fr","16":"product_tag-cuisine-exterieure-fonctionnelle","17":"product_tag-cuisine-exterieure-robuste","18":"product_tag-design-minimaliste","19":"product_tag-espace-exterieur-moderne","20":"product_tag-explorez-votre-style-de-vie-fr","21":"product_tag-gervi-fr","22":"product_tag-griller-et-cuire-au-four","23":"product_tag-inoxydable","24":"product_tag-meubles-dexterieur-durables","25":"product_tag-meubles-de-jardin-fr","26":"product_tag-ofyr-classic-storage-85-fr","27":"product_tag-ofyr-mobilier-dexterieur","28":"product_tag-plaque-de-cuisson-de-haute-qualite","29":"product_tag-plaque-de-cuisson-exterieure","30":"product_tag-plaque-de-cuisson-multifonctionnelle","31":"product_tag-revetement-en-poudre-noire","32":"product_tag-se-divertir-a-lexterieur","33":"product_tag-solution-de-cuisson-en-plein-air","34":"product_tag-stockage-du-bois","35":"product_tag-unite-de-cuisson-compacte","36":"product_tag-unite-de-cuisson-elegante","37":"product_tag-unite-de-cuisson-etanche","38":"product_tag-unite-de-cuisson-necessitant-peu-dentretien","39":"desktop-align-left","40":"tablet-align-left","41":"mobile-align-left","43":"first","44":"instock","45":"sale","46":"taxable","47":"shipping-taxable","48":"purchasable","49":"product-type-simple"},"acf":[],"uagb_featured_image_src":{"full":["https:\/\/gervi.be\/wp-content\/uploads\/2024\/08\/OFYR-Classic-Storage-Black-85.jpg",1500,1500,false],"thumbnail":["https:\/\/gervi.be\/wp-content\/uploads\/2024\/08\/OFYR-Classic-Storage-Black-85-150x150.jpg",150,150,true],"medium":["https:\/\/gervi.be\/wp-content\/uploads\/2024\/08\/OFYR-Classic-Storage-Black-85-300x300.jpg",300,300,true],"medium_large":["https:\/\/gervi.be\/wp-content\/uploads\/2024\/08\/OFYR-Classic-Storage-Black-85-768x768.jpg",768,768,true],"large":["https:\/\/gervi.be\/wp-content\/uploads\/2024\/08\/OFYR-Classic-Storage-Black-85-1024x1024.jpg",1024,1024,true],"1536x1536":["https:\/\/gervi.be\/wp-content\/uploads\/2024\/08\/OFYR-Classic-Storage-Black-85.jpg",1500,1500,false],"2048x2048":["https:\/\/gervi.be\/wp-content\/uploads\/2024\/08\/OFYR-Classic-Storage-Black-85.jpg",1500,1500,false],"woocommerce_thumbnail":["https:\/\/gervi.be\/wp-content\/uploads\/2024\/08\/OFYR-Classic-Storage-Black-85.jpg",1500,1500,false],"woocommerce_single":["https:\/\/gervi.be\/wp-content\/uploads\/2024\/08\/OFYR-Classic-Storage-Black-85.jpg",1500,1500,false],"woocommerce_gallery_thumbnail":["https:\/\/gervi.be\/wp-content\/uploads\/2024\/08\/OFYR-Classic-Storage-Black-85-100x100.jpg",100,100,true],"dgwt-wcas-product-suggestion":["https:\/\/gervi.be\/wp-content\/uploads\/2024\/08\/OFYR-Classic-Storage-Black-85.jpg",64,64,false]},"uagb_author_info":{"display_name":"Seppe Vandecruys","author_link":"https:\/\/gervi.be\/fr\/author\/"},"uagb_comment_info":0,"uagb_excerpt":"L&#8217;OFYR Classic Storage Black 85 est une unit\u00e9 de cuisson ext\u00e9rieure \u00e9l\u00e9gante et fonctionnelle, id\u00e9ale pour les amateurs de cuisine en plein air et les r\u00e9unions sociales. Avec un diam\u00e8tre de 85 cm, ce mod\u00e8le offre une table de cuisson compacte mais efficace, adapt\u00e9e \u00e0 une vari\u00e9t\u00e9 de techniques de cuisson, du gril \u00e0 la\u2026","_links":{"self":[{"href":"https:\/\/gervi.be\/fr\/wp-json\/wp\/v2\/product\/26443","targetHints":{"allow":["GET"]}}],"collection":[{"href":"https:\/\/gervi.be\/fr\/wp-json\/wp\/v2\/product"}],"about":[{"href":"https:\/\/gervi.be\/fr\/wp-json\/wp\/v2\/types\/product"}],"wp:featuredmedia":[{"embeddable":true,"href":"https:\/\/gervi.be\/fr\/wp-json\/wp\/v2\/media\/26438"}],"wp:attachment":[{"href":"https:\/\/gervi.be\/fr\/wp-json\/wp\/v2\/media?parent=26443"}],"wp:term":[{"taxonomy":"product_brand","embeddable":true,"href":"https:\/\/gervi.be\/fr\/wp-json\/wp\/v2\/product_brand?post=26443"},{"taxonomy":"product_cat","embeddable":true,"href":"https:\/\/gervi.be\/fr\/wp-json\/wp\/v2\/product_cat?post=26443"},{"taxonomy":"product_tag","embeddable":true,"href":"https:\/\/gervi.be\/fr\/wp-json\/wp\/v2\/product_tag?post=26443"}],"curies":[{"name":"wp","href":"https:\/\/api.w.org\/{rel}","templated":true}]}}