{"id":26347,"date":"2024-08-19T14:46:04","date_gmt":"2024-08-19T12:46:04","guid":{"rendered":"https:\/\/gervi.be\/shop\/stockage-classique-noir-100\/"},"modified":"2024-08-19T14:46:04","modified_gmt":"2024-08-19T12:46:04","slug":"stockage-classique-noir-100","status":"publish","type":"product","link":"https:\/\/gervi.be\/fr\/produit\/stockage-classique-noir-100\/","title":{"rendered":"Stockage classique Noir 100"},"content":{"rendered":"<p>L&#8217;<strong>OFYR Classic Storage 100<\/strong> est une solution de cuisson ext\u00e9rieure \u00e9l\u00e9gante et fonctionnelle, parfaite pour tous ceux qui aiment cuisiner en plein air et se retrouver autour d&#8217;un feu.<br \/>\nAvec un diam\u00e8tre de 100 cm, ce mod\u00e8le offre non seulement une plaque de cuisson spacieuse, mais aussi un espace de stockage pratique pour le bois, ce qui augmente consid\u00e9rablement sa facilit\u00e9 d&#8217;utilisation.<br \/>\nLe foyer et la base sont fabriqu\u00e9s en acier durable et recouverts d&#8217;une couche de poudre noire.<br \/>\nCe rev\u00eatement donne un aspect moderne et prot\u00e8ge l&#8217;acier de la rouille et des autres conditions m\u00e9t\u00e9orologiques, ce qui rend l&#8217;OFYR \u00e0 la fois esth\u00e9tique et robuste.<br \/>\nLa plaque de cuisson elle-m\u00eame est fabriqu\u00e9e en acier de haute qualit\u00e9, qui chauffe uniform\u00e9ment et est parfaite pour pr\u00e9parer une vari\u00e9t\u00e9 de plats, du gril \u00e0 la cuisson.<br \/>\nLa taille g\u00e9n\u00e9reuse de la plaque offre suffisamment d&#8217;espace pour cuisiner plusieurs plats \u00e0 la fois, ce qui est id\u00e9al pour les grandes f\u00eates.<br \/>\nSous la plaque se trouve un espace de rangement pratique pour le bois, qui n&#8217;est pas seulement fonctionnel, mais qui ajoute au design minimaliste.<br \/>\nLa combinaison de la forme et de la fonction fait de l&#8217;OFYR Classic Storage 100 un objet qui attire l&#8217;attention dans tout espace ext\u00e9rieur, parfait pour des soir\u00e9es agr\u00e9ables autour du feu.       <\/p>\n","protected":false},"excerpt":{"rendered":"<p>L&#8217;OFYR Classic Storage 100 est une solution de cuisson ext\u00e9rieure \u00e9l\u00e9gante et fonctionnelle, parfaite pour tous ceux qui aiment cuisiner en plein air et se retrouver autour d&#8217;un feu. Avec un diam\u00e8tre de 100 cm, ce mod\u00e8le offre non seulement une plaque de cuisson spacieuse, mais aussi un espace de stockage pratique pour le bois, [&hellip;]<\/p>\n","protected":false},"featured_media":26344,"template":"","meta":{"_acf_changed":false,"_uag_custom_page_level_css":"","site-sidebar-layout":"default","site-content-layout":"","ast-site-content-layout":"default","site-content-style":"default","site-sidebar-style":"default","ast-global-header-display":"","ast-banner-title-visibility":"","ast-main-header-display":"","ast-hfb-above-header-display":"","ast-hfb-below-header-display":"","ast-hfb-mobile-header-display":"","site-post-title":"","ast-breadcrumbs-content":"","ast-featured-img":"","footer-sml-layout":"","ast-disable-related-posts":"","theme-transparent-header-meta":"default","adv-header-id-meta":"","stick-header-meta":"","header-above-stick-meta":"","header-main-stick-meta":"","header-below-stick-meta":"","astra-migrate-meta-layouts":"default","ast-page-background-enabled":"default","ast-page-background-meta":{"desktop":{"background-color":"","background-image":"","background-repeat":"repeat","background-position":"center center","background-size":"auto","background-attachment":"scroll","background-type":"","background-media":"","overlay-type":"","overlay-color":"","overlay-opacity":"","overlay-gradient":""},"tablet":{"background-color":"","background-image":"","background-repeat":"repeat","background-position":"center center","background-size":"auto","background-attachment":"scroll","background-type":"","background-media":"","overlay-type":"","overlay-color":"","overlay-opacity":"","overlay-gradient":""},"mobile":{"background-color":"","background-image":"","background-repeat":"repeat","background-position":"center center","background-size":"auto","background-attachment":"scroll","background-type":"","background-media":"","overlay-type":"","overlay-color":"","overlay-opacity":"","overlay-gradient":""}},"ast-content-background-meta":{"desktop":{"background-color":"var(--ast-global-color-5)","background-image":"","background-repeat":"repeat","background-position":"center center","background-size":"auto","background-attachment":"scroll","background-type":"","background-media":"","overlay-type":"","overlay-color":"","overlay-opacity":"","overlay-gradient":""},"tablet":{"background-color":"var(--ast-global-color-5)","background-image":"","background-repeat":"repeat","background-position":"center center","background-size":"auto","background-attachment":"scroll","background-type":"","background-media":"","overlay-type":"","overlay-color":"","overlay-opacity":"","overlay-gradient":""},"mobile":{"background-color":"var(--ast-global-color-5)","background-image":"","background-repeat":"repeat","background-position":"center center","background-size":"auto","background-attachment":"scroll","background-type":"","background-media":"","overlay-type":"","overlay-color":"","overlay-opacity":"","overlay-gradient":""}}},"product_brand":[],"product_cat":[651,654],"product_tag":[4241,3878,4244,4229,4237,4225,4084,4232,4224,4234,2336,4242,4228,4243,4017,3945,4009,4235,1314,4230,4231,4240,4134,4223,4236,1903,4127,4239,4238,4226,4233,4227],"class_list":{"0":"post-26347","1":"product","2":"type-product","3":"status-publish","4":"has-post-thumbnail","6":"product_cat-bbq-fr","7":"product_cat-ofyr-fr","8":"product_tag-accessoires-de-jardin-fr","9":"product_tag-acier-inoxydable","10":"product_tag-amenagement-exterieur","11":"product_tag-aspect-moderne","12":"product_tag-barbecue-ofyr","13":"product_tag-bol-a-feu","14":"product_tag-conception-fonctionnelle","15":"product_tag-cuisine-en-plein-air-fr","16":"product_tag-cuisine-en-plein-air","17":"product_tag-cuisine-en-plein-air-fr-2","18":"product_tag-cuisine-exterieure","19":"product_tag-cuisine-exterieure-ofyr","20":"product_tag-cuisine-exterieure-robuste","21":"product_tag-decoration-de-jardin","22":"product_tag-design-minimaliste","23":"product_tag-espace-exterieur","24":"product_tag-explorez-votre-style-de-vie-fr","25":"product_tag-foyer","26":"product_tag-gervi-fr","27":"product_tag-grand-cuiseur","28":"product_tag-griller-et-cuire-au-four","29":"product_tag-meubles-dexterieur-design-fr","30":"product_tag-meubles-de-jardin-fr","31":"product_tag-ofyr-classic-storage-100-fr","32":"product_tag-plaque-de-cuisson-de-haute-qualite","33":"product_tag-resistant-aux-intemperies","34":"product_tag-revetement-en-poudre-noire","35":"product_tag-set-de-cuisson-pour-lexterieur","36":"product_tag-soirees-agreables","37":"product_tag-stockage-du-bois","38":"product_tag-stockage-du-bois-a-lexterieur","39":"product_tag-une-solution-de-cuisson-elegante","40":"desktop-align-left","41":"tablet-align-left","42":"mobile-align-left","44":"first","45":"instock","46":"sale","47":"taxable","48":"shipping-taxable","49":"purchasable","50":"product-type-simple"},"acf":[],"uagb_featured_image_src":{"full":["https:\/\/gervi.be\/wp-content\/uploads\/2024\/08\/OFYR-Classic-Storage-Black-100.jpg",1500,1500,false],"thumbnail":["https:\/\/gervi.be\/wp-content\/uploads\/2024\/08\/OFYR-Classic-Storage-Black-100-150x150.jpg",150,150,true],"medium":["https:\/\/gervi.be\/wp-content\/uploads\/2024\/08\/OFYR-Classic-Storage-Black-100-300x300.jpg",300,300,true],"medium_large":["https:\/\/gervi.be\/wp-content\/uploads\/2024\/08\/OFYR-Classic-Storage-Black-100-768x768.jpg",768,768,true],"large":["https:\/\/gervi.be\/wp-content\/uploads\/2024\/08\/OFYR-Classic-Storage-Black-100-1024x1024.jpg",1024,1024,true],"1536x1536":["https:\/\/gervi.be\/wp-content\/uploads\/2024\/08\/OFYR-Classic-Storage-Black-100.jpg",1500,1500,false],"2048x2048":["https:\/\/gervi.be\/wp-content\/uploads\/2024\/08\/OFYR-Classic-Storage-Black-100.jpg",1500,1500,false],"woocommerce_thumbnail":["https:\/\/gervi.be\/wp-content\/uploads\/2024\/08\/OFYR-Classic-Storage-Black-100.jpg",1500,1500,false],"woocommerce_single":["https:\/\/gervi.be\/wp-content\/uploads\/2024\/08\/OFYR-Classic-Storage-Black-100.jpg",1500,1500,false],"woocommerce_gallery_thumbnail":["https:\/\/gervi.be\/wp-content\/uploads\/2024\/08\/OFYR-Classic-Storage-Black-100-100x100.jpg",100,100,true],"dgwt-wcas-product-suggestion":["https:\/\/gervi.be\/wp-content\/uploads\/2024\/08\/OFYR-Classic-Storage-Black-100.jpg",64,64,false]},"uagb_author_info":{"display_name":"Seppe Vandecruys","author_link":"https:\/\/gervi.be\/fr\/author\/"},"uagb_comment_info":0,"uagb_excerpt":"L&#8217;OFYR Classic Storage 100 est une solution de cuisson ext\u00e9rieure \u00e9l\u00e9gante et fonctionnelle, parfaite pour tous ceux qui aiment cuisiner en plein air et se retrouver autour d&#8217;un feu. Avec un diam\u00e8tre de 100 cm, ce mod\u00e8le offre non seulement une plaque de cuisson spacieuse, mais aussi un espace de stockage pratique pour le bois,\u2026","_links":{"self":[{"href":"https:\/\/gervi.be\/fr\/wp-json\/wp\/v2\/product\/26347","targetHints":{"allow":["GET"]}}],"collection":[{"href":"https:\/\/gervi.be\/fr\/wp-json\/wp\/v2\/product"}],"about":[{"href":"https:\/\/gervi.be\/fr\/wp-json\/wp\/v2\/types\/product"}],"wp:featuredmedia":[{"embeddable":true,"href":"https:\/\/gervi.be\/fr\/wp-json\/wp\/v2\/media\/26344"}],"wp:attachment":[{"href":"https:\/\/gervi.be\/fr\/wp-json\/wp\/v2\/media?parent=26347"}],"wp:term":[{"taxonomy":"product_brand","embeddable":true,"href":"https:\/\/gervi.be\/fr\/wp-json\/wp\/v2\/product_brand?post=26347"},{"taxonomy":"product_cat","embeddable":true,"href":"https:\/\/gervi.be\/fr\/wp-json\/wp\/v2\/product_cat?post=26347"},{"taxonomy":"product_tag","embeddable":true,"href":"https:\/\/gervi.be\/fr\/wp-json\/wp\/v2\/product_tag?post=26347"}],"curies":[{"name":"wp","href":"https:\/\/api.w.org\/{rel}","templated":true}]}}