{"id":26309,"date":"2024-08-14T16:09:55","date_gmt":"2024-08-14T14:09:55","guid":{"rendered":"https:\/\/gervi.be\/shop\/table-wild-et-fauteuils-forest\/"},"modified":"2024-08-14T16:09:55","modified_gmt":"2024-08-14T14:09:55","slug":"table-wild-et-fauteuils-forest","status":"publish","type":"product","link":"https:\/\/gervi.be\/fr\/produit\/table-wild-et-fauteuils-forest\/","title":{"rendered":"Table Wild et fauteuils Forest"},"content":{"rendered":"<p>L&#8217;ensemble table Fast Wild et fauteuil Forest allie style et durabilit\u00e9, parfait pour tout espace ext\u00e9rieur.<br \/>\nLa table Wild a un diam\u00e8tre rond de 138 cm, offrant suffisamment d&#8217;espace pour des d\u00eeners ou des boissons en plein air.<br \/>\nLe cadre et le plateau de la table sont fabriqu\u00e9s en aluminium de haute qualit\u00e9 et recouverts d&#8217;un rev\u00eatement en poudre noir.<br \/>\nCette finition conf\u00e8re non seulement un aspect \u00e9l\u00e9gant et moderne, mais offre \u00e9galement une excellente protection contre les \u00e9l\u00e9ments, ce qui permet \u00e0 la table de conserver longtemps son aspect d&#8217;origine.<br \/>\nL&#8217;ensemble est compl\u00e9t\u00e9 par quatre fauteuils Forest.<br \/>\nCes chaises sont \u00e9galement fabriqu\u00e9es en aluminium peint par poudrage noir, cr\u00e9ant ainsi un ensemble harmonieux.<br \/>\nLes chaises sont \u00e9quip\u00e9es de coussins d&#8217;assise et de dossier noirs, qui offrent un confort suppl\u00e9mentaire en position assise.<br \/>\nLes coussins sont con\u00e7us pour r\u00e9sister \u00e0 diverses conditions m\u00e9t\u00e9orologiques, ce qui rend l&#8217;ensemble id\u00e9al pour une utilisation en ext\u00e9rieur.<br \/>\nAvec cet ensemble, vous disposez d&#8217;un meuble \u00e9l\u00e9gant et pratique, \u00e0 la fois esth\u00e9tique et fonctionnel.<br \/>\nLa couleur noire donne un aspect moderne et intemporel, facile \u00e0 combiner avec d&#8217;autres meubles d&#8217;ext\u00e9rieur.<br \/>\nParfait pour tous ceux qui recherchent une solution \u00e9l\u00e9gante et durable pour leur espace ext\u00e9rieur.          <\/p>\n","protected":false},"excerpt":{"rendered":"<p>L&#8217;ensemble table Fast Wild et fauteuil Forest allie style et durabilit\u00e9, parfait pour tout espace ext\u00e9rieur. La table Wild a un diam\u00e8tre rond de 138 cm, offrant suffisamment d&#8217;espace pour des d\u00eeners ou des boissons en plein air. Le cadre et le plateau de la table sont fabriqu\u00e9s en aluminium de haute qualit\u00e9 et recouverts [&hellip;]<\/p>\n","protected":false},"featured_media":26304,"template":"","meta":{"_acf_changed":false,"_uag_custom_page_level_css":"","site-sidebar-layout":"default","site-content-layout":"","ast-site-content-layout":"default","site-content-style":"default","site-sidebar-style":"default","ast-global-header-display":"","ast-banner-title-visibility":"","ast-main-header-display":"","ast-hfb-above-header-display":"","ast-hfb-below-header-display":"","ast-hfb-mobile-header-display":"","site-post-title":"","ast-breadcrumbs-content":"","ast-featured-img":"","footer-sml-layout":"","ast-disable-related-posts":"","theme-transparent-header-meta":"default","adv-header-id-meta":"","stick-header-meta":"","header-above-stick-meta":"","header-main-stick-meta":"","header-below-stick-meta":"","astra-migrate-meta-layouts":"default","ast-page-background-enabled":"default","ast-page-background-meta":{"desktop":{"background-color":"","background-image":"","background-repeat":"repeat","background-position":"center center","background-size":"auto","background-attachment":"scroll","background-type":"","background-media":"","overlay-type":"","overlay-color":"","overlay-opacity":"","overlay-gradient":""},"tablet":{"background-color":"","background-image":"","background-repeat":"repeat","background-position":"center center","background-size":"auto","background-attachment":"scroll","background-type":"","background-media":"","overlay-type":"","overlay-color":"","overlay-opacity":"","overlay-gradient":""},"mobile":{"background-color":"","background-image":"","background-repeat":"repeat","background-position":"center center","background-size":"auto","background-attachment":"scroll","background-type":"","background-media":"","overlay-type":"","overlay-color":"","overlay-opacity":"","overlay-gradient":""}},"ast-content-background-meta":{"desktop":{"background-color":"var(--ast-global-color-5)","background-image":"","background-repeat":"repeat","background-position":"center center","background-size":"auto","background-attachment":"scroll","background-type":"","background-media":"","overlay-type":"","overlay-color":"","overlay-opacity":"","overlay-gradient":""},"tablet":{"background-color":"var(--ast-global-color-5)","background-image":"","background-repeat":"repeat","background-position":"center center","background-size":"auto","background-attachment":"scroll","background-type":"","background-media":"","overlay-type":"","overlay-color":"","overlay-opacity":"","overlay-gradient":""},"mobile":{"background-color":"var(--ast-global-color-5)","background-image":"","background-repeat":"repeat","background-position":"center center","background-size":"auto","background-attachment":"scroll","background-type":"","background-media":"","overlay-type":"","overlay-color":"","overlay-opacity":"","overlay-gradient":""}}},"product_brand":[],"product_cat":[899,878,923],"product_tag":[4144,4145,4130,4038,4142,4135,4137,4124,4143,4009,4131,4123,1314,2463,4132,4129,4134,4141,4139,4140,4146,4127,4138,4128,4136,4125,4126,4122,4133],"class_list":{"0":"post-26309","1":"product","2":"type-product","3":"status-publish","4":"has-post-thumbnail","6":"product_cat-chaise-de-jardin","7":"product_cat-meubles-de-jardin","8":"product_cat-table-de-jardin","9":"product_tag-accessoires-de-jardin","10":"product_tag-conception-rapide","11":"product_tag-coussins-resistants-aux-intemperies","12":"product_tag-design-intemporel","13":"product_tag-diner-en-plein-air","14":"product_tag-ensemble-de-jardin-de-luxe","15":"product_tag-ensemble-de-jardins-harmonieux","16":"product_tag-ensemble-de-meubles-dexterieur","17":"product_tag-espace-exterieur-moderne","18":"product_tag-explorez-votre-style-de-vie-fr","19":"product_tag-fauteuils-confortables","20":"product_tag-fauteuils-forestiers","21":"product_tag-gervi-fr","22":"product_tag-materiaux-de-haute-qualite","23":"product_tag-meubles-dexterieur-design","24":"product_tag-meubles-dexterieur-durables","25":"product_tag-meubles-de-jardin-fr","26":"product_tag-meubles-de-jardin-elegants","27":"product_tag-meubles-de-jardin-fonctionnels","28":"product_tag-meubles-resistants-aux-intemperies","29":"product_tag-mobilier-de-jardin-esthetique","30":"product_tag-revetement-en-poudre-noire","31":"product_tag-service-de-table-de-jardin","32":"product_tag-table-de-jardin-moderne","33":"product_tag-table-de-jardin-robuste","34":"product_tag-table-de-jardin-ronde","35":"product_tag-table-en-aluminium","36":"product_tag-table-fast-wild","37":"product_tag-un-espace-exterieur-elegant","38":"desktop-align-left","39":"tablet-align-left","40":"mobile-align-left","42":"first","43":"instock","44":"sale","45":"taxable","46":"shipping-taxable","47":"purchasable","48":"product-type-simple"},"acf":[],"uagb_featured_image_src":{"full":["https:\/\/gervi.be\/wp-content\/uploads\/2024\/08\/Fast-wild-tafel-forest-armstoelen.jpg",1500,1500,false],"thumbnail":["https:\/\/gervi.be\/wp-content\/uploads\/2024\/08\/Fast-wild-tafel-forest-armstoelen-150x150.jpg",150,150,true],"medium":["https:\/\/gervi.be\/wp-content\/uploads\/2024\/08\/Fast-wild-tafel-forest-armstoelen-300x300.jpg",300,300,true],"medium_large":["https:\/\/gervi.be\/wp-content\/uploads\/2024\/08\/Fast-wild-tafel-forest-armstoelen-768x768.jpg",768,768,true],"large":["https:\/\/gervi.be\/wp-content\/uploads\/2024\/08\/Fast-wild-tafel-forest-armstoelen-1024x1024.jpg",1024,1024,true],"1536x1536":["https:\/\/gervi.be\/wp-content\/uploads\/2024\/08\/Fast-wild-tafel-forest-armstoelen.jpg",1500,1500,false],"2048x2048":["https:\/\/gervi.be\/wp-content\/uploads\/2024\/08\/Fast-wild-tafel-forest-armstoelen.jpg",1500,1500,false],"woocommerce_thumbnail":["https:\/\/gervi.be\/wp-content\/uploads\/2024\/08\/Fast-wild-tafel-forest-armstoelen.jpg",1500,1500,false],"woocommerce_single":["https:\/\/gervi.be\/wp-content\/uploads\/2024\/08\/Fast-wild-tafel-forest-armstoelen.jpg",1500,1500,false],"woocommerce_gallery_thumbnail":["https:\/\/gervi.be\/wp-content\/uploads\/2024\/08\/Fast-wild-tafel-forest-armstoelen-100x100.jpg",100,100,true],"dgwt-wcas-product-suggestion":["https:\/\/gervi.be\/wp-content\/uploads\/2024\/08\/Fast-wild-tafel-forest-armstoelen.jpg",64,64,false]},"uagb_author_info":{"display_name":"Seppe Vandecruys","author_link":"https:\/\/gervi.be\/fr\/author\/"},"uagb_comment_info":0,"uagb_excerpt":"L&#8217;ensemble table Fast Wild et fauteuil Forest allie style et durabilit\u00e9, parfait pour tout espace ext\u00e9rieur. La table Wild a un diam\u00e8tre rond de 138 cm, offrant suffisamment d&#8217;espace pour des d\u00eeners ou des boissons en plein air. Le cadre et le plateau de la table sont fabriqu\u00e9s en aluminium de haute qualit\u00e9 et recouverts\u2026","_links":{"self":[{"href":"https:\/\/gervi.be\/fr\/wp-json\/wp\/v2\/product\/26309","targetHints":{"allow":["GET"]}}],"collection":[{"href":"https:\/\/gervi.be\/fr\/wp-json\/wp\/v2\/product"}],"about":[{"href":"https:\/\/gervi.be\/fr\/wp-json\/wp\/v2\/types\/product"}],"wp:featuredmedia":[{"embeddable":true,"href":"https:\/\/gervi.be\/fr\/wp-json\/wp\/v2\/media\/26304"}],"wp:attachment":[{"href":"https:\/\/gervi.be\/fr\/wp-json\/wp\/v2\/media?parent=26309"}],"wp:term":[{"taxonomy":"product_brand","embeddable":true,"href":"https:\/\/gervi.be\/fr\/wp-json\/wp\/v2\/product_brand?post=26309"},{"taxonomy":"product_cat","embeddable":true,"href":"https:\/\/gervi.be\/fr\/wp-json\/wp\/v2\/product_cat?post=26309"},{"taxonomy":"product_tag","embeddable":true,"href":"https:\/\/gervi.be\/fr\/wp-json\/wp\/v2\/product_tag?post=26309"}],"curies":[{"name":"wp","href":"https:\/\/api.w.org\/{rel}","templated":true}]}}