{"id":25586,"date":"2024-06-26T16:13:53","date_gmt":"2024-06-26T14:13:53","guid":{"rendered":"https:\/\/gervi.be\/?post_type=product&#038;p=25586"},"modified":"2026-04-20T10:14:07","modified_gmt":"2026-04-20T08:14:07","slug":"citron-orange-1-l","status":"publish","type":"product","link":"https:\/\/gervi.be\/fr\/produit\/citron-orange-1-l\/","title":{"rendered":"Citron &#8211; Orange (1 l)"},"content":{"rendered":"<h2><a href=\"https:\/\/gervi.be\/fr\/marques\/klafs\/\"><img decoding=\"async\" class=\"alignleft wp-image-17003\" src=\"https:\/\/gervi.be\/wp-content\/uploads\/2023\/12\/Klafs-logo-300x115.png\" alt=\"Logo Klafs\" width=\"150\" height=\"57\" title=\"\" srcset=\"https:\/\/gervi.be\/wp-content\/uploads\/2023\/12\/Klafs-logo-300x115.png 300w, https:\/\/gervi.be\/wp-content\/uploads\/2023\/12\/Klafs-logo-1024x393.png 1024w, https:\/\/gervi.be\/wp-content\/uploads\/2023\/12\/Klafs-logo-768x294.png 768w, https:\/\/gervi.be\/wp-content\/uploads\/2023\/12\/Klafs-logo-600x230.png 600w, https:\/\/gervi.be\/wp-content\/uploads\/2023\/12\/Klafs-logo.png 1200w\" sizes=\"(max-width: 150px) 100vw, 150px\" \/><\/a><\/h2>\n<p>&nbsp;<\/p>\n<p>&nbsp;<\/p>\n<h2>Description<\/h2>\n<p>Le parfum pour sauna Lemon &#8211; Orange associe la fra\u00eecheur vivifiante du citron aux notes douces et ensoleill\u00e9es de l&#8217;orange pour cr\u00e9er une atmosph\u00e8re \u00e9nergisante et stimulante dans le sauna. Excellent choix pour les amateurs de parfums frais et fruit\u00e9s, cet ar\u00f4me offre une exp\u00e9rience olfactive vibrante qui contribue \u00e0 un sentiment de renouveau et de joie pendant la s\u00e9ance de sauna. Les notes acidul\u00e9es d&#8217;agrumes stimulent les sens et am\u00e9liorent l&#8217;humeur g\u00e9n\u00e9rale, tandis que la douceur de l&#8217;orange offre une note agr\u00e9able et chaleureuse.<\/p>\n<p>Pour appliquer le parfum de sauna Citron &#8211; Orange, il est recommand\u00e9 de m\u00e9langer environ 10 millilitres du concentr\u00e9 de parfum \u00e0 un litre d&#8217;eau. Ce m\u00e9lange doit \u00eatre bien remu\u00e9 pour que les huiles essentielles se r\u00e9partissent uniform\u00e9ment. Une fois ajout\u00e9 aux pierres chaudes du sauna, le m\u00e9lange s&#8217;\u00e9vapore rapidement et assure une diffusion \u00e9tendue et durable du parfum dans tout le sauna.<\/p>\n<p>La composition du parfum Lemon &#8211; Orange est soigneusement \u00e9quilibr\u00e9e avec des notes de t\u00eate, de c\u0153ur et de fond qui, ensemble, cr\u00e9ent un ar\u00f4me harmonieux et durable. Les huiles essentielles naturelles contenues dans ce concentr\u00e9 sont de haute qualit\u00e9 et s&#8217;\u00e9vaporent compl\u00e8tement, ne laissant aucun r\u00e9sidu sur les pierres du sauna. Cela garantit une exp\u00e9rience utilisateur propre et n\u00e9cessitant peu de maintenance.<\/p>\n<p>Ce produit de parfumerie est enti\u00e8rement v\u00e9g\u00e9talien et a \u00e9t\u00e9 d\u00e9velopp\u00e9 sans tests sur les animaux, ce qui en fait un choix \u00e9thique pour les consommateurs. Produit en Allemagne, le parfum pour sauna Lemon &#8211; Orange r\u00e9pond aux normes de qualit\u00e9 les plus strictes et aux processus de production les plus respectueux de l&#8217;environnement, minimisant ainsi l&#8217;empreinte \u00e9cologique.<\/p>\n<p>Sp\u00e9cialement con\u00e7u pour \u00eatre utilis\u00e9 dans les saunas traditionnels et les sanariums, le parfum Citron &#8211; Orange peut \u00eatre appliqu\u00e9 de mani\u00e8re optimale en pla\u00e7ant le m\u00e9lange dans un calice d&#8217;ar\u00f4mes ou un bol de parfums, en fonction de l&#8217;intensit\u00e9 souhait\u00e9e. Cette m\u00e9thode garantit que la combinaison vivifiante du citron et de l&#8217;orange remplit la pi\u00e8ce pendant longtemps, enrichissant chaque s\u00e9ance de sauna d&#8217;un parfum frais, joyeux et agr\u00e9able.<\/p>\n<p>&nbsp;<\/p>\n","protected":false},"excerpt":{"rendered":"<ul>\n<li>Contenu : 1 litre<\/li>\n<li>V\u00e9g\u00e9talien<\/li>\n<li>D\u00e9velopp\u00e9 sans tests sur les animaux<\/li>\n<li>Fabriqu\u00e9 en Allemagne<\/li>\n<\/ul>\n","protected":false},"featured_media":25568,"template":"","meta":{"_acf_changed":false,"_uag_custom_page_level_css":"","site-sidebar-layout":"default","site-content-layout":"","ast-site-content-layout":"default","site-content-style":"default","site-sidebar-style":"default","ast-global-header-display":"","ast-banner-title-visibility":"","ast-main-header-display":"","ast-hfb-above-header-display":"","ast-hfb-below-header-display":"","ast-hfb-mobile-header-display":"","site-post-title":"","ast-breadcrumbs-content":"","ast-featured-img":"","footer-sml-layout":"","ast-disable-related-posts":"","theme-transparent-header-meta":"default","adv-header-id-meta":"","stick-header-meta":"","header-above-stick-meta":"","header-main-stick-meta":"","header-below-stick-meta":"","astra-migrate-meta-layouts":"set","ast-page-background-enabled":"default","ast-page-background-meta":{"desktop":{"background-color":"","background-image":"","background-repeat":"repeat","background-position":"center center","background-size":"auto","background-attachment":"scroll","background-type":"","background-media":"","overlay-type":"","overlay-color":"","overlay-opacity":"","overlay-gradient":""},"tablet":{"background-color":"","background-image":"","background-repeat":"repeat","background-position":"center center","background-size":"auto","background-attachment":"scroll","background-type":"","background-media":"","overlay-type":"","overlay-color":"","overlay-opacity":"","overlay-gradient":""},"mobile":{"background-color":"","background-image":"","background-repeat":"repeat","background-position":"center center","background-size":"auto","background-attachment":"scroll","background-type":"","background-media":"","overlay-type":"","overlay-color":"","overlay-opacity":"","overlay-gradient":""}},"ast-content-background-meta":{"desktop":{"background-color":"var(--ast-global-color-5)","background-image":"","background-repeat":"repeat","background-position":"center center","background-size":"auto","background-attachment":"scroll","background-type":"","background-media":"","overlay-type":"","overlay-color":"","overlay-opacity":"","overlay-gradient":""},"tablet":{"background-color":"var(--ast-global-color-5)","background-image":"","background-repeat":"repeat","background-position":"center center","background-size":"auto","background-attachment":"scroll","background-type":"","background-media":"","overlay-type":"","overlay-color":"","overlay-opacity":"","overlay-gradient":""},"mobile":{"background-color":"var(--ast-global-color-5)","background-image":"","background-repeat":"repeat","background-position":"center center","background-size":"auto","background-attachment":"scroll","background-type":"","background-media":"","overlay-type":"","overlay-color":"","overlay-opacity":"","overlay-gradient":""}}},"product_brand":[],"product_cat":[786,3367,643],"product_tag":[3357,3301,3227,3229,3379,3243,3237,3378,3268,3242,3380,1708,3238,1314,3232,1339,3377,1341,3376,3228,1343,3375,3230,3300,3236,1357,3381,3359,3295,3299],"class_list":{"0":"post-25586","1":"product","2":"type-product","3":"status-publish","4":"has-post-thumbnail","6":"product_cat-aromes-pour-le-sauna","7":"product_cat-parfums-de-maquillage-pour-sauna","8":"product_cat-sauna-fr","9":"product_tag-arome-de-sauna-aux-agrumes","10":"product_tag-arome-rafraichissant-du-sauna","11":"product_tag-aromes","12":"product_tag-aromes-pour-sauna","13":"product_tag-bien-etre-aux-agrumes","14":"product_tag-bien-etre-et-spa","15":"product_tag-cosmetiques-sans-animaux","16":"product_tag-des-parfums-frais","17":"product_tag-diffusion-prolongee-des-odeurs","18":"product_tag-effets-de-purification-de-lair","19":"product_tag-experience-heureuse-du-sauna","20":"product_tag-explorez-votre-mode-de-vie","21":"product_tag-fabrique-en-allemagne","22":"product_tag-gervi-fr","23":"product_tag-huiles-essentielles","24":"product_tag-klafs-fr","25":"product_tag-laromatherapie-aux-agrumes","26":"product_tag-odeur","27":"product_tag-parfum-dagrumes-vivifiant","28":"product_tag-parfum-de-sauna-fr","29":"product_tag-parfum-de-sauna","30":"product_tag-parfum-sauna-citron-orange","31":"product_tag-parfums-pour-sauna","32":"product_tag-produit-de-parfumerie-de-luxe","33":"product_tag-produits-de-sauna-vegetaliens","34":"product_tag-sauna-fr","35":"product_tag-sensation-de-parfum-energique","36":"product_tag-senteurs-naturelles-dagrumes","37":"product_tag-une-experience-olfactive-harmonieuse","38":"product_tag-utilisation-propre-du-sauna","39":"desktop-align-left","40":"tablet-align-left","41":"mobile-align-left","43":"first","44":"instock","45":"purchasable","46":"product-type-simple"},"acf":[],"uagb_featured_image_src":{"full":["https:\/\/gervi.be\/wp-content\/uploads\/2023\/08\/Aromas-voor-Sauna-Citroen-orange-KLAFS-Gervi.jpg",2000,2000,false],"thumbnail":["https:\/\/gervi.be\/wp-content\/uploads\/2023\/08\/Aromas-voor-Sauna-Citroen-orange-KLAFS-Gervi-150x150.jpg",150,150,true],"medium":["https:\/\/gervi.be\/wp-content\/uploads\/2023\/08\/Aromas-voor-Sauna-Citroen-orange-KLAFS-Gervi-300x300.jpg",300,300,true],"medium_large":["https:\/\/gervi.be\/wp-content\/uploads\/2023\/08\/Aromas-voor-Sauna-Citroen-orange-KLAFS-Gervi-768x768.jpg",768,768,true],"large":["https:\/\/gervi.be\/wp-content\/uploads\/2023\/08\/Aromas-voor-Sauna-Citroen-orange-KLAFS-Gervi-1024x1024.jpg",1024,1024,true],"1536x1536":["https:\/\/gervi.be\/wp-content\/uploads\/2023\/08\/Aromas-voor-Sauna-Citroen-orange-KLAFS-Gervi-1536x1536.jpg",1536,1536,true],"2048x2048":["https:\/\/gervi.be\/wp-content\/uploads\/2023\/08\/Aromas-voor-Sauna-Citroen-orange-KLAFS-Gervi.jpg",2000,2000,false],"woocommerce_thumbnail":["https:\/\/gervi.be\/wp-content\/uploads\/2023\/08\/Aromas-voor-Sauna-Citroen-orange-KLAFS-Gervi-2000x1500.jpg",2000,1500,true],"woocommerce_single":["https:\/\/gervi.be\/wp-content\/uploads\/2023\/08\/Aromas-voor-Sauna-Citroen-orange-KLAFS-Gervi.jpg",2000,2000,false],"woocommerce_gallery_thumbnail":["https:\/\/gervi.be\/wp-content\/uploads\/2023\/08\/Aromas-voor-Sauna-Citroen-orange-KLAFS-Gervi-100x100.jpg",100,100,true],"dgwt-wcas-product-suggestion":["https:\/\/gervi.be\/wp-content\/uploads\/2023\/08\/Aromas-voor-Sauna-Citroen-orange-KLAFS-Gervi.jpg",64,64,false]},"uagb_author_info":{"display_name":"Marjolein Nijs","author_link":"https:\/\/gervi.be\/fr\/author\/"},"uagb_comment_info":0,"uagb_excerpt":"Contenu : 1 litre V\u00e9g\u00e9talien D\u00e9velopp\u00e9 sans tests sur les animaux Fabriqu\u00e9 en Allemagne","_links":{"self":[{"href":"https:\/\/gervi.be\/fr\/wp-json\/wp\/v2\/product\/25586","targetHints":{"allow":["GET"]}}],"collection":[{"href":"https:\/\/gervi.be\/fr\/wp-json\/wp\/v2\/product"}],"about":[{"href":"https:\/\/gervi.be\/fr\/wp-json\/wp\/v2\/types\/product"}],"wp:featuredmedia":[{"embeddable":true,"href":"https:\/\/gervi.be\/fr\/wp-json\/wp\/v2\/media\/25568"}],"wp:attachment":[{"href":"https:\/\/gervi.be\/fr\/wp-json\/wp\/v2\/media?parent=25586"}],"wp:term":[{"taxonomy":"product_brand","embeddable":true,"href":"https:\/\/gervi.be\/fr\/wp-json\/wp\/v2\/product_brand?post=25586"},{"taxonomy":"product_cat","embeddable":true,"href":"https:\/\/gervi.be\/fr\/wp-json\/wp\/v2\/product_cat?post=25586"},{"taxonomy":"product_tag","embeddable":true,"href":"https:\/\/gervi.be\/fr\/wp-json\/wp\/v2\/product_tag?post=25586"}],"curies":[{"name":"wp","href":"https:\/\/api.w.org\/{rel}","templated":true}]}}