{"id":25226,"date":"2024-06-19T15:45:01","date_gmt":"2024-06-19T13:45:01","guid":{"rendered":"https:\/\/gervi.be\/?post_type=product&#038;p=25226"},"modified":"2024-06-20T09:37:03","modified_gmt":"2024-06-20T07:37:03","slug":"programme-freshwater-salt-iq","status":"publish","type":"product","link":"https:\/\/gervi.be\/fr\/produit\/programme-freshwater-salt-iq\/","title":{"rendered":"Programme FRESHWATER SALT IQ"},"content":{"rendered":"<p><a href=\"https:\/\/gervi.be\/merken\/hotspring\/\"><img decoding=\"async\" class=\"alignnone wp-image-16982\" src=\"https:\/\/gervi.be\/wp-content\/uploads\/2023\/12\/HotSpring-1-300x94.png\" alt=\"HotSpring\" width=\"150\" height=\"47\" title=\"\" srcset=\"https:\/\/gervi.be\/wp-content\/uploads\/2023\/12\/HotSpring-1-300x94.png 300w, https:\/\/gervi.be\/wp-content\/uploads\/2023\/12\/HotSpring-1.png 322w\" sizes=\"(max-width: 150px) 100vw, 150px\" \/><\/a><\/p>\n<h2>Description<\/h2>\n<p>Avec l&#8217;abonnement FreshWater Salt + IQ, vous recevrez une fois par an un pack d&#8217;entretien FreshWater Salt et un capteur de surveillance IQ pour votre spa HotSpring. Cet ensemble contient tout ce dont vous avez besoin pour maintenir votre jacuzzi en parfait \u00e9tat, en \u00e9liminant le besoin de produits chimiques suppl\u00e9mentaires et en simplifiant l&#8217;entretien.<\/p>\n<h2>Conditions<\/h2>\n<ul>\n<li>Vous recevez automatiquement un colis contenant <strong>3 cartouches de sel FreshWater<\/strong> une fois par an (dur\u00e9e de vie d&#8217;une cartouche : 4 mois) + <strong>1 capteur de surveillance FreshWater IQ<\/strong>.<\/li>\n<li>Vous pouvez ajouter un nombre illimit\u00e9 de produits d&#8217;entretien et de filtres suppl\u00e9mentaires \u00e0 votre forfait FreshWater Salt + IQ. Pour ce faire, vous devez envoyer un e-mail \u00e0 <a href=\"mailto:administration@gervi.be\">administration@gervi.be<\/a> avant le 1er du mois de l&#8217;envoi. Les articles suppl\u00e9mentaires sont ajout\u00e9s \u00e0 la facture<\/li>\n<li>Vous pouvez mettre fin \u00e0 votre participation au programme FreshWater Salt + IQ. Vous pouvez le faire en envoyant un courrier \u00e9lectronique \u00e0 l&#8217;adresse suivante : <a href=\"mailto:administration@gervi.be\">administration@gervi.be<\/a><\/li>\n<\/ul>\n","protected":false},"excerpt":{"rendered":"<p>Si vous vous inscrivez au programme FreshWater Salt + IQ, Gervi vous offre des avantages exclusifs :<\/p>\n<ul>\n<li>Vous b\u00e9n\u00e9ficiez d&#8217;une remise de 10 % sur l&#8217;ensemble contenant 3 cartouches de sel FreshWater et le capteur de surveillance FreshWater IQ.<\/li>\n<li>Les cartouches, le capteur de surveillance FreshWater IQ et tous les produits d&#8217;entretien et filtres suppl\u00e9mentaires command\u00e9s seront exp\u00e9di\u00e9s gratuitement \u00e0 l&#8217;adresse que vous aurez indiqu\u00e9e.<\/li>\n<\/ul>\n","protected":false},"featured_media":25228,"template":"","meta":{"_acf_changed":false,"_uag_custom_page_level_css":"","site-sidebar-layout":"default","site-content-layout":"","ast-site-content-layout":"default","site-content-style":"default","site-sidebar-style":"default","ast-global-header-display":"","ast-banner-title-visibility":"","ast-main-header-display":"","ast-hfb-above-header-display":"","ast-hfb-below-header-display":"","ast-hfb-mobile-header-display":"","site-post-title":"","ast-breadcrumbs-content":"","ast-featured-img":"","footer-sml-layout":"","ast-disable-related-posts":"","theme-transparent-header-meta":"default","adv-header-id-meta":"","stick-header-meta":"","header-above-stick-meta":"","header-main-stick-meta":"","header-below-stick-meta":"","astra-migrate-meta-layouts":"set","ast-page-background-enabled":"default","ast-page-background-meta":{"desktop":{"background-color":"","background-image":"","background-repeat":"repeat","background-position":"center center","background-size":"auto","background-attachment":"scroll","background-type":"","background-media":"","overlay-type":"","overlay-color":"","overlay-opacity":"","overlay-gradient":""},"tablet":{"background-color":"","background-image":"","background-repeat":"repeat","background-position":"center center","background-size":"auto","background-attachment":"scroll","background-type":"","background-media":"","overlay-type":"","overlay-color":"","overlay-opacity":"","overlay-gradient":""},"mobile":{"background-color":"","background-image":"","background-repeat":"repeat","background-position":"center center","background-size":"auto","background-attachment":"scroll","background-type":"","background-media":"","overlay-type":"","overlay-color":"","overlay-opacity":"","overlay-gradient":""}},"ast-content-background-meta":{"desktop":{"background-color":"var(--ast-global-color-5)","background-image":"","background-repeat":"repeat","background-position":"center center","background-size":"auto","background-attachment":"scroll","background-type":"","background-media":"","overlay-type":"","overlay-color":"","overlay-opacity":"","overlay-gradient":""},"tablet":{"background-color":"var(--ast-global-color-5)","background-image":"","background-repeat":"repeat","background-position":"center center","background-size":"auto","background-attachment":"scroll","background-type":"","background-media":"","overlay-type":"","overlay-color":"","overlay-opacity":"","overlay-gradient":""},"mobile":{"background-color":"var(--ast-global-color-5)","background-image":"","background-repeat":"repeat","background-position":"center center","background-size":"auto","background-attachment":"scroll","background-type":"","background-media":"","overlay-type":"","overlay-color":"","overlay-opacity":"","overlay-gradient":""}}},"product_brand":[],"product_cat":[635,847],"product_tag":[2901,2887,2837,2894,2716,2868,2076,1806,2889,2869,1314,2895,2885,2893,2041,2886,2902,2903,2026,2888,1805,1701,2890,2504,2897,2896,2891],"class_list":{"0":"post-25226","1":"product","2":"type-product","3":"status-publish","4":"has-post-thumbnail","6":"product_cat-jacuzzi-fr","7":"product_cat-programmes-de-maintenance","8":"product_tag-abonnement-au-qi-de-gervi-fws","9":"product_tag-abonnement-de-maintenance","10":"product_tag-abonnement-forfait-maintenance","11":"product_tag-annulation-mensuelle","12":"product_tag-cartouches-de-sel","13":"product_tag-eau-douce-sel","14":"product_tag-entretien-du-jacuzzi","15":"product_tag-entretien-du-spa","16":"product_tag-filtres-pour-jacuzzi","17":"product_tag-fws-fr","18":"product_tag-gervi-fr","19":"product_tag-maintenance-de-gervi","20":"product_tag-paquet-de-maintenance","21":"product_tag-paquet-traitement-de-leau","22":"product_tag-produits-dentretien","23":"product_tag-purete-de-leau","24":"product_tag-qi-eau-douce","25":"product_tag-qi-fws","26":"product_tag-qualite-de-leau","27":"product_tag-sans-produits-chimiques","28":"product_tag-source-chaude","29":"product_tag-spa-de-source-chaude","30":"product_tag-station-thermale-de-gervi","31":"product_tag-systeme-deau-douce-et-de-sel","32":"product_tag-systeme-de-sel-fr","33":"product_tag-systeme-de-sel","34":"product_tag-traitement-au-sel","35":"desktop-align-left","36":"tablet-align-left","37":"mobile-align-left","39":"first","40":"instock","41":"purchasable","42":"product-type-simple"},"acf":[],"uagb_featured_image_src":{"full":["https:\/\/gervi.be\/wp-content\/uploads\/2024\/06\/Freshwater-IQ-Programma-Gervi.jpg",2000,2000,false],"thumbnail":["https:\/\/gervi.be\/wp-content\/uploads\/2024\/06\/Freshwater-IQ-Programma-Gervi-150x150.jpg",150,150,true],"medium":["https:\/\/gervi.be\/wp-content\/uploads\/2024\/06\/Freshwater-IQ-Programma-Gervi-300x300.jpg",300,300,true],"medium_large":["https:\/\/gervi.be\/wp-content\/uploads\/2024\/06\/Freshwater-IQ-Programma-Gervi-768x768.jpg",768,768,true],"large":["https:\/\/gervi.be\/wp-content\/uploads\/2024\/06\/Freshwater-IQ-Programma-Gervi-1024x1024.jpg",1024,1024,true],"1536x1536":["https:\/\/gervi.be\/wp-content\/uploads\/2024\/06\/Freshwater-IQ-Programma-Gervi-1536x1536.jpg",1536,1536,true],"2048x2048":["https:\/\/gervi.be\/wp-content\/uploads\/2024\/06\/Freshwater-IQ-Programma-Gervi.jpg",2000,2000,false],"woocommerce_thumbnail":["https:\/\/gervi.be\/wp-content\/uploads\/2024\/06\/Freshwater-IQ-Programma-Gervi-2000x1500.jpg",2000,1500,true],"woocommerce_single":["https:\/\/gervi.be\/wp-content\/uploads\/2024\/06\/Freshwater-IQ-Programma-Gervi.jpg",2000,2000,false],"woocommerce_gallery_thumbnail":["https:\/\/gervi.be\/wp-content\/uploads\/2024\/06\/Freshwater-IQ-Programma-Gervi-100x100.jpg",100,100,true],"dgwt-wcas-product-suggestion":["https:\/\/gervi.be\/wp-content\/uploads\/2024\/06\/Freshwater-IQ-Programma-Gervi.jpg",64,64,false]},"uagb_author_info":{"display_name":"Marjolein Nijs","author_link":"https:\/\/gervi.be\/fr\/author\/"},"uagb_comment_info":0,"uagb_excerpt":"Si vous vous inscrivez au programme FreshWater Salt + IQ, Gervi vous offre des avantages exclusifs : Vous b\u00e9n\u00e9ficiez d'une remise de 10 % sur l'ensemble contenant 3 cartouches de sel FreshWater et le capteur de surveillance FreshWater IQ. Les cartouches, le capteur de surveillance FreshWater IQ et tous les produits d'entretien et filtres suppl\u00e9mentaires\u2026","_links":{"self":[{"href":"https:\/\/gervi.be\/fr\/wp-json\/wp\/v2\/product\/25226","targetHints":{"allow":["GET"]}}],"collection":[{"href":"https:\/\/gervi.be\/fr\/wp-json\/wp\/v2\/product"}],"about":[{"href":"https:\/\/gervi.be\/fr\/wp-json\/wp\/v2\/types\/product"}],"wp:featuredmedia":[{"embeddable":true,"href":"https:\/\/gervi.be\/fr\/wp-json\/wp\/v2\/media\/25228"}],"wp:attachment":[{"href":"https:\/\/gervi.be\/fr\/wp-json\/wp\/v2\/media?parent=25226"}],"wp:term":[{"taxonomy":"product_brand","embeddable":true,"href":"https:\/\/gervi.be\/fr\/wp-json\/wp\/v2\/product_brand?post=25226"},{"taxonomy":"product_cat","embeddable":true,"href":"https:\/\/gervi.be\/fr\/wp-json\/wp\/v2\/product_cat?post=25226"},{"taxonomy":"product_tag","embeddable":true,"href":"https:\/\/gervi.be\/fr\/wp-json\/wp\/v2\/product_tag?post=25226"}],"curies":[{"name":"wp","href":"https:\/\/api.w.org\/{rel}","templated":true}]}}