{"id":25150,"date":"2024-06-18T15:40:43","date_gmt":"2024-06-18T13:40:43","guid":{"rendered":"https:\/\/gervi.be\/?post_type=product&#038;p=25150"},"modified":"2024-06-20T09:37:36","modified_gmt":"2024-06-20T07:37:36","slug":"programme-o-care","status":"publish","type":"product","link":"https:\/\/gervi.be\/fr\/produit\/programme-o-care\/","title":{"rendered":"Programme O-CARE"},"content":{"rendered":"<p><a href=\"https:\/\/gervi.be\/jacuzzi\/jacuzzi-onderhoudsproducten\/ocare-waterbehandeling-jacuzzi\/\"><img decoding=\"async\" class=\"alignnone wp-image-25139\" src=\"https:\/\/gervi.be\/wp-content\/uploads\/2024\/06\/O-care-spa-care-Gervi-300x178.webp\" alt=\"O-care - spa care - Gervi\" width=\"150\" height=\"89\" title=\"\" srcset=\"https:\/\/gervi.be\/wp-content\/uploads\/2024\/06\/O-care-spa-care-Gervi-300x178.webp 300w, https:\/\/gervi.be\/wp-content\/uploads\/2024\/06\/O-care-spa-care-Gervi.webp 418w\" sizes=\"(max-width: 150px) 100vw, 150px\" \/><\/a><\/p>\n<h2>Description<\/h2>\n<p>Avec l&#8217;abonnement O-Care, vous recevez trois fois par an un kit d&#8217;entretien O-Care pour votre jacuzzi. Cet ensemble contient tout ce dont vous avez besoin pour garder votre jacuzzi propre et sans biofilm, en r\u00e9duisant l&#8217;utilisation de produits chimiques et en simplifiant l&#8217;entretien.<\/p>\n<h2>Conditions<\/h2>\n<ul>\n<li>Vous recevrez automatiquement un paquet O-Care 3 fois par an.<\/li>\n<li>Vous pouvez ajouter un nombre illimit\u00e9 de produits d&#8217;entretien et de filtres suppl\u00e9mentaires \u00e0 votre forfait O-Care. Pour ce faire, vous devez envoyer un e-mail \u00e0 <a href=\"mailto:administration@gervi.be\">administration@gervi.be<\/a> avant le 1er du mois de l&#8217;envoi. Les articles suppl\u00e9mentaires sont ajout\u00e9s \u00e0 la facture<\/li>\n<li>Vous pouvez mettre fin \u00e0 votre participation au programme O-Care. Vous pouvez le faire en envoyant un courrier \u00e9lectronique \u00e0 l&#8217;adresse suivante : <a href=\"mailto:administration@gervi.be\">administration@gervi.be<\/a><\/li>\n<\/ul>\n","protected":false},"excerpt":{"rendered":"<p>Si vous vous inscrivez au programme O-Care, Gervi vous offre des avantages exclusifs :<\/p>\n<ul>\n<li>Vous b\u00e9n\u00e9ficierez d&#8217;une r\u00e9duction de 10 % sur le prix normal d&#8217;un paquet d&#8217;O-Care.<\/li>\n<li>L&#8217;ensemble O-Care et tous les produits d&#8217;entretien et filtres suppl\u00e9mentaires command\u00e9s seront envoy\u00e9s gratuitement \u00e0 l&#8217;adresse que vous avez indiqu\u00e9e.<\/li>\n<\/ul>\n","protected":false},"featured_media":25155,"template":"","meta":{"_acf_changed":false,"_uag_custom_page_level_css":"","site-sidebar-layout":"default","site-content-layout":"","ast-site-content-layout":"default","site-content-style":"default","site-sidebar-style":"default","ast-global-header-display":"","ast-banner-title-visibility":"","ast-main-header-display":"","ast-hfb-above-header-display":"","ast-hfb-below-header-display":"","ast-hfb-mobile-header-display":"","site-post-title":"","ast-breadcrumbs-content":"","ast-featured-img":"","footer-sml-layout":"","ast-disable-related-posts":"","theme-transparent-header-meta":"default","adv-header-id-meta":"","stick-header-meta":"","header-above-stick-meta":"","header-main-stick-meta":"","header-below-stick-meta":"","astra-migrate-meta-layouts":"set","ast-page-background-enabled":"default","ast-page-background-meta":{"desktop":{"background-color":"","background-image":"","background-repeat":"repeat","background-position":"center center","background-size":"auto","background-attachment":"scroll","background-type":"","background-media":"","overlay-type":"","overlay-color":"","overlay-opacity":"","overlay-gradient":""},"tablet":{"background-color":"","background-image":"","background-repeat":"repeat","background-position":"center center","background-size":"auto","background-attachment":"scroll","background-type":"","background-media":"","overlay-type":"","overlay-color":"","overlay-opacity":"","overlay-gradient":""},"mobile":{"background-color":"","background-image":"","background-repeat":"repeat","background-position":"center center","background-size":"auto","background-attachment":"scroll","background-type":"","background-media":"","overlay-type":"","overlay-color":"","overlay-opacity":"","overlay-gradient":""}},"ast-content-background-meta":{"desktop":{"background-color":"var(--ast-global-color-5)","background-image":"","background-repeat":"repeat","background-position":"center center","background-size":"auto","background-attachment":"scroll","background-type":"","background-media":"","overlay-type":"","overlay-color":"","overlay-opacity":"","overlay-gradient":""},"tablet":{"background-color":"var(--ast-global-color-5)","background-image":"","background-repeat":"repeat","background-position":"center center","background-size":"auto","background-attachment":"scroll","background-type":"","background-media":"","overlay-type":"","overlay-color":"","overlay-opacity":"","overlay-gradient":""},"mobile":{"background-color":"var(--ast-global-color-5)","background-image":"","background-repeat":"repeat","background-position":"center center","background-size":"auto","background-attachment":"scroll","background-type":"","background-media":"","overlay-type":"","overlay-color":"","overlay-opacity":"","overlay-gradient":""}}},"product_brand":[],"product_cat":[635,847],"product_tag":[2846,2828,2843,2837,1392,2076,2833,1708,1314,2840,2844,2836,2841,2832,2750,2839,2722,2831,2040,2827,2829,2835,2842,2838,2834,2830],"class_list":{"0":"post-25150","1":"product","2":"type-product","3":"status-publish","4":"has-post-thumbnail","6":"product_cat-jacuzzi-fr","7":"product_cat-programmes-de-maintenance","8":"product_tag-abonnement-a-gervi-o-care","9":"product_tag-abonnement-a-o-care","10":"product_tag-abonnement-aux-produits-dentretien","11":"product_tag-abonnement-forfait-maintenance","12":"product_tag-entretien-de-leau","13":"product_tag-entretien-du-jacuzzi","14":"product_tag-entretien-simple","15":"product_tag-explorez-votre-mode-de-vie","16":"product_tag-gervi-fr","17":"product_tag-hygiene-du-jacuzzi","18":"product_tag-jacuzzi-confort","19":"product_tag-jacuzzi-water-care","20":"product_tag-kit-dentretien-du-spa","21":"product_tag-la-prevention-du-biofilm","22":"product_tag-les-programmes-de-maintenance","23":"product_tag-livraison-do-care","24":"product_tag-moins-de-produits-chimiques","25":"product_tag-nettoyage-du-jacuzzi-fr-4","26":"product_tag-nettoyage-du-jacuzzi-fr","27":"product_tag-o-care-fr","28":"product_tag-paquet-o-care","29":"product_tag-produits-o-care","30":"product_tag-qualite-de-leau-du-jacuzzi","31":"product_tag-service-jacuzzi","32":"product_tag-traitement-de-leau-du-spa","33":"product_tag-trois-fois-par-an","34":"desktop-align-left","35":"tablet-align-left","36":"mobile-align-left","38":"first","39":"instock","40":"purchasable","41":"product-type-simple"},"acf":[],"uagb_featured_image_src":{"full":["https:\/\/gervi.be\/wp-content\/uploads\/2024\/06\/O-care-programma-spa-care-Gervi.jpg",2000,2000,false],"thumbnail":["https:\/\/gervi.be\/wp-content\/uploads\/2024\/06\/O-care-programma-spa-care-Gervi-150x150.jpg",150,150,true],"medium":["https:\/\/gervi.be\/wp-content\/uploads\/2024\/06\/O-care-programma-spa-care-Gervi-300x300.jpg",300,300,true],"medium_large":["https:\/\/gervi.be\/wp-content\/uploads\/2024\/06\/O-care-programma-spa-care-Gervi-768x768.jpg",768,768,true],"large":["https:\/\/gervi.be\/wp-content\/uploads\/2024\/06\/O-care-programma-spa-care-Gervi-1024x1024.jpg",1024,1024,true],"1536x1536":["https:\/\/gervi.be\/wp-content\/uploads\/2024\/06\/O-care-programma-spa-care-Gervi-1536x1536.jpg",1536,1536,true],"2048x2048":["https:\/\/gervi.be\/wp-content\/uploads\/2024\/06\/O-care-programma-spa-care-Gervi.jpg",2000,2000,false],"woocommerce_thumbnail":["https:\/\/gervi.be\/wp-content\/uploads\/2024\/06\/O-care-programma-spa-care-Gervi-2000x1500.jpg",2000,1500,true],"woocommerce_single":["https:\/\/gervi.be\/wp-content\/uploads\/2024\/06\/O-care-programma-spa-care-Gervi.jpg",2000,2000,false],"woocommerce_gallery_thumbnail":["https:\/\/gervi.be\/wp-content\/uploads\/2024\/06\/O-care-programma-spa-care-Gervi-100x100.jpg",100,100,true],"dgwt-wcas-product-suggestion":["https:\/\/gervi.be\/wp-content\/uploads\/2024\/06\/O-care-programma-spa-care-Gervi.jpg",64,64,false]},"uagb_author_info":{"display_name":"Marjolein Nijs","author_link":"https:\/\/gervi.be\/fr\/author\/"},"uagb_comment_info":0,"uagb_excerpt":"Si vous vous inscrivez au programme O-Care, Gervi vous offre des avantages exclusifs : Vous b\u00e9n\u00e9ficierez d'une r\u00e9duction de 10 % sur le prix normal d'un paquet d'O-Care. L'ensemble O-Care et tous les produits d'entretien et filtres suppl\u00e9mentaires command\u00e9s seront envoy\u00e9s gratuitement \u00e0 l'adresse que vous avez indiqu\u00e9e.","_links":{"self":[{"href":"https:\/\/gervi.be\/fr\/wp-json\/wp\/v2\/product\/25150","targetHints":{"allow":["GET"]}}],"collection":[{"href":"https:\/\/gervi.be\/fr\/wp-json\/wp\/v2\/product"}],"about":[{"href":"https:\/\/gervi.be\/fr\/wp-json\/wp\/v2\/types\/product"}],"wp:featuredmedia":[{"embeddable":true,"href":"https:\/\/gervi.be\/fr\/wp-json\/wp\/v2\/media\/25155"}],"wp:attachment":[{"href":"https:\/\/gervi.be\/fr\/wp-json\/wp\/v2\/media?parent=25150"}],"wp:term":[{"taxonomy":"product_brand","embeddable":true,"href":"https:\/\/gervi.be\/fr\/wp-json\/wp\/v2\/product_brand?post=25150"},{"taxonomy":"product_cat","embeddable":true,"href":"https:\/\/gervi.be\/fr\/wp-json\/wp\/v2\/product_cat?post=25150"},{"taxonomy":"product_tag","embeddable":true,"href":"https:\/\/gervi.be\/fr\/wp-json\/wp\/v2\/product_tag?post=25150"}],"curies":[{"name":"wp","href":"https:\/\/api.w.org\/{rel}","templated":true}]}}