{"id":25100,"date":"2024-06-18T14:15:45","date_gmt":"2024-06-18T12:15:45","guid":{"rendered":"https:\/\/gervi.be\/?post_type=product&#038;p=25100"},"modified":"2024-06-20T09:39:04","modified_gmt":"2024-06-20T07:39:04","slug":"programme-dentretien-silver","status":"publish","type":"product","link":"https:\/\/gervi.be\/fr\/produit\/programme-dentretien-silver\/","title":{"rendered":"Programme d&#8217;entretien SILVER"},"content":{"rendered":"<h2>Description<\/h2>\n<p>Le programme de maintenance Silver vous offre un entretien complet et un contr\u00f4le pr\u00e9ventif de votre spa une fois par an. Il en r\u00e9sulte un plus grand confort pour l&#8217;utilisateur, une mise en service hygi\u00e9nique du spa et une politique d&#8217;entretien judicieuse.<\/p>\n<h2>Maintenance<\/h2>\n<ul>\n<li>Rin\u00e7age des tuyaux avec Jet Clean<\/li>\n<li>Vider le spa<\/li>\n<li>Nettoyage des gicleurs<\/li>\n<li>Nettoyage des filtres<\/li>\n<li>D\u00e9graissage de la baignoire avec Citra Bright<\/li>\n<li>\u00c9limination des rayures et des taches l\u00e9g\u00e8res sur le cockpit<\/li>\n<li>Nettoyage du compartiment technique<\/li>\n<li>Nettoyage du rev\u00eatement ext\u00e9rieur, du scooter et du syst\u00e8me de levage<\/li>\n<li>Nettoyage et traitement de la couverture isolante<\/li>\n<li>&lt; Effectuer des r\u00e9parations mineures (15 minutes de travail)<\/li>\n<li>Remplissage et d\u00e9marrage du spa avec Metal Gon<\/li>\n<li>Fourniture d&#8217;un rapport de service indiquant les travaux d&#8217;entretien effectu\u00e9s<\/li>\n<\/ul>\n<h2>Contr\u00f4le pr\u00e9ventif<\/h2>\n<ul>\n<li>\u00c9l\u00e9ment chauffant<\/li>\n<li>Circuits \u00e9lectriques<\/li>\n<li>Jets<\/li>\n<li>Pompes<\/li>\n<li>Panneau de contr\u00f4le<\/li>\n<li>Cycles de filtration<\/li>\n<li>Syst\u00e8me de nettoyage<\/li>\n<li>Eclairage<\/li>\n<li>Accessoires (syst\u00e8me de levage, syst\u00e8me de divertissement&#8230;)<\/li>\n<\/ul>\n<h2>Extras<\/h2>\n<p>Vous pouvez ajouter un nombre illimit\u00e9 de produits d&#8217;entretien et de filtres \u00e0 l&#8217;ensemble. Vous pouvez le faire en envoyant un e-mail \u00e0 <a href=\"mailto:administration@gervi.be\">administration@gervi.be<\/a> au moins 48 heures avant la maintenance. Les articles suppl\u00e9mentaires seront ajout\u00e9s \u00e0 la facture.<\/p>\n","protected":false},"excerpt":{"rendered":"<p>Les produits suivants sont utilis\u00e9s lors de l&#8217;entretien :<\/p>\n<ul>\n<li>Metal Gon<\/li>\n<li>Jet Clean<\/li>\n<li>Citra Bright<\/li>\n<li>Cover Shield (le cas \u00e9ch\u00e9ant)<\/li>\n<\/ul>\n","protected":false},"featured_media":25067,"template":"","meta":{"_acf_changed":false,"_uag_custom_page_level_css":"","site-sidebar-layout":"default","site-content-layout":"","ast-site-content-layout":"default","site-content-style":"default","site-sidebar-style":"default","ast-global-header-display":"","ast-banner-title-visibility":"","ast-main-header-display":"","ast-hfb-above-header-display":"","ast-hfb-below-header-display":"","ast-hfb-mobile-header-display":"","site-post-title":"","ast-breadcrumbs-content":"","ast-featured-img":"","footer-sml-layout":"","ast-disable-related-posts":"","theme-transparent-header-meta":"default","adv-header-id-meta":"","stick-header-meta":"","header-above-stick-meta":"","header-main-stick-meta":"","header-below-stick-meta":"","astra-migrate-meta-layouts":"set","ast-page-background-enabled":"default","ast-page-background-meta":{"desktop":{"background-color":"","background-image":"","background-repeat":"repeat","background-position":"center center","background-size":"auto","background-attachment":"scroll","background-type":"","background-media":"","overlay-type":"","overlay-color":"","overlay-opacity":"","overlay-gradient":""},"tablet":{"background-color":"","background-image":"","background-repeat":"repeat","background-position":"center center","background-size":"auto","background-attachment":"scroll","background-type":"","background-media":"","overlay-type":"","overlay-color":"","overlay-opacity":"","overlay-gradient":""},"mobile":{"background-color":"","background-image":"","background-repeat":"repeat","background-position":"center center","background-size":"auto","background-attachment":"scroll","background-type":"","background-media":"","overlay-type":"","overlay-color":"","overlay-opacity":"","overlay-gradient":""}},"ast-content-background-meta":{"desktop":{"background-color":"var(--ast-global-color-5)","background-image":"","background-repeat":"repeat","background-position":"center center","background-size":"auto","background-attachment":"scroll","background-type":"","background-media":"","overlay-type":"","overlay-color":"","overlay-opacity":"","overlay-gradient":""},"tablet":{"background-color":"var(--ast-global-color-5)","background-image":"","background-repeat":"repeat","background-position":"center center","background-size":"auto","background-attachment":"scroll","background-type":"","background-media":"","overlay-type":"","overlay-color":"","overlay-opacity":"","overlay-gradient":""},"mobile":{"background-color":"var(--ast-global-color-5)","background-image":"","background-repeat":"repeat","background-position":"center center","background-size":"auto","background-attachment":"scroll","background-type":"","background-media":"","overlay-type":"","overlay-color":"","overlay-opacity":"","overlay-gradient":""}}},"product_brand":[],"product_cat":[635,847],"product_tag":[2754,2753,2764,2762,2772,1392,2770,1708,1314,2769,2767,2750,2763,2757,2759,2756,2765,2752,2766,2761,2755,2768,2760,2758],"class_list":{"0":"post-25100","1":"product","2":"type-product","3":"status-publish","4":"has-post-thumbnail","6":"product_cat-jacuzzi-fr","7":"product_cat-programmes-de-maintenance","8":"product_tag-contrat-dentretien-du-spa","9":"product_tag-controle-preventif-des-spas","10":"product_tag-degraissage-des-baignoires-de-spa","11":"product_tag-demarrage-du-spa","12":"product_tag-entretien-de-largent-de-gervi","13":"product_tag-entretien-de-leau","14":"product_tag-entretien-personnalise-du-spa","15":"product_tag-explorez-votre-mode-de-vie","16":"product_tag-gervi-fr","17":"product_tag-jacuzzi-jet-clean-fr","18":"product_tag-jacuzzi-metal-gon-fr","19":"product_tag-les-programmes-de-maintenance","20":"product_tag-nettoyage-des-buses-de-jacuzzi","21":"product_tag-nettoyage-des-filtres-du-spa","22":"product_tag-nettoyage-du-compartiment-technique-du-spa","23":"product_tag-nettoyage-du-jacuzzi-fr-3","24":"product_tag-produits-dentretien-jacuzzi","25":"product_tag-programme-dentretien-du-jacuzzi","26":"product_tag-rapport-sur-les-services-de-spa","27":"product_tag-reparation-du-spa","28":"product_tag-service-de-jacuzzi-a-domicile","29":"product_tag-spa-citra-bright-fr","30":"product_tag-traitement-de-la-couverture-du-jacuzzi","31":"product_tag-vidange-du-jacuzzi","32":"desktop-align-left","33":"tablet-align-left","34":"mobile-align-left","36":"first","37":"instock","38":"purchasable","39":"product-type-simple"},"acf":[],"uagb_featured_image_src":{"full":["https:\/\/gervi.be\/wp-content\/uploads\/2024\/06\/Silver-Onderhoudscontracten-en-Abonnementen-Gervi.jpg",1600,1067,false],"thumbnail":["https:\/\/gervi.be\/wp-content\/uploads\/2024\/06\/Silver-Onderhoudscontracten-en-Abonnementen-Gervi-150x150.jpg",150,150,true],"medium":["https:\/\/gervi.be\/wp-content\/uploads\/2024\/06\/Silver-Onderhoudscontracten-en-Abonnementen-Gervi-300x200.jpg",300,200,true],"medium_large":["https:\/\/gervi.be\/wp-content\/uploads\/2024\/06\/Silver-Onderhoudscontracten-en-Abonnementen-Gervi-768x512.jpg",768,512,true],"large":["https:\/\/gervi.be\/wp-content\/uploads\/2024\/06\/Silver-Onderhoudscontracten-en-Abonnementen-Gervi-1024x683.jpg",1024,683,true],"1536x1536":["https:\/\/gervi.be\/wp-content\/uploads\/2024\/06\/Silver-Onderhoudscontracten-en-Abonnementen-Gervi-1536x1024.jpg",1536,1024,true],"2048x2048":["https:\/\/gervi.be\/wp-content\/uploads\/2024\/06\/Silver-Onderhoudscontracten-en-Abonnementen-Gervi.jpg",1600,1067,false],"woocommerce_thumbnail":["https:\/\/gervi.be\/wp-content\/uploads\/2024\/06\/Silver-Onderhoudscontracten-en-Abonnementen-Gervi.jpg",1600,1067,false],"woocommerce_single":["https:\/\/gervi.be\/wp-content\/uploads\/2024\/06\/Silver-Onderhoudscontracten-en-Abonnementen-Gervi.jpg",1600,1067,false],"woocommerce_gallery_thumbnail":["https:\/\/gervi.be\/wp-content\/uploads\/2024\/06\/Silver-Onderhoudscontracten-en-Abonnementen-Gervi-100x100.jpg",100,100,true],"dgwt-wcas-product-suggestion":["https:\/\/gervi.be\/wp-content\/uploads\/2024\/06\/Silver-Onderhoudscontracten-en-Abonnementen-Gervi.jpg",64,43,false]},"uagb_author_info":{"display_name":"Marjolein Nijs","author_link":"https:\/\/gervi.be\/fr\/author\/"},"uagb_comment_info":0,"uagb_excerpt":"Les produits suivants sont utilis\u00e9s lors de l'entretien : Metal Gon Jet Clean Citra Bright Cover Shield (le cas \u00e9ch\u00e9ant)","_links":{"self":[{"href":"https:\/\/gervi.be\/fr\/wp-json\/wp\/v2\/product\/25100","targetHints":{"allow":["GET"]}}],"collection":[{"href":"https:\/\/gervi.be\/fr\/wp-json\/wp\/v2\/product"}],"about":[{"href":"https:\/\/gervi.be\/fr\/wp-json\/wp\/v2\/types\/product"}],"wp:featuredmedia":[{"embeddable":true,"href":"https:\/\/gervi.be\/fr\/wp-json\/wp\/v2\/media\/25067"}],"wp:attachment":[{"href":"https:\/\/gervi.be\/fr\/wp-json\/wp\/v2\/media?parent=25100"}],"wp:term":[{"taxonomy":"product_brand","embeddable":true,"href":"https:\/\/gervi.be\/fr\/wp-json\/wp\/v2\/product_brand?post=25100"},{"taxonomy":"product_cat","embeddable":true,"href":"https:\/\/gervi.be\/fr\/wp-json\/wp\/v2\/product_cat?post=25100"},{"taxonomy":"product_tag","embeddable":true,"href":"https:\/\/gervi.be\/fr\/wp-json\/wp\/v2\/product_tag?post=25100"}],"curies":[{"name":"wp","href":"https:\/\/api.w.org\/{rel}","templated":true}]}}