{"id":24925,"date":"2024-06-17T11:43:20","date_gmt":"2024-06-17T09:43:20","guid":{"rendered":"https:\/\/gervi.be\/?post_type=product&#038;p=24925"},"modified":"2024-06-17T13:19:25","modified_gmt":"2024-06-17T11:19:25","slug":"verre-fusion-145-kopie","status":"publish","type":"product","link":"https:\/\/gervi.be\/fr\/produit\/verre-fusion-145-kopie\/","title":{"rendered":"Panorama complet"},"content":{"rendered":"<p><a href=\"https:\/\/gervi.be\/merken\/infraworld\/\"><img decoding=\"async\" class=\"alignnone wp-image-17042\" src=\"https:\/\/gervi.be\/wp-content\/uploads\/2023\/08\/Infraworld-logo-300x117.png\" alt=\"Logo d&#039;Infraworld\" width=\"150\" height=\"59\" title=\"\" srcset=\"https:\/\/gervi.be\/wp-content\/uploads\/2023\/08\/Infraworld-logo-300x117.png 300w, https:\/\/gervi.be\/wp-content\/uploads\/2023\/08\/Infraworld-logo-2000x781.png 2000w, https:\/\/gervi.be\/wp-content\/uploads\/2023\/08\/Infraworld-logo-1024x400.png 1024w, https:\/\/gervi.be\/wp-content\/uploads\/2023\/08\/Infraworld-logo-768x300.png 768w, https:\/\/gervi.be\/wp-content\/uploads\/2023\/08\/Infraworld-logo-1536x600.png 1536w, https:\/\/gervi.be\/wp-content\/uploads\/2023\/08\/Infraworld-logo-2048x800.png 2048w\" sizes=\"(max-width: 150px) 100vw, 150px\" \/><\/a><\/p>\n<h2>Description<\/h2>\n<p>Veuillez noter qu&#8217;il s&#8217;agit d&#8217;un produit provenant de la vente en stock. Il n&#8217;y a qu&#8217;un nombre limit\u00e9 de places disponibles et une fois qu&#8217;elles sont \u00e9puis\u00e9es, elles disparaissent. Le prix sugg\u00e9r\u00e9 ne comprend pas la livraison et l&#8217;installation. N&#8217;h\u00e9sitez pas \u00e0 nous interroger sur les possibilit\u00e9s qui s&#8217;offrent \u00e0 vous.<\/p>\n<p>Le Panorama Complete d&#8217;Infraworld est un sauna polyvalent qui combine les avantages d&#8217;un sauna finlandais traditionnel et de la th\u00e9rapie infrarouge. Con\u00e7u avec le souci du d\u00e9tail, ce sauna multifonctionnel offre une exp\u00e9rience de bien-\u00eatre luxueuse \u00e0 domicile. Sa conception de haute qualit\u00e9 et sa technologie avanc\u00e9e en font un excellent choix pour ceux qui recherchent la d\u00e9tente et les bienfaits pour la sant\u00e9.<\/p>\n<p>Le Panorama Complete est fabriqu\u00e9 avec des mat\u00e9riaux de haute qualit\u00e9 tels que l&#8217;\u00e9pic\u00e9a nordique, ce qui lui conf\u00e8re un aspect naturel et une grande durabilit\u00e9. L&#8217;int\u00e9rieur et l&#8217;ext\u00e9rieur du sauna sont rev\u00eatus de planches profil\u00e9es de 15 mm d&#8217;\u00e9paisseur, ce qui est non seulement esth\u00e9tique mais contribue \u00e9galement \u00e0 l&#8217;int\u00e9grit\u00e9 structurelle du sauna. Le sauna a une fa\u00e7ade en verre avec une porte de 1 920 x 625 x 8 mm et des \u00e9l\u00e9ments en verre de 1 945 x 670 x 8 mm sur les deux c\u00f4t\u00e9s. Ces panneaux de verre cr\u00e9ent une sensation d&#8217;espace et laissent entrer la lumi\u00e8re naturelle, contribuant ainsi \u00e0 une atmosph\u00e8re sereine.<\/p>\n<p>L&#8217;une des principales caract\u00e9ristiques du Panorama Complete est l&#8217;int\u00e9gration de deux radiateurs VITALlight ABC. Ces chauffages infrarouges offrent une chaleur profonde qui aide \u00e0 soulager les douleurs musculaires, \u00e0 am\u00e9liorer la circulation et \u00e0 favoriser la relaxation g\u00e9n\u00e9rale. La combinaison de po\u00eales infrarouges et de po\u00eales \u00e0 sauna traditionnels vous permet de choisir entre diff\u00e9rentes formes de thermoth\u00e9rapie, en fonction de vos besoins et de vos pr\u00e9f\u00e9rences.<\/p>\n<p>La construction du Panorama Complete a \u00e9t\u00e9 soigneusement con\u00e7ue pour offrir une isolation et une efficacit\u00e9 \u00e9nerg\u00e9tique maximales. Les murs et le plafond ont une \u00e9paisseur de 75 mm et sont remplis d&#8217;une isolation en laine min\u00e9rale, qui assure une excellente r\u00e9tention de la chaleur et minimise les pertes de chaleur. Cela signifie que le sauna se r\u00e9chauffe rapidement et maintient sa temp\u00e9rature plus longtemps, ce qui se traduit par un fonctionnement plus efficace et plus rentable.<\/p>\n<p>L&#8217;am\u00e9nagement int\u00e9rieur du Panorama Complete est r\u00e9alis\u00e9 en bois de pin de haute qualit\u00e9, connu pour sa durabilit\u00e9 et son confort. Le sauna est \u00e9quip\u00e9 de larges fauteuils inclinables de 58 cm, de dossiers, de couvertures de bancs interm\u00e9diaires, d&#8217;une grille de protection du po\u00eale, d&#8217;une grille pour les pieds et de deux appuis-t\u00eate. Ces \u00e9l\u00e9ments sont soigneusement con\u00e7us pour offrir un confort et un soutien optimaux pendant vos s\u00e9ances de sauna. Un autre aspect important du Panorama Complete est l&#8217;espace n\u00e9cessaire \u00e0 son installation. Gervi recommande une distance minimale de 5 cm du mur et de 9 cm du plafond pour assurer une ventilation et une s\u00e9curit\u00e9 ad\u00e9quates. Ces pr\u00e9cautions sont essentielles pour assurer le bon fonctionnement du sauna et prolonger la dur\u00e9e de vie de l&#8217;appareil.<\/p>\n<p>Le Panorama Complete n&#8217;est pas seulement fonctionnel, il est aussi esth\u00e9tique. L&#8217;aspect naturel de l&#8217;\u00e9pic\u00e9a nordique, associ\u00e9 aux \u00e9l\u00e9ments en verre modernes, en fait un bel ajout \u00e0 toute maison. Le design minimaliste et les finitions de haute qualit\u00e9 contribuent \u00e0 un sentiment de luxe et de bien-\u00eatre.<\/p>\n<p>Le sauna est dot\u00e9 de tous les \u00e9quipements n\u00e9cessaires pour vous offrir une exp\u00e9rience relaxante et th\u00e9rapeutique. Les radiateurs infrarouges int\u00e9gr\u00e9s permettent un traitement thermique profond et efficace, tandis que le po\u00eale de sauna traditionnel offre une chaleur intense et purifiante. Cette combinaison fait du Panorama Complete l&#8217;appareil id\u00e9al pour les utilisateurs qui souhaitent b\u00e9n\u00e9ficier des avantages des deux traitements thermiques.<\/p>\n<p>Le Panorama Complete d&#8217;Infraworld offre une combinaison unique de sauna traditionnel et de th\u00e9rapie infrarouge, le tout dans un design \u00e9l\u00e9gant et durable. Ses mat\u00e9riaux de haute qualit\u00e9, ses technologies avanc\u00e9es et son souci du d\u00e9tail en font un excellent choix pour tous ceux qui recherchent une solution compl\u00e8te de bien-\u00eatre \u00e0 domicile. Que vous souhaitiez vous d\u00e9tendre apr\u00e8s une longue journ\u00e9e, profiter des bienfaits de la th\u00e9rapie infrarouge ou simplement de l&#8217;exp\u00e9rience luxueuse d&#8217;un sauna haut de gamme, le Panorama Complete offre tout ce dont vous avez besoin pour am\u00e9liorer votre bien-\u00eatre et profiter d&#8217;une relaxation ultime \u00e0 la maison.<\/p>\n","protected":false},"excerpt":{"rendered":"<ul>\n<li>Dimensions : 210 x 210 x 203<\/li>\n<li><span dir=\"ltr\" role=\"presentation\">Type de bois : \u00c9pic\u00e9a<\/span><\/li>\n<li><span dir=\"ltr\" role=\"presentation\">Radiateurs infrarouges : 2 radiateurs Vitalight<\/span><\/li>\n<li><span dir=\"ltr\" role=\"presentation\">Contr\u00f4le : Sauna Contr\u00f4le A<\/span><\/li>\n<li><span dir=\"ltr\" role=\"presentation\">Four : 4V &#8211; 9KW<\/span><\/li>\n<\/ul>\n","protected":false},"featured_media":24929,"template":"","meta":{"_acf_changed":false,"_uag_custom_page_level_css":"","site-sidebar-layout":"default","site-content-layout":"","ast-site-content-layout":"default","site-content-style":"default","site-sidebar-style":"default","ast-global-header-display":"","ast-banner-title-visibility":"","ast-main-header-display":"","ast-hfb-above-header-display":"","ast-hfb-below-header-display":"","ast-hfb-mobile-header-display":"","site-post-title":"","ast-breadcrumbs-content":"","ast-featured-img":"","footer-sml-layout":"","ast-disable-related-posts":"","theme-transparent-header-meta":"default","adv-header-id-meta":"","stick-header-meta":"","header-above-stick-meta":"","header-main-stick-meta":"","header-below-stick-meta":"","astra-migrate-meta-layouts":"set","ast-page-background-enabled":"default","ast-page-background-meta":{"desktop":{"background-color":"","background-image":"","background-repeat":"repeat","background-position":"center center","background-size":"auto","background-attachment":"scroll","background-type":"","background-media":"","overlay-type":"","overlay-color":"","overlay-opacity":"","overlay-gradient":""},"tablet":{"background-color":"","background-image":"","background-repeat":"repeat","background-position":"center center","background-size":"auto","background-attachment":"scroll","background-type":"","background-media":"","overlay-type":"","overlay-color":"","overlay-opacity":"","overlay-gradient":""},"mobile":{"background-color":"","background-image":"","background-repeat":"repeat","background-position":"center center","background-size":"auto","background-attachment":"scroll","background-type":"","background-media":"","overlay-type":"","overlay-color":"","overlay-opacity":"","overlay-gradient":""}},"ast-content-background-meta":{"desktop":{"background-color":"var(--ast-global-color-5)","background-image":"","background-repeat":"repeat","background-position":"center center","background-size":"auto","background-attachment":"scroll","background-type":"","background-media":"","overlay-type":"","overlay-color":"","overlay-opacity":"","overlay-gradient":""},"tablet":{"background-color":"var(--ast-global-color-5)","background-image":"","background-repeat":"repeat","background-position":"center center","background-size":"auto","background-attachment":"scroll","background-type":"","background-media":"","overlay-type":"","overlay-color":"","overlay-opacity":"","overlay-gradient":""},"mobile":{"background-color":"var(--ast-global-color-5)","background-image":"","background-repeat":"repeat","background-position":"center center","background-size":"auto","background-attachment":"scroll","background-type":"","background-media":"","overlay-type":"","overlay-color":"","overlay-opacity":"","overlay-gradient":""}}},"product_brand":[],"product_cat":[791,792,2626,1912],"product_tag":[2655,2653,2660,2662,2216,2652,1708,2661,1314,2645,2432,2659,2656,2657,2647,2651,1357,2206,2212,2646,2648,2658,2649,2654,2650],"class_list":{"0":"post-24925","1":"product","2":"type-product","3":"status-publish","4":"has-post-thumbnail","6":"product_cat-cabine-infrarouge","7":"product_cat-modeles","8":"product_cat-panorama-fr","9":"product_cat-stocksale","10":"product_tag-ameliorer-la-circulation","11":"product_tag-avantages-pour-la-sante","12":"product_tag-canapes-larges","13":"product_tag-chauffage-reglable","14":"product_tag-conception-ergonomique","15":"product_tag-epicea-nordique","16":"product_tag-explorez-votre-mode-de-vie","17":"product_tag-facade-en-verre","18":"product_tag-gervi-fr","19":"product_tag-infrarouge","20":"product_tag-installation-facile","21":"product_tag-interieur-en-bois-despa","22":"product_tag-isolation-en-laine-minerale","23":"product_tag-lefficacite-energetique","24":"product_tag-panorama-complet","25":"product_tag-radiateurs-vitallight-abc","26":"product_tag-sauna-fr","27":"product_tag-sauna-de-luxe","28":"product_tag-sauna-finlandais","29":"product_tag-sauna-infrarouge","30":"product_tag-sauna-infraworld","31":"product_tag-sauna-modulaire","32":"product_tag-sauna-polyvalent","33":"product_tag-soulagement-des-douleurs-musculaires","34":"product_tag-therapie-infrarouge","35":"desktop-align-left","36":"tablet-align-left","37":"mobile-align-left","39":"first","40":"instock","41":"sale","42":"purchasable","43":"product-type-simple"},"acf":[],"uagb_featured_image_src":{"full":["https:\/\/gervi.be\/wp-content\/uploads\/2024\/06\/Panorama-Complete-Infraworld-Gervi.jpg",2000,2000,false],"thumbnail":["https:\/\/gervi.be\/wp-content\/uploads\/2024\/06\/Panorama-Complete-Infraworld-Gervi-150x150.jpg",150,150,true],"medium":["https:\/\/gervi.be\/wp-content\/uploads\/2024\/06\/Panorama-Complete-Infraworld-Gervi-300x300.jpg",300,300,true],"medium_large":["https:\/\/gervi.be\/wp-content\/uploads\/2024\/06\/Panorama-Complete-Infraworld-Gervi-768x768.jpg",768,768,true],"large":["https:\/\/gervi.be\/wp-content\/uploads\/2024\/06\/Panorama-Complete-Infraworld-Gervi-1024x1024.jpg",1024,1024,true],"1536x1536":["https:\/\/gervi.be\/wp-content\/uploads\/2024\/06\/Panorama-Complete-Infraworld-Gervi-1536x1536.jpg",1536,1536,true],"2048x2048":["https:\/\/gervi.be\/wp-content\/uploads\/2024\/06\/Panorama-Complete-Infraworld-Gervi.jpg",2000,2000,false],"woocommerce_thumbnail":["https:\/\/gervi.be\/wp-content\/uploads\/2024\/06\/Panorama-Complete-Infraworld-Gervi-2000x1500.jpg",2000,1500,true],"woocommerce_single":["https:\/\/gervi.be\/wp-content\/uploads\/2024\/06\/Panorama-Complete-Infraworld-Gervi.jpg",2000,2000,false],"woocommerce_gallery_thumbnail":["https:\/\/gervi.be\/wp-content\/uploads\/2024\/06\/Panorama-Complete-Infraworld-Gervi-100x100.jpg",100,100,true],"dgwt-wcas-product-suggestion":["https:\/\/gervi.be\/wp-content\/uploads\/2024\/06\/Panorama-Complete-Infraworld-Gervi.jpg",64,64,false]},"uagb_author_info":{"display_name":"Marjolein Nijs","author_link":"https:\/\/gervi.be\/fr\/author\/"},"uagb_comment_info":0,"uagb_excerpt":"Dimensions : 210 x 210 x 203 Type de bois : \u00c9pic\u00e9a Radiateurs infrarouges : 2 radiateurs Vitalight Contr\u00f4le : Sauna Contr\u00f4le A Four : 4V - 9KW","_links":{"self":[{"href":"https:\/\/gervi.be\/fr\/wp-json\/wp\/v2\/product\/24925","targetHints":{"allow":["GET"]}}],"collection":[{"href":"https:\/\/gervi.be\/fr\/wp-json\/wp\/v2\/product"}],"about":[{"href":"https:\/\/gervi.be\/fr\/wp-json\/wp\/v2\/types\/product"}],"wp:featuredmedia":[{"embeddable":true,"href":"https:\/\/gervi.be\/fr\/wp-json\/wp\/v2\/media\/24929"}],"wp:attachment":[{"href":"https:\/\/gervi.be\/fr\/wp-json\/wp\/v2\/media?parent=24925"}],"wp:term":[{"taxonomy":"product_brand","embeddable":true,"href":"https:\/\/gervi.be\/fr\/wp-json\/wp\/v2\/product_brand?post=24925"},{"taxonomy":"product_cat","embeddable":true,"href":"https:\/\/gervi.be\/fr\/wp-json\/wp\/v2\/product_cat?post=24925"},{"taxonomy":"product_tag","embeddable":true,"href":"https:\/\/gervi.be\/fr\/wp-json\/wp\/v2\/product_tag?post=24925"}],"curies":[{"name":"wp","href":"https:\/\/api.w.org\/{rel}","templated":true}]}}