{"id":24723,"date":"2024-06-13T10:06:16","date_gmt":"2024-06-13T08:06:16","guid":{"rendered":"https:\/\/gervi.be\/?post_type=product&#038;p=24723"},"modified":"2024-06-13T13:04:18","modified_gmt":"2024-06-13T11:04:18","slug":"grandee-kopie","status":"publish","type":"product","link":"https:\/\/gervi.be\/fr\/produit\/grandee-kopie\/","title":{"rendered":"Grandee"},"content":{"rendered":"<p><a href=\"https:\/\/gervi.be\/merken\/hotspring\"><img decoding=\"async\" class=\"alignnone wp-image-24724\" src=\"https:\/\/gervi.be\/wp-content\/uploads\/2024\/06\/Hot-Spring-logo-300x95.png\" alt=\"Logo Hot Spring\" width=\"150\" height=\"48\" title=\"\" srcset=\"https:\/\/gervi.be\/wp-content\/uploads\/2024\/06\/Hot-Spring-logo-300x95.png 300w, https:\/\/gervi.be\/wp-content\/uploads\/2024\/06\/Hot-Spring-logo-2000x634.png 2000w, https:\/\/gervi.be\/wp-content\/uploads\/2024\/06\/Hot-Spring-logo-1024x324.png 1024w, https:\/\/gervi.be\/wp-content\/uploads\/2024\/06\/Hot-Spring-logo-768x243.png 768w, https:\/\/gervi.be\/wp-content\/uploads\/2024\/06\/Hot-Spring-logo-1536x487.png 1536w, https:\/\/gervi.be\/wp-content\/uploads\/2024\/06\/Hot-Spring-logo-2048x649.png 2048w\" sizes=\"(max-width: 150px) 100vw, 150px\" \/><\/a><\/p>\n<h2>Description<\/h2>\n<p>Veuillez noter qu&#8217;il s&#8217;agit d&#8217;un produit provenant de la vente en stock. Il n&#8217;y a qu&#8217;un nombre limit\u00e9 de places disponibles et une fois qu&#8217;elles sont \u00e9puis\u00e9es, elles disparaissent. Le prix sugg\u00e9r\u00e9 ne comprend pas la livraison et l&#8217;installation. N&#8217;h\u00e9sitez pas \u00e0 nous interroger sur les possibilit\u00e9s qui s&#8217;offrent \u00e0 vous.<\/p>\n<p>Le spa Grandee de la collection Highlife de Hot Spring offre un confort ultime et une technologie avanc\u00e9e pour une exp\u00e9rience de bien-\u00eatre optimale. Avec ses sept places assises, le Grandee est le plus grand spa de cette collection. Le spa est \u00e9quip\u00e9 de deux jets Moto-Massage DX qui offrent deux puissants courants d&#8217;eau qui se d\u00e9placent de haut en bas le long du dos, offrant une exp\u00e9rience d&#8217;hydroth\u00e9rapie unique. En outre, le Grandee dispose d&#8217;un total de 43 jets, dont des jets de pr\u00e9cision pour un massage cibl\u00e9 de la nuque et des \u00e9paules.<\/p>\n<p>Le Grandee a des dimensions g\u00e9n\u00e9reuses de 254 x 231 x 97 cm et une capacit\u00e9 d&#8217;eau de 1 700 litres, ce qui permet \u00e0 7 personnes de s&#8217;asseoir confortablement. Le spa est con\u00e7u avec diff\u00e9rentes profondeurs d&#8217;assise, de sorte que les utilisateurs, petits ou grands, se sentent \u00e0 l&#8217;aise. Les si\u00e8ges ouverts permettent aux utilisateurs de changer facilement de position et de b\u00e9n\u00e9ficier d&#8217;un grand espace pour les jambes.<\/p>\n<p>Une option du Grandee est le syst\u00e8me de sel FreshWater, qui permet d&#8217;obtenir une eau propre sans effort et sans avoir recours \u00e0 de nombreux produits chimiques. Ce syst\u00e8me utilise une cartouche en titane qui g\u00e9n\u00e8re du chlore \u00e0 partir du sel, ce qui permet d&#8217;obtenir une eau douce et naturelle. L&#8217;eau reste propre jusqu&#8217;\u00e0 trois fois plus longtemps qu&#8217;avec d&#8217;autres syst\u00e8mes, de sorte qu&#8217;elle ne doit \u00eatre chang\u00e9e qu&#8217;une fois tous les 12 mois. La Grandee est donc non seulement conviviale, mais aussi respectueuse de l&#8217;environnement et rentable.<\/p>\n<p>Le Grandee est \u00e9quip\u00e9 du syst\u00e8me EnergySmart, qui garantit de faibles co\u00fbts de fonctionnement gr\u00e2ce \u00e0 une efficacit\u00e9 \u00e9nerg\u00e9tique optimale. L&#8217;isolation en mousse pleine haute densit\u00e9 et le r\u00e9chauffeur No-Fault unique en son genre, dot\u00e9 d&#8217;un bo\u00eetier en titane, garantissent que le spa conserve sa chaleur m\u00eame par temps froid. La pompe de circulation SilentFlo 5 000 fait circuler l&#8217;eau en continu avec une consommation d&#8217;\u00e9nergie inf\u00e9rieure \u00e0 celle d&#8217;une ampoule de 40 watts.<\/p>\n<p>De plus, la Grandee offre une excellente filtration de l&#8217;eau gr\u00e2ce \u00e0 son syst\u00e8me de filtration 100 % sans d\u00e9rivation et \u00e0 ses filtres Tri-X r\u00e9utilisables. Ces filtres peuvent \u00eatre lav\u00e9s au lave-vaisselle et offrent une filtration nettement sup\u00e9rieure \u00e0 celle des filtres en papier standard. Ce syst\u00e8me permet de conserver une eau cristalline m\u00eame lorsque les jets sont en marche.<\/p>\n<p>Le Grandee est \u00e9galement attrayant sur le plan visuel gr\u00e2ce \u00e0 son design \u00e9l\u00e9gant et \u00e0 son bo\u00eetier durable qui n\u00e9cessite peu d&#8217;entretien, ce qui lui permet de s&#8217;int\u00e9grer harmonieusement dans n&#8217;importe quel jardin ou patio. L&#8217;enceinte pr\u00e9sente une texture gaufr\u00e9e qui donne au spa l&#8217;aspect d&#8217;un meuble \u00e9l\u00e9gant. Une autre caract\u00e9ristique impressionnante de la Grandee est l&#8217;ornement d&#8217;eau Bellafontana. Cette fontaine exclusive offre trois arcs d&#8217;eau color\u00e9s r\u00e9tro\u00e9clair\u00e9s qui cr\u00e9ent un effet visuel et auditif apaisant, enrichissant ainsi l&#8217;exp\u00e9rience du spa.<\/p>\n<p>Le spa est facile \u00e0 utiliser gr\u00e2ce \u00e0 sa t\u00e9l\u00e9commande sans fil \u00e0 \u00e9cran tactile. Cet \u00e9cran r\u00e9sistant \u00e0 l&#8217;eau offre des ic\u00f4nes et des menus intuitifs qui sont faciles \u00e0 lire de jour comme de nuit. Les utilisateurs peuvent enregistrer leurs r\u00e9glages pr\u00e9f\u00e9r\u00e9s pour l&#8217;\u00e9clairage et les jets, ce qui leur permet de renouveler leur exp\u00e9rience personnalis\u00e9e du spa en appuyant sur un bouton.<\/p>\n<p>Pour plus de confort et de s\u00e9curit\u00e9, la Grandee est \u00e9quip\u00e9e de si\u00e8ges ergonomiques qui \u00e9pousent les contours naturels du corps. Le spacieux espace pour les pieds et les coussins int\u00e9gr\u00e9s contribuent \u00e0 une exp\u00e9rience d&#8217;assise d\u00e9tendue et confortable. De plus, le syst\u00e8me Comfort Control vous permet de r\u00e9gler le m\u00e9lange d&#8217;air et d&#8217;eau dans les jets pour un massage personnalis\u00e9.<\/p>\n<p>Avec le spa Grandee de la collection Highlife de Hot Spring, vous b\u00e9n\u00e9ficiez non seulement d&#8217;un confort et d&#8217;un luxe ultimes, mais aussi des avantages des technologies avanc\u00e9es en mati\u00e8re d&#8217;efficacit\u00e9 \u00e9nerg\u00e9tique, de filtration de l&#8217;eau et de facilit\u00e9 d&#8217;utilisation. Que vous souhaitiez vous d\u00e9tendre apr\u00e8s une longue journ\u00e9e, passer du temps avec votre famille et vos amis ou simplement profiter d&#8217;un spa luxueux dans votre propre jardin, la Grandee vous offre tout ce dont vous avez besoin pour une meilleure qualit\u00e9 de vie.<\/p>\n<p>En outre, le Grandee propose une s\u00e9rie d&#8217;options de divertissement qui enrichissent encore l&#8217;exp\u00e9rience du spa. Le spa peut \u00eatre \u00e9quip\u00e9 d&#8217;un syst\u00e8me de musique sans fil Bluetooth en option, vous permettant de diffuser votre musique pr\u00e9f\u00e9r\u00e9e et de profiter d&#8217;une qualit\u00e9 sonore \u00e9lev\u00e9e gr\u00e2ce au puissant amplificateur et au caisson de basse en option. Les haut-parleurs pop-up de qualit\u00e9 marine offrent un son riche et complet \u00e0 l&#8217;int\u00e9rieur et autour du spa. Pour ceux qui veulent encore plus de luxe, vous pouvez opter pour un \u00e9cran HD de 56 cm, id\u00e9al pour regarder des jeux ou vos programmes pr\u00e9f\u00e9r\u00e9s tout en vous relaxant dans le spa.<\/p>\n<p>M\u00eame pendant les journ\u00e9es les plus chaudes, le Grandee vous offre le confort gr\u00e2ce au syst\u00e8me de refroidissement CoolZone en option, qui non seulement chauffe mais aussi refroidit l&#8217;eau du spa. Le spa peut donc \u00eatre utilis\u00e9 tout au long de l&#8217;ann\u00e9e, quel que soit le temps. Le syst\u00e8me CoolZone vous permet de vous rafra\u00eechir dans de l&#8217;eau fra\u00eeche par temps chaud et de profiter d&#8217;un bain chaud par temps froid. Cette flexibilit\u00e9 fait de la Grandee un choix id\u00e9al pour les diff\u00e9rents climats et saisons.<\/p>\n<p>Le spa Grandee est con\u00e7u pour durer. La sous-structure en polym\u00e8re robuste et la plaque de fond isol\u00e9e constituent une base solide qui r\u00e9siste \u00e0 la rouille et \u00e0 la pourriture. Les c\u00f4t\u00e9s de la plaque de base sont sur\u00e9lev\u00e9s pour former une barri\u00e8re avec les composants, ce qui contribue \u00e0 la durabilit\u00e9 globale et \u00e0 la facilit\u00e9 d&#8217;entretien du spa. De plus, le couvercle de la charni\u00e8re emp\u00eache la chaleur de s&#8217;\u00e9chapper, ce qui contribue \u00e0 l&#8217;efficacit\u00e9 \u00e9nerg\u00e9tique du spa.<\/p>\n<p>En bref, le spa Grandee de la collection Highlife de Hot Spring offre une combinaison in\u00e9gal\u00e9e de confort, de luxe et de technologie avanc\u00e9e. Avec ses dimensions g\u00e9n\u00e9reuses, ses fonctions d&#8217;hydroth\u00e9rapie de haute qualit\u00e9, sa gestion efficace de l&#8217;\u00e9nergie et son fonctionnement convivial, le Grandee est le choix id\u00e9al pour tous ceux qui recherchent une exp\u00e9rience de spa de qualit\u00e9 sup\u00e9rieure. Que vous souhaitiez vous d\u00e9tendre, rencontrer des gens ou simplement profiter de ce qu&#8217;un spa a de mieux \u00e0 vous offrir, le Grandee vous permet d&#8217;am\u00e9liorer votre quotidien.<\/p>\n","protected":false},"excerpt":{"rendered":"<ul>\n<li>Garantie : 1 an<\/li>\n<li>Dimensions 254 x 231 x 97 cm<\/li>\n<li>Places assises : 7 personnes<\/li>\n<li>Mouillages : aucun<\/li>\n<li>Capacit\u00e9 en eau : 1 700 litres<\/li>\n<li>Nombre de jets : 43<\/li>\n<li><span dir=\"ltr\" role=\"presentation\">Couleur de l&#8217;enceinte :<\/span> <span dir=\"ltr\" role=\"presentation\">bois flott\u00e9<\/span><\/li>\n<li><span dir=\"ltr\" role=\"presentation\">Couleur du cockpit :<\/span> <span dir=\"ltr\" role=\"presentation\">Gris glacier<\/span><\/li>\n<li><span dir=\"ltr\" role=\"presentation\">Num\u00e9ro de s\u00e9rie :<\/span> <span dir=\"ltr\" role=\"presentation\">GGN 21E 3211068<\/span><\/li>\n<li><span dir=\"ltr\" role=\"presentation\">Syst\u00e8me de couverture<\/span>:<span dir=\"ltr\" role=\"presentation\">pas encore fourni<\/span><\/li>\n<li><span dir=\"ltr\" role=\"presentation\">Y compris les escaliers<\/span> <span dir=\"ltr\" role=\"presentation\">\/ <\/span><span dir=\"ltr\" role=\"presentation\">Capot \/ Panneau<\/span><\/li>\n<li>2 x Moto-Massage DX-jet<\/li>\n<li>Pompe de circulation<\/li>\n<li>Filtration \u00e0 100 % sans d\u00e9rivation<\/li>\n<li>Syst\u00e8me Energy Smart<\/li>\n<li>\u00c9clairage par luminescence en plusieurs couleurs dans quatre zones<\/li>\n<\/ul>\n","protected":false},"featured_media":24729,"template":"","meta":{"_acf_changed":false,"_uag_custom_page_level_css":"","site-sidebar-layout":"default","site-content-layout":"","ast-site-content-layout":"default","site-content-style":"default","site-sidebar-style":"default","ast-global-header-display":"","ast-banner-title-visibility":"","ast-main-header-display":"","ast-hfb-above-header-display":"","ast-hfb-below-header-display":"","ast-hfb-mobile-header-display":"","site-post-title":"","ast-breadcrumbs-content":"","ast-featured-img":"","footer-sml-layout":"","ast-disable-related-posts":"","theme-transparent-header-meta":"default","adv-header-id-meta":"","stick-header-meta":"","header-above-stick-meta":"","header-main-stick-meta":"","header-below-stick-meta":"","astra-migrate-meta-layouts":"set","ast-page-background-enabled":"default","ast-page-background-meta":{"desktop":{"background-color":"","background-image":"","background-repeat":"repeat","background-position":"center center","background-size":"auto","background-attachment":"scroll","background-type":"","background-media":"","overlay-type":"","overlay-color":"","overlay-opacity":"","overlay-gradient":""},"tablet":{"background-color":"","background-image":"","background-repeat":"repeat","background-position":"center center","background-size":"auto","background-attachment":"scroll","background-type":"","background-media":"","overlay-type":"","overlay-color":"","overlay-opacity":"","overlay-gradient":""},"mobile":{"background-color":"","background-image":"","background-repeat":"repeat","background-position":"center center","background-size":"auto","background-attachment":"scroll","background-type":"","background-media":"","overlay-type":"","overlay-color":"","overlay-opacity":"","overlay-gradient":""}},"ast-content-background-meta":{"desktop":{"background-color":"var(--ast-global-color-5)","background-image":"","background-repeat":"repeat","background-position":"center center","background-size":"auto","background-attachment":"scroll","background-type":"","background-media":"","overlay-type":"","overlay-color":"","overlay-opacity":"","overlay-gradient":""},"tablet":{"background-color":"var(--ast-global-color-5)","background-image":"","background-repeat":"repeat","background-position":"center center","background-size":"auto","background-attachment":"scroll","background-type":"","background-media":"","overlay-type":"","overlay-color":"","overlay-opacity":"","overlay-gradient":""},"mobile":{"background-color":"var(--ast-global-color-5)","background-image":"","background-repeat":"repeat","background-position":"center center","background-size":"auto","background-attachment":"scroll","background-type":"","background-media":"","overlay-type":"","overlay-color":"","overlay-opacity":"","overlay-gradient":""}}},"product_brand":[],"product_cat":[683,684,635,1912],"product_tag":[2499,2498,2514,2502,2495,2509,1314,2492,2493,2494,2511,2503,1390,2497,2507,2506,1805,1700,2496,2505,2510,2500,2468,2504,2513,2501,2512,2508],"class_list":{"0":"post-24723","1":"product","2":"type-product","3":"status-publish","4":"has-post-thumbnail","6":"product_cat-collections","7":"product_cat-highlife-fr","8":"product_cat-jacuzzi-fr","9":"product_cat-stocksale","10":"product_tag-1700-litres-de-capacite-deau","11":"product_tag-43-jets-fr","12":"product_tag-bain-a-remous","13":"product_tag-chauffage-sans-defaut","14":"product_tag-collection-highlife","15":"product_tag-filtres-tri-x","16":"product_tag-gervi-fr","17":"product_tag-grandee-fr","18":"product_tag-highlife-fr","19":"product_tag-hot-spring-grandee-fr","20":"product_tag-hydrotherapie-fr","21":"product_tag-isolation-complete","22":"product_tag-jacuzzi-fr","23":"product_tag-jets-moto-massage-dx","24":"product_tag-ornement-deau-bellafontana","25":"product_tag-sieges-ergonomiques","26":"product_tag-source-chaude","27":"product_tag-spa-fr","28":"product_tag-spa-7-places","29":"product_tag-spa-avec-systeme-deau-salee","30":"product_tag-spa-de-luxe","31":"product_tag-spa-econome-en-energie","32":"product_tag-stockale","33":"product_tag-systeme-deau-douce-et-de-sel","34":"product_tag-systeme-de-refroidissement-coolzone","35":"product_tag-systeme-energysmart","36":"product_tag-systeme-musical-bluetooth","37":"product_tag-telecommande-sans-fil","38":"desktop-align-left","39":"tablet-align-left","40":"mobile-align-left","42":"first","43":"instock","44":"sale","45":"purchasable","46":"product-type-simple"},"acf":[],"uagb_featured_image_src":{"full":["https:\/\/gervi.be\/wp-content\/uploads\/2024\/06\/Grandee-2021-HotSpring-Gervi1.jpg",2000,2000,false],"thumbnail":["https:\/\/gervi.be\/wp-content\/uploads\/2024\/06\/Grandee-2021-HotSpring-Gervi1-150x150.jpg",150,150,true],"medium":["https:\/\/gervi.be\/wp-content\/uploads\/2024\/06\/Grandee-2021-HotSpring-Gervi1-300x300.jpg",300,300,true],"medium_large":["https:\/\/gervi.be\/wp-content\/uploads\/2024\/06\/Grandee-2021-HotSpring-Gervi1-768x768.jpg",768,768,true],"large":["https:\/\/gervi.be\/wp-content\/uploads\/2024\/06\/Grandee-2021-HotSpring-Gervi1-1024x1024.jpg",1024,1024,true],"1536x1536":["https:\/\/gervi.be\/wp-content\/uploads\/2024\/06\/Grandee-2021-HotSpring-Gervi1-1536x1536.jpg",1536,1536,true],"2048x2048":["https:\/\/gervi.be\/wp-content\/uploads\/2024\/06\/Grandee-2021-HotSpring-Gervi1.jpg",2000,2000,false],"woocommerce_thumbnail":["https:\/\/gervi.be\/wp-content\/uploads\/2024\/06\/Grandee-2021-HotSpring-Gervi1-2000x1500.jpg",2000,1500,true],"woocommerce_single":["https:\/\/gervi.be\/wp-content\/uploads\/2024\/06\/Grandee-2021-HotSpring-Gervi1.jpg",2000,2000,false],"woocommerce_gallery_thumbnail":["https:\/\/gervi.be\/wp-content\/uploads\/2024\/06\/Grandee-2021-HotSpring-Gervi1-100x100.jpg",100,100,true],"dgwt-wcas-product-suggestion":["https:\/\/gervi.be\/wp-content\/uploads\/2024\/06\/Grandee-2021-HotSpring-Gervi1.jpg",64,64,false]},"uagb_author_info":{"display_name":"Marjolein Nijs","author_link":"https:\/\/gervi.be\/fr\/author\/"},"uagb_comment_info":0,"uagb_excerpt":"Garantie : 1 an Dimensions 254 x 231 x 97 cm Places assises : 7 personnes Mouillages : aucun Capacit\u00e9 en eau : 1 700 litres Nombre de jets : 43 Couleur de l'enceinte : bois flott\u00e9 Couleur du cockpit : Gris glacier Num\u00e9ro de s\u00e9rie : GGN 21E 3211068 Syst\u00e8me de couverture:pas encore fourni\u2026","_links":{"self":[{"href":"https:\/\/gervi.be\/fr\/wp-json\/wp\/v2\/product\/24723","targetHints":{"allow":["GET"]}}],"collection":[{"href":"https:\/\/gervi.be\/fr\/wp-json\/wp\/v2\/product"}],"about":[{"href":"https:\/\/gervi.be\/fr\/wp-json\/wp\/v2\/types\/product"}],"wp:featuredmedia":[{"embeddable":true,"href":"https:\/\/gervi.be\/fr\/wp-json\/wp\/v2\/media\/24729"}],"wp:attachment":[{"href":"https:\/\/gervi.be\/fr\/wp-json\/wp\/v2\/media?parent=24723"}],"wp:term":[{"taxonomy":"product_brand","embeddable":true,"href":"https:\/\/gervi.be\/fr\/wp-json\/wp\/v2\/product_brand?post=24723"},{"taxonomy":"product_cat","embeddable":true,"href":"https:\/\/gervi.be\/fr\/wp-json\/wp\/v2\/product_cat?post=24723"},{"taxonomy":"product_tag","embeddable":true,"href":"https:\/\/gervi.be\/fr\/wp-json\/wp\/v2\/product_tag?post=24723"}],"curies":[{"name":"wp","href":"https:\/\/api.w.org\/{rel}","templated":true}]}}