{"id":24439,"date":"2024-06-10T15:07:13","date_gmt":"2024-06-10T13:07:13","guid":{"rendered":"https:\/\/gervi.be\/?post_type=product&#038;p=24439"},"modified":"2024-06-17T11:03:57","modified_gmt":"2024-06-17T09:03:57","slug":"berceau-canape-sway-noir-kopie","status":"publish","type":"product","link":"https:\/\/gervi.be\/fr\/produit\/berceau-canape-sway-noir-kopie\/","title":{"rendered":"Yoku SH Door"},"content":{"rendered":"<div class=\"flex flex-grow flex-col max-w-full\">\n<div class=\"min-h-[20px] text-message flex flex-col items-start whitespace-pre-wrap break-words [.text-message+&amp;]:mt-5 juice:w-full juice:items-end overflow-x-auto gap-2\" dir=\"auto\" data-message-author-role=\"assistant\" data-message-id=\"d27db137-3f2f-4245-98e6-7d909dbc0d15\">\n<div class=\"flex w-full flex-col gap-1 juice:empty:hidden juice:first:pt-[3px]\">\n<div class=\"markdown prose w-full break-words dark:prose-invert light\">\n<p><img decoding=\"async\" class=\"alignnone wp-image-16832\" src=\"https:\/\/gervi.be\/wp-content\/uploads\/2023\/12\/Effe-300x160.png\" alt=\"Logo Effe\" width=\"150\" height=\"80\" title=\"\" srcset=\"https:\/\/gervi.be\/wp-content\/uploads\/2023\/12\/Effe-300x160.png 300w, https:\/\/gervi.be\/wp-content\/uploads\/2023\/12\/Effe.png 322w\" sizes=\"(max-width: 150px) 100vw, 150px\" \/><\/p>\n<h2>Description<\/h2>\n<p>Veuillez noter qu&#8217;il s&#8217;agit d&#8217;un produit provenant de la vente en stock. Il n&#8217;y a qu&#8217;un nombre limit\u00e9 de places disponibles et une fois qu&#8217;elles sont \u00e9puis\u00e9es, elles disparaissent. Le prix sugg\u00e9r\u00e9 ne comprend pas la livraison et l&#8217;installation (2 250 \u20ac). Possibilit\u00e9 de personnalisation. N&#8217;h\u00e9sitez pas \u00e0 nous interroger sur les possibilit\u00e9s qui s&#8217;offrent \u00e0 vous.<\/p>\n<p>Le Yoku SH d&#8217;Effe, con\u00e7u par Marco Williams Fagioli, combine le luxe ultime d&#8217;un sauna et d&#8217;un bain turc en un seul syst\u00e8me \u00e9l\u00e9gant. Cette solution de bien-\u00eatre se caract\u00e9rise par une grande paroi vitr\u00e9e \u00e0 l&#8217;avant et des \u00e9l\u00e9ments verticaux en bois naturel, qui donnent l&#8217;impression d&#8217;\u00eatre \u00e0 l&#8217;ext\u00e9rieur. Le Yoku SH offre des avantages esth\u00e9tiques et fonctionnels, avec un design qui apporte \u00e0 la fois \u00e9l\u00e9gance et intimit\u00e9.<\/p>\n<p>\u00c0 l&#8217;int\u00e9rieur, le sauna dispose de deux banquettes confortables de taille \u00e9gale, tandis que le bain turc est \u00e9quip\u00e9 d&#8217;une seule banquette tr\u00e8s profonde pour un confort optimal. L&#8217;ext\u00e9rieur et l&#8217;int\u00e9rieur du sauna sont en bois de tremble trait\u00e9 thermiquement, tandis que le bain turc est rev\u00eatu de gr\u00e8s c\u00e9rame Calacatta Gold Extra et de porcelaine gr\u00e8s Fior di Bosco Dove Grey. Les portes et les panneaux sont en verre de s\u00e9curit\u00e9 bronze de 8 mm, ce qui ajoute \u00e0 l&#8217;aspect moderne du Yoku SH.<\/p>\n<p>Le sauna est \u00e9quip\u00e9 d&#8217;un puissant four de 6,0 kW, d&#8217;un panneau de commande en acier bross\u00e9 et d&#8217;une fonction d&#8217;\u00e9conomie d&#8217;\u00e9nergie automatique. Le syst\u00e8me \u00e9lectrique est prot\u00e9g\u00e9 en toute s\u00e9curit\u00e9 par des gaines de c\u00e2bles, et les bancs en bois et la grille de protection devant le po\u00eale offrent un confort et une s\u00e9curit\u00e9 suppl\u00e9mentaires. En outre, les appuis-t\u00eate sont en bois de tremble trait\u00e9 \u00e0 la chaleur, ce qui ajoute au confort g\u00e9n\u00e9ral.<\/p>\n<p>Le bain de vapeur turc est \u00e9quip\u00e9 d&#8217;un g\u00e9n\u00e9rateur de vapeur de 4,5 kW et d&#8217;un panneau de commande tactile pour une utilisation ais\u00e9e. En outre, un kit de douche a \u00e9t\u00e9 install\u00e9, ce qui \u00e9tend la fonctionnalit\u00e9 du bain turc et offre une exp\u00e9rience de bien-\u00eatre compl\u00e8te. Un \u00e9clairage LED de couleur blanche (3 000 K) et un sablier classique compl\u00e8tent l&#8217;exp\u00e9rience.<\/p>\n<p>Les dimensions standard sont de 3 420 x 1 700 x 2 140 cm, avec une puissance maximale de 10,5 kW (6,0 kW pour le sauna et 4,5 kW pour le bain turc). Avec ses mat\u00e9riaux raffin\u00e9s et ses fonctionnalit\u00e9s avanc\u00e9es, le Yoku SH offre une exp\u00e9rience de bien-\u00eatre unique et luxueuse qui s&#8217;int\u00e8gre parfaitement dans les espaces priv\u00e9s et publics. Le Yoku SH comprend du bois de tremble trait\u00e9 thermiquement, du gr\u00e8s c\u00e9rame Calacatta Gold Extra, du verre de s\u00e9curit\u00e9 en bronze de 8 mm, un four de 6,0 kW pour le sauna, un g\u00e9n\u00e9rateur de vapeur de 4,5 kW pour le bain turc, un kit de douches dans le bain turc et des appuie-t\u00eate en bois de tremble trait\u00e9 thermiquement.<\/p>\n<p>&nbsp;<\/p>\n<\/div>\n<\/div>\n<\/div>\n<\/div>\n","protected":false},"excerpt":{"rendered":"<ul>\n<li>Dimensions totales externes : 3 420 x 1 700 x 2 140 mm<\/li>\n<li>Dimensions int\u00e9rieures du sauna : 1 630 x 1 550 x 2 070 mm<\/li>\n<li>Dimensions int\u00e9rieures du bain turc : 1 630 m x 1 480 x 2 070<\/li>\n<\/ul>\n","protected":false},"featured_media":24451,"template":"","meta":{"_acf_changed":false,"_uag_custom_page_level_css":"","site-sidebar-layout":"default","site-content-layout":"","ast-site-content-layout":"default","site-content-style":"default","site-sidebar-style":"default","ast-global-header-display":"","ast-banner-title-visibility":"","ast-main-header-display":"","ast-hfb-above-header-display":"","ast-hfb-below-header-display":"","ast-hfb-mobile-header-display":"","site-post-title":"","ast-breadcrumbs-content":"","ast-featured-img":"","footer-sml-layout":"","ast-disable-related-posts":"","theme-transparent-header-meta":"default","adv-header-id-meta":"","stick-header-meta":"","header-above-stick-meta":"","header-main-stick-meta":"","header-below-stick-meta":"","astra-migrate-meta-layouts":"set","ast-page-background-enabled":"default","ast-page-background-meta":{"desktop":{"background-color":"","background-image":"","background-repeat":"repeat","background-position":"center center","background-size":"auto","background-attachment":"scroll","background-type":"","background-media":"","overlay-type":"","overlay-color":"","overlay-opacity":"","overlay-gradient":""},"tablet":{"background-color":"","background-image":"","background-repeat":"repeat","background-position":"center center","background-size":"auto","background-attachment":"scroll","background-type":"","background-media":"","overlay-type":"","overlay-color":"","overlay-opacity":"","overlay-gradient":""},"mobile":{"background-color":"","background-image":"","background-repeat":"repeat","background-position":"center center","background-size":"auto","background-attachment":"scroll","background-type":"","background-media":"","overlay-type":"","overlay-color":"","overlay-opacity":"","overlay-gradient":""}},"ast-content-background-meta":{"desktop":{"background-color":"var(--ast-global-color-5)","background-image":"","background-repeat":"repeat","background-position":"center center","background-size":"auto","background-attachment":"scroll","background-type":"","background-media":"","overlay-type":"","overlay-color":"","overlay-opacity":"","overlay-gradient":""},"tablet":{"background-color":"var(--ast-global-color-5)","background-image":"","background-repeat":"repeat","background-position":"center center","background-size":"auto","background-attachment":"scroll","background-type":"","background-media":"","overlay-type":"","overlay-color":"","overlay-opacity":"","overlay-gradient":""},"mobile":{"background-color":"var(--ast-global-color-5)","background-image":"","background-repeat":"repeat","background-position":"center center","background-size":"auto","background-attachment":"scroll","background-type":"","background-media":"","overlay-type":"","overlay-color":"","overlay-opacity":"","overlay-gradient":""}}},"product_brand":[],"product_cat":[708,709,643,1912],"product_tag":[2297,1315,2291,1344,2298,2287,2294,2295,1314,2289,2296,2262,2290,2292,2293,1357,2288],"class_list":{"0":"post-24439","1":"product","2":"type-product","3":"status-publish","4":"has-post-thumbnail","6":"product_cat-bain-de-vapeur","7":"product_cat-effegibi-fr","8":"product_cat-sauna-fr","9":"product_cat-stocksale","10":"product_tag-appuis-tete","11":"product_tag-bien-etre","12":"product_tag-bois-de-tremble-traite-thermiquement","13":"product_tag-detente","14":"product_tag-eclairage-led","15":"product_tag-effe-fr","16":"product_tag-four-de-60-kw","17":"product_tag-generateur-de-vapeur-de-45-kw","18":"product_tag-gervi-fr","19":"product_tag-hammam-fr","20":"product_tag-kit-de-douche","21":"product_tag-luxe-fr","22":"product_tag-marco-williams-fagioli-fr","23":"product_tag-porcelaine-calacatta-gold-extra","24":"product_tag-porcelaine-gres","25":"product_tag-sauna-fr","26":"product_tag-yoku-sh-fr","27":"desktop-align-left","28":"tablet-align-left","29":"mobile-align-left","31":"first","32":"instock","33":"sale","34":"purchasable","35":"product-type-simple"},"acf":[],"uagb_featured_image_src":{"full":["https:\/\/gervi.be\/wp-content\/uploads\/2024\/06\/Yoku-SH-D-Sauna-met-Hammam-Gervi.jpg",2000,2000,false],"thumbnail":["https:\/\/gervi.be\/wp-content\/uploads\/2024\/06\/Yoku-SH-D-Sauna-met-Hammam-Gervi-150x150.jpg",150,150,true],"medium":["https:\/\/gervi.be\/wp-content\/uploads\/2024\/06\/Yoku-SH-D-Sauna-met-Hammam-Gervi-300x300.jpg",300,300,true],"medium_large":["https:\/\/gervi.be\/wp-content\/uploads\/2024\/06\/Yoku-SH-D-Sauna-met-Hammam-Gervi-768x768.jpg",768,768,true],"large":["https:\/\/gervi.be\/wp-content\/uploads\/2024\/06\/Yoku-SH-D-Sauna-met-Hammam-Gervi-1024x1024.jpg",1024,1024,true],"1536x1536":["https:\/\/gervi.be\/wp-content\/uploads\/2024\/06\/Yoku-SH-D-Sauna-met-Hammam-Gervi-1536x1536.jpg",1536,1536,true],"2048x2048":["https:\/\/gervi.be\/wp-content\/uploads\/2024\/06\/Yoku-SH-D-Sauna-met-Hammam-Gervi.jpg",2000,2000,false],"woocommerce_thumbnail":["https:\/\/gervi.be\/wp-content\/uploads\/2024\/06\/Yoku-SH-D-Sauna-met-Hammam-Gervi-2000x1500.jpg",2000,1500,true],"woocommerce_single":["https:\/\/gervi.be\/wp-content\/uploads\/2024\/06\/Yoku-SH-D-Sauna-met-Hammam-Gervi.jpg",2000,2000,false],"woocommerce_gallery_thumbnail":["https:\/\/gervi.be\/wp-content\/uploads\/2024\/06\/Yoku-SH-D-Sauna-met-Hammam-Gervi-100x100.jpg",100,100,true],"dgwt-wcas-product-suggestion":["https:\/\/gervi.be\/wp-content\/uploads\/2024\/06\/Yoku-SH-D-Sauna-met-Hammam-Gervi.jpg",64,64,false]},"uagb_author_info":{"display_name":"Marjolein Nijs","author_link":"https:\/\/gervi.be\/fr\/author\/"},"uagb_comment_info":0,"uagb_excerpt":"Dimensions totales externes : 3 420 x 1 700 x 2 140 mm Dimensions int\u00e9rieures du sauna : 1 630 x 1 550 x 2 070 mm Dimensions int\u00e9rieures du bain turc : 1 630 m x 1 480 x 2 070","_links":{"self":[{"href":"https:\/\/gervi.be\/fr\/wp-json\/wp\/v2\/product\/24439","targetHints":{"allow":["GET"]}}],"collection":[{"href":"https:\/\/gervi.be\/fr\/wp-json\/wp\/v2\/product"}],"about":[{"href":"https:\/\/gervi.be\/fr\/wp-json\/wp\/v2\/types\/product"}],"wp:featuredmedia":[{"embeddable":true,"href":"https:\/\/gervi.be\/fr\/wp-json\/wp\/v2\/media\/24451"}],"wp:attachment":[{"href":"https:\/\/gervi.be\/fr\/wp-json\/wp\/v2\/media?parent=24439"}],"wp:term":[{"taxonomy":"product_brand","embeddable":true,"href":"https:\/\/gervi.be\/fr\/wp-json\/wp\/v2\/product_brand?post=24439"},{"taxonomy":"product_cat","embeddable":true,"href":"https:\/\/gervi.be\/fr\/wp-json\/wp\/v2\/product_cat?post=24439"},{"taxonomy":"product_tag","embeddable":true,"href":"https:\/\/gervi.be\/fr\/wp-json\/wp\/v2\/product_tag?post=24439"}],"curies":[{"name":"wp","href":"https:\/\/api.w.org\/{rel}","templated":true}]}}