{"id":24349,"date":"2024-06-06T12:13:16","date_gmt":"2024-06-06T10:13:16","guid":{"rendered":"https:\/\/gervi.be\/shop\/sauna-s11\/"},"modified":"2025-06-12T10:01:36","modified_gmt":"2025-06-12T08:01:36","slug":"sauna-s11","status":"publish","type":"product","link":"https:\/\/gervi.be\/fr\/produit\/sauna-s11\/","title":{"rendered":"Sauna S11"},"content":{"rendered":"<p><a href=\"https:\/\/gervi.be\/merken\/klafs\/\"><img decoding=\"async\" class=\"alignnone wp-image-17003\" src=\"https:\/\/gervi.be\/wp-content\/uploads\/2023\/12\/Klafs-logo-300x115.png\" alt=\"Logo Klafs\" width=\"150\" height=\"57\" title=\"\" srcset=\"https:\/\/gervi.be\/wp-content\/uploads\/2023\/12\/Klafs-logo-300x115.png 300w, https:\/\/gervi.be\/wp-content\/uploads\/2023\/12\/Klafs-logo-1024x393.png 1024w, https:\/\/gervi.be\/wp-content\/uploads\/2023\/12\/Klafs-logo-768x294.png 768w, https:\/\/gervi.be\/wp-content\/uploads\/2023\/12\/Klafs-logo-600x230.png 600w, https:\/\/gervi.be\/wp-content\/uploads\/2023\/12\/Klafs-logo.png 1200w\" sizes=\"(max-width: 150px) 100vw, 150px\" \/><\/a><\/p>\n<h2>Description<\/h2>\n<p>Le Sauna S11 de KLAFS n&#8217;est pas un sauna comme les autres, c&#8217;est la combinaison parfaite d&#8217;une technologie innovante et d&#8217;un design sophistiqu\u00e9. Con\u00e7u par le c\u00e9l\u00e8bre Studio F. A. Porsche, ce sauna vous offre l&#8217;exp\u00e9rience ultime du bien-\u00eatre \u00e0 domicile. Pour les personnes \u00e0 la recherche d&#8217;une solution domestique unique et de haute qualit\u00e9, le Sauna S11 offre un m\u00e9lange in\u00e9gal\u00e9 de style, de confort et de fonctionnalit\u00e9, avec un clin d&#8217;\u0153il \u00e0 la c\u00e9l\u00e8bre marque automobile.<\/p>\n<p>Le Studio F. A. Porsche, connu dans le monde entier pour ses designs embl\u00e9matiques, a mis son expertise au service du Sauna S11. Le r\u00e9sultat est un produit unique et exclusif qui n&#8217;est pas seulement fonctionnel, mais aussi un chef-d&#8217;\u0153uvre esth\u00e9tique. Unique, car seuls 999 exemplaires num\u00e9rot\u00e9s sont disponibles dans le monde entier. Les lignes \u00e9pur\u00e9es, les mat\u00e9riaux de haute qualit\u00e9 et le design minimaliste font du Sauna S11 un \u00e9l\u00e9ment qui attire l&#8217;attention dans n&#8217;importe quel int\u00e9rieur. L&#8217;attention port\u00e9e aux d\u00e9tails est visible dans chaque aspect du sauna, depuis les bois soigneusement s\u00e9lectionn\u00e9s jusqu&#8217;\u00e0 l&#8217;\u00e9clairage subtil qui cr\u00e9e une atmosph\u00e8re sereine. Ce sauna est une d\u00e9claration de style et de sophistication, qui s&#8217;int\u00e8gre parfaitement dans n&#8217;importe quelle maison.<\/p>\n<p>Cependant, le Sauna S11 ne se contente pas d&#8217;\u00eatre beau, il est \u00e9quip\u00e9 des derni\u00e8res technologies pour optimiser votre exp\u00e9rience du bien-\u00eatre. L&#8217;une de ses caract\u00e9ristiques principales est le SANARIUM, qui offre cinq options diff\u00e9rentes de sauna et de bien-\u00eatre : sauna finlandais classique, bain d&#8217;air chaud, bain tropical, vapeur douce et bain aromatique. Cette polyvalence vous permet d&#8217;adapter l&#8217;exp\u00e9rience du sauna \u00e0 vos pr\u00e9f\u00e9rences et \u00e0 vos besoins personnels. En outre, la technologie de chauffage innovante permet au sauna d&#8217;atteindre rapidement sa temp\u00e9rature, ce qui vous permet de profiter de votre moment de d\u00e9tente sans attendre longtemps.<\/p>\n<p>KLAFS est connu pour son engagement en faveur d&#8217;une qualit\u00e9 et d&#8217;une durabilit\u00e9 absolues, et le Sauna S11 ne fait pas exception \u00e0 la r\u00e8gle. Fabriqu\u00e9 \u00e0 partir de mat\u00e9riaux durables de haute qualit\u00e9, ce sauna offre une longue dur\u00e9e de vie et des performances fiables. Les bois et les mat\u00e9riaux utilis\u00e9s sont non seulement esth\u00e9tiques, mais aussi soigneusement s\u00e9lectionn\u00e9s pour r\u00e9sister aux temp\u00e9ratures \u00e9lev\u00e9es et \u00e0 l&#8217;humidit\u00e9 du sauna. De plus, gr\u00e2ce \u00e0 sa technologie \u00e9conome en \u00e9nergie, le Sauna S11 n&#8217;est pas seulement bon pour votre bien-\u00eatre, mais aussi pour l&#8217;environnement.<\/p>\n<p>Un autre aspect important du Sauna S11 est sa facilit\u00e9 d&#8217;utilisation. Le panneau de commande intuitif permet de r\u00e9gler facilement les param\u00e8tres du sauna en fonction de vos besoins. Que vous souhaitiez r\u00e9gler la temp\u00e9rature, l&#8217;humidit\u00e9 ou l&#8217;\u00e9clairage, tout est \u00e0 port\u00e9e de main. En outre, les si\u00e8ges ergonomiques et les fauteuils inclinables garantissent un confort maximal, vous permettant de vous d\u00e9tendre au maximum. L&#8217;espace \u00e0 l&#8217;int\u00e9rieur du sauna est g\u00e9n\u00e9reux et offre beaucoup de place pour profiter d&#8217;une s\u00e9ance de bien-\u00eatre seul ou en compagnie.<\/p>\n<p>L&#8217;achat d&#8217;un sauna S11 de KLAFS est donc un v\u00e9ritable investissement dans le bien-\u00eatre et le luxe. Pour les \u00e9picuriens qui appr\u00e9cient les solutions de bien-\u00eatre \u00e0 domicile de haute qualit\u00e9, ce sauna offre une occasion unique de cr\u00e9er une oasis de paix et de relaxation. La combinaison d&#8217;un design de pointe, d&#8217;une technologie innovante et de mat\u00e9riaux durables fait du Sauna S11 un compl\u00e9ment pr\u00e9cieux \u00e0 tout int\u00e9rieur luxueux. Avec ce sauna, vous apportez non seulement un \u00e9l\u00e9ment de bien-\u00eatre dans votre maison, mais aussi un symbole de sophistication et d&#8217;exclusivit\u00e9.<\/p>\n<p>Le Sauna S11 de KLAFS, con\u00e7u par le Studio F. A. Porsche, est un choix extraordinaire pour tous ceux qui recherchent l&#8217;\u00e9quilibre parfait entre design et fonctionnalit\u00e9. Que vous souhaitiez vous d\u00e9tendre apr\u00e8s une longue journ\u00e9e de travail ou simplement profiter des bienfaits d&#8217;un spa personnel, le Sauna S11 vous offre tout ce dont vous avez besoin. D\u00e9couvrez les caract\u00e9ristiques et les avantages uniques de ce sauna de luxe et d\u00e9couvrez par vous-m\u00eame pourquoi le Sauna S11 est la solution ultime de bien-\u00eatre \u00e0 domicile.<\/p>\n<p><iframe title=\"Lecteur vid\u00e9o YouTube\" src=\"https:\/\/www.youtube.com\/embed\/NOFgms1mEeg?si=vDFa2G9AUVTR0kld\" width=\"560\" height=\"315\" frameborder=\"0\" allowfullscreen=\"allowfullscreen\"><\/iframe><\/p>\n","protected":false},"excerpt":{"rendered":"<ul>\n<li>Design : cr\u00e9\u00e9 par le Studio F. A. Porsche avec des lignes \u00e9pur\u00e9es et des mat\u00e9riaux de haute qualit\u00e9<\/li>\n<li>Tirage limit\u00e9 \u00e0 999 exemplaires : le sceau S11 de haute qualit\u00e9 avec num\u00e9ro d&#8217;\u00e9dition souligne l&#8217;exclusivit\u00e9 du sauna S11.<\/li>\n<li>Il peut \u00eatre pos\u00e9 ou encastr\u00e9, ce qui lui permet de s&#8217;adapter \u00e0 toutes les pi\u00e8ces et \u00e0 tous les styles d&#8217;int\u00e9rieur.<\/li>\n<li>Technologie SANARIUM : offre 5 exp\u00e9riences diff\u00e9rentes de sauna et de bien-\u00eatre<\/li>\n<li>Durabilit\u00e9 : mat\u00e9riaux durables de haute qualit\u00e9 et technologie \u00e0 haut rendement \u00e9nerg\u00e9tique<\/li>\n<li>Facilit\u00e9 d&#8217;utilisation : panneau de commande intuitif, si\u00e8ge ergonomique et fauteuil inclinable pour un confort maximal.<\/li>\n<\/ul>\n","protected":false},"featured_media":30817,"template":"","meta":{"_acf_changed":false,"_uag_custom_page_level_css":"","site-sidebar-layout":"default","site-content-layout":"","ast-site-content-layout":"default","site-content-style":"default","site-sidebar-style":"default","ast-global-header-display":"","ast-banner-title-visibility":"","ast-main-header-display":"","ast-hfb-above-header-display":"","ast-hfb-below-header-display":"","ast-hfb-mobile-header-display":"","site-post-title":"","ast-breadcrumbs-content":"","ast-featured-img":"","footer-sml-layout":"","ast-disable-related-posts":"","theme-transparent-header-meta":"default","adv-header-id-meta":"","stick-header-meta":"","header-above-stick-meta":"","header-main-stick-meta":"","header-below-stick-meta":"","astra-migrate-meta-layouts":"default","ast-page-background-enabled":"default","ast-page-background-meta":{"desktop":{"background-color":"","background-image":"","background-repeat":"repeat","background-position":"center center","background-size":"auto","background-attachment":"scroll","background-type":"","background-media":"","overlay-type":"","overlay-color":"","overlay-opacity":"","overlay-gradient":""},"tablet":{"background-color":"","background-image":"","background-repeat":"repeat","background-position":"center center","background-size":"auto","background-attachment":"scroll","background-type":"","background-media":"","overlay-type":"","overlay-color":"","overlay-opacity":"","overlay-gradient":""},"mobile":{"background-color":"","background-image":"","background-repeat":"repeat","background-position":"center center","background-size":"auto","background-attachment":"scroll","background-type":"","background-media":"","overlay-type":"","overlay-color":"","overlay-opacity":"","overlay-gradient":""}},"ast-content-background-meta":{"desktop":{"background-color":"var(--ast-global-color-5)","background-image":"","background-repeat":"repeat","background-position":"center center","background-size":"auto","background-attachment":"scroll","background-type":"","background-media":"","overlay-type":"","overlay-color":"","overlay-opacity":"","overlay-gradient":""},"tablet":{"background-color":"var(--ast-global-color-5)","background-image":"","background-repeat":"repeat","background-position":"center center","background-size":"auto","background-attachment":"scroll","background-type":"","background-media":"","overlay-type":"","overlay-color":"","overlay-opacity":"","overlay-gradient":""},"mobile":{"background-color":"var(--ast-global-color-5)","background-image":"","background-repeat":"repeat","background-position":"center center","background-size":"auto","background-attachment":"scroll","background-type":"","background-media":"","overlay-type":"","overlay-color":"","overlay-opacity":"","overlay-gradient":""}}},"product_brand":[],"product_cat":[765,643],"product_tag":[2214,1315,2207,2221,2217,2216,2209,2218,1708,1314,1339,2220,2219,2210,2213,2205,2202,2211,2215,2206,2222,2212,2203,2204,2208],"class_list":{"0":"post-24349","1":"product","2":"type-product","3":"status-publish","4":"has-post-thumbnail","6":"product_cat-modeles-klafs","7":"product_cat-sauna-fr","8":"product_tag-bain-aromatique","9":"product_tag-bien-etre","10":"product_tag-bien-etre-a-domicile","11":"product_tag-bois-de-haute-qualite","12":"product_tag-chauffage-rapide","13":"product_tag-conception-ergonomique","14":"product_tag-conception-innovante","15":"product_tag-efficacite-energetique","16":"product_tag-explorez-votre-mode-de-vie","17":"product_tag-gervi-fr","18":"product_tag-klafs-fr","19":"product_tag-le-confort","20":"product_tag-maison-moderne","21":"product_tag-materiaux-durables","22":"product_tag-piscine-tropicale","23":"product_tag-porsche-design-fr","24":"product_tag-s-11-fr","25":"product_tag-sanarium-fr","26":"product_tag-sauna-a-vapeur-fr","27":"product_tag-sauna-de-luxe","28":"product_tag-sauna-domestique","29":"product_tag-sauna-finlandais","30":"product_tag-sauna-s-11-fr","31":"product_tag-sauna-s11-fr","32":"product_tag-technologie-du-sauna","33":"desktop-align-left","34":"tablet-align-left","35":"mobile-align-left","37":"first","38":"instock","39":"taxable","40":"shipping-taxable","41":"product-type-simple"},"acf":[],"uagb_featured_image_src":{"full":["https:\/\/gervi.be\/wp-content\/uploads\/2024\/06\/S11-sauna-KLAFS-Gervi-768x512-1.png",1000,750,false],"thumbnail":["https:\/\/gervi.be\/wp-content\/uploads\/2024\/06\/S11-sauna-KLAFS-Gervi-768x512-1-150x150.png",150,150,true],"medium":["https:\/\/gervi.be\/wp-content\/uploads\/2024\/06\/S11-sauna-KLAFS-Gervi-768x512-1-300x225.png",300,225,true],"medium_large":["https:\/\/gervi.be\/wp-content\/uploads\/2024\/06\/S11-sauna-KLAFS-Gervi-768x512-1-768x576.png",768,576,true],"large":["https:\/\/gervi.be\/wp-content\/uploads\/2024\/06\/S11-sauna-KLAFS-Gervi-768x512-1.png",1000,750,false],"1536x1536":["https:\/\/gervi.be\/wp-content\/uploads\/2024\/06\/S11-sauna-KLAFS-Gervi-768x512-1.png",1000,750,false],"2048x2048":["https:\/\/gervi.be\/wp-content\/uploads\/2024\/06\/S11-sauna-KLAFS-Gervi-768x512-1.png",1000,750,false],"woocommerce_thumbnail":["https:\/\/gervi.be\/wp-content\/uploads\/2024\/06\/S11-sauna-KLAFS-Gervi-768x512-1.png",1000,750,false],"woocommerce_single":["https:\/\/gervi.be\/wp-content\/uploads\/2024\/06\/S11-sauna-KLAFS-Gervi-768x512-1.png",1000,750,false],"woocommerce_gallery_thumbnail":["https:\/\/gervi.be\/wp-content\/uploads\/2024\/06\/S11-sauna-KLAFS-Gervi-768x512-1-100x100.png",100,100,true],"dgwt-wcas-product-suggestion":["https:\/\/gervi.be\/wp-content\/uploads\/2024\/06\/S11-sauna-KLAFS-Gervi-768x512-1.png",64,48,false]},"uagb_author_info":{"display_name":"Marjolein Nijs","author_link":"https:\/\/gervi.be\/fr\/author\/"},"uagb_comment_info":0,"uagb_excerpt":"Design : cr\u00e9\u00e9 par le Studio F. A. Porsche avec des lignes \u00e9pur\u00e9es et des mat\u00e9riaux de haute qualit\u00e9 Tirage limit\u00e9 \u00e0 999 exemplaires : le sceau S11 de haute qualit\u00e9 avec num\u00e9ro d'\u00e9dition souligne l'exclusivit\u00e9 du sauna S11. Il peut \u00eatre pos\u00e9 ou encastr\u00e9, ce qui lui permet de s'adapter \u00e0 toutes les pi\u00e8ces\u2026","_links":{"self":[{"href":"https:\/\/gervi.be\/fr\/wp-json\/wp\/v2\/product\/24349","targetHints":{"allow":["GET"]}}],"collection":[{"href":"https:\/\/gervi.be\/fr\/wp-json\/wp\/v2\/product"}],"about":[{"href":"https:\/\/gervi.be\/fr\/wp-json\/wp\/v2\/types\/product"}],"wp:featuredmedia":[{"embeddable":true,"href":"https:\/\/gervi.be\/fr\/wp-json\/wp\/v2\/media\/30817"}],"wp:attachment":[{"href":"https:\/\/gervi.be\/fr\/wp-json\/wp\/v2\/media?parent=24349"}],"wp:term":[{"taxonomy":"product_brand","embeddable":true,"href":"https:\/\/gervi.be\/fr\/wp-json\/wp\/v2\/product_brand?post=24349"},{"taxonomy":"product_cat","embeddable":true,"href":"https:\/\/gervi.be\/fr\/wp-json\/wp\/v2\/product_cat?post=24349"},{"taxonomy":"product_tag","embeddable":true,"href":"https:\/\/gervi.be\/fr\/wp-json\/wp\/v2\/product_tag?post=24349"}],"curies":[{"name":"wp","href":"https:\/\/api.w.org\/{rel}","templated":true}]}}