{"id":23073,"date":"2024-05-21T14:21:30","date_gmt":"2024-05-21T14:21:30","guid":{"rendered":"https:\/\/gervi.be\/?post_type=product&#038;p=23073"},"modified":"2024-05-21T14:34:06","modified_gmt":"2024-05-21T14:34:06","slug":"chill-tub-pro-kopie","status":"publish","type":"product","link":"https:\/\/gervi.be\/fr\/produit\/chill-tub-pro-kopie\/","title":{"rendered":"Chill Tub Lite"},"content":{"rendered":"<div class=\"flex flex-grow flex-col max-w-full\">\n<div class=\"min-h-[20px] text-message flex flex-col items-start gap-3 whitespace-pre-wrap break-words [.text-message+&amp;]:mt-5 overflow-x-auto\" data-message-author-role=\"assistant\" data-message-id=\"6a7ef4dc-7de5-421c-b8af-a5ad819f96d0\">\n<div class=\"markdown prose w-full break-words dark:prose-invert light\">\n<p><a href=\"https:\/\/https:\/\/gervi.be\/merken\/chill-tubs\/\"><img decoding=\"async\" class=\"alignnone wp-image-20811\" src=\"https:\/\/gervi.be\/wp-content\/uploads\/2024\/03\/Chill-Tubs-300x28.png\" alt=\"Chill-Tubs\" width=\"300\" height=\"28\" title=\"\" srcset=\"https:\/\/gervi.be\/wp-content\/uploads\/2024\/03\/Chill-Tubs-300x28.png 300w, https:\/\/gervi.be\/wp-content\/uploads\/2024\/03\/Chill-Tubs-768x72.png 768w, https:\/\/gervi.be\/wp-content\/uploads\/2024\/03\/Chill-Tubs.png 827w\" sizes=\"(max-width: 300px) 100vw, 300px\" \/><\/a><\/p>\n<h2>Description<\/h2>\n<div class=\"flex flex-grow flex-col max-w-full\">\n<div class=\"min-h-[20px] text-message flex flex-col items-start gap-3 whitespace-pre-wrap break-words [.text-message+&amp;]:mt-5 overflow-x-auto\" data-message-author-role=\"assistant\" data-message-id=\"594eec33-9010-44a2-afd5-7c9acf28cbf9\">\n<div class=\"markdown prose w-full break-words dark:prose-invert light\">\n<div class=\"flex flex-grow flex-col max-w-full\">\n<div class=\"min-h-[20px] text-message flex flex-col items-start gap-3 whitespace-pre-wrap break-words [.text-message+&amp;]:mt-5 overflow-x-auto\" data-message-author-role=\"assistant\" data-message-id=\"6bb917d0-9187-4dde-b92a-0474588d2c2b\">\n<div class=\"markdown prose w-full break-words dark:prose-invert light\">\n<div class=\"flex flex-grow flex-col max-w-full\">\n<div class=\"text-message flex flex-col items-start whitespace-pre-wrap break-words [.text-message+&amp;]:mt-5 overflow-x-auto gap-3\" dir=\"auto\" data-message-author-role=\"assistant\" data-message-id=\"c730e535-4295-43fe-a0ff-21884e2a6163\">\n<div class=\"markdown prose w-full break-words dark:prose-invert light\">\n<div class=\"flex flex-grow flex-col max-w-full\">\n<div class=\"text-message flex flex-col items-start whitespace-pre-wrap break-words [.text-message+&amp;]:mt-5 overflow-x-auto gap-3\" dir=\"auto\" data-message-author-role=\"assistant\" data-message-id=\"63f070db-1f10-4938-92d7-7d815882857d\">\n<div class=\"markdown prose w-full break-words dark:prose-invert light\">\n<div class=\"flex flex-grow flex-col max-w-full\">\n<div class=\"text-message flex flex-col items-start whitespace-pre-wrap break-words [.text-message+&amp;]:mt-5 overflow-x-auto gap-3\" dir=\"auto\" data-message-author-role=\"assistant\" data-message-id=\"27924fe4-9f18-4c59-b8e4-bbc1a89480dd\">\n<div class=\"markdown prose w-full break-words dark:prose-invert light\">\n<div class=\"flex flex-grow flex-col max-w-full\">\n<div class=\"text-message flex flex-col items-start whitespace-pre-wrap break-words [.text-message+&amp;]:mt-5 overflow-x-auto gap-3\" dir=\"auto\" data-message-author-role=\"assistant\" data-message-id=\"f378b3d9-6e1e-4184-ac29-fe60e8974c13\">\n<div class=\"markdown prose w-full break-words dark:prose-invert light\">\n<div class=\"flex flex-grow flex-col max-w-full\">\n<div class=\"min-h-[20px] text-message flex flex-col items-start whitespace-pre-wrap break-words [.text-message+&amp;]:mt-5 juice:w-full juice:items-end overflow-x-auto gap-2\" dir=\"auto\" data-message-author-role=\"assistant\" data-message-id=\"ed5e81db-7326-440a-a8af-e9db04f6ee4c\">\n<div class=\"flex w-full flex-col gap-1 juice:empty:hidden juice:first:pt-[3px]\">\n<div class=\"markdown prose w-full break-words dark:prose-invert light\">\n<div class=\"flex flex-grow flex-col max-w-full\">\n<div class=\"min-h-[20px] text-message flex flex-col items-start whitespace-pre-wrap break-words [.text-message+&amp;]:mt-5 juice:w-full juice:items-end overflow-x-auto gap-2\" dir=\"auto\" data-message-author-role=\"assistant\" data-message-id=\"73d79a24-3267-4b5e-8218-788911f8e3c9\">\n<div class=\"flex w-full flex-col gap-1 juice:empty:hidden juice:first:pt-[3px]\">\n<div class=\"markdown prose w-full break-words dark:prose-invert light\">\n<div class=\"flex-col gap-1 md:gap-3\">\n<div class=\"flex flex-grow flex-col max-w-full\">\n<p class=\"juice:first:mt-0 my-1.5 relative h-[26px] juice:h-8 text-token-text-secondary hover:text-token-text-primary\">\n<\/div>\n<\/div>\n<div class=\"min-h-[20px] text-message flex flex-col items-start whitespace-pre-wrap break-words [.text-message+&amp;]:mt-5 juice:w-full juice:items-end overflow-x-auto gap-2\" dir=\"auto\" data-message-author-role=\"assistant\" data-message-id=\"e478b3c2-afa8-4f36-84ce-b779d8653c96\">\n<div class=\"flex w-full flex-col gap-1 juice:empty:hidden juice:first:pt-[3px]\">\n<div class=\"markdown prose w-full break-words dark:prose-invert light\">\n<p>Le Chill Tub Lite est le choix id\u00e9al pour ceux qui recherchent une solution de th\u00e9rapie par le froid l\u00e9g\u00e8re, durable et \u00e9cologique. Con\u00e7ue dans un souci de style et de confort, cette baignoire offre une exp\u00e9rience optimale de th\u00e9rapie par le froid. Adapt\u00e9 \u00e0 une utilisation int\u00e9rieure et ext\u00e9rieure, le Chill Tub Lite s&#8217;int\u00e8gre parfaitement \u00e0 tout environnement gr\u00e2ce \u00e0 son design \u00e9pur\u00e9.<\/p>\n<p>Le Chill Tub Lite se distingue par sa construction robuste et ses mat\u00e9riaux de haute qualit\u00e9. Fabriqu\u00e9e en plastique fonc\u00e9, cette baignoire offre une excellente durabilit\u00e9 et peut r\u00e9sister \u00e0 diverses conditions m\u00e9t\u00e9orologiques. Les dimensions du Chill Tub Lite sont de 1 790 mm de long, 750 mm de large et 755 mm de haut, ce qui garantit un grand espace et un grand confort d&#8217;utilisation. Malgr\u00e9 sa construction robuste, la baignoire ne p\u00e8se que 85 kg \u00e0 sec, ce qui la rend relativement facile \u00e0 d\u00e9placer.<\/p>\n<p>L&#8217;une des caract\u00e9ristiques les plus remarquables du Chill Tub Lite est son syst\u00e8me de refroidissement int\u00e9gr\u00e9. Ce syst\u00e8me peut refroidir l&#8217;eau jusqu&#8217;\u00e0 une temp\u00e9rature de 3 degr\u00e9s Celsius, ce qui est id\u00e9al pour la th\u00e9rapie par le froid. Cette basse temp\u00e9rature permet aux utilisateurs de b\u00e9n\u00e9ficier des nombreux avantages de la th\u00e9rapie par le froid, tels que l&#8217;am\u00e9lioration de la circulation sanguine, la r\u00e9duction des douleurs musculaires et de l&#8217;inflammation, et l&#8217;acc\u00e9l\u00e9ration de la r\u00e9cup\u00e9ration apr\u00e8s un exercice intense. Le syst\u00e8me de refroidissement est \u00e9conome en \u00e9nergie et ne n\u00e9cessite qu&#8217;une alimentation \u00e9lectrique de 13 amp\u00e8res 220v-240v, ce qui permet de r\u00e9duire les co\u00fbts d&#8217;exploitation.<\/p>\n<p>Le Chill Tub Lite est \u00e9quip\u00e9 d&#8217;un syst\u00e8me avanc\u00e9 de purification \u00e0 l&#8217;ozone qui garantit une eau propre et claire. Ce syst\u00e8me permet d&#8217;\u00e9liminer les bact\u00e9ries et autres impuret\u00e9s, ce qui maintient l&#8217;eau fra\u00eeche et hygi\u00e9nique en permanence, sans qu&#8217;il soit n\u00e9cessaire d&#8217;utiliser des nettoyants chimiques. Cela rend la baignoire non seulement plus respectueuse de l&#8217;environnement, mais aussi plus saine pour la peau et le corps de l&#8217;utilisateur.<\/p>\n<p>Un autre grand avantage du Chill Tub Lite est sa facilit\u00e9 d&#8217;utilisation. La baignoire est \u00e9quip\u00e9e d&#8217;un syst\u00e8me de drainage facile \u00e0 utiliser qui vous permet de changer l&#8217;eau rapidement et efficacement. En raccordant un tuyau d&#8217;arrosage au robinet de vidange externe, l&#8217;eau peut \u00eatre vidang\u00e9e sans effort, ce qui facilite l&#8217;entretien de la baignoire. Cela signifie que vous pouvez passer plus de temps \u00e0 profiter des avantages de votre bain froid et moins de temps \u00e0 l&#8217;entretien.<\/p>\n<p>La conception ergonomique du Chill Tub Lite garantit un niveau \u00e9lev\u00e9 de confort pendant l&#8217;utilisation. La baignoire est con\u00e7ue pour s&#8217;asseoir confortablement, ce qui vous permet de profiter pleinement des bienfaits th\u00e9rapeutiques de la th\u00e9rapie par le froid. L&#8217;utilisation du Chill Tub Lite devient ainsi une exp\u00e9rience agr\u00e9able, m\u00eame pendant les s\u00e9ances les plus longues. De plus, le Chill Tub Lite est livr\u00e9 avec une housse isolante gratuite. Cette couverture emp\u00eache la chaleur de p\u00e9n\u00e9trer dans l&#8217;eau, emp\u00eache la salet\u00e9 d&#8217;y p\u00e9n\u00e9trer et offre une s\u00e9curit\u00e9 suppl\u00e9mentaire aux enfants et aux animaux domestiques.<\/p>\n<p>Le processus d&#8217;installation du Chill Tub Lite est simple et ne n\u00e9cessite aucune comp\u00e9tence particuli\u00e8re. Avec des instructions claires et toutes les pi\u00e8ces n\u00e9cessaires incluses, vous pouvez installer la baignoire rapidement et facilement et commencer \u00e0 profiter de ses avantages imm\u00e9diatement. Que vous soyez un athl\u00e8te chevronn\u00e9 ou que vous d\u00e9butiez la th\u00e9rapie par le froid, le Chill Tub Lite offre une solution conviviale et efficace.<\/p>\n<p>La polyvalence du Chill Tub Lite lui permet de convenir \u00e0 un large \u00e9ventail d&#8217;utilisateurs. Que vous soyez un athl\u00e8te amateur \u00e0 la recherche d&#8217;un moyen de r\u00e9cup\u00e9rer plus rapidement, un passionn\u00e9 de fitness souhaitant d\u00e9couvrir les bienfaits de la th\u00e9rapie par le froid ou une personne souhaitant simplement profiter d&#8217;un bain luxueux et revigorant, le Chill Tub Lite vous offre tout ce dont vous avez besoin.<\/p>\n<p>A une \u00e9poque o\u00f9 la sant\u00e9 et le bien-\u00eatre sont de plus en plus importants, le Chill Tub Lite offre un moyen simple et efficace d&#8217;am\u00e9liorer votre bien-\u00eatre physique et mental. En utilisant r\u00e9guli\u00e8rement la th\u00e9rapie par le froid, vous pouvez aider votre corps \u00e0 mieux r\u00e9cup\u00e9rer, \u00e0 se sentir plus \u00e9nergique et \u00e0 am\u00e9liorer votre \u00e9tat de sant\u00e9 g\u00e9n\u00e9ral. Le Chill Tub Lite vous permet de profiter de ces avantages dans le confort de votre maison.<\/p>\n<p>En bref, le Chill Tub Lite n&#8217;est pas un bain de glace ordinaire. C&#8217;est un investissement dans votre sant\u00e9 et votre bien-\u00eatre, un moyen d&#8217;am\u00e9liorer vos performances et une source de d\u00e9tente et de r\u00e9cup\u00e9ration. Avec son design \u00e9l\u00e9gant, sa technologie innovante et ses fonctions conviviales, le Chill Tub Lite offre une exp\u00e9rience in\u00e9gal\u00e9e qui porte votre bien-\u00eatre \u00e0 un niveau sup\u00e9rieur.<\/p>\n<p>Le Chill Tub Lite n&#8217;est pas seulement fonctionnel et durable, mais il constitue \u00e9galement un ajout \u00e9l\u00e9gant \u00e0 n&#8217;importe quelle pi\u00e8ce. La combinaison d&#8217;une technologie avanc\u00e9e, d&#8217;une fabrication de haute qualit\u00e9 et d&#8217;un design soign\u00e9 fait du Chill Tub Lite le choix id\u00e9al pour tous ceux qui recherchent une solution de th\u00e9rapie par le froid \u00e0 la fois efficace et luxueuse. Vivez l&#8217;exp\u00e9rience ultime de la th\u00e9rapie par le froid avec le Chill Tub Lite et am\u00e9liorez votre sant\u00e9 et votre bien-\u00eatre d&#8217;une mani\u00e8re simple et efficace.<\/p>\n<\/div>\n<\/div>\n<\/div>\n<\/div>\n<\/div>\n<\/div>\n<\/div>\n<\/div>\n<\/div>\n<\/div>\n<\/div>\n<\/div>\n<\/div>\n<\/div>\n<\/div>\n<\/div>\n<\/div>\n<\/div>\n<\/div>\n<\/div>\n<\/div>\n<\/div>\n<\/div>\n<\/div>\n<\/div>\n<\/div>\n<\/div>\n<\/div>\n<\/div>\n<\/div>\n<\/div>\n<\/div>\n","protected":false},"excerpt":{"rendered":"<ul>\n<li>Dimensions : 1 790 x 750 x 755 mm<\/li>\n<li>Volume : 400 L<\/li>\n<li>Poids (\u00e0 sec) : 85 Kg<\/li>\n<li>Nombre de si\u00e8ges : 1<\/li>\n<li>Alimentation : 13 Amp 220v-240vz 50\/60hz<\/li>\n<li>Fonction antigel<\/li>\n<li>Housse isol\u00e9e gratuite pour le Chill Tub<\/li>\n<\/ul>\n","protected":false},"featured_media":23036,"template":"","meta":{"_acf_changed":false,"_uag_custom_page_level_css":"","site-sidebar-layout":"default","site-content-layout":"","ast-site-content-layout":"default","site-content-style":"default","site-sidebar-style":"default","ast-global-header-display":"","ast-banner-title-visibility":"","ast-main-header-display":"","ast-hfb-above-header-display":"","ast-hfb-below-header-display":"","ast-hfb-mobile-header-display":"","site-post-title":"","ast-breadcrumbs-content":"","ast-featured-img":"","footer-sml-layout":"","ast-disable-related-posts":"","theme-transparent-header-meta":"default","adv-header-id-meta":"","stick-header-meta":"","header-above-stick-meta":"","header-main-stick-meta":"","header-below-stick-meta":"","astra-migrate-meta-layouts":"set","ast-page-background-enabled":"default","ast-page-background-meta":{"desktop":{"background-color":"","background-image":"","background-repeat":"repeat","background-position":"center center","background-size":"auto","background-attachment":"scroll","background-type":"","background-media":"","overlay-type":"","overlay-color":"","overlay-opacity":"","overlay-gradient":""},"tablet":{"background-color":"","background-image":"","background-repeat":"repeat","background-position":"center center","background-size":"auto","background-attachment":"scroll","background-type":"","background-media":"","overlay-type":"","overlay-color":"","overlay-opacity":"","overlay-gradient":""},"mobile":{"background-color":"","background-image":"","background-repeat":"repeat","background-position":"center center","background-size":"auto","background-attachment":"scroll","background-type":"","background-media":"","overlay-type":"","overlay-color":"","overlay-opacity":"","overlay-gradient":""}},"ast-content-background-meta":{"desktop":{"background-color":"var(--ast-global-color-5)","background-image":"","background-repeat":"repeat","background-position":"center center","background-size":"auto","background-attachment":"scroll","background-type":"","background-media":"","overlay-type":"","overlay-color":"","overlay-opacity":"","overlay-gradient":""},"tablet":{"background-color":"var(--ast-global-color-5)","background-image":"","background-repeat":"repeat","background-position":"center center","background-size":"auto","background-attachment":"scroll","background-type":"","background-media":"","overlay-type":"","overlay-color":"","overlay-opacity":"","overlay-gradient":""},"mobile":{"background-color":"var(--ast-global-color-5)","background-image":"","background-repeat":"repeat","background-position":"center center","background-size":"auto","background-attachment":"scroll","background-type":"","background-media":"","overlay-type":"","overlay-color":"","overlay-opacity":"","overlay-gradient":""}}},"product_brand":[],"product_cat":[1770],"product_tag":[1772,1771,1773,1777,1315,1780,1314,1776,1784,1778,1774,1775],"class_list":{"0":"post-23073","1":"product","2":"type-product","3":"status-publish","4":"has-post-thumbnail","6":"product_cat-bains-de-glace","7":"product_tag-baignoire-refrigeree","8":"product_tag-baignoires-refrigerantes","9":"product_tag-bain-de-glace","10":"product_tag-bain-froid","11":"product_tag-bien-etre","12":"product_tag-chill-tub-original-fr","13":"product_tag-gervi-fr","14":"product_tag-lhomme-de-glace","15":"product_tag-lite-fr","16":"product_tag-reparation","17":"product_tag-therapie-par-le-froid","18":"product_tag-wim-hof-fr","19":"desktop-align-left","20":"tablet-align-left","21":"mobile-align-left","23":"first","24":"instock","25":"purchasable","26":"product-type-simple"},"acf":[],"uagb_featured_image_src":{"full":["https:\/\/gervi.be\/wp-content\/uploads\/2024\/05\/Chill-Tubs-Lite-Ijsbaden-Gervi-1.jpg",2000,2000,false],"thumbnail":["https:\/\/gervi.be\/wp-content\/uploads\/2024\/05\/Chill-Tubs-Lite-Ijsbaden-Gervi-1-150x150.jpg",150,150,true],"medium":["https:\/\/gervi.be\/wp-content\/uploads\/2024\/05\/Chill-Tubs-Lite-Ijsbaden-Gervi-1-300x300.jpg",300,300,true],"medium_large":["https:\/\/gervi.be\/wp-content\/uploads\/2024\/05\/Chill-Tubs-Lite-Ijsbaden-Gervi-1-768x768.jpg",768,768,true],"large":["https:\/\/gervi.be\/wp-content\/uploads\/2024\/05\/Chill-Tubs-Lite-Ijsbaden-Gervi-1-1024x1024.jpg",1024,1024,true],"1536x1536":["https:\/\/gervi.be\/wp-content\/uploads\/2024\/05\/Chill-Tubs-Lite-Ijsbaden-Gervi-1-1536x1536.jpg",1536,1536,true],"2048x2048":["https:\/\/gervi.be\/wp-content\/uploads\/2024\/05\/Chill-Tubs-Lite-Ijsbaden-Gervi-1.jpg",2000,2000,false],"woocommerce_thumbnail":["https:\/\/gervi.be\/wp-content\/uploads\/2024\/05\/Chill-Tubs-Lite-Ijsbaden-Gervi-1-2000x1500.jpg",2000,1500,true],"woocommerce_single":["https:\/\/gervi.be\/wp-content\/uploads\/2024\/05\/Chill-Tubs-Lite-Ijsbaden-Gervi-1.jpg",2000,2000,false],"woocommerce_gallery_thumbnail":["https:\/\/gervi.be\/wp-content\/uploads\/2024\/05\/Chill-Tubs-Lite-Ijsbaden-Gervi-1-100x100.jpg",100,100,true],"dgwt-wcas-product-suggestion":["https:\/\/gervi.be\/wp-content\/uploads\/2024\/05\/Chill-Tubs-Lite-Ijsbaden-Gervi-1.jpg",64,64,false]},"uagb_author_info":{"display_name":"Marjolein Nijs","author_link":"https:\/\/gervi.be\/fr\/author\/"},"uagb_comment_info":0,"uagb_excerpt":"Dimensions : 1 790 x 750 x 755 mm Volume : 400 L Poids (\u00e0 sec) : 85 Kg Nombre de si\u00e8ges : 1 Alimentation : 13 Amp 220v-240vz 50\/60hz Fonction antigel Housse isol\u00e9e gratuite pour le Chill Tub","_links":{"self":[{"href":"https:\/\/gervi.be\/fr\/wp-json\/wp\/v2\/product\/23073","targetHints":{"allow":["GET"]}}],"collection":[{"href":"https:\/\/gervi.be\/fr\/wp-json\/wp\/v2\/product"}],"about":[{"href":"https:\/\/gervi.be\/fr\/wp-json\/wp\/v2\/types\/product"}],"wp:featuredmedia":[{"embeddable":true,"href":"https:\/\/gervi.be\/fr\/wp-json\/wp\/v2\/media\/23036"}],"wp:attachment":[{"href":"https:\/\/gervi.be\/fr\/wp-json\/wp\/v2\/media?parent=23073"}],"wp:term":[{"taxonomy":"product_brand","embeddable":true,"href":"https:\/\/gervi.be\/fr\/wp-json\/wp\/v2\/product_brand?post=23073"},{"taxonomy":"product_cat","embeddable":true,"href":"https:\/\/gervi.be\/fr\/wp-json\/wp\/v2\/product_cat?post=23073"},{"taxonomy":"product_tag","embeddable":true,"href":"https:\/\/gervi.be\/fr\/wp-json\/wp\/v2\/product_tag?post=23073"}],"curies":[{"name":"wp","href":"https:\/\/api.w.org\/{rel}","templated":true}]}}