{"id":22869,"date":"2024-05-16T13:56:17","date_gmt":"2024-05-16T13:56:17","guid":{"rendered":"https:\/\/gervi.be\/?post_type=product&#038;p=22869"},"modified":"2024-06-05T14:22:12","modified_gmt":"2024-06-05T14:22:12","slug":"chill-tub-original","status":"publish","type":"product","link":"https:\/\/gervi.be\/fr\/produit\/chill-tub-original\/","title":{"rendered":"Chill Tub Original"},"content":{"rendered":"<div class=\"flex flex-grow flex-col max-w-full\">\n<div class=\"min-h-[20px] text-message flex flex-col items-start gap-3 whitespace-pre-wrap break-words [.text-message+&amp;]:mt-5 overflow-x-auto\" data-message-author-role=\"assistant\" data-message-id=\"6a7ef4dc-7de5-421c-b8af-a5ad819f96d0\">\n<div class=\"markdown prose w-full break-words dark:prose-invert light\" data-wp-editing=\"1\">\n<p><a href=\"https:\/\/https:\/\/gervi.be\/merken\/chill-tubs\/\"><img decoding=\"async\" class=\"alignnone wp-image-20811\" src=\"https:\/\/gervi.be\/wp-content\/uploads\/2024\/03\/Chill-Tubs-300x28.png\" alt=\"Chill-Tubs\" width=\"300\" height=\"28\" title=\"\" srcset=\"https:\/\/gervi.be\/wp-content\/uploads\/2024\/03\/Chill-Tubs-300x28.png 300w, https:\/\/gervi.be\/wp-content\/uploads\/2024\/03\/Chill-Tubs-768x72.png 768w, https:\/\/gervi.be\/wp-content\/uploads\/2024\/03\/Chill-Tubs.png 827w\" sizes=\"(max-width: 300px) 100vw, 300px\" \/><\/a><\/p>\n<h2>Description<\/h2>\n<div class=\"flex flex-grow flex-col max-w-full\">\n<div class=\"min-h-[20px] text-message flex flex-col items-start gap-3 whitespace-pre-wrap break-words [.text-message+&amp;]:mt-5 overflow-x-auto\" data-message-author-role=\"assistant\" data-message-id=\"594eec33-9010-44a2-afd5-7c9acf28cbf9\">\n<div class=\"markdown prose w-full break-words dark:prose-invert light\">\n<div class=\"flex flex-grow flex-col max-w-full\">\n<div class=\"min-h-[20px] text-message flex flex-col items-start gap-3 whitespace-pre-wrap break-words [.text-message+&amp;]:mt-5 overflow-x-auto\" data-message-author-role=\"assistant\" data-message-id=\"6bb917d0-9187-4dde-b92a-0474588d2c2b\">\n<div class=\"markdown prose w-full break-words dark:prose-invert light\">\n<div class=\"flex flex-grow flex-col max-w-full\">\n<div class=\"text-message flex flex-col items-start whitespace-pre-wrap break-words [.text-message+&amp;]:mt-5 overflow-x-auto gap-3\" dir=\"auto\" data-message-author-role=\"assistant\" data-message-id=\"c730e535-4295-43fe-a0ff-21884e2a6163\">\n<div class=\"markdown prose w-full break-words dark:prose-invert light\">\n<div class=\"flex flex-grow flex-col max-w-full\">\n<div class=\"text-message flex flex-col items-start whitespace-pre-wrap break-words [.text-message+&amp;]:mt-5 overflow-x-auto gap-3\" dir=\"auto\" data-message-author-role=\"assistant\" data-message-id=\"63f070db-1f10-4938-92d7-7d815882857d\">\n<div class=\"markdown prose w-full break-words dark:prose-invert light\">\n<div class=\"flex flex-grow flex-col max-w-full\">\n<div class=\"text-message flex flex-col items-start whitespace-pre-wrap break-words [.text-message+&amp;]:mt-5 overflow-x-auto gap-3\" dir=\"auto\" data-message-author-role=\"assistant\" data-message-id=\"27924fe4-9f18-4c59-b8e4-bbc1a89480dd\">\n<div class=\"markdown prose w-full break-words dark:prose-invert light\">\n<div class=\"flex flex-grow flex-col max-w-full\">\n<div class=\"text-message flex flex-col items-start whitespace-pre-wrap break-words [.text-message+&amp;]:mt-5 overflow-x-auto gap-3\" dir=\"auto\" data-message-author-role=\"assistant\" data-message-id=\"f378b3d9-6e1e-4184-ac29-fe60e8974c13\">\n<div class=\"markdown prose w-full break-words dark:prose-invert light\">\n<div class=\"flex flex-grow flex-col max-w-full\">\n<div class=\"min-h-[20px] text-message flex flex-col items-start whitespace-pre-wrap break-words [.text-message+&amp;]:mt-5 juice:w-full juice:items-end overflow-x-auto gap-2\" dir=\"auto\" data-message-author-role=\"assistant\" data-message-id=\"ed5e81db-7326-440a-a8af-e9db04f6ee4c\">\n<div class=\"flex w-full flex-col gap-1 juice:empty:hidden juice:first:pt-[3px]\">\n<div class=\"markdown prose w-full break-words dark:prose-invert light\">\n<p>Le Chill Tub Original est un bain de glace innovant con\u00e7u pour ceux qui recherchent l&#8217;ultime exp\u00e9rience de r\u00e9cup\u00e9ration. Avec son design \u00e9l\u00e9gant et moderne, cette baignoire n&#8217;est pas seulement fonctionnelle, elle est aussi un ajout \u00e9l\u00e9gant \u00e0 n&#8217;importe quelle pi\u00e8ce. Le composite de haute qualit\u00e9 avec finition en teck offre un aspect luxueux et une excellente durabilit\u00e9, permettant au Chill Tub d&#8217;\u00eatre utilis\u00e9 aussi bien \u00e0 l&#8217;int\u00e9rieur qu&#8217;\u00e0 l&#8217;ext\u00e9rieur.<\/p>\n<p>Ce qui rend ce Chill Tub vraiment sp\u00e9cial, c&#8217;est son syst\u00e8me de purification int\u00e9gr\u00e9. Ce syst\u00e8me avanc\u00e9 maintient l&#8217;eau propre et fra\u00eeche, ce qui signifie que vous devez changer l&#8217;eau moins souvent. C&#8217;est non seulement meilleur pour l&#8217;environnement, mais cela vous permet \u00e9galement de toujours profiter d&#8217;un bain propre. L&#8217;entretien de la baignoire est ainsi r\u00e9duit au minimum, ce qui vous permet de passer plus de temps \u00e0 vous r\u00e9tablir et \u00e0 vous d\u00e9tendre. Le Chill Tub Original est dot\u00e9 d&#8217;une puissante glaci\u00e8re int\u00e9gr\u00e9e qui peut refroidir l&#8217;eau jusqu&#8217;\u00e0 3 degr\u00e9s Celsius. Cette capacit\u00e9 \u00e0 contr\u00f4ler pr\u00e9cis\u00e9ment la temp\u00e9rature vous permet de cr\u00e9er les conditions parfaites pour votre bain froid, que vous soyez un utilisateur exp\u00e9riment\u00e9 ou que vous d\u00e9butiez avec la th\u00e9rapie par le froid. Les avantages de la th\u00e9rapie par le froid ont \u00e9t\u00e9 largement document\u00e9s et comprennent l&#8217;am\u00e9lioration de la circulation sanguine, la r\u00e9duction des douleurs musculaires et de l&#8217;inflammation, et une r\u00e9cup\u00e9ration plus rapide apr\u00e8s un exercice intense.<\/p>\n<p>La facilit\u00e9 d&#8217;utilisation du Chill Tub Original est un autre atout majeur. La baignoire est \u00e9quip\u00e9e d&#8217;un syst\u00e8me de vidange facile \u00e0 utiliser qui vous permet de changer l&#8217;eau rapidement et efficacement. En raccordant simplement un tuyau d&#8217;arrosage au robinet de vidange externe, vous pouvez vider l&#8217;eau sans effort, sans avoir \u00e0 incliner ou \u00e0 d\u00e9placer la baignoire. L&#8217;entretien de la baignoire est donc facile et rapide, ce qui vous laisse plus de temps pour profiter des bienfaits de votre bain froid.<\/p>\n<p>Outre ses avantages fonctionnels, le Chill Tub Original offre \u00e9galement un niveau de confort in\u00e9gal\u00e9. La conception ergonomique vous permet de vous asseoir confortablement pendant que l&#8217;eau froide fait son travail. Que vous souhaitiez vous d\u00e9tendre apr\u00e8s une longue journ\u00e9e de travail, laisser vos muscles r\u00e9cup\u00e9rer apr\u00e8s une s\u00e9ance d&#8217;entra\u00eenement intense ou simplement profiter des bienfaits th\u00e9rapeutiques de la th\u00e9rapie par le froid, le Chill Tub constitue l&#8217;environnement id\u00e9al.<\/p>\n<p>La durabilit\u00e9 du Chill Tub Original est l&#8217;une des raisons pour lesquelles cette baignoire se d\u00e9marque de la concurrence. Les mat\u00e9riaux utilis\u00e9s dans sa construction sont r\u00e9sistants aux \u00e9l\u00e9ments, ce qui signifie que vous pouvez utiliser la baignoire \u00e0 l&#8217;int\u00e9rieur comme \u00e0 l&#8217;ext\u00e9rieur sans craindre les dommages caus\u00e9s par les intemp\u00e9ries. Les finitions en composite et en teck de haute qualit\u00e9 sont non seulement \u00e9l\u00e9gantes mais aussi robustes, ce qui garantit la long\u00e9vit\u00e9 du produit.<\/p>\n<p>L&#8217;installation du Chill Tub Original est facile et ne n\u00e9cessite aucune comp\u00e9tence particuli\u00e8re. Avec un livret d&#8217;instructions clair et toutes les pi\u00e8ces n\u00e9cessaires incluses, vous pouvez rapidement et facilement installer la baignoire et commencer \u00e0 profiter de ses avantages imm\u00e9diatement. Que vous soyez un athl\u00e8te chevronn\u00e9 ou que vous cherchiez simplement un moyen de vous d\u00e9tendre et de r\u00e9cup\u00e9rer, le Chill Tub Original offre une solution conviviale et efficace. La combinaison d&#8217;une technologie avanc\u00e9e, d&#8217;un savoir-faire de haute qualit\u00e9 et d&#8217;un design bien pens\u00e9 est tout \u00e0 fait unique. Chaque d\u00e9tail a \u00e9t\u00e9 soigneusement \u00e9tudi\u00e9 pour cr\u00e9er un produit qui n&#8217;est pas seulement fonctionnel, mais aussi agr\u00e9able \u00e0 utiliser. Du syst\u00e8me de purification \u00e0 l&#8217;ozone qui garantit une eau cristalline \u00e0 la puissante glaci\u00e8re qui maintient la temp\u00e9rature parfaite, chaque aspect du Chill Tub a \u00e9t\u00e9 con\u00e7u en pensant \u00e0 l&#8217;utilisateur.<\/p>\n<p>La polyvalence du Chill Tub Original signifie qu&#8217;il convient \u00e0 un large \u00e9ventail d&#8217;utilisateurs. Que vous soyez un athl\u00e8te professionnel \u00e0 la recherche d&#8217;un moyen de r\u00e9cup\u00e9rer plus rapidement, un passionn\u00e9 de fitness souhaitant d\u00e9couvrir les bienfaits de la th\u00e9rapie par le froid ou quelqu&#8217;un qui souhaite simplement profiter d&#8217;un bain luxueux et relaxant, le Chill Tub vous offre tout ce dont vous avez besoin.<\/p>\n<p>Dans un monde o\u00f9 la sant\u00e9 et le bien-\u00eatre sont de plus en plus importants, le Chill Tub Original offre un moyen simple et efficace d&#8217;am\u00e9liorer votre bien-\u00eatre physique et mental. En utilisant r\u00e9guli\u00e8rement la th\u00e9rapie par le froid, vous pouvez aider votre corps \u00e0 mieux r\u00e9cup\u00e9rer, \u00e0 se sentir plus \u00e9nergique et \u00e0 am\u00e9liorer votre \u00e9tat de sant\u00e9 g\u00e9n\u00e9ral. Le Chill Tub vous permet de profiter de ces avantages dans le confort de votre maison.<\/p>\n<p>En bref, le Chill Tub Original n&#8217;est pas un bain de glace ordinaire. C&#8217;est un investissement dans votre sant\u00e9 et votre bien-\u00eatre, un moyen d&#8217;am\u00e9liorer vos performances et une source de d\u00e9tente et de r\u00e9cup\u00e9ration. Avec son design \u00e9l\u00e9gant, sa technologie innovante et ses fonctions conviviales, le Chill Tub Original offre une exp\u00e9rience in\u00e9gal\u00e9e qui porte votre bien-\u00eatre \u00e0 un niveau sup\u00e9rieur. D\u00e9couvrez les avantages du Chill Tub par vous-m\u00eame et d\u00e9couvrez pourquoi il s&#8217;agit du meilleur choix pour toute personne soucieuse de son r\u00e9tablissement et de son bien-\u00eatre.<\/p>\n<\/div>\n<\/div>\n<\/div>\n<\/div>\n<\/div>\n<\/div>\n<\/div>\n<\/div>\n<\/div>\n<\/div>\n<\/div>\n<\/div>\n<\/div>\n<\/div>\n<\/div>\n<\/div>\n<\/div>\n<\/div>\n<\/div>\n<\/div>\n<\/div>\n<\/div>\n<\/div>\n<\/div>\n<\/div>\n","protected":false},"excerpt":{"rendered":"<ul>\n<li>Dimensions : 1 800 x 730 x 750 mm<\/li>\n<li>Volume : 400 L<\/li>\n<li>Poids (\u00e0 sec) : 125 Kg<\/li>\n<li>Nombre de si\u00e8ges : 1<\/li>\n<li>Alimentation : 13 Amp 220v-240vz 50\/60hz<\/li>\n<li>Fonction antigel<\/li>\n<li>Housse isol\u00e9e gratuite pour le Chill Tub<\/li>\n<\/ul>\n","protected":false},"featured_media":23065,"template":"","meta":{"_acf_changed":false,"_uag_custom_page_level_css":"","site-sidebar-layout":"default","site-content-layout":"","ast-site-content-layout":"default","site-content-style":"default","site-sidebar-style":"default","ast-global-header-display":"","ast-banner-title-visibility":"","ast-main-header-display":"","ast-hfb-above-header-display":"","ast-hfb-below-header-display":"","ast-hfb-mobile-header-display":"","site-post-title":"","ast-breadcrumbs-content":"","ast-featured-img":"","footer-sml-layout":"","ast-disable-related-posts":"","theme-transparent-header-meta":"default","adv-header-id-meta":"","stick-header-meta":"","header-above-stick-meta":"","header-main-stick-meta":"","header-below-stick-meta":"","astra-migrate-meta-layouts":"set","ast-page-background-enabled":"default","ast-page-background-meta":{"desktop":{"background-color":"","background-image":"","background-repeat":"repeat","background-position":"center center","background-size":"auto","background-attachment":"scroll","background-type":"","background-media":"","overlay-type":"","overlay-color":"","overlay-opacity":"","overlay-gradient":""},"tablet":{"background-color":"","background-image":"","background-repeat":"repeat","background-position":"center center","background-size":"auto","background-attachment":"scroll","background-type":"","background-media":"","overlay-type":"","overlay-color":"","overlay-opacity":"","overlay-gradient":""},"mobile":{"background-color":"","background-image":"","background-repeat":"repeat","background-position":"center center","background-size":"auto","background-attachment":"scroll","background-type":"","background-media":"","overlay-type":"","overlay-color":"","overlay-opacity":"","overlay-gradient":""}},"ast-content-background-meta":{"desktop":{"background-color":"var(--ast-global-color-5)","background-image":"","background-repeat":"repeat","background-position":"center center","background-size":"auto","background-attachment":"scroll","background-type":"","background-media":"","overlay-type":"","overlay-color":"","overlay-opacity":"","overlay-gradient":""},"tablet":{"background-color":"var(--ast-global-color-5)","background-image":"","background-repeat":"repeat","background-position":"center center","background-size":"auto","background-attachment":"scroll","background-type":"","background-media":"","overlay-type":"","overlay-color":"","overlay-opacity":"","overlay-gradient":""},"mobile":{"background-color":"var(--ast-global-color-5)","background-image":"","background-repeat":"repeat","background-position":"center center","background-size":"auto","background-attachment":"scroll","background-type":"","background-media":"","overlay-type":"","overlay-color":"","overlay-opacity":"","overlay-gradient":""}}},"product_brand":[],"product_cat":[1770],"product_tag":[1772,1771,1773,1777,1315,1780,1314,1776,1779,1778,1774,1775],"class_list":{"0":"post-22869","1":"product","2":"type-product","3":"status-publish","4":"has-post-thumbnail","6":"product_cat-bains-de-glace","7":"product_tag-baignoire-refrigeree","8":"product_tag-baignoires-refrigerantes","9":"product_tag-bain-de-glace","10":"product_tag-bain-froid","11":"product_tag-bien-etre","12":"product_tag-chill-tub-original-fr","13":"product_tag-gervi-fr","14":"product_tag-lhomme-de-glace","15":"product_tag-original-fr","16":"product_tag-reparation","17":"product_tag-therapie-par-le-froid","18":"product_tag-wim-hof-fr","19":"desktop-align-left","20":"tablet-align-left","21":"mobile-align-left","23":"first","24":"instock","25":"purchasable","26":"product-type-simple"},"acf":[],"uagb_featured_image_src":{"full":["https:\/\/gervi.be\/wp-content\/uploads\/2024\/05\/Chill-Tubs-Original-Ijsbaden-Gervi.jpg",2000,2000,false],"thumbnail":["https:\/\/gervi.be\/wp-content\/uploads\/2024\/05\/Chill-Tubs-Original-Ijsbaden-Gervi-150x150.jpg",150,150,true],"medium":["https:\/\/gervi.be\/wp-content\/uploads\/2024\/05\/Chill-Tubs-Original-Ijsbaden-Gervi-300x300.jpg",300,300,true],"medium_large":["https:\/\/gervi.be\/wp-content\/uploads\/2024\/05\/Chill-Tubs-Original-Ijsbaden-Gervi-768x768.jpg",768,768,true],"large":["https:\/\/gervi.be\/wp-content\/uploads\/2024\/05\/Chill-Tubs-Original-Ijsbaden-Gervi-1024x1024.jpg",1024,1024,true],"1536x1536":["https:\/\/gervi.be\/wp-content\/uploads\/2024\/05\/Chill-Tubs-Original-Ijsbaden-Gervi-1536x1536.jpg",1536,1536,true],"2048x2048":["https:\/\/gervi.be\/wp-content\/uploads\/2024\/05\/Chill-Tubs-Original-Ijsbaden-Gervi.jpg",2000,2000,false],"woocommerce_thumbnail":["https:\/\/gervi.be\/wp-content\/uploads\/2024\/05\/Chill-Tubs-Original-Ijsbaden-Gervi-2000x1500.jpg",2000,1500,true],"woocommerce_single":["https:\/\/gervi.be\/wp-content\/uploads\/2024\/05\/Chill-Tubs-Original-Ijsbaden-Gervi.jpg",2000,2000,false],"woocommerce_gallery_thumbnail":["https:\/\/gervi.be\/wp-content\/uploads\/2024\/05\/Chill-Tubs-Original-Ijsbaden-Gervi-100x100.jpg",100,100,true],"dgwt-wcas-product-suggestion":["https:\/\/gervi.be\/wp-content\/uploads\/2024\/05\/Chill-Tubs-Original-Ijsbaden-Gervi.jpg",64,64,false]},"uagb_author_info":{"display_name":"Marjolein Nijs","author_link":"https:\/\/gervi.be\/fr\/author\/"},"uagb_comment_info":0,"uagb_excerpt":"Dimensions : 1 800 x 730 x 750 mm Volume : 400 L Poids (\u00e0 sec) : 125 Kg Nombre de si\u00e8ges : 1 Alimentation : 13 Amp 220v-240vz 50\/60hz Fonction antigel Housse isol\u00e9e gratuite pour le Chill Tub","_links":{"self":[{"href":"https:\/\/gervi.be\/fr\/wp-json\/wp\/v2\/product\/22869","targetHints":{"allow":["GET"]}}],"collection":[{"href":"https:\/\/gervi.be\/fr\/wp-json\/wp\/v2\/product"}],"about":[{"href":"https:\/\/gervi.be\/fr\/wp-json\/wp\/v2\/types\/product"}],"wp:featuredmedia":[{"embeddable":true,"href":"https:\/\/gervi.be\/fr\/wp-json\/wp\/v2\/media\/23065"}],"wp:attachment":[{"href":"https:\/\/gervi.be\/fr\/wp-json\/wp\/v2\/media?parent=22869"}],"wp:term":[{"taxonomy":"product_brand","embeddable":true,"href":"https:\/\/gervi.be\/fr\/wp-json\/wp\/v2\/product_brand?post=22869"},{"taxonomy":"product_cat","embeddable":true,"href":"https:\/\/gervi.be\/fr\/wp-json\/wp\/v2\/product_cat?post=22869"},{"taxonomy":"product_tag","embeddable":true,"href":"https:\/\/gervi.be\/fr\/wp-json\/wp\/v2\/product_tag?post=22869"}],"curies":[{"name":"wp","href":"https:\/\/api.w.org\/{rel}","templated":true}]}}