{"id":22365,"date":"2024-05-08T13:49:13","date_gmt":"2024-05-08T11:49:13","guid":{"rendered":"https:\/\/gervi.be\/?post_type=product&#038;p=22365"},"modified":"2024-06-18T10:20:46","modified_gmt":"2024-06-18T08:20:46","slug":"atlantis-5-9-xd","status":"publish","type":"product","link":"https:\/\/gervi.be\/fr\/produit\/atlantis-5-9-xd\/","title":{"rendered":"Atlantis 5.9 XD"},"content":{"rendered":"<div class=\"flex flex-grow flex-col max-w-full\">\n<div class=\"min-h-[20px] text-message flex flex-col items-start gap-3 whitespace-pre-wrap break-words [.text-message+&amp;]:mt-5 overflow-x-auto\" data-message-author-role=\"assistant\" data-message-id=\"6a7ef4dc-7de5-421c-b8af-a5ad819f96d0\">\n<div class=\"markdown prose w-full break-words dark:prose-invert light\">\n<p><a href=\"https:\/\/gervi.be\/merken\/riptide\/\"><img decoding=\"async\" class=\"alignnone wp-image-20326\" src=\"https:\/\/gervi.be\/wp-content\/uploads\/2023\/08\/Riptide-logo-300x92.png\" alt=\"Logo Riptide\" width=\"150\" height=\"46\" title=\"\" srcset=\"https:\/\/gervi.be\/wp-content\/uploads\/2023\/08\/Riptide-logo-300x92.png 300w, https:\/\/gervi.be\/wp-content\/uploads\/2023\/08\/Riptide-logo-1024x314.png 1024w, https:\/\/gervi.be\/wp-content\/uploads\/2023\/08\/Riptide-logo-768x236.png 768w, https:\/\/gervi.be\/wp-content\/uploads\/2023\/08\/Riptide-logo-1536x471.png 1536w, https:\/\/gervi.be\/wp-content\/uploads\/2023\/08\/Riptide-logo.png 1597w\" sizes=\"(max-width: 150px) 100vw, 150px\" \/><\/a><\/p>\n<h2>Description<\/h2>\n<div class=\"flex flex-grow flex-col max-w-full\">\n<div class=\"min-h-[20px] text-message flex flex-col items-start gap-3 whitespace-pre-wrap break-words [.text-message+&amp;]:mt-5 overflow-x-auto\" data-message-author-role=\"assistant\" data-message-id=\"594eec33-9010-44a2-afd5-7c9acf28cbf9\">\n<div class=\"markdown prose w-full break-words dark:prose-invert light\">\n<div class=\"flex flex-grow flex-col max-w-full\">\n<div class=\"min-h-[20px] text-message flex flex-col items-start gap-3 whitespace-pre-wrap break-words [.text-message+&amp;]:mt-5 overflow-x-auto\" data-message-author-role=\"assistant\" data-message-id=\"6bb917d0-9187-4dde-b92a-0474588d2c2b\">\n<div class=\"markdown prose w-full break-words dark:prose-invert light\">\n<div class=\"flex flex-grow flex-col max-w-full\">\n<div class=\"text-message flex flex-col items-start whitespace-pre-wrap break-words [.text-message+&amp;]:mt-5 overflow-x-auto gap-3\" dir=\"auto\" data-message-author-role=\"assistant\" data-message-id=\"c730e535-4295-43fe-a0ff-21884e2a6163\">\n<div class=\"markdown prose w-full break-words dark:prose-invert light\">\n<div class=\"flex flex-grow flex-col max-w-full\">\n<div class=\"min-h-[20px] text-message flex flex-col items-start whitespace-pre-wrap break-words [.text-message+&amp;]:mt-5 overflow-x-auto gap-3\" dir=\"auto\" data-message-author-role=\"assistant\" data-message-id=\"c2d8f6bf-6aee-45ab-ace0-c5803a5266af\">\n<div class=\"markdown prose w-full break-words dark:prose-invert light\">\n<p>L&#8217;Atlantis 5.9 XD est une pi\u00e8ce ma\u00eetresse de la gamme de maillots de bain Riptide, con\u00e7ue pour offrir une exp\u00e9rience ultime dans l&#8217;eau. Ce mod\u00e8le allie un confort luxueux \u00e0 des performances sup\u00e9rieures. Il est id\u00e9al pour les amateurs de fitness comme pour ceux qui recherchent la d\u00e9tente. Avec ses dimensions impressionnantes de 5915 x 2350 x 1290 mm, le spa de nage Atlantis 5.9 XD peut accueillir plusieurs personnes, ce qui en fait un excellent choix pour les familles ou pour des moments de qualit\u00e9 en famille ou entre amis.<\/p>\n<p>L&#8217;Atlantis 5.9 XD est dot\u00e9 d&#8217;une conception hydrodynamique avanc\u00e9e qui g\u00e9n\u00e8re un flux d&#8217;eau puissant et r\u00e9gulier, parfait pour l&#8217;entra\u00eenement \u00e0 la natation. L&#8217;emplacement ing\u00e9nieux des jets de natation cr\u00e9e un flux constant qui offre une r\u00e9sistance aux nageurs, les aidant ainsi \u00e0 am\u00e9liorer leur technique et leur endurance. Ce syst\u00e8me est id\u00e9al pour les nageurs de tous niveaux, des d\u00e9butants cherchant \u00e0 d\u00e9velopper leurs comp\u00e9tences aux nageurs exp\u00e9riment\u00e9s cherchant \u00e0 maximiser leurs performances.<\/p>\n<p>L&#8217;Atlantis 5.9 XD a \u00e9galement \u00e9t\u00e9 con\u00e7u dans un souci de durabilit\u00e9 et d&#8217;efficacit\u00e9 \u00e9nerg\u00e9tique. La construction utilise des mat\u00e9riaux de premi\u00e8re qualit\u00e9 qui non seulement garantissent la long\u00e9vit\u00e9, mais contribuent \u00e9galement \u00e0 am\u00e9liorer les propri\u00e9t\u00e9s d&#8217;isolation. Cela permet de r\u00e9duire la consommation d&#8217;\u00e9nergie lors du chauffage du spa, ce qui se traduit par des co\u00fbts d&#8217;exploitation moindres. En outre, les mat\u00e9riaux sont r\u00e9sistants aux \u00e9l\u00e9ments, ce qui permet d&#8217;utiliser le spa sous diff\u00e9rents climats sans avoir \u00e0 se soucier des conditions m\u00e9t\u00e9orologiques.<\/p>\n<p>La facilit\u00e9 d&#8217;utilisation est au c\u0153ur de l&#8217;Atlantis 5.9 XD, avec un panneau de commande intuitif permettant d&#8217;acc\u00e9der \u00e0 toutes les fonctions du spa. Ce panneau moderne permet de r\u00e9gler facilement les param\u00e8tres tels que la temp\u00e9rature, l&#8217;intensit\u00e9 des jets et l&#8217;\u00e9clairage. Le syst\u00e8me est \u00e9galement compatible avec des options de contr\u00f4le \u00e0 distance, ce qui permet aux utilisateurs de g\u00e9rer leur exp\u00e9rience de spa \u00e0 partir de leurs appareils mobiles.<\/p>\n<p>L&#8217;\u00e9clairage de l&#8217;Atlantis 5.9 XD ajoute une couche suppl\u00e9mentaire d&#8217;ambiance et d&#8217;esth\u00e9tique \u00e0 l&#8217;exp\u00e9rience. Gr\u00e2ce \u00e0 une gamme d&#8217;options de couleurs, les utilisateurs peuvent ajuster l&#8217;\u00e9clairage en fonction de leur humeur ou de l&#8217;\u00e9v\u00e9nement. Qu&#8217;il s&#8217;agisse d&#8217;une lumi\u00e8re douce et apaisante pour une soir\u00e9e de d\u00e9tente ou de couleurs vives et \u00e9clatantes pour une f\u00eate, les options d&#8217;\u00e9clairage de l&#8217;Atlantis 5.9 XD sont con\u00e7ues pour r\u00e9pondre \u00e0 tous les besoins.<\/p>\n<p>La qualit\u00e9 de l&#8217;eau est une priorit\u00e9 absolue pour le spa de nage Atlantis 5.9 XD, qui est \u00e9quip\u00e9 d&#8217;un syst\u00e8me de filtration avanc\u00e9 garantissant une eau claire et propre. Ce syst\u00e8me, associ\u00e9 \u00e0 un g\u00e9n\u00e9rateur d&#8217;ozone efficace, minimise le besoin d&#8217;additifs chimiques et garantit un environnement de baignade sain. L&#8217;acc\u00e8s facile aux filtres rend l&#8217;entretien simple et sans souci, ce qui permet aux utilisateurs de passer plus de temps \u00e0 profiter de l&#8217;appareil et moins \u00e0 l&#8217;entretenir.<\/p>\n<p>En r\u00e9sum\u00e9, le spa Atlantis 5.9 XD de Riptide est un excellent choix pour ceux qui recherchent un spa qui offre \u00e0 la fois luxe et fonctionnalit\u00e9.<\/p>\n<\/div>\n<\/div>\n<\/div>\n<\/div>\n<\/div>\n<\/div>\n<\/div>\n<\/div>\n<\/div>\n<\/div>\n<\/div>\n<\/div>\n<\/div>\n<\/div>\n<\/div>\n","protected":false},"excerpt":{"rendered":"<ul>\n<li>Dimensions : 5 915 x 2 350 x 1 540 mm<\/li>\n<li>Volume : 11,004 L<\/li>\n<li>Poids (\u00e0 sec) : 1 280 kg<\/li>\n<li>Alimentation : 16Amp &#8211; 400V<\/li>\n<li>Disponible en 2 versions<\/li>\n<li>Diverses options possibles<\/li>\n<\/ul>\n","protected":false},"featured_media":20196,"template":"","meta":{"_acf_changed":false,"_uag_custom_page_level_css":"","site-sidebar-layout":"default","site-content-layout":"","ast-site-content-layout":"default","site-content-style":"default","site-sidebar-style":"default","ast-global-header-display":"","ast-banner-title-visibility":"","ast-main-header-display":"","ast-hfb-above-header-display":"","ast-hfb-below-header-display":"","ast-hfb-mobile-header-display":"","site-post-title":"","ast-breadcrumbs-content":"","ast-featured-img":"","footer-sml-layout":"","ast-disable-related-posts":"","theme-transparent-header-meta":"default","adv-header-id-meta":"","stick-header-meta":"","header-above-stick-meta":"","header-main-stick-meta":"","header-below-stick-meta":"","astra-migrate-meta-layouts":"set","ast-page-background-enabled":"default","ast-page-background-meta":{"desktop":{"background-color":"","background-image":"","background-repeat":"repeat","background-position":"center center","background-size":"auto","background-attachment":"scroll","background-type":"","background-media":"","overlay-type":"","overlay-color":"","overlay-opacity":"","overlay-gradient":""},"tablet":{"background-color":"","background-image":"","background-repeat":"repeat","background-position":"center center","background-size":"auto","background-attachment":"scroll","background-type":"","background-media":"","overlay-type":"","overlay-color":"","overlay-opacity":"","overlay-gradient":""},"mobile":{"background-color":"","background-image":"","background-repeat":"repeat","background-position":"center center","background-size":"auto","background-attachment":"scroll","background-type":"","background-media":"","overlay-type":"","overlay-color":"","overlay-opacity":"","overlay-gradient":""}},"ast-content-background-meta":{"desktop":{"background-color":"var(--ast-global-color-5)","background-image":"","background-repeat":"repeat","background-position":"center center","background-size":"auto","background-attachment":"scroll","background-type":"","background-media":"","overlay-type":"","overlay-color":"","overlay-opacity":"","overlay-gradient":""},"tablet":{"background-color":"var(--ast-global-color-5)","background-image":"","background-repeat":"repeat","background-position":"center center","background-size":"auto","background-attachment":"scroll","background-type":"","background-media":"","overlay-type":"","overlay-color":"","overlay-opacity":"","overlay-gradient":""},"mobile":{"background-color":"var(--ast-global-color-5)","background-image":"","background-repeat":"repeat","background-position":"center center","background-size":"auto","background-attachment":"scroll","background-type":"","background-media":"","overlay-type":"","overlay-color":"","overlay-opacity":"","overlay-gradient":""}}},"product_brand":[],"product_cat":[664,667,647],"product_tag":[1718,1724,1314,1596,1310,1788,1311,1312],"class_list":{"0":"post-22365","1":"product","2":"type-product","3":"status-publish","4":"has-post-thumbnail","6":"product_cat-riptide-fr","7":"product_cat-riptide-1-volume","8":"product_cat-spa-de-nage","9":"product_tag-atlantis-fr","10":"product_tag-atlantis-5-9-xd-fr","11":"product_tag-gervi-fr","12":"product_tag-monobloc","13":"product_tag-riptide-fr","14":"product_tag-riptideswim-fr","15":"product_tag-spa-de-natation","16":"product_tag-swimspa-fr","17":"desktop-align-left","18":"tablet-align-left","19":"mobile-align-left","21":"first","22":"instock","23":"product-type-simple"},"acf":[],"uagb_featured_image_src":{"full":["https:\/\/gervi.be\/wp-content\/uploads\/2024\/03\/Atlantis-5.9-XD-Riptide-Zwemspa.jpg",1920,1920,false],"thumbnail":["https:\/\/gervi.be\/wp-content\/uploads\/2024\/03\/Atlantis-5.9-XD-Riptide-Zwemspa-150x150.jpg",150,150,true],"medium":["https:\/\/gervi.be\/wp-content\/uploads\/2024\/03\/Atlantis-5.9-XD-Riptide-Zwemspa-300x300.jpg",300,300,true],"medium_large":["https:\/\/gervi.be\/wp-content\/uploads\/2024\/03\/Atlantis-5.9-XD-Riptide-Zwemspa-768x768.jpg",768,768,true],"large":["https:\/\/gervi.be\/wp-content\/uploads\/2024\/03\/Atlantis-5.9-XD-Riptide-Zwemspa-1024x1024.jpg",1024,1024,true],"1536x1536":["https:\/\/gervi.be\/wp-content\/uploads\/2024\/03\/Atlantis-5.9-XD-Riptide-Zwemspa-1536x1536.jpg",1536,1536,true],"2048x2048":["https:\/\/gervi.be\/wp-content\/uploads\/2024\/03\/Atlantis-5.9-XD-Riptide-Zwemspa.jpg",1920,1920,false],"woocommerce_thumbnail":["https:\/\/gervi.be\/wp-content\/uploads\/2024\/03\/Atlantis-5.9-XD-Riptide-Zwemspa-1920x1500.jpg",1920,1500,true],"woocommerce_single":["https:\/\/gervi.be\/wp-content\/uploads\/2024\/03\/Atlantis-5.9-XD-Riptide-Zwemspa.jpg",1920,1920,false],"woocommerce_gallery_thumbnail":["https:\/\/gervi.be\/wp-content\/uploads\/2024\/03\/Atlantis-5.9-XD-Riptide-Zwemspa-100x100.jpg",100,100,true],"dgwt-wcas-product-suggestion":["https:\/\/gervi.be\/wp-content\/uploads\/2024\/03\/Atlantis-5.9-XD-Riptide-Zwemspa.jpg",64,64,false]},"uagb_author_info":{"display_name":"Marjolein Nijs","author_link":"https:\/\/gervi.be\/fr\/author\/"},"uagb_comment_info":0,"uagb_excerpt":"Dimensions : 5 915 x 2 350 x 1 540 mm Volume : 11,004 L Poids (\u00e0 sec) : 1 280 kg Alimentation : 16Amp - 400V Disponible en 2 versions Diverses options possibles","_links":{"self":[{"href":"https:\/\/gervi.be\/fr\/wp-json\/wp\/v2\/product\/22365","targetHints":{"allow":["GET"]}}],"collection":[{"href":"https:\/\/gervi.be\/fr\/wp-json\/wp\/v2\/product"}],"about":[{"href":"https:\/\/gervi.be\/fr\/wp-json\/wp\/v2\/types\/product"}],"wp:featuredmedia":[{"embeddable":true,"href":"https:\/\/gervi.be\/fr\/wp-json\/wp\/v2\/media\/20196"}],"wp:attachment":[{"href":"https:\/\/gervi.be\/fr\/wp-json\/wp\/v2\/media?parent=22365"}],"wp:term":[{"taxonomy":"product_brand","embeddable":true,"href":"https:\/\/gervi.be\/fr\/wp-json\/wp\/v2\/product_brand?post=22365"},{"taxonomy":"product_cat","embeddable":true,"href":"https:\/\/gervi.be\/fr\/wp-json\/wp\/v2\/product_cat?post=22365"},{"taxonomy":"product_tag","embeddable":true,"href":"https:\/\/gervi.be\/fr\/wp-json\/wp\/v2\/product_tag?post=22365"}],"curies":[{"name":"wp","href":"https:\/\/api.w.org\/{rel}","templated":true}]}}