{"id":22363,"date":"2024-05-08T13:39:04","date_gmt":"2024-05-08T11:39:04","guid":{"rendered":"https:\/\/gervi.be\/?post_type=product&#038;p=22363"},"modified":"2024-06-18T10:20:45","modified_gmt":"2024-06-18T08:20:45","slug":"atlantis-7-0-xd","status":"publish","type":"product","link":"https:\/\/gervi.be\/fr\/produit\/atlantis-7-0-xd\/","title":{"rendered":"Atlantis 7.0 XD"},"content":{"rendered":"<div class=\"flex flex-grow flex-col max-w-full\">\n<div class=\"min-h-[20px] text-message flex flex-col items-start gap-3 whitespace-pre-wrap break-words [.text-message+&amp;]:mt-5 overflow-x-auto\" data-message-author-role=\"assistant\" data-message-id=\"6a7ef4dc-7de5-421c-b8af-a5ad819f96d0\">\n<div class=\"markdown prose w-full break-words dark:prose-invert light\">\n<p><a href=\"https:\/\/gervi.be\/merken\/riptide\/\"><img decoding=\"async\" class=\"alignnone wp-image-20326\" src=\"https:\/\/gervi.be\/wp-content\/uploads\/2023\/08\/Riptide-logo-300x92.png\" alt=\"Logo Riptide\" width=\"150\" height=\"46\" title=\"\" srcset=\"https:\/\/gervi.be\/wp-content\/uploads\/2023\/08\/Riptide-logo-300x92.png 300w, https:\/\/gervi.be\/wp-content\/uploads\/2023\/08\/Riptide-logo-1024x314.png 1024w, https:\/\/gervi.be\/wp-content\/uploads\/2023\/08\/Riptide-logo-768x236.png 768w, https:\/\/gervi.be\/wp-content\/uploads\/2023\/08\/Riptide-logo-1536x471.png 1536w, https:\/\/gervi.be\/wp-content\/uploads\/2023\/08\/Riptide-logo.png 1597w\" sizes=\"(max-width: 150px) 100vw, 150px\" \/><\/a><\/p>\n<h2>Description<\/h2>\n<div class=\"flex flex-grow flex-col max-w-full\">\n<div class=\"min-h-[20px] text-message flex flex-col items-start gap-3 whitespace-pre-wrap break-words [.text-message+&amp;]:mt-5 overflow-x-auto\" data-message-author-role=\"assistant\" data-message-id=\"594eec33-9010-44a2-afd5-7c9acf28cbf9\">\n<div class=\"markdown prose w-full break-words dark:prose-invert light\">\n<div class=\"flex flex-grow flex-col max-w-full\">\n<div class=\"min-h-[20px] text-message flex flex-col items-start gap-3 whitespace-pre-wrap break-words [.text-message+&amp;]:mt-5 overflow-x-auto\" data-message-author-role=\"assistant\" data-message-id=\"6bb917d0-9187-4dde-b92a-0474588d2c2b\">\n<div class=\"markdown prose w-full break-words dark:prose-invert light\">\n<div class=\"flex flex-grow flex-col max-w-full\">\n<div class=\"text-message flex flex-col items-start whitespace-pre-wrap break-words [.text-message+&amp;]:mt-5 overflow-x-auto gap-3\" dir=\"auto\" data-message-author-role=\"assistant\" data-message-id=\"c730e535-4295-43fe-a0ff-21884e2a6163\">\n<div class=\"markdown prose w-full break-words dark:prose-invert light\">\n<div class=\"flex flex-grow flex-col max-w-full\">\n<div class=\"text-message flex flex-col items-start whitespace-pre-wrap break-words [.text-message+&amp;]:mt-5 overflow-x-auto gap-3\" dir=\"auto\" data-message-author-role=\"assistant\" data-message-id=\"63f070db-1f10-4938-92d7-7d815882857d\">\n<div class=\"markdown prose w-full break-words dark:prose-invert light\">\n<div class=\"flex flex-grow flex-col max-w-full\">\n<div class=\"text-message flex flex-col items-start whitespace-pre-wrap break-words [.text-message+&amp;]:mt-5 overflow-x-auto gap-3\" dir=\"auto\" data-message-author-role=\"assistant\" data-message-id=\"9d873afb-9df0-48ed-b9e2-d9a45bf08858\">\n<div class=\"markdown prose w-full break-words dark:prose-invert light\">\n<p>L&#8217;Atlantis 7.0 XD de Riptide repr\u00e9sente la cr\u00e8me de la cr\u00e8me de l&#8217;industrie des spas de nage, con\u00e7u pour l&#8217;utilisateur exigeant \u00e0 la recherche d&#8217;une qualit\u00e9 et d&#8217;une performance sans compromis. Ce mod\u00e8le luxueux associe de grandes dimensions \u00e0 des technologies haut de gamme pour offrir une exp\u00e9rience de baignade et de relaxation unique, adapt\u00e9e aux nageurs chevronn\u00e9s comme aux amateurs de loisirs.<\/p>\n<p>Avec une longueur impressionnante qui permet des mouvements de nage complets, l&#8217;Atlantis 7.0 XD permet aux utilisateurs de s&#8217;entra\u00eener efficacement \u00e0 la nage sans quitter la maison. Les dimensions ont \u00e9t\u00e9 soigneusement choisies pour garantir une grande libert\u00e9 de mouvement, tandis que la conception de l&#8217;int\u00e9rieur offre beaucoup d&#8217;espace pour la d\u00e9tente et le plaisir.<\/p>\n<p>L&#8217;un des points forts de l&#8217;Atlantis 7.0 XD est son syst\u00e8me de jet avanc\u00e9 qui offre des r\u00e9sistances r\u00e9glables, id\u00e9ales pour les diff\u00e9rents niveaux de fitness. Les jets de natation produisent un courant puissant qui stimule les utilisateurs et les aide \u00e0 am\u00e9liorer leur technique de nage. Que vous vous entra\u00eeniez pour un triathlon ou que vous nagiez pour votre sant\u00e9, ce spa de nage offre l&#8217;environnement id\u00e9al pour un entra\u00eenement complet du corps.<\/p>\n<p>La gestion de l&#8217;alimentation de l&#8217;Atlantis 7.0 XD est une autre caract\u00e9ristique importante. \u00c9quip\u00e9 des derni\u00e8res technologies en mati\u00e8re d&#8217;isolation et de gestion de la chaleur, ce spa de nage permet de r\u00e9duire les co\u00fbts \u00e9nerg\u00e9tiques tout en maintenant l&#8217;efficacit\u00e9 des syst\u00e8mes de chauffage et de jet. Ce r\u00e9sultat est obtenu gr\u00e2ce \u00e0 l&#8217;utilisation de mat\u00e9riaux de haute qualit\u00e9 et \u00e0 une conception innovante qui minimise la perte de chaleur et augmente la durabilit\u00e9 du spa.<\/p>\n<p>Le fonctionnement de l&#8217;Atlantis 7.0 XD est simple et intuitif, gr\u00e2ce \u00e0 un panneau de commande num\u00e9rique avanc\u00e9 qui permet d&#8217;acc\u00e9der facilement \u00e0 toutes les fonctions du spa. Ce panneau contr\u00f4le tout, de la temp\u00e9rature \u00e0 la puissance des jets et de l&#8217;\u00e9clairage, ce qui permet aux utilisateurs de personnaliser leur exp\u00e9rience en fonction de leurs pr\u00e9f\u00e9rences personnelles.<\/p>\n<p>En ce qui concerne la qualit\u00e9 de l&#8217;eau, l&#8217;Atlantis 7.0 XD dispose d&#8217;un syst\u00e8me de filtration sup\u00e9rieur qui garantit une eau claire et propre \u00e0 chaque utilisation. Ce syst\u00e8me, associ\u00e9 \u00e0 des g\u00e9n\u00e9rateurs d&#8217;ozone et \u00e0 d&#8217;autres technologies de nettoyage, r\u00e9duit le besoin d&#8217;additifs chimiques et offre un environnement de baignade plus sain.<\/p>\n<p>L&#8217;\u00e9clairage joue \u00e9galement un r\u00f4le important dans l&#8217;Atlantis 7.0 XD, avec des options LED qui ne sont pas seulement fonctionnelles, mais qui contribuent \u00e9galement \u00e0 l&#8217;atmosph\u00e8re du spa. Qu&#8217;il s&#8217;agisse d&#8217;une lumi\u00e8re vive pour une s\u00e9ance d&#8217;entra\u00eenement matinale ou de couleurs douces pour une soir\u00e9e de d\u00e9tente, l&#8217;\u00e9clairage peut \u00eatre ajust\u00e9 pour s&#8217;adapter \u00e0 n&#8217;importe quelle humeur.<\/p>\n<p>En termes d&#8217;esth\u00e9tique, l&#8217;Atlantis 7.0 XD se pr\u00e9sente avec un look \u00e9pur\u00e9 et moderne qui ajoute de l&#8217;\u00e9l\u00e9gance \u00e0 n&#8217;importe quel espace ext\u00e9rieur. Les mat\u00e9riaux et les finitions ont \u00e9t\u00e9 soigneusement s\u00e9lectionn\u00e9s pour \u00eatre \u00e0 la fois beaux et fonctionnels, r\u00e9sistant aux \u00e9l\u00e9ments et au temps.<\/p>\n<p>En r\u00e9sum\u00e9, l&#8217;Atlantis 7.0 XD de Riptide offre un m\u00e9lange harmonieux de style, de fonctionnalit\u00e9 et de durabilit\u00e9, ce qui en fait le choix id\u00e9al pour ceux qui recherchent un spa de nage qui offre tout. Des s\u00e9ances d&#8217;entra\u00eenement intenses \u00e0 la relaxation profonde en passant par les rencontres sociales, ce spa de nage vous garantit des ann\u00e9es de plaisir et de bienfaits pour votre sant\u00e9.<\/p>\n<\/div>\n<\/div>\n<\/div>\n<\/div>\n<\/div>\n<\/div>\n<\/div>\n<\/div>\n<\/div>\n<\/div>\n<\/div>\n<\/div>\n<\/div>\n<\/div>\n<\/div>\n<\/div>\n<\/div>\n<\/div>\n","protected":false},"excerpt":{"rendered":"<ul>\n<li>Dimensions : 7 065 x 2 350 x 1 540 mm<\/li>\n<li>Volume : 13 554 L<\/li>\n<li>Poids (\u00e0 sec) : 1,530 kg<\/li>\n<li>Alimentation : 16Amp &#8211; 400V<\/li>\n<li>Disponible en 2 versions<\/li>\n<li>Diverses options possibles<\/li>\n<\/ul>\n","protected":false},"featured_media":20190,"template":"","meta":{"_acf_changed":false,"_uag_custom_page_level_css":"","site-sidebar-layout":"default","site-content-layout":"","ast-site-content-layout":"default","site-content-style":"default","site-sidebar-style":"default","ast-global-header-display":"","ast-banner-title-visibility":"","ast-main-header-display":"","ast-hfb-above-header-display":"","ast-hfb-below-header-display":"","ast-hfb-mobile-header-display":"","site-post-title":"","ast-breadcrumbs-content":"","ast-featured-img":"","footer-sml-layout":"","ast-disable-related-posts":"","theme-transparent-header-meta":"default","adv-header-id-meta":"","stick-header-meta":"","header-above-stick-meta":"","header-main-stick-meta":"","header-below-stick-meta":"","astra-migrate-meta-layouts":"set","ast-page-background-enabled":"default","ast-page-background-meta":{"desktop":{"background-color":"","background-image":"","background-repeat":"repeat","background-position":"center center","background-size":"auto","background-attachment":"scroll","background-type":"","background-media":"","overlay-type":"","overlay-color":"","overlay-opacity":"","overlay-gradient":""},"tablet":{"background-color":"","background-image":"","background-repeat":"repeat","background-position":"center center","background-size":"auto","background-attachment":"scroll","background-type":"","background-media":"","overlay-type":"","overlay-color":"","overlay-opacity":"","overlay-gradient":""},"mobile":{"background-color":"","background-image":"","background-repeat":"repeat","background-position":"center center","background-size":"auto","background-attachment":"scroll","background-type":"","background-media":"","overlay-type":"","overlay-color":"","overlay-opacity":"","overlay-gradient":""}},"ast-content-background-meta":{"desktop":{"background-color":"var(--ast-global-color-5)","background-image":"","background-repeat":"repeat","background-position":"center center","background-size":"auto","background-attachment":"scroll","background-type":"","background-media":"","overlay-type":"","overlay-color":"","overlay-opacity":"","overlay-gradient":""},"tablet":{"background-color":"var(--ast-global-color-5)","background-image":"","background-repeat":"repeat","background-position":"center center","background-size":"auto","background-attachment":"scroll","background-type":"","background-media":"","overlay-type":"","overlay-color":"","overlay-opacity":"","overlay-gradient":""},"mobile":{"background-color":"var(--ast-global-color-5)","background-image":"","background-repeat":"repeat","background-position":"center center","background-size":"auto","background-attachment":"scroll","background-type":"","background-media":"","overlay-type":"","overlay-color":"","overlay-opacity":"","overlay-gradient":""}}},"product_brand":[],"product_cat":[664,667,647],"product_tag":[1718,1722,1314,1596,1310,1788,1311,1312],"class_list":{"0":"post-22363","1":"product","2":"type-product","3":"status-publish","4":"has-post-thumbnail","6":"product_cat-riptide-fr","7":"product_cat-riptide-1-volume","8":"product_cat-spa-de-nage","9":"product_tag-atlantis-fr","10":"product_tag-atlantis-7-0-xd-fr","11":"product_tag-gervi-fr","12":"product_tag-monobloc","13":"product_tag-riptide-fr","14":"product_tag-riptideswim-fr","15":"product_tag-spa-de-natation","16":"product_tag-swimspa-fr","17":"desktop-align-left","18":"tablet-align-left","19":"mobile-align-left","21":"first","22":"instock","23":"product-type-simple"},"acf":[],"uagb_featured_image_src":{"full":["https:\/\/gervi.be\/wp-content\/uploads\/2024\/03\/Atlantis-7.0-XD-Riptide-Zwemspa.jpg",1920,1920,false],"thumbnail":["https:\/\/gervi.be\/wp-content\/uploads\/2024\/03\/Atlantis-7.0-XD-Riptide-Zwemspa-150x150.jpg",150,150,true],"medium":["https:\/\/gervi.be\/wp-content\/uploads\/2024\/03\/Atlantis-7.0-XD-Riptide-Zwemspa-300x300.jpg",300,300,true],"medium_large":["https:\/\/gervi.be\/wp-content\/uploads\/2024\/03\/Atlantis-7.0-XD-Riptide-Zwemspa-768x768.jpg",768,768,true],"large":["https:\/\/gervi.be\/wp-content\/uploads\/2024\/03\/Atlantis-7.0-XD-Riptide-Zwemspa-1024x1024.jpg",1024,1024,true],"1536x1536":["https:\/\/gervi.be\/wp-content\/uploads\/2024\/03\/Atlantis-7.0-XD-Riptide-Zwemspa-1536x1536.jpg",1536,1536,true],"2048x2048":["https:\/\/gervi.be\/wp-content\/uploads\/2024\/03\/Atlantis-7.0-XD-Riptide-Zwemspa.jpg",1920,1920,false],"woocommerce_thumbnail":["https:\/\/gervi.be\/wp-content\/uploads\/2024\/03\/Atlantis-7.0-XD-Riptide-Zwemspa-1920x1500.jpg",1920,1500,true],"woocommerce_single":["https:\/\/gervi.be\/wp-content\/uploads\/2024\/03\/Atlantis-7.0-XD-Riptide-Zwemspa.jpg",1920,1920,false],"woocommerce_gallery_thumbnail":["https:\/\/gervi.be\/wp-content\/uploads\/2024\/03\/Atlantis-7.0-XD-Riptide-Zwemspa-100x100.jpg",100,100,true],"dgwt-wcas-product-suggestion":["https:\/\/gervi.be\/wp-content\/uploads\/2024\/03\/Atlantis-7.0-XD-Riptide-Zwemspa.jpg",64,64,false]},"uagb_author_info":{"display_name":"Marjolein Nijs","author_link":"https:\/\/gervi.be\/fr\/author\/"},"uagb_comment_info":0,"uagb_excerpt":"Dimensions : 7 065 x 2 350 x 1 540 mm Volume : 13 554 L Poids (\u00e0 sec) : 1,530 kg Alimentation : 16Amp - 400V Disponible en 2 versions Diverses options possibles","_links":{"self":[{"href":"https:\/\/gervi.be\/fr\/wp-json\/wp\/v2\/product\/22363","targetHints":{"allow":["GET"]}}],"collection":[{"href":"https:\/\/gervi.be\/fr\/wp-json\/wp\/v2\/product"}],"about":[{"href":"https:\/\/gervi.be\/fr\/wp-json\/wp\/v2\/types\/product"}],"wp:featuredmedia":[{"embeddable":true,"href":"https:\/\/gervi.be\/fr\/wp-json\/wp\/v2\/media\/20190"}],"wp:attachment":[{"href":"https:\/\/gervi.be\/fr\/wp-json\/wp\/v2\/media?parent=22363"}],"wp:term":[{"taxonomy":"product_brand","embeddable":true,"href":"https:\/\/gervi.be\/fr\/wp-json\/wp\/v2\/product_brand?post=22363"},{"taxonomy":"product_cat","embeddable":true,"href":"https:\/\/gervi.be\/fr\/wp-json\/wp\/v2\/product_cat?post=22363"},{"taxonomy":"product_tag","embeddable":true,"href":"https:\/\/gervi.be\/fr\/wp-json\/wp\/v2\/product_tag?post=22363"}],"curies":[{"name":"wp","href":"https:\/\/api.w.org\/{rel}","templated":true}]}}