{"id":22361,"date":"2024-05-08T13:24:36","date_gmt":"2024-05-08T11:24:36","guid":{"rendered":"https:\/\/gervi.be\/?post_type=product&#038;p=22361"},"modified":"2024-06-18T10:20:44","modified_gmt":"2024-06-18T08:20:44","slug":"atlantis-4-4","status":"publish","type":"product","link":"https:\/\/gervi.be\/fr\/produit\/atlantis-4-4\/","title":{"rendered":"Atlantis 4.4"},"content":{"rendered":"<div class=\"flex flex-grow flex-col max-w-full\">\n<div class=\"min-h-[20px] text-message flex flex-col items-start gap-3 whitespace-pre-wrap break-words [.text-message+&amp;]:mt-5 overflow-x-auto\" data-message-author-role=\"assistant\" data-message-id=\"6a7ef4dc-7de5-421c-b8af-a5ad819f96d0\">\n<div class=\"markdown prose w-full break-words dark:prose-invert light\">\n<p><a href=\"https:\/\/gervi.be\/merken\/riptide\/\"><img decoding=\"async\" class=\"alignnone wp-image-20326\" src=\"https:\/\/gervi.be\/wp-content\/uploads\/2023\/08\/Riptide-logo-300x92.png\" alt=\"Logo Riptide\" width=\"150\" height=\"46\" title=\"\" srcset=\"https:\/\/gervi.be\/wp-content\/uploads\/2023\/08\/Riptide-logo-300x92.png 300w, https:\/\/gervi.be\/wp-content\/uploads\/2023\/08\/Riptide-logo-1024x314.png 1024w, https:\/\/gervi.be\/wp-content\/uploads\/2023\/08\/Riptide-logo-768x236.png 768w, https:\/\/gervi.be\/wp-content\/uploads\/2023\/08\/Riptide-logo-1536x471.png 1536w, https:\/\/gervi.be\/wp-content\/uploads\/2023\/08\/Riptide-logo.png 1597w\" sizes=\"(max-width: 150px) 100vw, 150px\" \/><\/a><\/p>\n<h2>Description<\/h2>\n<div class=\"flex flex-grow flex-col max-w-full\">\n<div class=\"min-h-[20px] text-message flex flex-col items-start gap-3 whitespace-pre-wrap break-words [.text-message+&amp;]:mt-5 overflow-x-auto\" data-message-author-role=\"assistant\" data-message-id=\"594eec33-9010-44a2-afd5-7c9acf28cbf9\">\n<div class=\"markdown prose w-full break-words dark:prose-invert light\">\n<div class=\"flex flex-grow flex-col max-w-full\">\n<div class=\"min-h-[20px] text-message flex flex-col items-start gap-3 whitespace-pre-wrap break-words [.text-message+&amp;]:mt-5 overflow-x-auto\" data-message-author-role=\"assistant\" data-message-id=\"6bb917d0-9187-4dde-b92a-0474588d2c2b\">\n<div class=\"markdown prose w-full break-words dark:prose-invert light\">\n<div class=\"flex flex-grow flex-col max-w-full\">\n<div class=\"text-message flex flex-col items-start whitespace-pre-wrap break-words [.text-message+&amp;]:mt-5 overflow-x-auto gap-3\" dir=\"auto\" data-message-author-role=\"assistant\" data-message-id=\"c730e535-4295-43fe-a0ff-21884e2a6163\">\n<div class=\"markdown prose w-full break-words dark:prose-invert light\">\n<div class=\"flex flex-grow flex-col max-w-full\">\n<div class=\"text-message flex flex-col items-start whitespace-pre-wrap break-words [.text-message+&amp;]:mt-5 overflow-x-auto gap-3\" dir=\"auto\" data-message-author-role=\"assistant\" data-message-id=\"63f070db-1f10-4938-92d7-7d815882857d\">\n<div class=\"markdown prose w-full break-words dark:prose-invert light\">\n<p>L&#8217;Atlantis 4.4 de Riptide est une prouesse de conception de spa de nage qui allie fonctionnalit\u00e9, luxe et convivialit\u00e9 dans un ensemble compact. Ce mod\u00e8le est id\u00e9al pour les m\u00e9nages qui pr\u00e9f\u00e8rent une installation plus \u00e9l\u00e9gante sans compromettre la qualit\u00e9 et la puissance d&#8217;un spa de nage de grande taille. Avec une longueur de 4 430 mm, une largeur de 2 350 mm et une hauteur de 1 290 mm, l&#8217;Atlantis 4.4 offre un cadre \u00e0 la fois spacieux et intime qui s&#8217;adapte parfaitement aux espaces ext\u00e9rieurs, qu&#8217;ils soient petits ou grands.<\/p>\n<p>Le design de l&#8217;Atlantis 4.4 est un parangon de l&#8217;architecture moderne des spas de nage. Ses lignes \u00e9pur\u00e9es et son esth\u00e9tique minimaliste lui permettent de s&#8217;int\u00e9grer sans effort dans une vari\u00e9t\u00e9 de styles d&#8217;ambiance, du classique au contemporain. L&#8217;utilisation de mat\u00e9riaux de haute qualit\u00e9 garantit la durabilit\u00e9 contre les \u00e9l\u00e9ments, tandis que des techniques de construction avanc\u00e9es assurent un fonctionnement sans fuite et sans souci pendant de nombreuses ann\u00e9es.<\/p>\n<p>A l&#8217;int\u00e9rieur de l&#8217;Atlantis 4.4, on trouve un syst\u00e8me ing\u00e9nieux de jets de nage puissants qui sont r\u00e9glables pour offrir diff\u00e9rents niveaux de r\u00e9sistance. Cela permet aux utilisateurs de tous \u00e2ges et de tous niveaux de natation de b\u00e9n\u00e9ficier d&#8217;un entra\u00eenement sur mesure. Que vous soyez un nageur d\u00e9butant cherchant \u00e0 apprendre \u00e0 se d\u00e9placer confortablement dans l&#8217;eau, ou un athl\u00e8te entra\u00een\u00e9 cherchant \u00e0 am\u00e9liorer son endurance et sa technique, l&#8217;Atlantis 4.4 s&#8217;adapte \u00e0 vos besoins.<\/p>\n<p>La consommation d&#8217;\u00e9nergie de l&#8217;Atlantis 4.4 est un autre \u00e9l\u00e9ment important \u00e0 prendre en compte. Riptide a veill\u00e9 \u00e0 ce que ce mod\u00e8le soit \u00e9quip\u00e9 des derni\u00e8res technologies en mati\u00e8re de pompes et de syst\u00e8mes de chauffage \u00e0 haut rendement \u00e9nerg\u00e9tique. Ces syst\u00e8mes sont con\u00e7us pour minimiser les co\u00fbts d&#8217;exploitation sans sacrifier les performances ou le confort. L&#8217;Atlantis 4.4 est donc un choix \u00e9conomiquement judicieux pour le consommateur soucieux de l&#8217;environnement.<\/p>\n<p>La facilit\u00e9 d&#8217;utilisation est cruciale pour tout spa de nage, et l&#8217;Atlantis 4.4 ne d\u00e9\u00e7oit pas. Il est dot\u00e9 d&#8217;un panneau de commande num\u00e9rique convivial qui permet d&#8217;acc\u00e9der facilement \u00e0 toutes les fonctions du spa. Du r\u00e9glage de la temp\u00e9rature \u00e0 la commande des jets, tout peut \u00eatre g\u00e9r\u00e9 en quelques touches. En outre, le syst\u00e8me est \u00e9quip\u00e9 d&#8217;une m\u00e9thode efficace de d\u00e9sinfection \u00e0 l&#8217;ozone qui garantit que l&#8217;eau est toujours propre et claire avec un minimum d&#8217;effort.<\/p>\n<p>L&#8217;Atlantis 4.4 offre \u00e9galement des options d&#8217;\u00e9clairage personnalis\u00e9es qui peuvent am\u00e9liorer l&#8217;humeur de l&#8217;utilisateur et son exp\u00e9rience globale. Qu&#8217;il s&#8217;agisse d&#8217;une soir\u00e9e tranquille en solitaire ou d&#8217;une f\u00eate anim\u00e9e entre amis, l&#8217;\u00e9clairage LED r\u00e9glable \u00e0 l&#8217;int\u00e9rieur et autour du spa peut \u00eatre ajust\u00e9 pour donner le bon ton.<\/p>\n<p>En r\u00e9sum\u00e9, l&#8217;Atlantis 4.4 de Riptide combine une technologie avanc\u00e9e avec des caract\u00e9ristiques conviviales et une construction durable. Ce mod\u00e8le est parfait pour ceux qui veulent un spa de nage de qualit\u00e9 sans avoir \u00e0 consacrer une grande surface \u00e0 leur passion pour la natation et la relaxation. Offrant un \u00e9quilibre harmonieux entre la fonction et le plaisir, Atlantis 4.4 promet de devenir un lieu central pour la sant\u00e9 et la relaxation dans le confort de votre propre maison.<\/p>\n<\/div>\n<\/div>\n<\/div>\n<\/div>\n<\/div>\n<\/div>\n<\/div>\n<\/div>\n<\/div>\n<\/div>\n<\/div>\n<\/div>\n<\/div>\n<\/div>\n<\/div>\n","protected":false},"excerpt":{"rendered":"<ul>\n<li>Dimensions : 4 430 x 2 350 x 1 290 mm<\/li>\n<li>Volume : 5 690 L<\/li>\n<li>Poids (\u00e0 sec) : 775 Kg<\/li>\n<li>Alimentation : 16Amp &#8211; 400V<\/li>\n<li>Disponible en 3 versions<\/li>\n<li>Diverses options possibles<\/li>\n<\/ul>\n","protected":false},"featured_media":20206,"template":"","meta":{"_acf_changed":false,"_uag_custom_page_level_css":"","site-sidebar-layout":"default","site-content-layout":"","ast-site-content-layout":"default","site-content-style":"default","site-sidebar-style":"default","ast-global-header-display":"","ast-banner-title-visibility":"","ast-main-header-display":"","ast-hfb-above-header-display":"","ast-hfb-below-header-display":"","ast-hfb-mobile-header-display":"","site-post-title":"","ast-breadcrumbs-content":"","ast-featured-img":"","footer-sml-layout":"","ast-disable-related-posts":"","theme-transparent-header-meta":"default","adv-header-id-meta":"","stick-header-meta":"","header-above-stick-meta":"","header-main-stick-meta":"","header-below-stick-meta":"","astra-migrate-meta-layouts":"set","ast-page-background-enabled":"default","ast-page-background-meta":{"desktop":{"background-color":"","background-image":"","background-repeat":"repeat","background-position":"center center","background-size":"auto","background-attachment":"scroll","background-type":"","background-media":"","overlay-type":"","overlay-color":"","overlay-opacity":"","overlay-gradient":""},"tablet":{"background-color":"","background-image":"","background-repeat":"repeat","background-position":"center center","background-size":"auto","background-attachment":"scroll","background-type":"","background-media":"","overlay-type":"","overlay-color":"","overlay-opacity":"","overlay-gradient":""},"mobile":{"background-color":"","background-image":"","background-repeat":"repeat","background-position":"center center","background-size":"auto","background-attachment":"scroll","background-type":"","background-media":"","overlay-type":"","overlay-color":"","overlay-opacity":"","overlay-gradient":""}},"ast-content-background-meta":{"desktop":{"background-color":"var(--ast-global-color-5)","background-image":"","background-repeat":"repeat","background-position":"center center","background-size":"auto","background-attachment":"scroll","background-type":"","background-media":"","overlay-type":"","overlay-color":"","overlay-opacity":"","overlay-gradient":""},"tablet":{"background-color":"var(--ast-global-color-5)","background-image":"","background-repeat":"repeat","background-position":"center center","background-size":"auto","background-attachment":"scroll","background-type":"","background-media":"","overlay-type":"","overlay-color":"","overlay-opacity":"","overlay-gradient":""},"mobile":{"background-color":"var(--ast-global-color-5)","background-image":"","background-repeat":"repeat","background-position":"center center","background-size":"auto","background-attachment":"scroll","background-type":"","background-media":"","overlay-type":"","overlay-color":"","overlay-opacity":"","overlay-gradient":""}}},"product_brand":[],"product_cat":[664,667,647],"product_tag":[1718,1720,1314,1596,1310,1788,1311,1312],"class_list":{"0":"post-22361","1":"product","2":"type-product","3":"status-publish","4":"has-post-thumbnail","6":"product_cat-riptide-fr","7":"product_cat-riptide-1-volume","8":"product_cat-spa-de-nage","9":"product_tag-atlantis-fr","10":"product_tag-atlantis-4-4-fr","11":"product_tag-gervi-fr","12":"product_tag-monobloc","13":"product_tag-riptide-fr","14":"product_tag-riptideswim-fr","15":"product_tag-spa-de-natation","16":"product_tag-swimspa-fr","17":"desktop-align-left","18":"tablet-align-left","19":"mobile-align-left","21":"first","22":"instock","23":"product-type-simple"},"acf":[],"uagb_featured_image_src":{"full":["https:\/\/gervi.be\/wp-content\/uploads\/2024\/03\/Atlantis-4.4-Riptide-Zwemspa.jpg",1920,1920,false],"thumbnail":["https:\/\/gervi.be\/wp-content\/uploads\/2024\/03\/Atlantis-4.4-Riptide-Zwemspa-150x150.jpg",150,150,true],"medium":["https:\/\/gervi.be\/wp-content\/uploads\/2024\/03\/Atlantis-4.4-Riptide-Zwemspa-300x300.jpg",300,300,true],"medium_large":["https:\/\/gervi.be\/wp-content\/uploads\/2024\/03\/Atlantis-4.4-Riptide-Zwemspa-768x768.jpg",768,768,true],"large":["https:\/\/gervi.be\/wp-content\/uploads\/2024\/03\/Atlantis-4.4-Riptide-Zwemspa-1024x1024.jpg",1024,1024,true],"1536x1536":["https:\/\/gervi.be\/wp-content\/uploads\/2024\/03\/Atlantis-4.4-Riptide-Zwemspa-1536x1536.jpg",1536,1536,true],"2048x2048":["https:\/\/gervi.be\/wp-content\/uploads\/2024\/03\/Atlantis-4.4-Riptide-Zwemspa.jpg",1920,1920,false],"woocommerce_thumbnail":["https:\/\/gervi.be\/wp-content\/uploads\/2024\/03\/Atlantis-4.4-Riptide-Zwemspa-1920x1500.jpg",1920,1500,true],"woocommerce_single":["https:\/\/gervi.be\/wp-content\/uploads\/2024\/03\/Atlantis-4.4-Riptide-Zwemspa.jpg",1920,1920,false],"woocommerce_gallery_thumbnail":["https:\/\/gervi.be\/wp-content\/uploads\/2024\/03\/Atlantis-4.4-Riptide-Zwemspa-100x100.jpg",100,100,true],"dgwt-wcas-product-suggestion":["https:\/\/gervi.be\/wp-content\/uploads\/2024\/03\/Atlantis-4.4-Riptide-Zwemspa.jpg",64,64,false]},"uagb_author_info":{"display_name":"Marjolein Nijs","author_link":"https:\/\/gervi.be\/fr\/author\/"},"uagb_comment_info":0,"uagb_excerpt":"Dimensions : 4 430 x 2 350 x 1 290 mm Volume : 5 690 L Poids (\u00e0 sec) : 775 Kg Alimentation : 16Amp - 400V Disponible en 3 versions Diverses options possibles","_links":{"self":[{"href":"https:\/\/gervi.be\/fr\/wp-json\/wp\/v2\/product\/22361","targetHints":{"allow":["GET"]}}],"collection":[{"href":"https:\/\/gervi.be\/fr\/wp-json\/wp\/v2\/product"}],"about":[{"href":"https:\/\/gervi.be\/fr\/wp-json\/wp\/v2\/types\/product"}],"wp:featuredmedia":[{"embeddable":true,"href":"https:\/\/gervi.be\/fr\/wp-json\/wp\/v2\/media\/20206"}],"wp:attachment":[{"href":"https:\/\/gervi.be\/fr\/wp-json\/wp\/v2\/media?parent=22361"}],"wp:term":[{"taxonomy":"product_brand","embeddable":true,"href":"https:\/\/gervi.be\/fr\/wp-json\/wp\/v2\/product_brand?post=22361"},{"taxonomy":"product_cat","embeddable":true,"href":"https:\/\/gervi.be\/fr\/wp-json\/wp\/v2\/product_cat?post=22361"},{"taxonomy":"product_tag","embeddable":true,"href":"https:\/\/gervi.be\/fr\/wp-json\/wp\/v2\/product_tag?post=22361"}],"curies":[{"name":"wp","href":"https:\/\/api.w.org\/{rel}","templated":true}]}}