{"id":22357,"date":"2024-05-08T13:04:16","date_gmt":"2024-05-08T11:04:16","guid":{"rendered":"https:\/\/gervi.be\/?post_type=product&#038;p=22357"},"modified":"2024-06-18T10:20:43","modified_gmt":"2024-06-18T08:20:43","slug":"atlantis-5-9","status":"publish","type":"product","link":"https:\/\/gervi.be\/fr\/produit\/atlantis-5-9\/","title":{"rendered":"Atlantis 5.9"},"content":{"rendered":"<div class=\"flex flex-grow flex-col max-w-full\">\n<div class=\"min-h-[20px] text-message flex flex-col items-start gap-3 whitespace-pre-wrap break-words [.text-message+&amp;]:mt-5 overflow-x-auto\" data-message-author-role=\"assistant\" data-message-id=\"6a7ef4dc-7de5-421c-b8af-a5ad819f96d0\">\n<div class=\"markdown prose w-full break-words dark:prose-invert light\">\n<p><a href=\"https:\/\/gervi.be\/merken\/riptide\/\"><img decoding=\"async\" class=\"alignnone wp-image-20326\" src=\"https:\/\/gervi.be\/wp-content\/uploads\/2023\/08\/Riptide-logo-300x92.png\" alt=\"Logo Riptide\" width=\"150\" height=\"46\" title=\"\" srcset=\"https:\/\/gervi.be\/wp-content\/uploads\/2023\/08\/Riptide-logo-300x92.png 300w, https:\/\/gervi.be\/wp-content\/uploads\/2023\/08\/Riptide-logo-1024x314.png 1024w, https:\/\/gervi.be\/wp-content\/uploads\/2023\/08\/Riptide-logo-768x236.png 768w, https:\/\/gervi.be\/wp-content\/uploads\/2023\/08\/Riptide-logo-1536x471.png 1536w, https:\/\/gervi.be\/wp-content\/uploads\/2023\/08\/Riptide-logo.png 1597w\" sizes=\"(max-width: 150px) 100vw, 150px\" \/><\/a><\/p>\n<h2>Description<\/h2>\n<div class=\"flex flex-grow flex-col max-w-full\">\n<div class=\"min-h-[20px] text-message flex flex-col items-start gap-3 whitespace-pre-wrap break-words [.text-message+&amp;]:mt-5 overflow-x-auto\" data-message-author-role=\"assistant\" data-message-id=\"594eec33-9010-44a2-afd5-7c9acf28cbf9\">\n<div class=\"markdown prose w-full break-words dark:prose-invert light\">\n<div class=\"flex flex-grow flex-col max-w-full\">\n<div class=\"min-h-[20px] text-message flex flex-col items-start gap-3 whitespace-pre-wrap break-words [.text-message+&amp;]:mt-5 overflow-x-auto\" data-message-author-role=\"assistant\" data-message-id=\"6bb917d0-9187-4dde-b92a-0474588d2c2b\">\n<div class=\"markdown prose w-full break-words dark:prose-invert light\">\n<div class=\"flex flex-grow flex-col max-w-full\">\n<div class=\"text-message flex flex-col items-start whitespace-pre-wrap break-words [.text-message+&amp;]:mt-5 overflow-x-auto gap-3\" dir=\"auto\" data-message-author-role=\"assistant\" data-message-id=\"c730e535-4295-43fe-a0ff-21884e2a6163\">\n<div class=\"markdown prose w-full break-words dark:prose-invert light\">\n<p>Le spa de nage Atlantis 5.9 de Riptide offre un m\u00e9lange de luxe et de performance in\u00e9gal\u00e9 dans l&#8217;offre actuelle de spas de nage. Ce mod\u00e8le est con\u00e7u pour les nageurs enthousiastes comme pour ceux qui souhaitent simplement se d\u00e9tendre dans le confort de leur jardin. Avec pr\u00e8s de six m\u00e8tres de long, l&#8217;Atlantis 5.9 offre suffisamment d&#8217;espace pour des s\u00e9ances de natation intenses et des s\u00e9ances d&#8217;hydroth\u00e9rapie relaxantes.<\/p>\n<p>D&#8217;un point de vue esth\u00e9tique, le Riptide Atlantis 5.9 se distingue par un design \u00e9pur\u00e9 et moderne qui s&#8217;int\u00e8gre sans effort \u00e0 tout espace de vie ext\u00e9rieur. Les dimensions g\u00e9n\u00e9reuses cr\u00e9ent un sentiment de libert\u00e9, la piscine profonde et large cr\u00e9ant un environnement parfait pour la natation, l&#8217;exercice et le jeu. Avec une capacit\u00e9 de pr\u00e8s de 9 000 litres d&#8217;eau, ce spa de nage n&#8217;est pas seulement un point de mire visuel, mais aussi une oasis de d\u00e9tente.<\/p>\n<p>La construction de l&#8217;Atlantis 5.9 est de premi\u00e8re qualit\u00e9. L&#8217;utilisation de mat\u00e9riaux durables garantit que le spa de nage r\u00e9siste au temps et aux intemp\u00e9ries. La technologie d&#8217;isolation avanc\u00e9e, utilisant Platinum Lock et Full Foaming, garantit l&#8217;efficacit\u00e9 \u00e9nerg\u00e9tique en retenant mieux la chaleur. Cela rend non seulement l&#8217;Atlantis 5.9 plus \u00e9conome en \u00e9nergie, mais permet \u00e9galement de ma\u00eetriser les co\u00fbts \u00e9nerg\u00e9tiques mensuels.<\/p>\n<p>En termes de fonctionnalit\u00e9s, l&#8217;Atlantis 5.9 offre une s\u00e9rie de caract\u00e9ristiques qui le distinguent des autres mod\u00e8les. Les jets de natation puissants et r\u00e9glables permettent d&#8217;ajuster le d\u00e9bit \u00e0 diff\u00e9rents niveaux d&#8217;entra\u00eenement, du d\u00e9bit l\u00e9ger pour des mouvements de natation relaxants aux vagues puissantes pour une s\u00e9ance d&#8217;entra\u00eenement intense. L&#8217;Atlantis 5.9 est donc id\u00e9al pour les nageurs d\u00e9butants et exp\u00e9riment\u00e9s. Les jets sont strat\u00e9giquement plac\u00e9s pour fournir une r\u00e9sistance constante, ce qui est essentiel pour des exercices de natation efficaces.<\/p>\n<p>L&#8217;exp\u00e9rience de l&#8217;utilisateur est enrichie par un syst\u00e8me de commande avanc\u00e9 qui permet un contr\u00f4le intuitif de tous les aspects du spa de nage Riptide. Un \u00e9cran tactile facile \u00e0 utiliser permet aux utilisateurs de r\u00e9gler rapidement les param\u00e8tres tels que la temp\u00e9rature, l&#8217;intensit\u00e9 du jet et l&#8217;\u00e9clairage. L&#8217;Atlantis 5.9 est \u00e9galement \u00e9quip\u00e9 d&#8217;un \u00e9clairage d&#8217;ambiance qui peut \u00eatre r\u00e9gl\u00e9 pour cr\u00e9er la bonne atmosph\u00e8re, que ce soit pour une s\u00e9ance de natation \u00e9nergique ou une soir\u00e9e tranquille dans l&#8217;eau.<\/p>\n<p>Le spa de nage Riptide Atlantis 5.9 s&#8217;engage \u00e9galement sur la qualit\u00e9 de l&#8217;eau et la facilit\u00e9 d&#8217;entretien. Le syst\u00e8me de filtration int\u00e9gr\u00e9, associ\u00e9 \u00e0 la d\u00e9sinfection \u00e0 l&#8217;ozone, garantit que l&#8217;eau reste propre et claire avec un minimum d&#8217;effort. Ce syst\u00e8me r\u00e9duit la d\u00e9pendance aux produits chimiques et garantit un environnement de baignade plus sain. De plus, les pompes de haute qualit\u00e9 assurent une circulation efficace, contribuant ainsi \u00e0 la durabilit\u00e9 et aux performances globales du spa.<\/p>\n<p>L&#8217;Atlantis 5.9 offre une combinaison optimale de style, de performance et de durabilit\u00e9, ce qui en fait un excellent investissement pour ceux qui cherchent \u00e0 tirer le meilleur parti de leur spa de nage. Plus qu&#8217;un spa de natation, il s&#8217;agit d&#8217;un centre de bien-\u00eatre aux multiples facettes qui vous garantit des ann\u00e9es de plaisir et de d\u00e9tente. Ce mod\u00e8le refl\u00e8te l&#8217;engagement de Riptide \u00e0 fournir des produits durables et de haute qualit\u00e9 qui se situent au sommet du march\u00e9.<\/p>\n<\/div>\n<\/div>\n<\/div>\n<\/div>\n<\/div>\n<\/div>\n<\/div>\n<\/div>\n<\/div>\n<\/div>\n<\/div>\n<\/div>\n","protected":false},"excerpt":{"rendered":"<ul>\n<li>Dimensions : 5 915 x 2 350 x 1 290 mm<\/li>\n<li>Volume : 8 970 L<\/li>\n<li>Poids (\u00e0 sec) : 1 060 Kg<\/li>\n<li>Alimentation : 16Amp &#8211; 400V<\/li>\n<li>Disponible en 3 versions<\/li>\n<li>Diverses options possibles<\/li>\n<\/ul>\n","protected":false},"featured_media":20198,"template":"","meta":{"_acf_changed":false,"_uag_custom_page_level_css":"","site-sidebar-layout":"default","site-content-layout":"","ast-site-content-layout":"default","site-content-style":"default","site-sidebar-style":"default","ast-global-header-display":"","ast-banner-title-visibility":"","ast-main-header-display":"","ast-hfb-above-header-display":"","ast-hfb-below-header-display":"","ast-hfb-mobile-header-display":"","site-post-title":"","ast-breadcrumbs-content":"","ast-featured-img":"","footer-sml-layout":"","ast-disable-related-posts":"","theme-transparent-header-meta":"default","adv-header-id-meta":"","stick-header-meta":"","header-above-stick-meta":"","header-main-stick-meta":"","header-below-stick-meta":"","astra-migrate-meta-layouts":"set","ast-page-background-enabled":"default","ast-page-background-meta":{"desktop":{"background-color":"","background-image":"","background-repeat":"repeat","background-position":"center center","background-size":"auto","background-attachment":"scroll","background-type":"","background-media":"","overlay-type":"","overlay-color":"","overlay-opacity":"","overlay-gradient":""},"tablet":{"background-color":"","background-image":"","background-repeat":"repeat","background-position":"center center","background-size":"auto","background-attachment":"scroll","background-type":"","background-media":"","overlay-type":"","overlay-color":"","overlay-opacity":"","overlay-gradient":""},"mobile":{"background-color":"","background-image":"","background-repeat":"repeat","background-position":"center center","background-size":"auto","background-attachment":"scroll","background-type":"","background-media":"","overlay-type":"","overlay-color":"","overlay-opacity":"","overlay-gradient":""}},"ast-content-background-meta":{"desktop":{"background-color":"var(--ast-global-color-5)","background-image":"","background-repeat":"repeat","background-position":"center center","background-size":"auto","background-attachment":"scroll","background-type":"","background-media":"","overlay-type":"","overlay-color":"","overlay-opacity":"","overlay-gradient":""},"tablet":{"background-color":"var(--ast-global-color-5)","background-image":"","background-repeat":"repeat","background-position":"center center","background-size":"auto","background-attachment":"scroll","background-type":"","background-media":"","overlay-type":"","overlay-color":"","overlay-opacity":"","overlay-gradient":""},"mobile":{"background-color":"var(--ast-global-color-5)","background-image":"","background-repeat":"repeat","background-position":"center center","background-size":"auto","background-attachment":"scroll","background-type":"","background-media":"","overlay-type":"","overlay-color":"","overlay-opacity":"","overlay-gradient":""}}},"product_brand":[],"product_cat":[664,667,647],"product_tag":[1718,1717,1314,1596,1310,1788,1311,1312],"class_list":{"0":"post-22357","1":"product","2":"type-product","3":"status-publish","4":"has-post-thumbnail","6":"product_cat-riptide-fr","7":"product_cat-riptide-1-volume","8":"product_cat-spa-de-nage","9":"product_tag-atlantis-fr","10":"product_tag-atlantis-5-9-fr","11":"product_tag-gervi-fr","12":"product_tag-monobloc","13":"product_tag-riptide-fr","14":"product_tag-riptideswim-fr","15":"product_tag-spa-de-natation","16":"product_tag-swimspa-fr","17":"desktop-align-left","18":"tablet-align-left","19":"mobile-align-left","21":"first","22":"instock","23":"product-type-simple"},"acf":[],"uagb_featured_image_src":{"full":["https:\/\/gervi.be\/wp-content\/uploads\/2024\/03\/Atlantis-5.9-Riptide-Zwemspa.jpg",1920,1920,false],"thumbnail":["https:\/\/gervi.be\/wp-content\/uploads\/2024\/03\/Atlantis-5.9-Riptide-Zwemspa-150x150.jpg",150,150,true],"medium":["https:\/\/gervi.be\/wp-content\/uploads\/2024\/03\/Atlantis-5.9-Riptide-Zwemspa-300x300.jpg",300,300,true],"medium_large":["https:\/\/gervi.be\/wp-content\/uploads\/2024\/03\/Atlantis-5.9-Riptide-Zwemspa-768x768.jpg",768,768,true],"large":["https:\/\/gervi.be\/wp-content\/uploads\/2024\/03\/Atlantis-5.9-Riptide-Zwemspa-1024x1024.jpg",1024,1024,true],"1536x1536":["https:\/\/gervi.be\/wp-content\/uploads\/2024\/03\/Atlantis-5.9-Riptide-Zwemspa-1536x1536.jpg",1536,1536,true],"2048x2048":["https:\/\/gervi.be\/wp-content\/uploads\/2024\/03\/Atlantis-5.9-Riptide-Zwemspa.jpg",1920,1920,false],"woocommerce_thumbnail":["https:\/\/gervi.be\/wp-content\/uploads\/2024\/03\/Atlantis-5.9-Riptide-Zwemspa-1920x1500.jpg",1920,1500,true],"woocommerce_single":["https:\/\/gervi.be\/wp-content\/uploads\/2024\/03\/Atlantis-5.9-Riptide-Zwemspa.jpg",1920,1920,false],"woocommerce_gallery_thumbnail":["https:\/\/gervi.be\/wp-content\/uploads\/2024\/03\/Atlantis-5.9-Riptide-Zwemspa-100x100.jpg",100,100,true],"dgwt-wcas-product-suggestion":["https:\/\/gervi.be\/wp-content\/uploads\/2024\/03\/Atlantis-5.9-Riptide-Zwemspa.jpg",64,64,false]},"uagb_author_info":{"display_name":"Marjolein Nijs","author_link":"https:\/\/gervi.be\/fr\/author\/"},"uagb_comment_info":0,"uagb_excerpt":"Dimensions : 5 915 x 2 350 x 1 290 mm Volume : 8 970 L Poids (\u00e0 sec) : 1 060 Kg Alimentation : 16Amp - 400V Disponible en 3 versions Diverses options possibles","_links":{"self":[{"href":"https:\/\/gervi.be\/fr\/wp-json\/wp\/v2\/product\/22357","targetHints":{"allow":["GET"]}}],"collection":[{"href":"https:\/\/gervi.be\/fr\/wp-json\/wp\/v2\/product"}],"about":[{"href":"https:\/\/gervi.be\/fr\/wp-json\/wp\/v2\/types\/product"}],"wp:featuredmedia":[{"embeddable":true,"href":"https:\/\/gervi.be\/fr\/wp-json\/wp\/v2\/media\/20198"}],"wp:attachment":[{"href":"https:\/\/gervi.be\/fr\/wp-json\/wp\/v2\/media?parent=22357"}],"wp:term":[{"taxonomy":"product_brand","embeddable":true,"href":"https:\/\/gervi.be\/fr\/wp-json\/wp\/v2\/product_brand?post=22357"},{"taxonomy":"product_cat","embeddable":true,"href":"https:\/\/gervi.be\/fr\/wp-json\/wp\/v2\/product_cat?post=22357"},{"taxonomy":"product_tag","embeddable":true,"href":"https:\/\/gervi.be\/fr\/wp-json\/wp\/v2\/product_tag?post=22357"}],"curies":[{"name":"wp","href":"https:\/\/api.w.org\/{rel}","templated":true}]}}