{"id":22336,"date":"2024-05-07T14:26:05","date_gmt":"2024-05-07T12:26:05","guid":{"rendered":"https:\/\/gervi.be\/?post_type=product&#038;p=22336"},"modified":"2024-06-18T10:26:08","modified_gmt":"2024-06-18T08:26:08","slug":"aqua-life-4-4-mono-xd","status":"publish","type":"product","link":"https:\/\/gervi.be\/fr\/produit\/aqua-life-4-4-mono-xd\/","title":{"rendered":"Aqua Life 4.4 Mono XD"},"content":{"rendered":"<div class=\"flex flex-grow flex-col max-w-full\">\n<div class=\"min-h-[20px] text-message flex flex-col items-start gap-3 whitespace-pre-wrap break-words [.text-message+&amp;]:mt-5 overflow-x-auto\" data-message-author-role=\"assistant\" data-message-id=\"6a7ef4dc-7de5-421c-b8af-a5ad819f96d0\">\n<div class=\"markdown prose w-full break-words dark:prose-invert light\">\n<p><a href=\"https:\/\/gervi.be\/merken\/riptide\/\"><img decoding=\"async\" class=\"alignnone wp-image-20326\" src=\"https:\/\/gervi.be\/wp-content\/uploads\/2023\/08\/Riptide-logo-300x92.png\" alt=\"Logo Riptide\" width=\"150\" height=\"46\" title=\"\" srcset=\"https:\/\/gervi.be\/wp-content\/uploads\/2023\/08\/Riptide-logo-300x92.png 300w, https:\/\/gervi.be\/wp-content\/uploads\/2023\/08\/Riptide-logo-1024x314.png 1024w, https:\/\/gervi.be\/wp-content\/uploads\/2023\/08\/Riptide-logo-768x236.png 768w, https:\/\/gervi.be\/wp-content\/uploads\/2023\/08\/Riptide-logo-1536x471.png 1536w, https:\/\/gervi.be\/wp-content\/uploads\/2023\/08\/Riptide-logo.png 1597w\" sizes=\"(max-width: 150px) 100vw, 150px\" \/><\/a><\/p>\n<h2>Description<\/h2>\n<div class=\"flex flex-grow flex-col max-w-full\">\n<div class=\"min-h-[20px] text-message flex flex-col items-start gap-3 whitespace-pre-wrap break-words [.text-message+&amp;]:mt-5 overflow-x-auto\" data-message-author-role=\"assistant\" data-message-id=\"ef598857-8729-4623-96b5-e0e04f50f3c0\">\n<div class=\"markdown prose w-full break-words dark:prose-invert light\">\n<div class=\"flex flex-grow flex-col max-w-full\">\n<div class=\"min-h-[20px] text-message flex flex-col items-start whitespace-pre-wrap break-words [.text-message+&amp;]:mt-5 overflow-x-auto gap-3\" dir=\"auto\" data-message-author-role=\"assistant\" data-message-id=\"ad9d1c47-2040-45cc-a99a-88b594ab66cc\">\n<div class=\"markdown prose w-full break-words dark:prose-invert light\">\n<p>L&#8217;Aqua Life 4.4 Mono XD, con\u00e7u et fabriqu\u00e9 par Riptide, est une prouesse d&#8217;ing\u00e9nierie et de conception avanc\u00e9e dans le monde des passes de natation. Avec ses dimensions compactes de 4 430 mm de longueur, 2 350 mm de largeur et 1 540 mm de profondeur, ce spa de nage combine une utilisation efficace de l&#8217;espace avec une profondeur suffisante pour une exp\u00e9rience de nage \u00e0 part enti\u00e8re.<\/p>\n<p>Ce spa de nage a une capacit\u00e9 d&#8217;eau de 6 783 litres, ce qui repr\u00e9sente un volume consid\u00e9rable pour un mod\u00e8le de cette taille, et le rend \u00e0 la fois fonctionnel et efficace. Le poids \u00e0 sec de 1 075 kg met en \u00e9vidence la construction robuste et la stabilit\u00e9 du spa de nage, qui sont essentielles \u00e0 la fois pour la durabilit\u00e9 et la s\u00e9curit\u00e9 d&#8217;utilisation.<\/p>\n<p>L&#8217;Aqua Life 4.4 Mono XD offre plus qu&#8217;un simple espace de baignade et de d\u00e9tente. Il int\u00e8gre des technologies avanc\u00e9es telles que le Quickwater Professional Swim Training System, qui permet aux nageurs de tous niveaux d&#8217;am\u00e9liorer leurs techniques ou simplement de profiter d&#8217;une exp\u00e9rience de flottaison relaxante. Ce syst\u00e8me, caract\u00e9ris\u00e9 par des pompes de haute qualit\u00e9 et des jets de natation judicieusement plac\u00e9s, cr\u00e9e un flux constant qui peut \u00eatre ajust\u00e9 selon les pr\u00e9f\u00e9rences de l&#8217;utilisateur.<\/p>\n<p>Riptide a port\u00e9 une attention particuli\u00e8re \u00e0 l&#8217;ergonomie et au confort de l&#8217;Aqua Life 4.4 Mono XD. Avec des si\u00e8ges soigneusement con\u00e7us pour un confort maximal, les utilisateurs peuvent se d\u00e9tendre gr\u00e2ce \u00e0 des massages d&#8217;hydroth\u00e9rapie qui soulagent le stress et d\u00e9tendent les muscles. Les 35 jets de massage int\u00e9gr\u00e9s sont strat\u00e9giquement plac\u00e9s pour apporter un soulagement cibl\u00e9 et augmenter la sensation g\u00e9n\u00e9rale de bien-\u00eatre.<\/p>\n<p>L&#8217;efficacit\u00e9 \u00e9nerg\u00e9tique est une autre caract\u00e9ristique cl\u00e9 de l&#8217;Aqua Life 4.4 Mono XD. Gr\u00e2ce aux techniques d&#8217;isolation innovantes de Riptide, notamment Platinum Lock et Full Foaming, la chaleur est conserv\u00e9e, ce qui permet de r\u00e9duire les co\u00fbts d&#8217;exploitation. Ce syst\u00e8me d&#8217;isolation permet non seulement de r\u00e9duire les co\u00fbts \u00e9nerg\u00e9tiques, mais contribue \u00e9galement \u00e0 un meilleur respect de l&#8217;environnement.<\/p>\n<p>En termes de fonctionnement, l&#8217;Aqua Life 4.4 Mono XD offre une interface conviviale avec un syst\u00e8me de contr\u00f4le Spatech CA300-3KW et un panneau de contr\u00f4le \u00e0 \u00e9cran tactile TP10. Il est ainsi facile pour l&#8217;utilisateur de r\u00e9gler les param\u00e8tres comme il le souhaite, y compris le contr\u00f4le de la temp\u00e9rature, l&#8217;intensit\u00e9 des jets et l&#8217;\u00e9clairage.<\/p>\n<p>Les syst\u00e8mes d&#8217;\u00e9clairage du spa de nage sont \u00e9galement de grande qualit\u00e9. Gr\u00e2ce aux options d&#8217;\u00e9clairage telles que les LED de niveau d&#8217;eau, les LED g\u00e9n\u00e9rales, la lumi\u00e8re de la fontaine et les commandes r\u00e9tro\u00e9clair\u00e9es, les utilisateurs peuvent r\u00e9gler l&#8217;atmosph\u00e8re \u00e0 leur guise, faisant de chaque s\u00e9ance dans le spa une exp\u00e9rience personnelle.<\/p>\n<p>Pour ceux qui souhaitent personnaliser davantage leur v\u00e9hicule, l&#8217;Aqua Life 4.4 Mono XD propose \u00e9galement des options telles qu&#8217;une cha\u00eene st\u00e9r\u00e9o Bluetooth et une connexion \u00e0 une pompe \u00e0 chaleur. Ces ajouts sont con\u00e7us pour enrichir l&#8217;exp\u00e9rience de l&#8217;utilisateur et lui offrir un confort et un divertissement ultimes.<\/p>\n<p>En r\u00e9sum\u00e9, l&#8217;Aqua Life 4.4 Mono XD de Riptide combine une technologie avanc\u00e9e, un confort sup\u00e9rieur et une efficacit\u00e9 \u00e9nerg\u00e9tique importante, ce qui en fait un choix id\u00e9al pour les nageurs passionn\u00e9s et ceux qui recherchent une exp\u00e9rience aquatique relaxante et th\u00e9rapeutique. Ce spa de nage incarne l&#8217;\u00e9quilibre parfait entre fonctionnalit\u00e9 et luxe, ce qui en fait un excellent compl\u00e9ment \u00e0 tout style de vie.<\/p>\n<\/div>\n<\/div>\n<\/div>\n<\/div>\n<\/div>\n<\/div>\n<\/div>\n<\/div>\n<\/div>\n","protected":false},"excerpt":{"rendered":"<ul>\n<li>Dimensions : 4 430 x 2 350 x 1 540 mm<\/li>\n<li>Si\u00e8ges ergonomiques : 3 si\u00e8ges + 1 couchette<\/li>\n<li>Volume : 6 783 L<\/li>\n<li>Poids (\u00e0 sec) : 1 075 kg<\/li>\n<li>Alimentation : 16Amp &#8211; 400V<\/li>\n<li>Disponible en 2 versions<\/li>\n<li>Diverses options possibles<\/li>\n<\/ul>\n","protected":false},"featured_media":20164,"template":"","meta":{"_acf_changed":false,"_uag_custom_page_level_css":"","site-sidebar-layout":"default","site-content-layout":"","ast-site-content-layout":"default","site-content-style":"default","site-sidebar-style":"default","ast-global-header-display":"","ast-banner-title-visibility":"","ast-main-header-display":"","ast-hfb-above-header-display":"","ast-hfb-below-header-display":"","ast-hfb-mobile-header-display":"","site-post-title":"","ast-breadcrumbs-content":"","ast-featured-img":"","footer-sml-layout":"","ast-disable-related-posts":"","theme-transparent-header-meta":"default","adv-header-id-meta":"","stick-header-meta":"","header-above-stick-meta":"","header-main-stick-meta":"","header-below-stick-meta":"","astra-migrate-meta-layouts":"set","ast-page-background-enabled":"default","ast-page-background-meta":{"desktop":{"background-color":"","background-image":"","background-repeat":"repeat","background-position":"center center","background-size":"auto","background-attachment":"scroll","background-type":"","background-media":"","overlay-type":"","overlay-color":"","overlay-opacity":"","overlay-gradient":""},"tablet":{"background-color":"","background-image":"","background-repeat":"repeat","background-position":"center center","background-size":"auto","background-attachment":"scroll","background-type":"","background-media":"","overlay-type":"","overlay-color":"","overlay-opacity":"","overlay-gradient":""},"mobile":{"background-color":"","background-image":"","background-repeat":"repeat","background-position":"center center","background-size":"auto","background-attachment":"scroll","background-type":"","background-media":"","overlay-type":"","overlay-color":"","overlay-opacity":"","overlay-gradient":""}},"ast-content-background-meta":{"desktop":{"background-color":"var(--ast-global-color-5)","background-image":"","background-repeat":"repeat","background-position":"center center","background-size":"auto","background-attachment":"scroll","background-type":"","background-media":"","overlay-type":"","overlay-color":"","overlay-opacity":"","overlay-gradient":""},"tablet":{"background-color":"var(--ast-global-color-5)","background-image":"","background-repeat":"repeat","background-position":"center center","background-size":"auto","background-attachment":"scroll","background-type":"","background-media":"","overlay-type":"","overlay-color":"","overlay-opacity":"","overlay-gradient":""},"mobile":{"background-color":"var(--ast-global-color-5)","background-image":"","background-repeat":"repeat","background-position":"center center","background-size":"auto","background-attachment":"scroll","background-type":"","background-media":"","overlay-type":"","overlay-color":"","overlay-opacity":"","overlay-gradient":""}}},"product_brand":[],"product_cat":[664,667,647],"product_tag":[1714,1314,1310,1788,1311,1312],"class_list":{"0":"post-22336","1":"product","2":"type-product","3":"status-publish","4":"has-post-thumbnail","6":"product_cat-riptide-fr","7":"product_cat-riptide-1-volume","8":"product_cat-spa-de-nage","9":"product_tag-aqua-life-4-4-mono-xd-fr","10":"product_tag-gervi-fr","11":"product_tag-riptide-fr","12":"product_tag-riptideswim-fr","13":"product_tag-spa-de-natation","14":"product_tag-swimspa-fr","15":"desktop-align-left","16":"tablet-align-left","17":"mobile-align-left","19":"first","20":"instock","21":"product-type-simple"},"acf":[],"uagb_featured_image_src":{"full":["https:\/\/gervi.be\/wp-content\/uploads\/2024\/03\/Aqua-Life-Mono-4.4-XD-Riptide-Zwemspa.jpg",1920,1920,false],"thumbnail":["https:\/\/gervi.be\/wp-content\/uploads\/2024\/03\/Aqua-Life-Mono-4.4-XD-Riptide-Zwemspa-150x150.jpg",150,150,true],"medium":["https:\/\/gervi.be\/wp-content\/uploads\/2024\/03\/Aqua-Life-Mono-4.4-XD-Riptide-Zwemspa-300x300.jpg",300,300,true],"medium_large":["https:\/\/gervi.be\/wp-content\/uploads\/2024\/03\/Aqua-Life-Mono-4.4-XD-Riptide-Zwemspa-768x768.jpg",768,768,true],"large":["https:\/\/gervi.be\/wp-content\/uploads\/2024\/03\/Aqua-Life-Mono-4.4-XD-Riptide-Zwemspa-1024x1024.jpg",1024,1024,true],"1536x1536":["https:\/\/gervi.be\/wp-content\/uploads\/2024\/03\/Aqua-Life-Mono-4.4-XD-Riptide-Zwemspa-1536x1536.jpg",1536,1536,true],"2048x2048":["https:\/\/gervi.be\/wp-content\/uploads\/2024\/03\/Aqua-Life-Mono-4.4-XD-Riptide-Zwemspa.jpg",1920,1920,false],"woocommerce_thumbnail":["https:\/\/gervi.be\/wp-content\/uploads\/2024\/03\/Aqua-Life-Mono-4.4-XD-Riptide-Zwemspa-1920x1500.jpg",1920,1500,true],"woocommerce_single":["https:\/\/gervi.be\/wp-content\/uploads\/2024\/03\/Aqua-Life-Mono-4.4-XD-Riptide-Zwemspa.jpg",1920,1920,false],"woocommerce_gallery_thumbnail":["https:\/\/gervi.be\/wp-content\/uploads\/2024\/03\/Aqua-Life-Mono-4.4-XD-Riptide-Zwemspa-100x100.jpg",100,100,true],"dgwt-wcas-product-suggestion":["https:\/\/gervi.be\/wp-content\/uploads\/2024\/03\/Aqua-Life-Mono-4.4-XD-Riptide-Zwemspa.jpg",64,64,false]},"uagb_author_info":{"display_name":"Marjolein Nijs","author_link":"https:\/\/gervi.be\/fr\/author\/"},"uagb_comment_info":0,"uagb_excerpt":"Dimensions : 4 430 x 2 350 x 1 540 mm Si\u00e8ges ergonomiques : 3 si\u00e8ges + 1 couchette Volume : 6 783 L Poids (\u00e0 sec) : 1 075 kg Alimentation : 16Amp - 400V Disponible en 2 versions Diverses options possibles","_links":{"self":[{"href":"https:\/\/gervi.be\/fr\/wp-json\/wp\/v2\/product\/22336","targetHints":{"allow":["GET"]}}],"collection":[{"href":"https:\/\/gervi.be\/fr\/wp-json\/wp\/v2\/product"}],"about":[{"href":"https:\/\/gervi.be\/fr\/wp-json\/wp\/v2\/types\/product"}],"wp:featuredmedia":[{"embeddable":true,"href":"https:\/\/gervi.be\/fr\/wp-json\/wp\/v2\/media\/20164"}],"wp:attachment":[{"href":"https:\/\/gervi.be\/fr\/wp-json\/wp\/v2\/media?parent=22336"}],"wp:term":[{"taxonomy":"product_brand","embeddable":true,"href":"https:\/\/gervi.be\/fr\/wp-json\/wp\/v2\/product_brand?post=22336"},{"taxonomy":"product_cat","embeddable":true,"href":"https:\/\/gervi.be\/fr\/wp-json\/wp\/v2\/product_cat?post=22336"},{"taxonomy":"product_tag","embeddable":true,"href":"https:\/\/gervi.be\/fr\/wp-json\/wp\/v2\/product_tag?post=22336"}],"curies":[{"name":"wp","href":"https:\/\/api.w.org\/{rel}","templated":true}]}}