{"id":21427,"date":"2024-04-23T10:47:16","date_gmt":"2024-04-23T10:47:16","guid":{"rendered":"https:\/\/gervi.be\/?post_type=product&#038;p=21427"},"modified":"2026-03-16T08:54:50","modified_gmt":"2026-03-16T07:54:50","slug":"nettoyant-bois-pour-sauna-5-l-kopie","status":"publish","type":"product","link":"https:\/\/gervi.be\/fr\/produit\/nettoyant-bois-pour-sauna-5-l-kopie\/","title":{"rendered":"Cristaux de menthol pour sauna (100 g)"},"content":{"rendered":"<h2><a href=\"https:\/\/gervi.be\/fr\/marques\/klafs\/\"><img decoding=\"async\" class=\"alignleft wp-image-17003\" src=\"https:\/\/gervi.be\/wp-content\/uploads\/2023\/12\/Klafs-logo-300x115.png\" alt=\"Logo Klafs\" width=\"150\" height=\"57\" title=\"\" srcset=\"https:\/\/gervi.be\/wp-content\/uploads\/2023\/12\/Klafs-logo-300x115.png 300w, https:\/\/gervi.be\/wp-content\/uploads\/2023\/12\/Klafs-logo-1024x393.png 1024w, https:\/\/gervi.be\/wp-content\/uploads\/2023\/12\/Klafs-logo-768x294.png 768w, https:\/\/gervi.be\/wp-content\/uploads\/2023\/12\/Klafs-logo-600x230.png 600w, https:\/\/gervi.be\/wp-content\/uploads\/2023\/12\/Klafs-logo.png 1200w\" sizes=\"(max-width: 150px) 100vw, 150px\" \/><\/a><\/h2>\n<p>&nbsp;<\/p>\n<p>&nbsp;<\/p>\n<h2>Description<\/h2>\n<p>Les cristaux de menthol KLAFS \u00e0 verser dans le sauna soutiennent efficacement la s\u00e9ance de sauna b\u00e9n\u00e9fique pour la sant\u00e9. Ils peuvent avoir un effet positif sur votre humeur, sont tr\u00e8s frais et ont un effet rafra\u00eechissant sur le corps.<\/p>\n<p>Les cristaux sont fabriqu\u00e9s \u00e0 partir de menthol liquide (100 % naturel) par un proc\u00e9d\u00e9 sp\u00e9cial de refroidissement (&#8220;cong\u00e9lation&#8221;). Les cristaux d&#8217;huile essentielle s&#8217;\u00e9vaporent compl\u00e8tement et ne laissent aucun r\u00e9sidu sur les pierres du sauna.<\/p>\n<p>Comprend une cuill\u00e8re de dosage pour faciliter l&#8217;\u00e9limination des cristaux.<\/p>\n<p>&nbsp;<\/p>\n<h2>Application<\/h2>\n<p>Ajoutez environ 3 \u00e0 5 cristaux aux pierres chaudes du sauna \u00e0 l&#8217;aide de la cuill\u00e8re fournie.<\/p>\n<p>Vous pouvez \u00e9galement ajouter les cristaux \u00e0 l&#8217;infusion et remuer ou placer les cristaux dans des r\u00e9cipients \u00e0 parfum r\u00e9sistants \u00e0 la chaleur.<\/p>\n<p>&nbsp;<\/p>\n<h2>Impact<\/h2>\n<p>Le menthol, principal ingr\u00e9dient de l&#8217;huile de menthe poivr\u00e9e, autrefois consid\u00e9r\u00e9 comme un rem\u00e8de naturel, est aujourd&#8217;hui reconnu comme un traitement efficace contre le rhume. L&#8217;utilisation de menthol en inhalation pour traiter les sympt\u00f4mes du rhume permet de faciliter la respiration et de r\u00e9duire la toux.<\/p>\n","protected":false},"excerpt":{"rendered":"<ul>\n<li>V\u00e9g\u00e9talien<\/li>\n<li>Parfums pour saunas d\u00e9velopp\u00e9s sans tests sur les animaux<\/li>\n<li>Fabriqu\u00e9 en Allemagne<\/li>\n<\/ul>\n","protected":false},"featured_media":21435,"template":"","meta":{"_acf_changed":false,"_uag_custom_page_level_css":"","site-sidebar-layout":"default","site-content-layout":"","ast-site-content-layout":"default","site-content-style":"default","site-sidebar-style":"default","ast-global-header-display":"","ast-banner-title-visibility":"","ast-main-header-display":"","ast-hfb-above-header-display":"","ast-hfb-below-header-display":"","ast-hfb-mobile-header-display":"","site-post-title":"","ast-breadcrumbs-content":"","ast-featured-img":"","footer-sml-layout":"","ast-disable-related-posts":"","theme-transparent-header-meta":"default","adv-header-id-meta":"","stick-header-meta":"","header-above-stick-meta":"","header-main-stick-meta":"","header-below-stick-meta":"","astra-migrate-meta-layouts":"set","ast-page-background-enabled":"default","ast-page-background-meta":{"desktop":{"background-color":"","background-image":"","background-repeat":"repeat","background-position":"center center","background-size":"auto","background-attachment":"scroll","background-type":"","background-media":"","overlay-type":"","overlay-color":"","overlay-opacity":"","overlay-gradient":""},"tablet":{"background-color":"","background-image":"","background-repeat":"repeat","background-position":"center center","background-size":"auto","background-attachment":"scroll","background-type":"","background-media":"","overlay-type":"","overlay-color":"","overlay-opacity":"","overlay-gradient":""},"mobile":{"background-color":"","background-image":"","background-repeat":"repeat","background-position":"center center","background-size":"auto","background-attachment":"scroll","background-type":"","background-media":"","overlay-type":"","overlay-color":"","overlay-opacity":"","overlay-gradient":""}},"ast-content-background-meta":{"desktop":{"background-color":"var(--ast-global-color-5)","background-image":"","background-repeat":"repeat","background-position":"center center","background-size":"auto","background-attachment":"scroll","background-type":"","background-media":"","overlay-type":"","overlay-color":"","overlay-opacity":"","overlay-gradient":""},"tablet":{"background-color":"var(--ast-global-color-5)","background-image":"","background-repeat":"repeat","background-position":"center center","background-size":"auto","background-attachment":"scroll","background-type":"","background-media":"","overlay-type":"","overlay-color":"","overlay-opacity":"","overlay-gradient":""},"mobile":{"background-color":"var(--ast-global-color-5)","background-image":"","background-repeat":"repeat","background-position":"center center","background-size":"auto","background-attachment":"scroll","background-type":"","background-media":"","overlay-type":"","overlay-color":"","overlay-opacity":"","overlay-gradient":""}}},"product_brand":[],"product_cat":[786,1500,643],"product_tag":[1340,2979,1495,1493,1494,1344,1339,1492,1501,1357,1497,1345],"class_list":{"0":"post-21427","1":"product","2":"type-product","3":"status-publish","4":"has-post-thumbnail","6":"product_cat-aromes-pour-le-sauna","7":"product_cat-cristaux-de-menthol","8":"product_cat-sauna-fr","9":"product_tag-arome","10":"product_tag-augmenter","11":"product_tag-cristal","12":"product_tag-cristaux-de-menthol","13":"product_tag-cristaux-de-menthol-fr","14":"product_tag-detente","15":"product_tag-klafs-fr","16":"product_tag-menthol-fr","17":"product_tag-piece-de-monnaie","18":"product_tag-sauna-fr","19":"product_tag-sauna-a-vapeur","20":"product_tag-se-detendre","21":"desktop-align-left","22":"tablet-align-left","23":"mobile-align-left","25":"first","26":"instock","27":"purchasable","28":"product-type-simple"},"acf":[],"uagb_featured_image_src":{"full":["https:\/\/gervi.be\/wp-content\/uploads\/2024\/04\/KLAFS-Menthol-Kristallen-Gervi-1.jpg",1600,1600,false],"thumbnail":["https:\/\/gervi.be\/wp-content\/uploads\/2024\/04\/KLAFS-Menthol-Kristallen-Gervi-1-150x150.jpg",150,150,true],"medium":["https:\/\/gervi.be\/wp-content\/uploads\/2024\/04\/KLAFS-Menthol-Kristallen-Gervi-1-300x300.jpg",300,300,true],"medium_large":["https:\/\/gervi.be\/wp-content\/uploads\/2024\/04\/KLAFS-Menthol-Kristallen-Gervi-1-768x768.jpg",768,768,true],"large":["https:\/\/gervi.be\/wp-content\/uploads\/2024\/04\/KLAFS-Menthol-Kristallen-Gervi-1-1024x1024.jpg",1024,1024,true],"1536x1536":["https:\/\/gervi.be\/wp-content\/uploads\/2024\/04\/KLAFS-Menthol-Kristallen-Gervi-1-1536x1536.jpg",1536,1536,true],"2048x2048":["https:\/\/gervi.be\/wp-content\/uploads\/2024\/04\/KLAFS-Menthol-Kristallen-Gervi-1.jpg",1600,1600,false],"woocommerce_thumbnail":["https:\/\/gervi.be\/wp-content\/uploads\/2024\/04\/KLAFS-Menthol-Kristallen-Gervi-1-1600x1500.jpg",1600,1500,true],"woocommerce_single":["https:\/\/gervi.be\/wp-content\/uploads\/2024\/04\/KLAFS-Menthol-Kristallen-Gervi-1.jpg",1600,1600,false],"woocommerce_gallery_thumbnail":["https:\/\/gervi.be\/wp-content\/uploads\/2024\/04\/KLAFS-Menthol-Kristallen-Gervi-1-100x100.jpg",100,100,true],"dgwt-wcas-product-suggestion":["https:\/\/gervi.be\/wp-content\/uploads\/2024\/04\/KLAFS-Menthol-Kristallen-Gervi-1.jpg",64,64,false]},"uagb_author_info":{"display_name":"Marjolein Nijs","author_link":"https:\/\/gervi.be\/fr\/author\/"},"uagb_comment_info":0,"uagb_excerpt":"V\u00e9g\u00e9talien Parfums pour saunas d\u00e9velopp\u00e9s sans tests sur les animaux Fabriqu\u00e9 en Allemagne","_links":{"self":[{"href":"https:\/\/gervi.be\/fr\/wp-json\/wp\/v2\/product\/21427","targetHints":{"allow":["GET"]}}],"collection":[{"href":"https:\/\/gervi.be\/fr\/wp-json\/wp\/v2\/product"}],"about":[{"href":"https:\/\/gervi.be\/fr\/wp-json\/wp\/v2\/types\/product"}],"wp:featuredmedia":[{"embeddable":true,"href":"https:\/\/gervi.be\/fr\/wp-json\/wp\/v2\/media\/21435"}],"wp:attachment":[{"href":"https:\/\/gervi.be\/fr\/wp-json\/wp\/v2\/media?parent=21427"}],"wp:term":[{"taxonomy":"product_brand","embeddable":true,"href":"https:\/\/gervi.be\/fr\/wp-json\/wp\/v2\/product_brand?post=21427"},{"taxonomy":"product_cat","embeddable":true,"href":"https:\/\/gervi.be\/fr\/wp-json\/wp\/v2\/product_cat?post=21427"},{"taxonomy":"product_tag","embeddable":true,"href":"https:\/\/gervi.be\/fr\/wp-json\/wp\/v2\/product_tag?post=21427"}],"curies":[{"name":"wp","href":"https:\/\/api.w.org\/{rel}","templated":true}]}}