{"id":20569,"date":"2024-03-28T15:56:47","date_gmt":"2024-03-28T14:56:47","guid":{"rendered":"https:\/\/gervi.be\/?post_type=product&#038;p=20569"},"modified":"2024-06-18T10:26:06","modified_gmt":"2024-06-18T08:26:06","slug":"aqua-life-5-5-mono-xd","status":"publish","type":"product","link":"https:\/\/gervi.be\/fr\/produit\/aqua-life-5-5-mono-xd\/","title":{"rendered":"Aqua Life 5.5 Mono XD"},"content":{"rendered":"<div class=\"flex flex-grow flex-col max-w-full\">\n<div class=\"min-h-[20px] text-message flex flex-col items-start gap-3 whitespace-pre-wrap break-words [.text-message+&amp;]:mt-5 overflow-x-auto\" data-message-author-role=\"assistant\" data-message-id=\"6a7ef4dc-7de5-421c-b8af-a5ad819f96d0\">\n<div class=\"markdown prose w-full break-words dark:prose-invert light\">\n<p><a href=\"https:\/\/gervi.be\/merken\/riptide\/\"><img decoding=\"async\" class=\"alignnone wp-image-20326\" src=\"https:\/\/gervi.be\/wp-content\/uploads\/2023\/08\/Riptide-logo-300x92.png\" alt=\"Logo Riptide\" width=\"150\" height=\"46\" title=\"\" srcset=\"https:\/\/gervi.be\/wp-content\/uploads\/2023\/08\/Riptide-logo-300x92.png 300w, https:\/\/gervi.be\/wp-content\/uploads\/2023\/08\/Riptide-logo-1024x314.png 1024w, https:\/\/gervi.be\/wp-content\/uploads\/2023\/08\/Riptide-logo-768x236.png 768w, https:\/\/gervi.be\/wp-content\/uploads\/2023\/08\/Riptide-logo-1536x471.png 1536w, https:\/\/gervi.be\/wp-content\/uploads\/2023\/08\/Riptide-logo.png 1597w\" sizes=\"(max-width: 150px) 100vw, 150px\" \/><\/a><\/p>\n<h2>Description<\/h2>\n<div class=\"flex flex-grow flex-col max-w-full\">\n<div class=\"min-h-[20px] text-message flex flex-col items-start gap-3 whitespace-pre-wrap break-words [.text-message+&amp;]:mt-5 overflow-x-auto\" data-message-author-role=\"assistant\" data-message-id=\"594eec33-9010-44a2-afd5-7c9acf28cbf9\">\n<div class=\"markdown prose w-full break-words dark:prose-invert light\">\n<div class=\"flex flex-grow flex-col max-w-full\">\n<div class=\"min-h-[20px] text-message flex flex-col items-start gap-3 whitespace-pre-wrap break-words [.text-message+&amp;]:mt-5 overflow-x-auto\" data-message-author-role=\"assistant\" data-message-id=\"a4cb74ce-d03b-45ac-8acf-2e491e1ec73c\">\n<div class=\"markdown prose w-full break-words dark:prose-invert light\">\n<div class=\"flex flex-grow flex-col max-w-full\">\n<div class=\"min-h-[20px] text-message flex flex-col items-start gap-3 whitespace-pre-wrap break-words [.text-message+&amp;]:mt-5 overflow-x-auto\" data-message-author-role=\"assistant\" data-message-id=\"edb07413-a3d8-4844-b202-970599b32357\">\n<div class=\"markdown prose w-full break-words dark:prose-invert light\">\n<p>Le spa de nage Riptide Aqua Life 5.5 Mono XD est un spa de nage de qualit\u00e9 con\u00e7u pour apporter le meilleur de la forme physique, de la relaxation et du plaisir dans l&#8217;arri\u00e8re-cour. Mesurant 5 495 x 2 350 x 1 540 mm, ce spa de nage ultramoderne peut accueillir trois si\u00e8ges et un fauteuil de relaxation, ce qui permet aux utilisateurs de nager et de se d\u00e9tendre dans une seule et m\u00eame piscine polyvalente.<\/p>\n<p>Avec un volume impressionnant de 9 223 litres et un poids \u00e0 sec de 1 254 kg, le spa de nage Aqua Life 5.5 Mono XD permet un large \u00e9ventail d&#8217;activit\u00e9s, des exercices de natation intensifs aux s\u00e9ances d&#8217;hydroth\u00e9rapie apaisantes. L&#8217;alimentation \u00e9lectrique n\u00e9cessite une connexion de 16Amp &#8211; 400V, ce qui donne \u00e0 ce spa de nage la puissance dont il a besoin.<\/p>\n<p>Le syst\u00e8me de d\u00e9sinfection de ce spa de nage Riptide utilise la st\u00e9rilisation \u00e0 l&#8217;ozone. Ce syst\u00e8me avanc\u00e9 garantit que l&#8217;eau reste toujours claire et propre, ce qui contribue \u00e0 une exp\u00e9rience de baignade s\u00fbre et hygi\u00e9nique et rend le spa de nage facile \u00e0 entretenir.<\/p>\n<p>L&#8217;Aqua Life 5.5 Mono XD se distingue \u00e9galement par ses puissants jets de natation. Avec ses quatre turbo-jets de 3 pouces, il offre une exp\u00e9rience de baignade in\u00e9gal\u00e9e. Ces jets cr\u00e9ent un fort courant, permettant aux nageurs de tout niveau de s&#8217;entra\u00eener \u00e0 la nage ou de se laisser emporter par le puissant courant d&#8217;eau. Que vous soyez d\u00e9butant ou nageur exp\u00e9riment\u00e9, ce spa de nage offre un environnement id\u00e9al pour am\u00e9liorer la technique de nage.<\/p>\n<p>Le syst\u00e8me Pro de ce spa de nage est inclus et comprend trois pompes de nage haute performance de 3,5 CV avec une pompe \u00e0 10 vitesses et une pompe suppl\u00e9mentaire de 3 CV. Ce syst\u00e8me fournit un courant puissant et personnalisable pour une exp\u00e9rience de natation r\u00e9aliste. Le tuyau de natation de 3&#8243; assure une circulation efficace de l&#8217;eau, ce qui permet d&#8217;obtenir un flux d&#8217;eau r\u00e9gulier et constant, essentiel pour un entra\u00eenement efficace \u00e0 la natation.<\/p>\n<p>Riptide a con\u00e7u l&#8217;Aqua Life 5.5 Mono XD dans un souci d&#8217;ergonomie. Les si\u00e8ges et la zone de repos sont soigneusement con\u00e7us pour offrir un maximum de confort lors de la relaxation dans le spa. Cela en fait non seulement un lieu id\u00e9al pour l&#8217;exercice physique, mais aussi un environnement id\u00e9al pour se d\u00e9tendre et soulager les tensions musculaires apr\u00e8s une longue et dure journ\u00e9e de travail.<\/p>\n<p>Disponible en deux versions, l&#8217;Aqua Life 5.5 Mono XD offre une flexibilit\u00e9 en termes de caract\u00e9ristiques et de prix, permettant aux acheteurs potentiels de choisir le mod\u00e8le qui correspond le mieux \u00e0 leurs besoins et \u00e0 leur budget. En outre, le spa de nage peut \u00eatre personnalis\u00e9 avec plusieurs options suppl\u00e9mentaires, telles qu&#8217;une pompe \u00e0 chaleur ou un syst\u00e8me audio, afin de cr\u00e9er une exp\u00e9rience de baignade et de spa sur mesure.<\/p>\n<p>L&#8217;engagement de Riptide pour la qualit\u00e9 et l&#8217;innovation est \u00e9vident dans tous les aspects du spa Aqua Life 5.5 Mono XD, ce qui en fait un excellent choix pour tous ceux qui recherchent un spa de qualit\u00e9. Que vous souhaitiez am\u00e9liorer votre technique de natation, vous d\u00e9tendre gr\u00e2ce \u00e0 l&#8217;hydroth\u00e9rapie ou simplement profiter du luxe de votre propre spa, ce spa de nage vous offre tout ce dont vous avez besoin pour am\u00e9liorer votre qualit\u00e9 de vie et votre bien-\u00eatre.<\/p>\n<\/div>\n<\/div>\n<\/div>\n<\/div>\n<\/div>\n<\/div>\n<\/div>\n<\/div>\n<\/div>\n<\/div>\n<\/div>\n<\/div>\n","protected":false},"excerpt":{"rendered":"<ul>\n<li>Dimensions : 5 495 x 2 350 x 1 540 mm<\/li>\n<li>Si\u00e8ge ergonomique : 3 si\u00e8ges + 1 si\u00e8ge inclinable<\/li>\n<li>Volume : 9,223 L<\/li>\n<li>Poids (\u00e0 sec) : 1,254Kg<\/li>\n<li>Alimentation : 16Amp &#8211; 400V<\/li>\n<li>Disponible en 3 versions<\/li>\n<li>Diverses options possibles<\/li>\n<\/ul>\n","protected":false},"featured_media":20156,"template":"","meta":{"_acf_changed":false,"_uag_custom_page_level_css":"","site-sidebar-layout":"default","site-content-layout":"","ast-site-content-layout":"default","site-content-style":"default","site-sidebar-style":"default","ast-global-header-display":"","ast-banner-title-visibility":"","ast-main-header-display":"","ast-hfb-above-header-display":"","ast-hfb-below-header-display":"","ast-hfb-mobile-header-display":"","site-post-title":"","ast-breadcrumbs-content":"","ast-featured-img":"","footer-sml-layout":"","ast-disable-related-posts":"","theme-transparent-header-meta":"default","adv-header-id-meta":"","stick-header-meta":"","header-above-stick-meta":"","header-main-stick-meta":"","header-below-stick-meta":"","astra-migrate-meta-layouts":"set","ast-page-background-enabled":"default","ast-page-background-meta":{"desktop":{"background-color":"","background-image":"","background-repeat":"repeat","background-position":"center center","background-size":"auto","background-attachment":"scroll","background-type":"","background-media":"","overlay-type":"","overlay-color":"","overlay-opacity":"","overlay-gradient":""},"tablet":{"background-color":"","background-image":"","background-repeat":"repeat","background-position":"center center","background-size":"auto","background-attachment":"scroll","background-type":"","background-media":"","overlay-type":"","overlay-color":"","overlay-opacity":"","overlay-gradient":""},"mobile":{"background-color":"","background-image":"","background-repeat":"repeat","background-position":"center center","background-size":"auto","background-attachment":"scroll","background-type":"","background-media":"","overlay-type":"","overlay-color":"","overlay-opacity":"","overlay-gradient":""}},"ast-content-background-meta":{"desktop":{"background-color":"var(--ast-global-color-5)","background-image":"","background-repeat":"repeat","background-position":"center center","background-size":"auto","background-attachment":"scroll","background-type":"","background-media":"","overlay-type":"","overlay-color":"","overlay-opacity":"","overlay-gradient":""},"tablet":{"background-color":"var(--ast-global-color-5)","background-image":"","background-repeat":"repeat","background-position":"center center","background-size":"auto","background-attachment":"scroll","background-type":"","background-media":"","overlay-type":"","overlay-color":"","overlay-opacity":"","overlay-gradient":""},"mobile":{"background-color":"var(--ast-global-color-5)","background-image":"","background-repeat":"repeat","background-position":"center center","background-size":"auto","background-attachment":"scroll","background-type":"","background-media":"","overlay-type":"","overlay-color":"","overlay-opacity":"","overlay-gradient":""}}},"product_brand":[],"product_cat":[664,667,647],"product_tag":[1365,1314,1310,1788,1311,1312],"class_list":{"0":"post-20569","1":"product","2":"type-product","3":"status-publish","4":"has-post-thumbnail","6":"product_cat-riptide-fr","7":"product_cat-riptide-1-volume","8":"product_cat-spa-de-nage","9":"product_tag-aqua-life-5-5-mono-xd-fr","10":"product_tag-gervi-fr","11":"product_tag-riptide-fr","12":"product_tag-riptideswim-fr","13":"product_tag-spa-de-natation","14":"product_tag-swimspa-fr","15":"desktop-align-left","16":"tablet-align-left","17":"mobile-align-left","19":"first","20":"instock","21":"product-type-simple"},"acf":[],"uagb_featured_image_src":{"full":["https:\/\/gervi.be\/wp-content\/uploads\/2024\/03\/Aqua-Life-Mono-5.5-XD-Riptide-Zwemspa.jpg",1920,1920,false],"thumbnail":["https:\/\/gervi.be\/wp-content\/uploads\/2024\/03\/Aqua-Life-Mono-5.5-XD-Riptide-Zwemspa-150x150.jpg",150,150,true],"medium":["https:\/\/gervi.be\/wp-content\/uploads\/2024\/03\/Aqua-Life-Mono-5.5-XD-Riptide-Zwemspa-300x300.jpg",300,300,true],"medium_large":["https:\/\/gervi.be\/wp-content\/uploads\/2024\/03\/Aqua-Life-Mono-5.5-XD-Riptide-Zwemspa-768x768.jpg",768,768,true],"large":["https:\/\/gervi.be\/wp-content\/uploads\/2024\/03\/Aqua-Life-Mono-5.5-XD-Riptide-Zwemspa-1024x1024.jpg",1024,1024,true],"1536x1536":["https:\/\/gervi.be\/wp-content\/uploads\/2024\/03\/Aqua-Life-Mono-5.5-XD-Riptide-Zwemspa-1536x1536.jpg",1536,1536,true],"2048x2048":["https:\/\/gervi.be\/wp-content\/uploads\/2024\/03\/Aqua-Life-Mono-5.5-XD-Riptide-Zwemspa.jpg",1920,1920,false],"woocommerce_thumbnail":["https:\/\/gervi.be\/wp-content\/uploads\/2024\/03\/Aqua-Life-Mono-5.5-XD-Riptide-Zwemspa-1920x1500.jpg",1920,1500,true],"woocommerce_single":["https:\/\/gervi.be\/wp-content\/uploads\/2024\/03\/Aqua-Life-Mono-5.5-XD-Riptide-Zwemspa.jpg",1920,1920,false],"woocommerce_gallery_thumbnail":["https:\/\/gervi.be\/wp-content\/uploads\/2024\/03\/Aqua-Life-Mono-5.5-XD-Riptide-Zwemspa-100x100.jpg",100,100,true],"dgwt-wcas-product-suggestion":["https:\/\/gervi.be\/wp-content\/uploads\/2024\/03\/Aqua-Life-Mono-5.5-XD-Riptide-Zwemspa.jpg",64,64,false]},"uagb_author_info":{"display_name":"Marjolein Nijs","author_link":"https:\/\/gervi.be\/fr\/author\/"},"uagb_comment_info":0,"uagb_excerpt":"Dimensions : 5 495 x 2 350 x 1 540 mm Si\u00e8ge ergonomique : 3 si\u00e8ges + 1 si\u00e8ge inclinable Volume : 9,223 L Poids (\u00e0 sec) : 1,254Kg Alimentation : 16Amp - 400V Disponible en 3 versions Diverses options possibles","_links":{"self":[{"href":"https:\/\/gervi.be\/fr\/wp-json\/wp\/v2\/product\/20569","targetHints":{"allow":["GET"]}}],"collection":[{"href":"https:\/\/gervi.be\/fr\/wp-json\/wp\/v2\/product"}],"about":[{"href":"https:\/\/gervi.be\/fr\/wp-json\/wp\/v2\/types\/product"}],"wp:featuredmedia":[{"embeddable":true,"href":"https:\/\/gervi.be\/fr\/wp-json\/wp\/v2\/media\/20156"}],"wp:attachment":[{"href":"https:\/\/gervi.be\/fr\/wp-json\/wp\/v2\/media?parent=20569"}],"wp:term":[{"taxonomy":"product_brand","embeddable":true,"href":"https:\/\/gervi.be\/fr\/wp-json\/wp\/v2\/product_brand?post=20569"},{"taxonomy":"product_cat","embeddable":true,"href":"https:\/\/gervi.be\/fr\/wp-json\/wp\/v2\/product_cat?post=20569"},{"taxonomy":"product_tag","embeddable":true,"href":"https:\/\/gervi.be\/fr\/wp-json\/wp\/v2\/product_tag?post=20569"}],"curies":[{"name":"wp","href":"https:\/\/api.w.org\/{rel}","templated":true}]}}