{"id":20565,"date":"2024-03-28T15:22:40","date_gmt":"2024-03-28T14:22:40","guid":{"rendered":"https:\/\/gervi.be\/?post_type=product&#038;p=20565"},"modified":"2024-06-18T10:29:10","modified_gmt":"2024-06-18T08:29:10","slug":"aqua-life-7-0-mono-xd","status":"publish","type":"product","link":"https:\/\/gervi.be\/fr\/produit\/aqua-life-7-0-mono-xd\/","title":{"rendered":"Aqua Life 7.0 Mono XD"},"content":{"rendered":"<div class=\"flex flex-grow flex-col max-w-full\">\n<div class=\"min-h-[20px] text-message flex flex-col items-start gap-3 whitespace-pre-wrap break-words [.text-message+&amp;]:mt-5 overflow-x-auto\" data-message-author-role=\"assistant\" data-message-id=\"6a7ef4dc-7de5-421c-b8af-a5ad819f96d0\">\n<div class=\"markdown prose w-full break-words dark:prose-invert light\">\n<p><a href=\"https:\/\/gervi.be\/merken\/riptide\/\"><img decoding=\"async\" class=\"alignnone wp-image-20326\" src=\"https:\/\/gervi.be\/wp-content\/uploads\/2023\/08\/Riptide-logo-300x92.png\" alt=\"Logo Riptide\" width=\"150\" height=\"46\" title=\"\" srcset=\"https:\/\/gervi.be\/wp-content\/uploads\/2023\/08\/Riptide-logo-300x92.png 300w, https:\/\/gervi.be\/wp-content\/uploads\/2023\/08\/Riptide-logo-1024x314.png 1024w, https:\/\/gervi.be\/wp-content\/uploads\/2023\/08\/Riptide-logo-768x236.png 768w, https:\/\/gervi.be\/wp-content\/uploads\/2023\/08\/Riptide-logo-1536x471.png 1536w, https:\/\/gervi.be\/wp-content\/uploads\/2023\/08\/Riptide-logo.png 1597w\" sizes=\"(max-width: 150px) 100vw, 150px\" \/><\/a><\/p>\n<h2>Description<\/h2>\n<div class=\"flex flex-grow flex-col max-w-full\">\n<div class=\"min-h-[20px] text-message flex flex-col items-start gap-3 whitespace-pre-wrap break-words [.text-message+&amp;]:mt-5 overflow-x-auto\" data-message-author-role=\"assistant\" data-message-id=\"458ac3e0-5251-4df0-8b7c-e3c517108e01\">\n<div class=\"markdown prose w-full break-words dark:prose-invert light\">\n<div class=\"flex flex-grow flex-col max-w-full\">\n<div class=\"min-h-[20px] text-message flex flex-col items-start gap-3 whitespace-pre-wrap break-words [.text-message+&amp;]:mt-5 overflow-x-auto\" data-message-author-role=\"assistant\" data-message-id=\"458ac3e0-5251-4df0-8b7c-e3c517108e01\">\n<div class=\"markdown prose w-full break-words dark:prose-invert light\">\n<div class=\"flex flex-grow flex-col max-w-full\">\n<div class=\"min-h-[20px] text-message flex flex-col items-start gap-3 whitespace-pre-wrap break-words [.text-message+&amp;]:mt-5 overflow-x-auto\" data-message-author-role=\"assistant\" data-message-id=\"e7dcc814-f350-4d3e-88b7-dcdd6aef37db\">\n<div class=\"markdown prose w-full break-words dark:prose-invert light\">\n<p>Le Riptide Aqua Life 7.0 Mono XD est un spa de nage magnifiquement con\u00e7u qui incarne le summum du luxe, de la performance et du design. Ce mod\u00e8le, avec ses dimensions impressionnantes de 7 065 x 2 350 x 1 540 mm, offre \u00e0 la fois l&#8217;espace et la profondeur n\u00e9cessaires pour une exp\u00e9rience de natation et de relaxation compl\u00e8te. Avec un volume de 12 230 litres, il offre suffisamment d&#8217;espace pour un entra\u00eenement de natation vigoureux ou une s\u00e9ance d&#8217;hydroth\u00e9rapie relaxante.<\/p>\n<p>L&#8217;une des principales caract\u00e9ristiques de ce spa de nage est sa capacit\u00e9 \u00e0 accueillir jusqu&#8217;\u00e0 trois personnes confortablement, ainsi qu&#8217;un si\u00e8ge inclinable suppl\u00e9mentaire, ce qui en fait un choix id\u00e9al pour les familles ou les personnes qui aiment recevoir des invit\u00e9s. Le poids de 1 550 kg (\u00e0 sec) t\u00e9moigne de la robustesse et de la durabilit\u00e9 de la construction. Le syst\u00e8me n\u00e9cessite 16 amp\u00e8res sur 400V, afin de fournir une puissance et une r\u00e9sistance suffisantes.<\/p>\n<p>L&#8217;Aqua Life 7.0 Mono XD de Riptide est disponible en deux versions, ce qui permet aux acheteurs potentiels de choisir la variante qui correspond le mieux \u00e0 leurs besoins et pr\u00e9f\u00e9rences sp\u00e9cifiques. Chaque mod\u00e8le est con\u00e7u pour offrir des performances optimales, que ce soit pour l&#8217;entra\u00eenement \u00e0 la natation ou pour se d\u00e9tendre et profiter des bienfaits de l&#8217;hydroth\u00e9rapie.<\/p>\n<p>En termes d&#8217;options, Riptide propose une gamme de choix pour personnaliser davantage votre exp\u00e9rience du spa de nage. Qu&#8217;il s&#8217;agisse d&#8217;une cha\u00eene st\u00e9r\u00e9o Bluetooth pour le plaisir musical ou de connexions de pompes \u00e0 chaleur pour un chauffage encore plus efficace, chaque option est con\u00e7ue pour r\u00e9pondre \u00e0 vos besoins et am\u00e9liorer votre exp\u00e9rience.<\/p>\n<p>La combinaison d&#8217;un si\u00e8ge ergonomique et d&#8217;une zone de relaxation, ainsi que ses dimensions g\u00e9n\u00e9reuses et son volume consid\u00e9rable, font de l&#8217;Aqua Life 7.0 Mono XD un spa de nage exceptionnel qui invite \u00e0 la fois \u00e0 l&#8217;exercice actif et \u00e0 la relaxation passive. Ces caract\u00e9ristiques, ainsi que la construction durable et l&#8217;alimentation efficace, refl\u00e8tent la qualit\u00e9 et le savoir-faire qui font la r\u00e9putation de Riptide.<\/p>\n<p>Les spas de nage Riptide, comme cet Aqua Life 7.0 Mono XD, sont connus pour leurs performances in\u00e9gal\u00e9es et leur aspect luxueux. Ils offrent une combinaison parfaite de remise en forme et de relaxation, ce qui en fait un compl\u00e9ment essentiel \u00e0 un mode de vie sain. Que vous recherchiez un entra\u00eenement de natation rigoureux ou une s\u00e9ance d&#8217;hydroth\u00e9rapie apaisante, ce spa de natation r\u00e9pondra \u00e0 tous vos besoins.<\/p>\n<p>Choisir un spa de nage Riptide, c&#8217;est investir dans votre sant\u00e9, votre bien-\u00eatre et votre plaisir. Gr\u00e2ce aux diff\u00e9rents mod\u00e8les disponibles et \u00e0 la possibilit\u00e9 d&#8217;ajouter diverses options, il offre la flexibilit\u00e9 d&#8217;\u00eatre enti\u00e8rement personnalis\u00e9, faisant de chaque s\u00e9ance de natation une exp\u00e9rience personnelle. Que vous soyez un nageur passionn\u00e9 cherchant \u00e0 affiner sa technique ou que vous pr\u00e9f\u00e9riez vous d\u00e9tendre dans l&#8217;eau chaude et bouillonnante, l&#8217;Aqua Life 7.0 Mono XD r\u00e9pondra \u00e0 vos besoins et les d\u00e9passera, c&#8217;est garanti.<\/p>\n<p>L&#8217;Aqua Life 7.0 Mono XD de Riptide repr\u00e9sente l&#8217;exp\u00e9rience ultime en mati\u00e8re de spa de nage, alliant harmonieusement luxe et fonctionnalit\u00e9.<\/p>\n<\/div>\n<\/div>\n<\/div>\n<\/div>\n<\/div>\n<\/div>\n<\/div>\n<\/div>\n<\/div>\n<\/div>\n<\/div>\n<\/div>\n","protected":false},"excerpt":{"rendered":"<ul>\n<li>Dimensions : 7 065 x 2 350 x 1 540 mm<\/li>\n<li>Si\u00e8ge ergonomique : 3 si\u00e8ges + 1 si\u00e8ge inclinable<\/li>\n<li>Volume : 12 230 L<\/li>\n<li>Poids (\u00e0 sec) : 1 550 kg<\/li>\n<li>Alimentation : 16Amp &#8211; 400V<\/li>\n<li>Disponible en 2 versions<\/li>\n<li>Diverses options possibles<\/li>\n<\/ul>\n","protected":false},"featured_media":20142,"template":"","meta":{"_acf_changed":false,"_uag_custom_page_level_css":"","site-sidebar-layout":"default","site-content-layout":"","ast-site-content-layout":"default","site-content-style":"default","site-sidebar-style":"default","ast-global-header-display":"","ast-banner-title-visibility":"","ast-main-header-display":"","ast-hfb-above-header-display":"","ast-hfb-below-header-display":"","ast-hfb-mobile-header-display":"","site-post-title":"","ast-breadcrumbs-content":"","ast-featured-img":"","footer-sml-layout":"","ast-disable-related-posts":"","theme-transparent-header-meta":"default","adv-header-id-meta":"","stick-header-meta":"","header-above-stick-meta":"","header-main-stick-meta":"","header-below-stick-meta":"","astra-migrate-meta-layouts":"set","ast-page-background-enabled":"default","ast-page-background-meta":{"desktop":{"background-color":"","background-image":"","background-repeat":"repeat","background-position":"center center","background-size":"auto","background-attachment":"scroll","background-type":"","background-media":"","overlay-type":"","overlay-color":"","overlay-opacity":"","overlay-gradient":""},"tablet":{"background-color":"","background-image":"","background-repeat":"repeat","background-position":"center center","background-size":"auto","background-attachment":"scroll","background-type":"","background-media":"","overlay-type":"","overlay-color":"","overlay-opacity":"","overlay-gradient":""},"mobile":{"background-color":"","background-image":"","background-repeat":"repeat","background-position":"center center","background-size":"auto","background-attachment":"scroll","background-type":"","background-media":"","overlay-type":"","overlay-color":"","overlay-opacity":"","overlay-gradient":""}},"ast-content-background-meta":{"desktop":{"background-color":"var(--ast-global-color-5)","background-image":"","background-repeat":"repeat","background-position":"center center","background-size":"auto","background-attachment":"scroll","background-type":"","background-media":"","overlay-type":"","overlay-color":"","overlay-opacity":"","overlay-gradient":""},"tablet":{"background-color":"var(--ast-global-color-5)","background-image":"","background-repeat":"repeat","background-position":"center center","background-size":"auto","background-attachment":"scroll","background-type":"","background-media":"","overlay-type":"","overlay-color":"","overlay-opacity":"","overlay-gradient":""},"mobile":{"background-color":"var(--ast-global-color-5)","background-image":"","background-repeat":"repeat","background-position":"center center","background-size":"auto","background-attachment":"scroll","background-type":"","background-media":"","overlay-type":"","overlay-color":"","overlay-opacity":"","overlay-gradient":""}}},"product_brand":[],"product_cat":[664,667,647],"product_tag":[1361,1314,1310,1788,1311,1312],"class_list":{"0":"post-20565","1":"product","2":"type-product","3":"status-publish","4":"has-post-thumbnail","6":"product_cat-riptide-fr","7":"product_cat-riptide-1-volume","8":"product_cat-spa-de-nage","9":"product_tag-aqua-life-7-0-mono-xd-fr","10":"product_tag-gervi-fr","11":"product_tag-riptide-fr","12":"product_tag-riptideswim-fr","13":"product_tag-spa-de-natation","14":"product_tag-swimspa-fr","15":"desktop-align-left","16":"tablet-align-left","17":"mobile-align-left","19":"first","20":"instock","21":"product-type-simple"},"acf":[],"uagb_featured_image_src":{"full":["https:\/\/gervi.be\/wp-content\/uploads\/2024\/03\/Aqua-Life-Mono-7.0-XD-Riptide-Zwemspa.jpg",1920,1920,false],"thumbnail":["https:\/\/gervi.be\/wp-content\/uploads\/2024\/03\/Aqua-Life-Mono-7.0-XD-Riptide-Zwemspa-150x150.jpg",150,150,true],"medium":["https:\/\/gervi.be\/wp-content\/uploads\/2024\/03\/Aqua-Life-Mono-7.0-XD-Riptide-Zwemspa-300x300.jpg",300,300,true],"medium_large":["https:\/\/gervi.be\/wp-content\/uploads\/2024\/03\/Aqua-Life-Mono-7.0-XD-Riptide-Zwemspa-768x768.jpg",768,768,true],"large":["https:\/\/gervi.be\/wp-content\/uploads\/2024\/03\/Aqua-Life-Mono-7.0-XD-Riptide-Zwemspa-1024x1024.jpg",1024,1024,true],"1536x1536":["https:\/\/gervi.be\/wp-content\/uploads\/2024\/03\/Aqua-Life-Mono-7.0-XD-Riptide-Zwemspa-1536x1536.jpg",1536,1536,true],"2048x2048":["https:\/\/gervi.be\/wp-content\/uploads\/2024\/03\/Aqua-Life-Mono-7.0-XD-Riptide-Zwemspa.jpg",1920,1920,false],"woocommerce_thumbnail":["https:\/\/gervi.be\/wp-content\/uploads\/2024\/03\/Aqua-Life-Mono-7.0-XD-Riptide-Zwemspa-1920x1500.jpg",1920,1500,true],"woocommerce_single":["https:\/\/gervi.be\/wp-content\/uploads\/2024\/03\/Aqua-Life-Mono-7.0-XD-Riptide-Zwemspa.jpg",1920,1920,false],"woocommerce_gallery_thumbnail":["https:\/\/gervi.be\/wp-content\/uploads\/2024\/03\/Aqua-Life-Mono-7.0-XD-Riptide-Zwemspa-100x100.jpg",100,100,true],"dgwt-wcas-product-suggestion":["https:\/\/gervi.be\/wp-content\/uploads\/2024\/03\/Aqua-Life-Mono-7.0-XD-Riptide-Zwemspa.jpg",64,64,false]},"uagb_author_info":{"display_name":"Marjolein Nijs","author_link":"https:\/\/gervi.be\/fr\/author\/"},"uagb_comment_info":0,"uagb_excerpt":"Dimensions : 7 065 x 2 350 x 1 540 mm Si\u00e8ge ergonomique : 3 si\u00e8ges + 1 si\u00e8ge inclinable Volume : 12 230 L Poids (\u00e0 sec) : 1 550 kg Alimentation : 16Amp - 400V Disponible en 2 versions Diverses options possibles","_links":{"self":[{"href":"https:\/\/gervi.be\/fr\/wp-json\/wp\/v2\/product\/20565","targetHints":{"allow":["GET"]}}],"collection":[{"href":"https:\/\/gervi.be\/fr\/wp-json\/wp\/v2\/product"}],"about":[{"href":"https:\/\/gervi.be\/fr\/wp-json\/wp\/v2\/types\/product"}],"wp:featuredmedia":[{"embeddable":true,"href":"https:\/\/gervi.be\/fr\/wp-json\/wp\/v2\/media\/20142"}],"wp:attachment":[{"href":"https:\/\/gervi.be\/fr\/wp-json\/wp\/v2\/media?parent=20565"}],"wp:term":[{"taxonomy":"product_brand","embeddable":true,"href":"https:\/\/gervi.be\/fr\/wp-json\/wp\/v2\/product_brand?post=20565"},{"taxonomy":"product_cat","embeddable":true,"href":"https:\/\/gervi.be\/fr\/wp-json\/wp\/v2\/product_cat?post=20565"},{"taxonomy":"product_tag","embeddable":true,"href":"https:\/\/gervi.be\/fr\/wp-json\/wp\/v2\/product_tag?post=20565"}],"curies":[{"name":"wp","href":"https:\/\/api.w.org\/{rel}","templated":true}]}}