{"id":20508,"date":"2024-03-28T11:05:44","date_gmt":"2024-03-28T11:05:44","guid":{"rendered":"https:\/\/gervi.be\/?post_type=product&#038;p=20508"},"modified":"2025-12-18T14:22:17","modified_gmt":"2025-12-18T13:22:17","slug":"nettoyant-bois-pour-sauna-500-ml","status":"publish","type":"product","link":"https:\/\/gervi.be\/fr\/produit\/nettoyant-bois-pour-sauna-500-ml\/","title":{"rendered":"Nettoyant bois pour sauna (500 ml)"},"content":{"rendered":"<h2><a href=\"https:\/\/gervi.be\/fr\/marques\/klafs\/\"><img decoding=\"async\" class=\"alignleft wp-image-17003\" src=\"https:\/\/gervi.be\/wp-content\/uploads\/2023\/12\/Klafs-logo-300x115.png\" alt=\"Logo Klafs\" width=\"150\" height=\"57\" title=\"\" srcset=\"https:\/\/gervi.be\/wp-content\/uploads\/2023\/12\/Klafs-logo-300x115.png 300w, https:\/\/gervi.be\/wp-content\/uploads\/2023\/12\/Klafs-logo-1024x393.png 1024w, https:\/\/gervi.be\/wp-content\/uploads\/2023\/12\/Klafs-logo-768x294.png 768w, https:\/\/gervi.be\/wp-content\/uploads\/2023\/12\/Klafs-logo-600x230.png 600w, https:\/\/gervi.be\/wp-content\/uploads\/2023\/12\/Klafs-logo.png 1200w\" sizes=\"(max-width: 150px) 100vw, 150px\" \/><\/a><\/h2>\n<p>&nbsp;<\/p>\n<p>&nbsp;<\/p>\n<h2>Description<\/h2>\n<p>Avec le nettoyant pour bois KLAFS 500 ml, vous pouvez nettoyer votre sauna de la salet\u00e9 facilement et en toute s\u00e9curit\u00e9. Il suffit de l&#8217;appliquer, de le laisser s&#8217;impr\u00e9gner et la salet\u00e9 peut \u00eatre facilement \u00e9limin\u00e9e. Nettoyer \u00e0 l&#8217;eau claire puis essuyer. Le nettoyage de votre sauna est termin\u00e9.<\/p>\n<h2>Application<\/h2>\n<p>Le nettoyeur de bois KLAFS pour sauna permet de nettoyer les chaises longues ainsi que les surfaces des murs et des plafonds. Les surfaces \u00e0 nettoyer doivent \u00eatre s\u00e8ches et exemptes de poussi\u00e8re. Appliquer le nettoyant pour bois KLAFS pour sauna non dilu\u00e9 et de mani\u00e8re uniforme. Laisser agir pendant environ 1 \u00e0 2 minutes, puis frotter la salet\u00e9 \u00e0 l&#8217;aide d&#8217;une \u00e9ponge en exer\u00e7ant une l\u00e9g\u00e8re pression. Nettoyer les surfaces avec beaucoup d&#8217;eau propre et une \u00e9ponge jusqu&#8217;\u00e0 ce que l&#8217;eau de nettoyage d\u00e9color\u00e9e soit compl\u00e8tement \u00e9limin\u00e9e. Essuyez les surfaces nettoy\u00e9es pour \u00e9viter les taches d&#8217;eau.<\/p>\n<h2>Conseils pour le nettoyage de votre sauna<\/h2>\n<p><strong><br \/>\n1. L&#8217;inspection<\/strong><\/p>\n<p>V\u00e9rifiez r\u00e9guli\u00e8rement que votre sauna n&#8217;est pas endommag\u00e9 et r\u00e9parez-le imm\u00e9diatement. Les vis desserr\u00e9es, par exemple, doivent \u00eatre resserr\u00e9es imm\u00e9diatement.<\/p>\n<p><strong>2. Nettoyage des sols<\/strong><\/p>\n<p>Lorsque vous nettoyez votre sauna, passez une serpilli\u00e8re humide sur le sol.<\/p>\n<p><strong>3. Nettoyage des fauteuils de sauna<\/strong><\/p>\n<p>Essuyer les si\u00e8ges et les chaises longues du sauna avec un chiffon humide.<\/p>\n<p>En cas de salissures, de taches d&#8217;humidit\u00e9 ou de sueur, vaporiser le nettoyant pour bois KLAFS non dilu\u00e9 et, apr\u00e8s avoir laiss\u00e9 agir pendant 1 \u00e0 2 minutes, frotter la salet\u00e9 avec une \u00e9ponge en exer\u00e7ant une l\u00e9g\u00e8re pression. Nettoyer les surfaces avec beaucoup d&#8217;eau propre et une \u00e9ponge jusqu&#8217;\u00e0 ce que l&#8217;eau de nettoyage d\u00e9color\u00e9e soit compl\u00e8tement \u00e9limin\u00e9e. Essuyez les surfaces nettoy\u00e9es pour \u00e9viter de nouvelles taches d&#8217;eau lors du nettoyage de votre sauna. Si la surface des chaises longues est tr\u00e8s sale, elle peut occasionnellement \u00eatre ponc\u00e9e avec du papier de verre \u00e0 grain fin (100).<\/p>\n<p><strong>4. Nettoyage des parois du sauna<\/strong><\/p>\n<p>Nettoyez les surfaces en bois des murs et des plafonds de votre sauna une ou deux fois par an, ou plus souvent en cas d&#8217;utilisation tr\u00e8s intensive, en essuyant ces surfaces avec un chiffon humide (pas mouill\u00e9, pas de tuyau d&#8217;arrosage, pas de nettoyeur haute pression). L\u00e0 encore, le nettoyant pour bois KLAFS permet d&#8217;\u00e9liminer les salissures.<\/p>\n<p><strong>5. \u00c9vent<\/strong><\/p>\n<p>Apr\u00e8s le nettoyage, le sauna doit \u00eatre ventil\u00e9.<\/p>\n<h2><strong>Important<\/strong><\/h2>\n<p>Le bois du sauna est extr\u00eamement sec et donc tr\u00e8s sensible \u00e0 l&#8217;humidit\u00e9. Le rev\u00eatement en bois de la cabine et des chaises et bancs de pont ne doit donc en aucun cas \u00eatre rinc\u00e9 \u00e0 l&#8217;aide d&#8217;un tuyau d&#8217;arrosage ou d&#8217;un nettoyeur \u00e0 haute pression. Ceci s&#8217;applique \u00e9galement au nettoyage du sol de la cabine de sauna\/SANARIUM\u00ae. De m\u00eame, les garnitures ext\u00e9rieures ne doivent pas \u00eatre nettoy\u00e9es \u00e0 l&#8217;aide d&#8217;un nettoyeur haute pression ou d&#8217;un tuyau d&#8217;arrosage.<\/p>\n<p>L&#8217;utilisation d&#8217;un nettoyeur \u00e0 pression ou d&#8217;eau courante annule la garantie de l&#8217;ensemble du sauna.<\/p>\n<p>&nbsp;<\/p>\n","protected":false},"excerpt":{"rendered":"<ul>\n<li>Ingr\u00e9dients d&#8217;origine naturelle<\/li>\n<li>Sans parfum<\/li>\n<li>Convient \u00e0 toutes les surfaces en bois non trait\u00e9es<\/li>\n<\/ul>\n","protected":false},"featured_media":20512,"template":"","meta":{"_acf_changed":false,"_uag_custom_page_level_css":"","site-sidebar-layout":"default","site-content-layout":"","ast-site-content-layout":"default","site-content-style":"default","site-sidebar-style":"default","ast-global-header-display":"","ast-banner-title-visibility":"","ast-main-header-display":"","ast-hfb-above-header-display":"","ast-hfb-below-header-display":"","ast-hfb-mobile-header-display":"","site-post-title":"","ast-breadcrumbs-content":"","ast-featured-img":"","footer-sml-layout":"","ast-disable-related-posts":"","theme-transparent-header-meta":"default","adv-header-id-meta":"","stick-header-meta":"","header-above-stick-meta":"","header-main-stick-meta":"","header-below-stick-meta":"","astra-migrate-meta-layouts":"set","ast-page-background-enabled":"default","ast-page-background-meta":{"desktop":{"background-color":"","background-image":"","background-repeat":"repeat","background-position":"center center","background-size":"auto","background-attachment":"scroll","background-type":"","background-media":"","overlay-type":"","overlay-color":"","overlay-opacity":"","overlay-gradient":""},"tablet":{"background-color":"","background-image":"","background-repeat":"repeat","background-position":"center center","background-size":"auto","background-attachment":"scroll","background-type":"","background-media":"","overlay-type":"","overlay-color":"","overlay-opacity":"","overlay-gradient":""},"mobile":{"background-color":"","background-image":"","background-repeat":"repeat","background-position":"center center","background-size":"auto","background-attachment":"scroll","background-type":"","background-media":"","overlay-type":"","overlay-color":"","overlay-opacity":"","overlay-gradient":""}},"ast-content-background-meta":{"desktop":{"background-color":"var(--ast-global-color-5)","background-image":"","background-repeat":"repeat","background-position":"center center","background-size":"auto","background-attachment":"scroll","background-type":"","background-media":"","overlay-type":"","overlay-color":"","overlay-opacity":"","overlay-gradient":""},"tablet":{"background-color":"var(--ast-global-color-5)","background-image":"","background-repeat":"repeat","background-position":"center center","background-size":"auto","background-attachment":"scroll","background-type":"","background-media":"","overlay-type":"","overlay-color":"","overlay-opacity":"","overlay-gradient":""},"mobile":{"background-color":"var(--ast-global-color-5)","background-image":"","background-repeat":"repeat","background-position":"center center","background-size":"auto","background-attachment":"scroll","background-type":"","background-media":"","overlay-type":"","overlay-color":"","overlay-opacity":"","overlay-gradient":""}}},"product_brand":[],"product_cat":[645,643],"product_tag":[1344,1339,1355,1356,1354,1357,1345],"class_list":{"0":"post-20508","1":"product","2":"type-product","3":"status-publish","4":"has-post-thumbnail","6":"product_cat-accessoires-pour-saunas","7":"product_cat-sauna-fr","8":"product_tag-detente","9":"product_tag-klafs-fr","10":"product_tag-nettoyant-pour-bois","11":"product_tag-nettoyeur","12":"product_tag-nettoyeur-de-sauna","13":"product_tag-sauna-fr","14":"product_tag-se-detendre","15":"desktop-align-left","16":"tablet-align-left","17":"mobile-align-left","19":"first","20":"instock","21":"purchasable","22":"product-type-simple"},"acf":[],"uagb_featured_image_src":{"full":["https:\/\/gervi.be\/wp-content\/uploads\/2024\/03\/Houtreiniger-voor-Sauna-500-ml-KLAFS-Saunageuren-Gervi.jpg",1920,1920,false],"thumbnail":["https:\/\/gervi.be\/wp-content\/uploads\/2024\/03\/Houtreiniger-voor-Sauna-500-ml-KLAFS-Saunageuren-Gervi-150x150.jpg",150,150,true],"medium":["https:\/\/gervi.be\/wp-content\/uploads\/2024\/03\/Houtreiniger-voor-Sauna-500-ml-KLAFS-Saunageuren-Gervi-300x300.jpg",300,300,true],"medium_large":["https:\/\/gervi.be\/wp-content\/uploads\/2024\/03\/Houtreiniger-voor-Sauna-500-ml-KLAFS-Saunageuren-Gervi-768x768.jpg",768,768,true],"large":["https:\/\/gervi.be\/wp-content\/uploads\/2024\/03\/Houtreiniger-voor-Sauna-500-ml-KLAFS-Saunageuren-Gervi-1024x1024.jpg",1024,1024,true],"1536x1536":["https:\/\/gervi.be\/wp-content\/uploads\/2024\/03\/Houtreiniger-voor-Sauna-500-ml-KLAFS-Saunageuren-Gervi-1536x1536.jpg",1536,1536,true],"2048x2048":["https:\/\/gervi.be\/wp-content\/uploads\/2024\/03\/Houtreiniger-voor-Sauna-500-ml-KLAFS-Saunageuren-Gervi.jpg",1920,1920,false],"woocommerce_thumbnail":["https:\/\/gervi.be\/wp-content\/uploads\/2024\/03\/Houtreiniger-voor-Sauna-500-ml-KLAFS-Saunageuren-Gervi-1920x1500.jpg",1920,1500,true],"woocommerce_single":["https:\/\/gervi.be\/wp-content\/uploads\/2024\/03\/Houtreiniger-voor-Sauna-500-ml-KLAFS-Saunageuren-Gervi.jpg",1920,1920,false],"woocommerce_gallery_thumbnail":["https:\/\/gervi.be\/wp-content\/uploads\/2024\/03\/Houtreiniger-voor-Sauna-500-ml-KLAFS-Saunageuren-Gervi-100x100.jpg",100,100,true],"dgwt-wcas-product-suggestion":["https:\/\/gervi.be\/wp-content\/uploads\/2024\/03\/Houtreiniger-voor-Sauna-500-ml-KLAFS-Saunageuren-Gervi.jpg",64,64,false]},"uagb_author_info":{"display_name":"Marjolein Nijs","author_link":"https:\/\/gervi.be\/fr\/author\/"},"uagb_comment_info":0,"uagb_excerpt":"Ingr\u00e9dients d'origine naturelle Sans parfum Convient \u00e0 toutes les surfaces en bois non trait\u00e9es","_links":{"self":[{"href":"https:\/\/gervi.be\/fr\/wp-json\/wp\/v2\/product\/20508","targetHints":{"allow":["GET"]}}],"collection":[{"href":"https:\/\/gervi.be\/fr\/wp-json\/wp\/v2\/product"}],"about":[{"href":"https:\/\/gervi.be\/fr\/wp-json\/wp\/v2\/types\/product"}],"wp:featuredmedia":[{"embeddable":true,"href":"https:\/\/gervi.be\/fr\/wp-json\/wp\/v2\/media\/20512"}],"wp:attachment":[{"href":"https:\/\/gervi.be\/fr\/wp-json\/wp\/v2\/media?parent=20508"}],"wp:term":[{"taxonomy":"product_brand","embeddable":true,"href":"https:\/\/gervi.be\/fr\/wp-json\/wp\/v2\/product_brand?post=20508"},{"taxonomy":"product_cat","embeddable":true,"href":"https:\/\/gervi.be\/fr\/wp-json\/wp\/v2\/product_cat?post=20508"},{"taxonomy":"product_tag","embeddable":true,"href":"https:\/\/gervi.be\/fr\/wp-json\/wp\/v2\/product_tag?post=20508"}],"curies":[{"name":"wp","href":"https:\/\/api.w.org\/{rel}","templated":true}]}}