{"id":20400,"date":"2024-03-26T16:33:53","date_gmt":"2024-03-26T15:33:53","guid":{"rendered":"https:\/\/gervi.be\/?post_type=product&#038;p=20400"},"modified":"2024-06-18T10:29:09","modified_gmt":"2024-06-18T08:29:09","slug":"aqua-life-8-0-mono-xd","status":"publish","type":"product","link":"https:\/\/gervi.be\/fr\/produit\/aqua-life-8-0-mono-xd\/","title":{"rendered":"Aqua Life 8.0 Mono XD"},"content":{"rendered":"<div class=\"flex flex-grow flex-col max-w-full\">\n<div class=\"min-h-[20px] text-message flex flex-col items-start gap-3 whitespace-pre-wrap break-words [.text-message+&amp;]:mt-5 overflow-x-auto\" data-message-author-role=\"assistant\" data-message-id=\"6a7ef4dc-7de5-421c-b8af-a5ad819f96d0\">\n<div class=\"markdown prose w-full break-words dark:prose-invert light\">\n<p><a href=\"https:\/\/gervi.be\/merken\/riptide\/\"><img decoding=\"async\" class=\"alignnone wp-image-20326\" src=\"https:\/\/gervi.be\/wp-content\/uploads\/2023\/08\/Riptide-logo-300x92.png\" alt=\"Logo Riptide\" width=\"150\" height=\"46\" title=\"\" srcset=\"https:\/\/gervi.be\/wp-content\/uploads\/2023\/08\/Riptide-logo-300x92.png 300w, https:\/\/gervi.be\/wp-content\/uploads\/2023\/08\/Riptide-logo-1024x314.png 1024w, https:\/\/gervi.be\/wp-content\/uploads\/2023\/08\/Riptide-logo-768x236.png 768w, https:\/\/gervi.be\/wp-content\/uploads\/2023\/08\/Riptide-logo-1536x471.png 1536w, https:\/\/gervi.be\/wp-content\/uploads\/2023\/08\/Riptide-logo.png 1597w\" sizes=\"(max-width: 150px) 100vw, 150px\" \/><\/a><\/p>\n<h2>Description<\/h2>\n<div class=\"flex flex-grow flex-col max-w-full\">\n<div class=\"min-h-[20px] text-message flex flex-col items-start gap-3 whitespace-pre-wrap break-words [.text-message+&amp;]:mt-5 overflow-x-auto\" data-message-author-role=\"assistant\" data-message-id=\"458ac3e0-5251-4df0-8b7c-e3c517108e01\">\n<div class=\"markdown prose w-full break-words dark:prose-invert light\">\n<div class=\"flex flex-grow flex-col max-w-full\">\n<div class=\"min-h-[20px] text-message flex flex-col items-start gap-3 whitespace-pre-wrap break-words [.text-message+&amp;]:mt-5 overflow-x-auto\" data-message-author-role=\"assistant\" data-message-id=\"458ac3e0-5251-4df0-8b7c-e3c517108e01\">\n<div class=\"markdown prose w-full break-words dark:prose-invert light\">\n<div class=\"flex flex-grow flex-col max-w-full\">\n<div class=\"min-h-[20px] text-message flex flex-col items-start gap-3 whitespace-pre-wrap break-words [.text-message+&amp;]:mt-5 overflow-x-auto\" data-message-author-role=\"assistant\" data-message-id=\"4418c55d-6762-4412-8452-ba951b98c29d\">\n<div class=\"markdown prose w-full break-words dark:prose-invert light\">\n<p>Le spa de nage Aqua Life 8.0 Mono XD de Riptide repr\u00e9sente la combinaison ultime de luxe et de performance dans le monde des spas de nage. Ce grand mod\u00e8le de swimspa, avec ses dimensions impressionnantes de 7 985 x 2 350 x 1 540 mm, offre une grande libert\u00e9 de mouvement et un grand confort pour les nageurs et les relaxeurs. Avec une capacit\u00e9 de 14 480 litres d&#8217;eau, c&#8217;est une v\u00e9ritable oasis de d\u00e9tente et d&#8217;exercice, parfaitement adapt\u00e9e aux besoins de toute la famille ou \u00e0 un usage individuel.<\/p>\n<p>L&#8217;Aqua Life 8.0 Mono XD porte l&#8217;exp\u00e9rience de l&#8217;hydroth\u00e9rapie et de l&#8217;entra\u00eenement \u00e0 la natation \u00e0 un niveau sup\u00e9rieur. Gr\u00e2ce aux technologies avanc\u00e9es d\u00e9velopp\u00e9es par Riptide, notamment le syst\u00e8me d&#8217;entra\u00eenement professionnel Quickwater, les utilisateurs peuvent profiter d&#8217;une exp\u00e9rience de natation transparente et efficace. Aliment\u00e9 par des pompes de haute qualit\u00e9 et des jets de nage judicieusement positionn\u00e9s, ce syst\u00e8me cr\u00e9e un flux constant et r\u00e9glable, permettant aux nageurs de tout niveau d&#8217;affiner leur technique ou simplement de profiter d&#8217;une exp\u00e9rience de swimspa relaxante.<\/p>\n<p>L&#8217;Aqua Life 8.0 Mono XD se distingue par son confort et sa facilit\u00e9 d&#8217;utilisation. Les si\u00e8ges ergonomiques, dont une chaise longue, permettent de se d\u00e9tendre apr\u00e8s une s\u00e9ance de natation intense. En outre, les 35 jets de massage int\u00e9gr\u00e9s procurent un massage revigorant, r\u00e9duisant la tension musculaire et augmentant le bien-\u00eatre de l&#8217;utilisateur. Ces caract\u00e9ristiques, associ\u00e9es \u00e0 des options telles que la st\u00e9r\u00e9o Bluetooth ou la connexion \u00e0 une pompe \u00e0 chaleur, font de chaque plong\u00e9e dans l&#8217;Aqua Life 8.0 Mono XD une exp\u00e9rience luxueuse.<\/p>\n<p>En termes de construction, l&#8217;Aqua Life 8.0 Mono XD souligne l&#8217;engagement de Riptide en faveur de la durabilit\u00e9 et de l&#8217;efficacit\u00e9 \u00e9nerg\u00e9tique. Les syst\u00e8mes d&#8217;isolation Platinum Lock et Full Foaming sont con\u00e7us pour minimiser les pertes de chaleur, afin de maintenir les co\u00fbts \u00e9nerg\u00e9tiques aussi bas que possible sans sacrifier le confort. Ces syst\u00e8mes, associ\u00e9s \u00e0 une qualit\u00e9 de construction robuste, garantissent que le swimspa r\u00e9sistera aux \u00e9l\u00e9ments et \u00e0 des ann\u00e9es d&#8217;utilisation.<\/p>\n<p>Les avanc\u00e9es technologiques de l&#8217;Aqua Life 8.0 Mono XD sont renforc\u00e9es par le syst\u00e8me de contr\u00f4le Spatech CA300-3KW, \u00e9quip\u00e9 d&#8217;un panneau de contr\u00f4le intuitif \u00e0 \u00e9cran tactile TP10. Il est ainsi facile de r\u00e9gler les param\u00e8tres, de la temp\u00e9rature \u00e0 l&#8217;intensit\u00e9 des jets, du bout des doigts. L&#8217;int\u00e9gration des LED de niveau d&#8217;eau, des LED g\u00e9n\u00e9rales, de la lumi\u00e8re de la fontaine et des commandes r\u00e9tro\u00e9clair\u00e9es ajoute \u00e0 l&#8217;ambiance et am\u00e9liore l&#8217;attrait esth\u00e9tique du spa, en faisant un point focal frappant de tout espace ext\u00e9rieur.<\/p>\n<p>En mati\u00e8re de purification de l&#8217;eau, l&#8217;Aqua Life 8.0 Mono XD \u00e9tablit de nouvelles normes gr\u00e2ce \u00e0 ses syst\u00e8mes de filtration et de d\u00e9sinfection avanc\u00e9s. Ces syst\u00e8mes garantissent que l&#8217;eau est toujours claire, propre et s\u00fbre pour l&#8217;utilisation, toujours en combinaison avec un entretien p\u00e9riodique de l&#8217;eau. Ceci, combin\u00e9 au tuyau en PVC certifi\u00e9 NSF, garantit que l&#8217;eau est exempte de produits chimiques nocifs et qu&#8217;elle r\u00e9pond aux normes les plus \u00e9lev\u00e9es en mati\u00e8re de qualit\u00e9 de l&#8217;eau.<\/p>\n<p>L&#8217;Aqua Life 8.0 Mono XD de Riptide n&#8217;est pas seulement un spa de nage, c&#8217;est un investissement dans votre sant\u00e9, votre bien-\u00eatre et votre qualit\u00e9 de vie. Qu&#8217;il s&#8217;agisse d&#8217;un entra\u00eenement de natation rigoureux, de se d\u00e9tendre apr\u00e8s une longue journ\u00e9e ou de cr\u00e9er un lieu pour des moments inoubliables en famille ou entre amis, ce mod\u00e8le offre une combinaison in\u00e9gal\u00e9e de fonctionnalit\u00e9, de confort et de luxe.<\/p>\n<\/div>\n<\/div>\n<\/div>\n<\/div>\n<\/div>\n<\/div>\n<\/div>\n<\/div>\n<\/div>\n<\/div>\n<\/div>\n<\/div>\n","protected":false},"excerpt":{"rendered":"<ul>\n<li>Dimensions : 7 985 x 2 350 x 1 540 mm<\/li>\n<li>Si\u00e8ge ergonomique : 3 si\u00e8ges + 1 si\u00e8ge inclinable<\/li>\n<li>Volume : 14 480 L<\/li>\n<li>Poids (\u00e0 sec) : 1,745 Kg<\/li>\n<li>Alimentation : 16Amp &#8211; 400V<\/li>\n<li>Disponible en 2 versions<\/li>\n<li>Diverses options possibles<\/li>\n<\/ul>\n","protected":false},"featured_media":20140,"template":"","meta":{"_acf_changed":false,"_uag_custom_page_level_css":"","site-sidebar-layout":"default","site-content-layout":"","ast-site-content-layout":"default","site-content-style":"default","site-sidebar-style":"default","ast-global-header-display":"","ast-banner-title-visibility":"","ast-main-header-display":"","ast-hfb-above-header-display":"","ast-hfb-below-header-display":"","ast-hfb-mobile-header-display":"","site-post-title":"","ast-breadcrumbs-content":"","ast-featured-img":"","footer-sml-layout":"","ast-disable-related-posts":"","theme-transparent-header-meta":"default","adv-header-id-meta":"","stick-header-meta":"","header-above-stick-meta":"","header-main-stick-meta":"","header-below-stick-meta":"","astra-migrate-meta-layouts":"set","ast-page-background-enabled":"default","ast-page-background-meta":{"desktop":{"background-color":"","background-image":"","background-repeat":"repeat","background-position":"center center","background-size":"auto","background-attachment":"scroll","background-type":"","background-media":"","overlay-type":"","overlay-color":"","overlay-opacity":"","overlay-gradient":""},"tablet":{"background-color":"","background-image":"","background-repeat":"repeat","background-position":"center center","background-size":"auto","background-attachment":"scroll","background-type":"","background-media":"","overlay-type":"","overlay-color":"","overlay-opacity":"","overlay-gradient":""},"mobile":{"background-color":"","background-image":"","background-repeat":"repeat","background-position":"center center","background-size":"auto","background-attachment":"scroll","background-type":"","background-media":"","overlay-type":"","overlay-color":"","overlay-opacity":"","overlay-gradient":""}},"ast-content-background-meta":{"desktop":{"background-color":"var(--ast-global-color-5)","background-image":"","background-repeat":"repeat","background-position":"center center","background-size":"auto","background-attachment":"scroll","background-type":"","background-media":"","overlay-type":"","overlay-color":"","overlay-opacity":"","overlay-gradient":""},"tablet":{"background-color":"var(--ast-global-color-5)","background-image":"","background-repeat":"repeat","background-position":"center center","background-size":"auto","background-attachment":"scroll","background-type":"","background-media":"","overlay-type":"","overlay-color":"","overlay-opacity":"","overlay-gradient":""},"mobile":{"background-color":"var(--ast-global-color-5)","background-image":"","background-repeat":"repeat","background-position":"center center","background-size":"auto","background-attachment":"scroll","background-type":"","background-media":"","overlay-type":"","overlay-color":"","overlay-opacity":"","overlay-gradient":""}}},"product_brand":[],"product_cat":[664,667,647],"product_tag":[1330,1314,1310,1788,1311,1312],"class_list":{"0":"post-20400","1":"product","2":"type-product","3":"status-publish","4":"has-post-thumbnail","6":"product_cat-riptide-fr","7":"product_cat-riptide-1-volume","8":"product_cat-spa-de-nage","9":"product_tag-aqua-life-8-0-mono-xd-fr","10":"product_tag-gervi-fr","11":"product_tag-riptide-fr","12":"product_tag-riptideswim-fr","13":"product_tag-spa-de-natation","14":"product_tag-swimspa-fr","15":"desktop-align-left","16":"tablet-align-left","17":"mobile-align-left","19":"first","20":"instock","21":"product-type-simple"},"acf":[],"uagb_featured_image_src":{"full":["https:\/\/gervi.be\/wp-content\/uploads\/2024\/03\/Aqua-Life-Mono-8.0-XD-Riptide-Zwemspa.jpg",1920,1920,false],"thumbnail":["https:\/\/gervi.be\/wp-content\/uploads\/2024\/03\/Aqua-Life-Mono-8.0-XD-Riptide-Zwemspa-150x150.jpg",150,150,true],"medium":["https:\/\/gervi.be\/wp-content\/uploads\/2024\/03\/Aqua-Life-Mono-8.0-XD-Riptide-Zwemspa-300x300.jpg",300,300,true],"medium_large":["https:\/\/gervi.be\/wp-content\/uploads\/2024\/03\/Aqua-Life-Mono-8.0-XD-Riptide-Zwemspa-768x768.jpg",768,768,true],"large":["https:\/\/gervi.be\/wp-content\/uploads\/2024\/03\/Aqua-Life-Mono-8.0-XD-Riptide-Zwemspa-1024x1024.jpg",1024,1024,true],"1536x1536":["https:\/\/gervi.be\/wp-content\/uploads\/2024\/03\/Aqua-Life-Mono-8.0-XD-Riptide-Zwemspa-1536x1536.jpg",1536,1536,true],"2048x2048":["https:\/\/gervi.be\/wp-content\/uploads\/2024\/03\/Aqua-Life-Mono-8.0-XD-Riptide-Zwemspa.jpg",1920,1920,false],"woocommerce_thumbnail":["https:\/\/gervi.be\/wp-content\/uploads\/2024\/03\/Aqua-Life-Mono-8.0-XD-Riptide-Zwemspa-1920x1500.jpg",1920,1500,true],"woocommerce_single":["https:\/\/gervi.be\/wp-content\/uploads\/2024\/03\/Aqua-Life-Mono-8.0-XD-Riptide-Zwemspa.jpg",1920,1920,false],"woocommerce_gallery_thumbnail":["https:\/\/gervi.be\/wp-content\/uploads\/2024\/03\/Aqua-Life-Mono-8.0-XD-Riptide-Zwemspa-100x100.jpg",100,100,true],"dgwt-wcas-product-suggestion":["https:\/\/gervi.be\/wp-content\/uploads\/2024\/03\/Aqua-Life-Mono-8.0-XD-Riptide-Zwemspa.jpg",64,64,false]},"uagb_author_info":{"display_name":"Marjolein Nijs","author_link":"https:\/\/gervi.be\/fr\/author\/"},"uagb_comment_info":0,"uagb_excerpt":"Dimensions : 7 985 x 2 350 x 1 540 mm Si\u00e8ge ergonomique : 3 si\u00e8ges + 1 si\u00e8ge inclinable Volume : 14 480 L Poids (\u00e0 sec) : 1,745 Kg Alimentation : 16Amp - 400V Disponible en 2 versions Diverses options possibles","_links":{"self":[{"href":"https:\/\/gervi.be\/fr\/wp-json\/wp\/v2\/product\/20400","targetHints":{"allow":["GET"]}}],"collection":[{"href":"https:\/\/gervi.be\/fr\/wp-json\/wp\/v2\/product"}],"about":[{"href":"https:\/\/gervi.be\/fr\/wp-json\/wp\/v2\/types\/product"}],"wp:featuredmedia":[{"embeddable":true,"href":"https:\/\/gervi.be\/fr\/wp-json\/wp\/v2\/media\/20140"}],"wp:attachment":[{"href":"https:\/\/gervi.be\/fr\/wp-json\/wp\/v2\/media?parent=20400"}],"wp:term":[{"taxonomy":"product_brand","embeddable":true,"href":"https:\/\/gervi.be\/fr\/wp-json\/wp\/v2\/product_brand?post=20400"},{"taxonomy":"product_cat","embeddable":true,"href":"https:\/\/gervi.be\/fr\/wp-json\/wp\/v2\/product_cat?post=20400"},{"taxonomy":"product_tag","embeddable":true,"href":"https:\/\/gervi.be\/fr\/wp-json\/wp\/v2\/product_tag?post=20400"}],"curies":[{"name":"wp","href":"https:\/\/api.w.org\/{rel}","templated":true}]}}