{"id":20393,"date":"2024-03-26T14:16:57","date_gmt":"2024-03-26T13:16:57","guid":{"rendered":"https:\/\/gervi.be\/?post_type=product&#038;p=20393"},"modified":"2024-06-18T10:04:57","modified_gmt":"2024-06-18T08:04:57","slug":"aqua-life-7-0-duo-xd","status":"publish","type":"product","link":"https:\/\/gervi.be\/fr\/produit\/aqua-life-7-0-duo-xd\/","title":{"rendered":"Aqua Life 7.0 Duo XD"},"content":{"rendered":"<div class=\"flex flex-grow flex-col max-w-full\">\n<div class=\"min-h-[20px] text-message flex flex-col items-start gap-3 whitespace-pre-wrap break-words [.text-message+&amp;]:mt-5 overflow-x-auto\" data-message-author-role=\"assistant\" data-message-id=\"6a7ef4dc-7de5-421c-b8af-a5ad819f96d0\">\n<div class=\"markdown prose w-full break-words dark:prose-invert light\">\n<p><a href=\"https:\/\/gervi.be\/merken\/riptide\/\"><img decoding=\"async\" class=\"alignnone wp-image-20326\" src=\"https:\/\/gervi.be\/wp-content\/uploads\/2023\/08\/Riptide-logo-300x92.png\" alt=\"Logo Riptide\" width=\"150\" height=\"46\" title=\"\" srcset=\"https:\/\/gervi.be\/wp-content\/uploads\/2023\/08\/Riptide-logo-300x92.png 300w, https:\/\/gervi.be\/wp-content\/uploads\/2023\/08\/Riptide-logo-1024x314.png 1024w, https:\/\/gervi.be\/wp-content\/uploads\/2023\/08\/Riptide-logo-768x236.png 768w, https:\/\/gervi.be\/wp-content\/uploads\/2023\/08\/Riptide-logo-1536x471.png 1536w, https:\/\/gervi.be\/wp-content\/uploads\/2023\/08\/Riptide-logo.png 1597w\" sizes=\"(max-width: 150px) 100vw, 150px\" \/><\/a><\/p>\n<h2>Description<\/h2>\n<div class=\"flex flex-grow flex-col max-w-full\">\n<div class=\"min-h-[20px] text-message flex flex-col items-start gap-3 whitespace-pre-wrap break-words [.text-message+&amp;]:mt-5 overflow-x-auto\" data-message-author-role=\"assistant\" data-message-id=\"458ac3e0-5251-4df0-8b7c-e3c517108e01\">\n<div class=\"markdown prose w-full break-words dark:prose-invert light\">\n<div class=\"flex flex-grow flex-col max-w-full\">\n<div class=\"min-h-[20px] text-message flex flex-col items-start gap-3 whitespace-pre-wrap break-words [.text-message+&amp;]:mt-5 overflow-x-auto\" data-message-author-role=\"assistant\" data-message-id=\"458ac3e0-5251-4df0-8b7c-e3c517108e01\">\n<div class=\"markdown prose w-full break-words dark:prose-invert light\">\n<div class=\"flex flex-grow flex-col max-w-full\">\n<div class=\"min-h-[20px] text-message flex flex-col items-start gap-3 whitespace-pre-wrap break-words [.text-message+&amp;]:mt-5 overflow-x-auto\" data-message-author-role=\"assistant\" data-message-id=\"e7dcc814-f350-4d3e-88b7-dcdd6aef37db\">\n<div class=\"markdown prose w-full break-words dark:prose-invert light\">\n<p>Le Riptide Aqua Life 7.0 Duo XD est un mod\u00e8le de luxe et de technologie dans le monde des spas de nage, con\u00e7u pour une exp\u00e9rience aquatique ultime. Que vous nagiez pour le sport, la d\u00e9tente ou le plaisir. Une solution alliant confort, durabilit\u00e9 et innovation, ce spa de nage est parfait pour tous ceux qui recherchent une exp\u00e9rience de nage \u00e0 domicile de qualit\u00e9 sup\u00e9rieure.<\/p>\n<p>Avec ses dimensions impressionnantes de 7 065 x 2 350 x 1 540 mm, l&#8217;Aqua Life 7.0 Duo XD peut accueillir jusqu&#8217;\u00e0 trois personnes et un fauteuil inclinable, offrant ainsi un environnement confortable et spacieux pour se d\u00e9tendre ou faire de l&#8217;exercice de mani\u00e8re intensive. La capacit\u00e9 de 11 750 litres offre une grande libert\u00e9 de mouvement, ce qui permet aux utilisateurs de profiter pleinement des bienfaits de l&#8217;hydroth\u00e9rapie et des exercices de natation.<\/p>\n<p>Ce mod\u00e8le de swimspa est \u00e9quip\u00e9 de deux puissantes pompes de massage de 2 CV et de 35 jets de massage, dont une soufflerie pr\u00e9chauff\u00e9e de 400 W et 12 jets d&#8217;air, qui fonctionnent ensemble pour offrir une exp\u00e9rience de massage du corps entier. Cette combinaison est sp\u00e9cialement con\u00e7ue pour soulager les tensions, d\u00e9tendre les muscles et favoriser un sentiment de bien-\u00eatre apr\u00e8s une longue journ\u00e9e ou une s\u00e9ance de natation intensive.<\/p>\n<p>Le Riptide Aqua Life 7.0 Duo XD offre un syst\u00e8me de filtration avanc\u00e9 qui fonctionne \u00e0 la fois dans le spa et dans la zone de baignade. Ce syst\u00e8me utilise des tuyaux en PVC homologu\u00e9s NSF pour une eau de qualit\u00e9 alimentaire et minimise les besoins en produits chimiques gr\u00e2ce \u00e0 un syst\u00e8me de d\u00e9sinfection efficace, ce qui permet aux utilisateurs de toujours b\u00e9n\u00e9ficier d&#8217;une eau propre et limpide. Bien s\u00fbr, toujours en combinaison avec les produits d&#8217;entretien de l&#8217;eau appropri\u00e9s.<\/p>\n<p>Un autre aspect important de ce spa de nage est son syst\u00e8me d&#8217;isolation, qui comprend les technologies Platinum Lock et Full Foaming. Ce syst\u00e8me maximise l&#8217;efficacit\u00e9 en minimisant les pertes de chaleur et aide les propri\u00e9taires \u00e0 contr\u00f4ler leur consommation d&#8217;\u00e9nergie, ce qui permet de r\u00e9duire les co\u00fbts d&#8217;exploitation. La construction durable, associ\u00e9e \u00e0 ces techniques d&#8217;isolation, garantit que l&#8217;Aqua Life 7.0 Duo XD r\u00e9sistera au temps et aux \u00e9l\u00e9ments, ce qui en fait un investissement durable.<\/p>\n<p>Pour ceux qui souhaitent am\u00e9liorer leurs comp\u00e9tences en natation ou simplement profiter du flux d&#8217;eau, ce spa de nage est \u00e9quip\u00e9 de jets de nage avanc\u00e9s qui fournissent un flux d&#8217;eau constant et r\u00e9glable. Cela permet de s&#8217;entra\u00eener \u00e0 tous les niveaux, de la flottaison d\u00e9tendue aux exercices de natation intensifs, avec la possibilit\u00e9 d&#8217;ajuster la force du courant en fonction des besoins individuels de l&#8217;utilisateur.<\/p>\n<p>Le fonctionnement de l&#8217;Aqua Life 7.0 Duo XD est rationalis\u00e9 et convivial, avec les syst\u00e8mes de contr\u00f4le Spatech CA300-3KW pour les zones de spa et de natation, \u00e9quip\u00e9s d&#8217;\u00e9crans tactiles intuitifs (TP10) pour faciliter les r\u00e9glages. Les options d&#8217;\u00e9clairage int\u00e9gr\u00e9es &#8211; y compris les LED au niveau de l&#8217;eau, les LED g\u00e9n\u00e9rales, la lumi\u00e8re de la fontaine et les commandes r\u00e9tro\u00e9clair\u00e9es &#8211; assurent non seulement la s\u00e9curit\u00e9 pendant les sessions nocturnes, mais cr\u00e9ent \u00e9galement une atmosph\u00e8re enchanteresse qui enrichit l&#8217;exp\u00e9rience globale.<\/p>\n<p>Le Riptide Aqua Life 7.0 Duo XD est synonyme de fusion parfaite entre la relaxation, le fitness et le plaisir. Il offre une exp\u00e9rience de natation in\u00e9gal\u00e9e qui r\u00e9pond aux besoins du mode de vie moderne, avec la sant\u00e9 et le bien-\u00eatre au c\u0153ur de ses pr\u00e9occupations. Ce spa de nage est un ajout pr\u00e9cieux \u00e0 toute maison, faisant du plaisir et du luxe une r\u00e9alit\u00e9 dans votre propre jardin.<\/p>\n<\/div>\n<\/div>\n<\/div>\n<\/div>\n<\/div>\n<\/div>\n<\/div>\n<\/div>\n<\/div>\n<\/div>\n<\/div>\n<\/div>\n","protected":false},"excerpt":{"rendered":"<ul>\n<li>Dimensions : 7 065 x 2 350 x 1 540 mm<\/li>\n<li>Si\u00e8ges ergonomiques : 3 si\u00e8ges + 1 couchette<\/li>\n<li>Volume : 11 750 L<\/li>\n<li>Poids (\u00e0 sec) : 1,656 Kg<\/li>\n<li>Alimentation \u00e9lectrique : Zone Spa 16Amp &#8211; 400V + Zone Natation 16Amp &#8211; 400V<\/li>\n<li>Disponible en 2 versions<\/li>\n<li>Diverses options possibles<\/li>\n<\/ul>\n","protected":false},"featured_media":20182,"template":"","meta":{"_acf_changed":false,"_uag_custom_page_level_css":"","site-sidebar-layout":"default","site-content-layout":"","ast-site-content-layout":"default","site-content-style":"default","site-sidebar-style":"default","ast-global-header-display":"","ast-banner-title-visibility":"","ast-main-header-display":"","ast-hfb-above-header-display":"","ast-hfb-below-header-display":"","ast-hfb-mobile-header-display":"","site-post-title":"","ast-breadcrumbs-content":"","ast-featured-img":"","footer-sml-layout":"","ast-disable-related-posts":"","theme-transparent-header-meta":"default","adv-header-id-meta":"","stick-header-meta":"","header-above-stick-meta":"","header-main-stick-meta":"","header-below-stick-meta":"","astra-migrate-meta-layouts":"set","ast-page-background-enabled":"default","ast-page-background-meta":{"desktop":{"background-color":"","background-image":"","background-repeat":"repeat","background-position":"center center","background-size":"auto","background-attachment":"scroll","background-type":"","background-media":"","overlay-type":"","overlay-color":"","overlay-opacity":"","overlay-gradient":""},"tablet":{"background-color":"","background-image":"","background-repeat":"repeat","background-position":"center center","background-size":"auto","background-attachment":"scroll","background-type":"","background-media":"","overlay-type":"","overlay-color":"","overlay-opacity":"","overlay-gradient":""},"mobile":{"background-color":"","background-image":"","background-repeat":"repeat","background-position":"center center","background-size":"auto","background-attachment":"scroll","background-type":"","background-media":"","overlay-type":"","overlay-color":"","overlay-opacity":"","overlay-gradient":""}},"ast-content-background-meta":{"desktop":{"background-color":"var(--ast-global-color-5)","background-image":"","background-repeat":"repeat","background-position":"center center","background-size":"auto","background-attachment":"scroll","background-type":"","background-media":"","overlay-type":"","overlay-color":"","overlay-opacity":"","overlay-gradient":""},"tablet":{"background-color":"var(--ast-global-color-5)","background-image":"","background-repeat":"repeat","background-position":"center center","background-size":"auto","background-attachment":"scroll","background-type":"","background-media":"","overlay-type":"","overlay-color":"","overlay-opacity":"","overlay-gradient":""},"mobile":{"background-color":"var(--ast-global-color-5)","background-image":"","background-repeat":"repeat","background-position":"center center","background-size":"auto","background-attachment":"scroll","background-type":"","background-media":"","overlay-type":"","overlay-color":"","overlay-opacity":"","overlay-gradient":""}}},"product_brand":[],"product_cat":[664,688,647],"product_tag":[1326,1314,1310,1788,1311,1312],"class_list":{"0":"post-20393","1":"product","2":"type-product","3":"status-publish","4":"has-post-thumbnail","6":"product_cat-riptide-fr","7":"product_cat-riptide-2-volumes","8":"product_cat-spa-de-nage","9":"product_tag-aqua-life-7-0-duo-xd-fr","10":"product_tag-gervi-fr","11":"product_tag-riptide-fr","12":"product_tag-riptideswim-fr","13":"product_tag-spa-de-natation","14":"product_tag-swimspa-fr","15":"desktop-align-left","16":"tablet-align-left","17":"mobile-align-left","19":"first","20":"instock","21":"product-type-simple"},"acf":[],"uagb_featured_image_src":{"full":["https:\/\/gervi.be\/wp-content\/uploads\/2024\/03\/Aqua-Life-Duo-7.0-XD-Riptide-Zwemspa.jpg",1920,1920,false],"thumbnail":["https:\/\/gervi.be\/wp-content\/uploads\/2024\/03\/Aqua-Life-Duo-7.0-XD-Riptide-Zwemspa-150x150.jpg",150,150,true],"medium":["https:\/\/gervi.be\/wp-content\/uploads\/2024\/03\/Aqua-Life-Duo-7.0-XD-Riptide-Zwemspa-300x300.jpg",300,300,true],"medium_large":["https:\/\/gervi.be\/wp-content\/uploads\/2024\/03\/Aqua-Life-Duo-7.0-XD-Riptide-Zwemspa-768x768.jpg",768,768,true],"large":["https:\/\/gervi.be\/wp-content\/uploads\/2024\/03\/Aqua-Life-Duo-7.0-XD-Riptide-Zwemspa-1024x1024.jpg",1024,1024,true],"1536x1536":["https:\/\/gervi.be\/wp-content\/uploads\/2024\/03\/Aqua-Life-Duo-7.0-XD-Riptide-Zwemspa-1536x1536.jpg",1536,1536,true],"2048x2048":["https:\/\/gervi.be\/wp-content\/uploads\/2024\/03\/Aqua-Life-Duo-7.0-XD-Riptide-Zwemspa.jpg",1920,1920,false],"woocommerce_thumbnail":["https:\/\/gervi.be\/wp-content\/uploads\/2024\/03\/Aqua-Life-Duo-7.0-XD-Riptide-Zwemspa-1920x1500.jpg",1920,1500,true],"woocommerce_single":["https:\/\/gervi.be\/wp-content\/uploads\/2024\/03\/Aqua-Life-Duo-7.0-XD-Riptide-Zwemspa.jpg",1920,1920,false],"woocommerce_gallery_thumbnail":["https:\/\/gervi.be\/wp-content\/uploads\/2024\/03\/Aqua-Life-Duo-7.0-XD-Riptide-Zwemspa-100x100.jpg",100,100,true],"dgwt-wcas-product-suggestion":["https:\/\/gervi.be\/wp-content\/uploads\/2024\/03\/Aqua-Life-Duo-7.0-XD-Riptide-Zwemspa.jpg",64,64,false]},"uagb_author_info":{"display_name":"Marjolein Nijs","author_link":"https:\/\/gervi.be\/fr\/author\/"},"uagb_comment_info":0,"uagb_excerpt":"Dimensions : 7 065 x 2 350 x 1 540 mm Si\u00e8ges ergonomiques : 3 si\u00e8ges + 1 couchette Volume : 11 750 L Poids (\u00e0 sec) : 1,656 Kg Alimentation \u00e9lectrique : Zone Spa 16Amp - 400V + Zone Natation 16Amp - 400V Disponible en 2 versions Diverses options possibles","_links":{"self":[{"href":"https:\/\/gervi.be\/fr\/wp-json\/wp\/v2\/product\/20393","targetHints":{"allow":["GET"]}}],"collection":[{"href":"https:\/\/gervi.be\/fr\/wp-json\/wp\/v2\/product"}],"about":[{"href":"https:\/\/gervi.be\/fr\/wp-json\/wp\/v2\/types\/product"}],"wp:featuredmedia":[{"embeddable":true,"href":"https:\/\/gervi.be\/fr\/wp-json\/wp\/v2\/media\/20182"}],"wp:attachment":[{"href":"https:\/\/gervi.be\/fr\/wp-json\/wp\/v2\/media?parent=20393"}],"wp:term":[{"taxonomy":"product_brand","embeddable":true,"href":"https:\/\/gervi.be\/fr\/wp-json\/wp\/v2\/product_brand?post=20393"},{"taxonomy":"product_cat","embeddable":true,"href":"https:\/\/gervi.be\/fr\/wp-json\/wp\/v2\/product_cat?post=20393"},{"taxonomy":"product_tag","embeddable":true,"href":"https:\/\/gervi.be\/fr\/wp-json\/wp\/v2\/product_tag?post=20393"}],"curies":[{"name":"wp","href":"https:\/\/api.w.org\/{rel}","templated":true}]}}