{"id":20390,"date":"2024-03-26T13:57:49","date_gmt":"2024-03-26T12:57:49","guid":{"rendered":"https:\/\/gervi.be\/?post_type=product&#038;p=20390"},"modified":"2024-06-18T10:06:26","modified_gmt":"2024-06-18T08:06:26","slug":"aqua-life-8-0-duo-xd","status":"publish","type":"product","link":"https:\/\/gervi.be\/fr\/produit\/aqua-life-8-0-duo-xd\/","title":{"rendered":"Aqua Life 8.0 Duo XD"},"content":{"rendered":"<div class=\"flex flex-grow flex-col max-w-full\">\n<div class=\"min-h-[20px] text-message flex flex-col items-start gap-3 whitespace-pre-wrap break-words [.text-message+&amp;]:mt-5 overflow-x-auto\" data-message-author-role=\"assistant\" data-message-id=\"6a7ef4dc-7de5-421c-b8af-a5ad819f96d0\">\n<div class=\"markdown prose w-full break-words dark:prose-invert light\">\n<p><a href=\"https:\/\/gervi.be\/merken\/riptide\/\"><img decoding=\"async\" class=\"alignnone wp-image-20326\" src=\"https:\/\/gervi.be\/wp-content\/uploads\/2023\/08\/Riptide-logo-300x92.png\" alt=\"Logo Riptide\" width=\"150\" height=\"46\" title=\"\" srcset=\"https:\/\/gervi.be\/wp-content\/uploads\/2023\/08\/Riptide-logo-300x92.png 300w, https:\/\/gervi.be\/wp-content\/uploads\/2023\/08\/Riptide-logo-1024x314.png 1024w, https:\/\/gervi.be\/wp-content\/uploads\/2023\/08\/Riptide-logo-768x236.png 768w, https:\/\/gervi.be\/wp-content\/uploads\/2023\/08\/Riptide-logo-1536x471.png 1536w, https:\/\/gervi.be\/wp-content\/uploads\/2023\/08\/Riptide-logo.png 1597w\" sizes=\"(max-width: 150px) 100vw, 150px\" \/><\/a><\/p>\n<h2>Description<\/h2>\n<div class=\"flex flex-grow flex-col max-w-full\">\n<div class=\"min-h-[20px] text-message flex flex-col items-start gap-3 whitespace-pre-wrap break-words [.text-message+&amp;]:mt-5 overflow-x-auto\" data-message-author-role=\"assistant\" data-message-id=\"458ac3e0-5251-4df0-8b7c-e3c517108e01\">\n<div class=\"markdown prose w-full break-words dark:prose-invert light\">\n<p>Le Riptide Aqua Life 8.0 Duo XD est un grand spa de nage qui offre une combinaison de luxe, de performance et de bienfaits th\u00e9rapeutiques. Avec ses dimensions impressionnantes de 7 985 x 2 350 x 1 540 mm et un poids \u00e0 sec de 1 870 kg, ce swimspa est con\u00e7u pour offrir une exp\u00e9rience de natation spacieuse et confortable aux nageurs amateurs comme aux athl\u00e8tes professionnels. Ce spa de nage Riptide est \u00e9quip\u00e9 de si\u00e8ges ergonomiques, dont 3 si\u00e8ges et 1 si\u00e8ge inclinable, qui garantissent un confort maximal pendant la relaxation ou le massage hydroth\u00e9rapeutique.<\/p>\n<p>Ce spa de nage est dot\u00e9 d&#8217;un syst\u00e8me de massage avanc\u00e9 avec 2 puissantes pompes de massage de 2 CV et 35 jets de massage, y compris une soufflerie pr\u00e9chauff\u00e9e de 400 W et 12 jets d&#8217;air. Ce syst\u00e8me a \u00e9t\u00e9 soigneusement con\u00e7u pour offrir aux utilisateurs une vari\u00e9t\u00e9 d&#8217;exp\u00e9riences d&#8217;hydroth\u00e9rapie, de la relaxation douce au massage musculaire intense, ce qui le rend id\u00e9al pour la r\u00e9cup\u00e9ration apr\u00e8s l&#8217;exercice, le soulagement du stress ou simplement la d\u00e9tente \u00e0 la fin d&#8217;une longue journ\u00e9e.<\/p>\n<p>L&#8217;Aqua Life 8.0 Duo XD excelle \u00e9galement dans la purification et l&#8217;entretien de l&#8217;eau, avec un syst\u00e8me int\u00e9gr\u00e9 d&#8217;entretien de l&#8217;eau qui comprend des pompes de filtration sp\u00e9cialis\u00e9es pour les zones de spa et de natation, et des tuyaux en PVC NSF qui garantissent les normes les plus \u00e9lev\u00e9es en mati\u00e8re de qualit\u00e9 de l&#8217;eau. Ces mesures, associ\u00e9es aux produits de d\u00e9sinfection n\u00e9cessaires, garantissent que l&#8217;eau est toujours propre, claire et sans danger pour les utilisateurs.<\/p>\n<p>Ce spa de natation Riptide est \u00e9quip\u00e9 du syst\u00e8me professionnel d&#8217;entra\u00eenement \u00e0 la natation Quickwater. Ce syst\u00e8me comprend des jets de nage avanc\u00e9s et un tuyau de nage de 3&#8243;, con\u00e7u pour cr\u00e9er un courant puissant qui imite la sensation de nager en eau libre. Il permet aux nageurs de tous niveaux d&#8217;affiner leur technique de nage et d&#8217;am\u00e9liorer leur condition physique sans quitter le confort de leur maison.<\/p>\n<p>En termes d&#8217;isolation, l&#8217;Aqua Life 8.0 Duo XD utilise une technologie de verrouillage en platine et de moussage int\u00e9gral, ce qui garantit une efficacit\u00e9 thermique sup\u00e9rieure. Ces techniques d&#8217;isolation innovantes permettent non seulement de r\u00e9duire les co\u00fbts \u00e9nerg\u00e9tiques en minimisant les pertes de chaleur, mais aussi de garantir que le spa de nage peut \u00eatre utilis\u00e9 tout au long de l&#8217;ann\u00e9e, quelles que soient les conditions m\u00e9t\u00e9orologiques.<\/p>\n<p>Le fonctionnement du spa est rationalis\u00e9 et convivial, gr\u00e2ce aux syst\u00e8mes de contr\u00f4le Spatech CA300-3KW pour les zones de spa et de natation, \u00e9quip\u00e9s de panneaux de contr\u00f4le TP10 \u00e0 \u00e9cran tactile intuitif. Ces syst\u00e8mes permettent aux utilisateurs d&#8217;acc\u00e9der facilement \u00e0 toutes les fonctions du spa de nage, y compris le contr\u00f4le de la temp\u00e9rature, l&#8217;intensit\u00e9 des jets et les options d&#8217;\u00e9clairage.<\/p>\n<p>L&#8217;\u00e9clairage joue un r\u00f4le crucial dans l&#8217;exp\u00e9rience globale de l&#8217;Aqua Life 8.0 Duo, avec les LED de niveau d&#8217;eau, les LED g\u00e9n\u00e9rales, la lumi\u00e8re de la fontaine et les commandes r\u00e9tro\u00e9clair\u00e9es qui travaillent ensemble pour cr\u00e9er un environnement enchanteur et atmosph\u00e9rique. Que vous recherchiez une atmosph\u00e8re apaisante pour la relaxation ou un cadre stimulant pour les f\u00eates, les options d&#8217;\u00e9clairage de ce spa de nage peuvent \u00eatre ajust\u00e9es en fonction de votre humeur et de vos pr\u00e9f\u00e9rences.<\/p>\n<div class=\"flex flex-grow flex-col max-w-full\">\n<div class=\"min-h-[20px] text-message flex flex-col items-start gap-3 whitespace-pre-wrap break-words [.text-message+&amp;]:mt-5 overflow-x-auto\" data-message-author-role=\"assistant\" data-message-id=\"458ac3e0-5251-4df0-8b7c-e3c517108e01\">\n<div class=\"markdown prose w-full break-words dark:prose-invert light\">\n<p>En r\u00e9sum\u00e9, le Riptide Aqua Life 8.0 Duo XD est un spa de nage exceptionnel qui combine luxe, performance et hydroth\u00e9rapie dans un ensemble impressionnant. Que vous soyez un nageur professionnel cherchant \u00e0 am\u00e9liorer ses performances, une personne \u00e0 la recherche de moyens efficaces pour se d\u00e9tendre et \u00e9vacuer le stress, ou simplement une personne souhaitant int\u00e9grer les bienfaits de la th\u00e9rapie aquatique dans sa vie quotidienne, ce spa de natation vous offre une exp\u00e9rience in\u00e9gal\u00e9e.<\/p>\n<p>L&#8217;Aqua Life 8.0 Duo XD de Riptide \u00e9tablit donc de nouvelles normes pour ce qui est possible en mati\u00e8re de bien-\u00eatre personnel et de remise en forme \u00e0 domicile.<\/p>\n<\/div>\n<\/div>\n<\/div>\n<\/div>\n<\/div>\n<\/div>\n<\/div>\n<\/div>\n<\/div>\n","protected":false},"excerpt":{"rendered":"<ul>\n<li>Dimensions : 7 985 x 2 350 x 1 540 mm<\/li>\n<li>Si\u00e8ges ergonomiques : 3 si\u00e8ges + 1 si\u00e8ge inclinable<\/li>\n<li>Volume : 14 000 L<\/li>\n<li>Poids (\u00e0 sec) : 1 870 kg<\/li>\n<li>Alimentation \u00e9lectrique : Zone Spa 16Amp &#8211; 400V + Zone Natation 16Amp &#8211; 400V<\/li>\n<li>Disponible en 2 versions<\/li>\n<li>Diverses options possibles<\/li>\n<\/ul>\n","protected":false},"featured_media":20180,"template":"","meta":{"_acf_changed":false,"_uag_custom_page_level_css":"","site-sidebar-layout":"default","site-content-layout":"","ast-site-content-layout":"default","site-content-style":"default","site-sidebar-style":"default","ast-global-header-display":"","ast-banner-title-visibility":"","ast-main-header-display":"","ast-hfb-above-header-display":"","ast-hfb-below-header-display":"","ast-hfb-mobile-header-display":"","site-post-title":"","ast-breadcrumbs-content":"","ast-featured-img":"","footer-sml-layout":"","ast-disable-related-posts":"","theme-transparent-header-meta":"default","adv-header-id-meta":"","stick-header-meta":"","header-above-stick-meta":"","header-main-stick-meta":"","header-below-stick-meta":"","astra-migrate-meta-layouts":"set","ast-page-background-enabled":"default","ast-page-background-meta":{"desktop":{"background-color":"","background-image":"","background-repeat":"repeat","background-position":"center center","background-size":"auto","background-attachment":"scroll","background-type":"","background-media":"","overlay-type":"","overlay-color":"","overlay-opacity":"","overlay-gradient":""},"tablet":{"background-color":"","background-image":"","background-repeat":"repeat","background-position":"center center","background-size":"auto","background-attachment":"scroll","background-type":"","background-media":"","overlay-type":"","overlay-color":"","overlay-opacity":"","overlay-gradient":""},"mobile":{"background-color":"","background-image":"","background-repeat":"repeat","background-position":"center center","background-size":"auto","background-attachment":"scroll","background-type":"","background-media":"","overlay-type":"","overlay-color":"","overlay-opacity":"","overlay-gradient":""}},"ast-content-background-meta":{"desktop":{"background-color":"var(--ast-global-color-5)","background-image":"","background-repeat":"repeat","background-position":"center center","background-size":"auto","background-attachment":"scroll","background-type":"","background-media":"","overlay-type":"","overlay-color":"","overlay-opacity":"","overlay-gradient":""},"tablet":{"background-color":"var(--ast-global-color-5)","background-image":"","background-repeat":"repeat","background-position":"center center","background-size":"auto","background-attachment":"scroll","background-type":"","background-media":"","overlay-type":"","overlay-color":"","overlay-opacity":"","overlay-gradient":""},"mobile":{"background-color":"var(--ast-global-color-5)","background-image":"","background-repeat":"repeat","background-position":"center center","background-size":"auto","background-attachment":"scroll","background-type":"","background-media":"","overlay-type":"","overlay-color":"","overlay-opacity":"","overlay-gradient":""}}},"product_brand":[],"product_cat":[664,688,647],"product_tag":[1359,1314,1310,1788,1311,1312],"class_list":{"0":"post-20390","1":"product","2":"type-product","3":"status-publish","4":"has-post-thumbnail","6":"product_cat-riptide-fr","7":"product_cat-riptide-2-volumes","8":"product_cat-spa-de-nage","9":"product_tag-aqua-life-8-0-duo-xd-fr","10":"product_tag-gervi-fr","11":"product_tag-riptide-fr","12":"product_tag-riptideswim-fr","13":"product_tag-spa-de-natation","14":"product_tag-swimspa-fr","15":"desktop-align-left","16":"tablet-align-left","17":"mobile-align-left","19":"first","20":"instock","21":"product-type-simple"},"acf":[],"uagb_featured_image_src":{"full":["https:\/\/gervi.be\/wp-content\/uploads\/2024\/03\/Aqua-Life-Duo-8.0-XD-Riptide-Zwemspa.jpg",1920,1920,false],"thumbnail":["https:\/\/gervi.be\/wp-content\/uploads\/2024\/03\/Aqua-Life-Duo-8.0-XD-Riptide-Zwemspa-150x150.jpg",150,150,true],"medium":["https:\/\/gervi.be\/wp-content\/uploads\/2024\/03\/Aqua-Life-Duo-8.0-XD-Riptide-Zwemspa-300x300.jpg",300,300,true],"medium_large":["https:\/\/gervi.be\/wp-content\/uploads\/2024\/03\/Aqua-Life-Duo-8.0-XD-Riptide-Zwemspa-768x768.jpg",768,768,true],"large":["https:\/\/gervi.be\/wp-content\/uploads\/2024\/03\/Aqua-Life-Duo-8.0-XD-Riptide-Zwemspa-1024x1024.jpg",1024,1024,true],"1536x1536":["https:\/\/gervi.be\/wp-content\/uploads\/2024\/03\/Aqua-Life-Duo-8.0-XD-Riptide-Zwemspa-1536x1536.jpg",1536,1536,true],"2048x2048":["https:\/\/gervi.be\/wp-content\/uploads\/2024\/03\/Aqua-Life-Duo-8.0-XD-Riptide-Zwemspa.jpg",1920,1920,false],"woocommerce_thumbnail":["https:\/\/gervi.be\/wp-content\/uploads\/2024\/03\/Aqua-Life-Duo-8.0-XD-Riptide-Zwemspa-1920x1500.jpg",1920,1500,true],"woocommerce_single":["https:\/\/gervi.be\/wp-content\/uploads\/2024\/03\/Aqua-Life-Duo-8.0-XD-Riptide-Zwemspa.jpg",1920,1920,false],"woocommerce_gallery_thumbnail":["https:\/\/gervi.be\/wp-content\/uploads\/2024\/03\/Aqua-Life-Duo-8.0-XD-Riptide-Zwemspa-100x100.jpg",100,100,true],"dgwt-wcas-product-suggestion":["https:\/\/gervi.be\/wp-content\/uploads\/2024\/03\/Aqua-Life-Duo-8.0-XD-Riptide-Zwemspa.jpg",64,64,false]},"uagb_author_info":{"display_name":"Marjolein Nijs","author_link":"https:\/\/gervi.be\/fr\/author\/"},"uagb_comment_info":0,"uagb_excerpt":"Dimensions : 7 985 x 2 350 x 1 540 mm Si\u00e8ges ergonomiques : 3 si\u00e8ges + 1 si\u00e8ge inclinable Volume : 14 000 L Poids (\u00e0 sec) : 1 870 kg Alimentation \u00e9lectrique : Zone Spa 16Amp - 400V + Zone Natation 16Amp - 400V Disponible en 2 versions Diverses options possibles","_links":{"self":[{"href":"https:\/\/gervi.be\/fr\/wp-json\/wp\/v2\/product\/20390","targetHints":{"allow":["GET"]}}],"collection":[{"href":"https:\/\/gervi.be\/fr\/wp-json\/wp\/v2\/product"}],"about":[{"href":"https:\/\/gervi.be\/fr\/wp-json\/wp\/v2\/types\/product"}],"wp:featuredmedia":[{"embeddable":true,"href":"https:\/\/gervi.be\/fr\/wp-json\/wp\/v2\/media\/20180"}],"wp:attachment":[{"href":"https:\/\/gervi.be\/fr\/wp-json\/wp\/v2\/media?parent=20390"}],"wp:term":[{"taxonomy":"product_brand","embeddable":true,"href":"https:\/\/gervi.be\/fr\/wp-json\/wp\/v2\/product_brand?post=20390"},{"taxonomy":"product_cat","embeddable":true,"href":"https:\/\/gervi.be\/fr\/wp-json\/wp\/v2\/product_cat?post=20390"},{"taxonomy":"product_tag","embeddable":true,"href":"https:\/\/gervi.be\/fr\/wp-json\/wp\/v2\/product_tag?post=20390"}],"curies":[{"name":"wp","href":"https:\/\/api.w.org\/{rel}","templated":true}]}}