{"id":20332,"date":"2024-03-26T10:29:41","date_gmt":"2024-03-26T09:29:41","guid":{"rendered":"https:\/\/gervi.be\/?post_type=product&#038;p=20332"},"modified":"2024-06-18T10:30:34","modified_gmt":"2024-06-18T08:30:34","slug":"aqua-life-5-9-mono","status":"publish","type":"product","link":"https:\/\/gervi.be\/fr\/produit\/aqua-life-5-9-mono\/","title":{"rendered":"Aqua Life 5.9 Mono"},"content":{"rendered":"<div class=\"flex flex-grow flex-col max-w-full\">\n<div class=\"min-h-[20px] text-message flex flex-col items-start gap-3 whitespace-pre-wrap break-words [.text-message+&amp;]:mt-5 overflow-x-auto\" data-message-author-role=\"assistant\" data-message-id=\"6a7ef4dc-7de5-421c-b8af-a5ad819f96d0\">\n<div class=\"markdown prose w-full break-words dark:prose-invert light\">\n<p><a href=\"https:\/\/gervi.be\/merken\/riptide\/\"><img decoding=\"async\" class=\"alignnone wp-image-20326\" src=\"https:\/\/gervi.be\/wp-content\/uploads\/2023\/08\/Riptide-logo-300x92.png\" alt=\"Logo Riptide\" width=\"150\" height=\"46\" title=\"\" srcset=\"https:\/\/gervi.be\/wp-content\/uploads\/2023\/08\/Riptide-logo-300x92.png 300w, https:\/\/gervi.be\/wp-content\/uploads\/2023\/08\/Riptide-logo-1024x314.png 1024w, https:\/\/gervi.be\/wp-content\/uploads\/2023\/08\/Riptide-logo-768x236.png 768w, https:\/\/gervi.be\/wp-content\/uploads\/2023\/08\/Riptide-logo-1536x471.png 1536w, https:\/\/gervi.be\/wp-content\/uploads\/2023\/08\/Riptide-logo.png 1597w\" sizes=\"(max-width: 150px) 100vw, 150px\" \/><\/a><\/p>\n<h2>Description<\/h2>\n<div class=\"flex flex-grow flex-col max-w-full\">\n<div class=\"min-h-[20px] text-message flex flex-col items-start gap-3 whitespace-pre-wrap break-words [.text-message+&amp;]:mt-5 overflow-x-auto\" data-message-author-role=\"assistant\" data-message-id=\"594eec33-9010-44a2-afd5-7c9acf28cbf9\">\n<div class=\"markdown prose w-full break-words dark:prose-invert light\">\n<p>L&#8217;Aqua Life 5.9 Mono, fleuron de la marque Riptide, repr\u00e9sente la cr\u00e8me de la cr\u00e8me des spas de nage, con\u00e7u pour s\u00e9duire \u00e0 la fois les nageurs passionn\u00e9s et les amateurs de d\u00e9tente. Ce mod\u00e8le allie luxe, performance et durabilit\u00e9 dans un design homog\u00e8ne, offrant une exp\u00e9rience in\u00e9gal\u00e9e dans le monde du bien-\u00eatre et du fitness \u00e0 domicile.<\/p>\n<p>Avec ses dimensions impressionnantes de 5 915 x 2 350 x 1 290 mm, l&#8217;Aqua Life 5.9 Mono offre suffisamment d&#8217;espace pour trois si\u00e8ges et un fauteuil inclinable, id\u00e9al pour se d\u00e9tendre apr\u00e8s une s\u00e9ance de natation intense. Le volume de 9 235 litres permet une baignade prolong\u00e9e et sans entrave, tandis que le poids \u00e0 sec de 1 192 kg souligne la robustesse et la stabilit\u00e9 du spa.<\/p>\n<p>L&#8217;alimentation \u00e9lectrique n\u00e9cessite une connexion de 16Amp &#8211; 400V, ce qui garantit un fonctionnement efficace du swimspa. Le syst\u00e8me de massage, l&#8217;un des nombreux points forts, se compose de 35 jets de massage qui non seulement procurent de la d\u00e9tente, mais contribuent \u00e9galement \u00e0 l&#8217;aspect th\u00e9rapeutique du spa. Ces jets sont strat\u00e9giquement plac\u00e9s pour assurer une couverture et une efficacit\u00e9 maximales, depuis les touches douces qui massent d\u00e9licatement la peau jusqu&#8217;aux jets puissants qui atteignent les groupes musculaires profonds.<\/p>\n<p>En ce qui concerne l&#8217;entretien de l&#8217;eau, l&#8217;Aqua Life 5.9 Mono est \u00e9quip\u00e9 d&#8217;un syst\u00e8me de filtration avanc\u00e9, soutenu par une pompe de filtration de 0,5H et des tuyaux en PVC NSF qui garantissent une eau claire et propre. Ce syst\u00e8me, associ\u00e9 \u00e0 un syst\u00e8me et \u00e0 des produits de d\u00e9sinfection g\u00e9n\u00e9rale, rend l&#8217;entretien plus facile et plus convivial.<\/p>\n<p>L&#8217;isolation du spa m\u00e9rite \u00e9galement une attention particuli\u00e8re. Le syst\u00e8me de moussage Platinum lock + Full garantit une excellente efficacit\u00e9 thermique, minimisant les pertes de chaleur et r\u00e9duisant les co\u00fbts d&#8217;exploitation. Cette isolation de haute qualit\u00e9 contribue \u00e0 la durabilit\u00e9 du spa et \u00e0 la protection de l&#8217;environnement en r\u00e9duisant la consommation d&#8217;\u00e9nergie.<\/p>\n<p>Une caract\u00e9ristique unique de l&#8217;Aqua Life 5.9 Mono est le syst\u00e8me d&#8217;entra\u00eenement professionnel \u00e0 la natation Quickwater. Ce syst\u00e8me se compose de trois puissantes pompes de natation de 3 CV et d&#8217;un tuyau de natation de 3 pouces qui, ensemble, cr\u00e9ent un flux constant et puissant, parfait pour simuler un environnement de natation naturel. Les jets de natation sont con\u00e7us pour produire un flux large et r\u00e9gulier, permettant aux nageurs de tous niveaux d&#8217;affiner leur technique et d&#8217;am\u00e9liorer leur endurance.<\/p>\n<p>Le contr\u00f4le de l&#8217;Aqua Life 5.9 Mono est facilit\u00e9 par le syst\u00e8me Spatech CA300-3KW, \u00e9quip\u00e9 d&#8217;un \u00e9cran tactile intuitif TP10. Cette interface conviviale permet de contr\u00f4ler facilement les diff\u00e9rentes fonctions du swimspa, du contr\u00f4le de la temp\u00e9rature \u00e0 l&#8217;intensit\u00e9 des jets, ce qui permet aux utilisateurs de personnaliser enti\u00e8rement leur exp\u00e9rience.<\/p>\n<p>Enfin, l&#8217;\u00e9clairage de l&#8217;Aqua Life 5.9 Mono impressionne avec ses LED de niveau d&#8217;eau, ses LED g\u00e9n\u00e9rales, sa lumi\u00e8re de fontaine et ses commandes r\u00e9tro\u00e9clair\u00e9es. Ces options d&#8217;\u00e9clairage permettent non seulement d&#8217;assurer la s\u00e9curit\u00e9 pendant les s\u00e9ances nocturnes, mais aussi de cr\u00e9er une ambiance atmosph\u00e9rique qui transforme toute s\u00e9ance de natation ou de relaxation en un moment magique et apaisant.<\/p>\n<p>L&#8217;Aqua Life 5.9 Mono de Riptide est donc bien plus qu&#8217;un simple spa de nage, c&#8217;est un investissement dans le bien-\u00eatre, le confort et le luxe.<\/p>\n<\/div>\n<\/div>\n<\/div>\n<\/div>\n<\/div>\n<\/div>\n","protected":false},"excerpt":{"rendered":"<ul>\n<li>Dimensions : 5 915 x 2 350 x 1 290 mm<\/li>\n<li>Si\u00e8ges ergonomiques : 3 si\u00e8ges + 1 couchette<\/li>\n<li>Volume : 9 235 L<\/li>\n<li>Poids (\u00e0 sec) : 1,192 kg<\/li>\n<li>Alimentation : 16Amp &#8211; 400V<\/li>\n<li>Disponible en 3 versions<\/li>\n<li>Diverses options possibles<\/li>\n<\/ul>\n","protected":false},"featured_media":20150,"template":"","meta":{"_acf_changed":false,"_uag_custom_page_level_css":"","site-sidebar-layout":"default","site-content-layout":"","ast-site-content-layout":"default","site-content-style":"default","site-sidebar-style":"default","ast-global-header-display":"","ast-banner-title-visibility":"","ast-main-header-display":"","ast-hfb-above-header-display":"","ast-hfb-below-header-display":"","ast-hfb-mobile-header-display":"","site-post-title":"","ast-breadcrumbs-content":"","ast-featured-img":"","footer-sml-layout":"","ast-disable-related-posts":"","theme-transparent-header-meta":"default","adv-header-id-meta":"","stick-header-meta":"","header-above-stick-meta":"","header-main-stick-meta":"","header-below-stick-meta":"","astra-migrate-meta-layouts":"set","ast-page-background-enabled":"default","ast-page-background-meta":{"desktop":{"background-color":"","background-image":"","background-repeat":"repeat","background-position":"center center","background-size":"auto","background-attachment":"scroll","background-type":"","background-media":"","overlay-type":"","overlay-color":"","overlay-opacity":"","overlay-gradient":""},"tablet":{"background-color":"","background-image":"","background-repeat":"repeat","background-position":"center center","background-size":"auto","background-attachment":"scroll","background-type":"","background-media":"","overlay-type":"","overlay-color":"","overlay-opacity":"","overlay-gradient":""},"mobile":{"background-color":"","background-image":"","background-repeat":"repeat","background-position":"center center","background-size":"auto","background-attachment":"scroll","background-type":"","background-media":"","overlay-type":"","overlay-color":"","overlay-opacity":"","overlay-gradient":""}},"ast-content-background-meta":{"desktop":{"background-color":"var(--ast-global-color-5)","background-image":"","background-repeat":"repeat","background-position":"center center","background-size":"auto","background-attachment":"scroll","background-type":"","background-media":"","overlay-type":"","overlay-color":"","overlay-opacity":"","overlay-gradient":""},"tablet":{"background-color":"var(--ast-global-color-5)","background-image":"","background-repeat":"repeat","background-position":"center center","background-size":"auto","background-attachment":"scroll","background-type":"","background-media":"","overlay-type":"","overlay-color":"","overlay-opacity":"","overlay-gradient":""},"mobile":{"background-color":"var(--ast-global-color-5)","background-image":"","background-repeat":"repeat","background-position":"center center","background-size":"auto","background-attachment":"scroll","background-type":"","background-media":"","overlay-type":"","overlay-color":"","overlay-opacity":"","overlay-gradient":""}}},"product_brand":[],"product_cat":[664,667,647],"product_tag":[1317,1314,1310,1788,1311,1312],"class_list":{"0":"post-20332","1":"product","2":"type-product","3":"status-publish","4":"has-post-thumbnail","6":"product_cat-riptide-fr","7":"product_cat-riptide-1-volume","8":"product_cat-spa-de-nage","9":"product_tag-aqua-life-5-9-mono-fr","10":"product_tag-gervi-fr","11":"product_tag-riptide-fr","12":"product_tag-riptideswim-fr","13":"product_tag-spa-de-natation","14":"product_tag-swimspa-fr","15":"desktop-align-left","16":"tablet-align-left","17":"mobile-align-left","19":"first","20":"instock","21":"product-type-simple"},"acf":[],"uagb_featured_image_src":{"full":["https:\/\/gervi.be\/wp-content\/uploads\/2024\/03\/Aqua-Life-Mono-5.9-Riptide-Zwemspa.jpg",1920,1920,false],"thumbnail":["https:\/\/gervi.be\/wp-content\/uploads\/2024\/03\/Aqua-Life-Mono-5.9-Riptide-Zwemspa-150x150.jpg",150,150,true],"medium":["https:\/\/gervi.be\/wp-content\/uploads\/2024\/03\/Aqua-Life-Mono-5.9-Riptide-Zwemspa-300x300.jpg",300,300,true],"medium_large":["https:\/\/gervi.be\/wp-content\/uploads\/2024\/03\/Aqua-Life-Mono-5.9-Riptide-Zwemspa-768x768.jpg",768,768,true],"large":["https:\/\/gervi.be\/wp-content\/uploads\/2024\/03\/Aqua-Life-Mono-5.9-Riptide-Zwemspa-1024x1024.jpg",1024,1024,true],"1536x1536":["https:\/\/gervi.be\/wp-content\/uploads\/2024\/03\/Aqua-Life-Mono-5.9-Riptide-Zwemspa-1536x1536.jpg",1536,1536,true],"2048x2048":["https:\/\/gervi.be\/wp-content\/uploads\/2024\/03\/Aqua-Life-Mono-5.9-Riptide-Zwemspa.jpg",1920,1920,false],"woocommerce_thumbnail":["https:\/\/gervi.be\/wp-content\/uploads\/2024\/03\/Aqua-Life-Mono-5.9-Riptide-Zwemspa-1920x1500.jpg",1920,1500,true],"woocommerce_single":["https:\/\/gervi.be\/wp-content\/uploads\/2024\/03\/Aqua-Life-Mono-5.9-Riptide-Zwemspa.jpg",1920,1920,false],"woocommerce_gallery_thumbnail":["https:\/\/gervi.be\/wp-content\/uploads\/2024\/03\/Aqua-Life-Mono-5.9-Riptide-Zwemspa-100x100.jpg",100,100,true],"dgwt-wcas-product-suggestion":["https:\/\/gervi.be\/wp-content\/uploads\/2024\/03\/Aqua-Life-Mono-5.9-Riptide-Zwemspa.jpg",64,64,false]},"uagb_author_info":{"display_name":"Marjolein Nijs","author_link":"https:\/\/gervi.be\/fr\/author\/"},"uagb_comment_info":0,"uagb_excerpt":"Dimensions : 5 915 x 2 350 x 1 290 mm Si\u00e8ges ergonomiques : 3 si\u00e8ges + 1 couchette Volume : 9 235 L Poids (\u00e0 sec) : 1,192 kg Alimentation : 16Amp - 400V Disponible en 3 versions Diverses options possibles","_links":{"self":[{"href":"https:\/\/gervi.be\/fr\/wp-json\/wp\/v2\/product\/20332","targetHints":{"allow":["GET"]}}],"collection":[{"href":"https:\/\/gervi.be\/fr\/wp-json\/wp\/v2\/product"}],"about":[{"href":"https:\/\/gervi.be\/fr\/wp-json\/wp\/v2\/types\/product"}],"wp:featuredmedia":[{"embeddable":true,"href":"https:\/\/gervi.be\/fr\/wp-json\/wp\/v2\/media\/20150"}],"wp:attachment":[{"href":"https:\/\/gervi.be\/fr\/wp-json\/wp\/v2\/media?parent=20332"}],"wp:term":[{"taxonomy":"product_brand","embeddable":true,"href":"https:\/\/gervi.be\/fr\/wp-json\/wp\/v2\/product_brand?post=20332"},{"taxonomy":"product_cat","embeddable":true,"href":"https:\/\/gervi.be\/fr\/wp-json\/wp\/v2\/product_cat?post=20332"},{"taxonomy":"product_tag","embeddable":true,"href":"https:\/\/gervi.be\/fr\/wp-json\/wp\/v2\/product_tag?post=20332"}],"curies":[{"name":"wp","href":"https:\/\/api.w.org\/{rel}","templated":true}]}}