{"id":14627,"date":"2023-08-31T10:58:10","date_gmt":"2023-08-31T08:58:10","guid":{"rendered":"https:\/\/gervi.be\/shop\/seayou-2\/"},"modified":"2025-05-16T14:49:37","modified_gmt":"2025-05-16T12:49:37","slug":"seayou-2","status":"publish","type":"product","link":"https:\/\/gervi.be\/fr\/produit\/seayou-2\/","title":{"rendered":"SEAYOU"},"content":{"rendered":"<p>SEAYOU de Jean-Marie Massaud fait \u00e9voluer la chaise longue classique vers un nouveau standard de confort, d&#8217;\u00e9l\u00e9gance et de modernit\u00e9. Aucun d\u00e9tail n&#8217;a \u00e9t\u00e9 n\u00e9glig\u00e9, du coussin d&#8217;appui-t\u00eate int\u00e9gr\u00e9 au m\u00e9canisme de r\u00e9glage en acier inoxydable. Cousin autonome de la collection embl\u00e9matique SEAX de Massaud, SEAYOU compl\u00e8te l&#8217;ensemble de la gamme DEDON, ajoutant un charme \u00e9clectique \u00e0 tout syst\u00e8me de mobilier d&#8217;ext\u00e9rieur.<\/p>\n","protected":false},"excerpt":{"rendered":"<p>SEAYOU de Jean-Marie Massaud fait \u00e9voluer la chaise longue classique vers un nouveau standard de confort, d&#8217;\u00e9l\u00e9gance et de modernit\u00e9. Aucun d\u00e9tail n&#8217;a \u00e9t\u00e9 n\u00e9glig\u00e9, du coussin d&#8217;appui-t\u00eate int\u00e9gr\u00e9 au m\u00e9canisme de r\u00e9glage en acier inoxydable. Cousin autonome de la collection embl\u00e9matique SEAX de Massaud, SEAYOU compl\u00e8te l&#8217;ensemble de la gamme DEDON, ajoutant un charme [&hellip;]<\/p>\n","protected":false},"featured_media":30418,"template":"","meta":{"_acf_changed":false,"_uag_custom_page_level_css":"","site-sidebar-layout":"default","site-content-layout":"","ast-site-content-layout":"default","site-content-style":"default","site-sidebar-style":"default","ast-global-header-display":"","ast-banner-title-visibility":"","ast-main-header-display":"","ast-hfb-above-header-display":"","ast-hfb-below-header-display":"","ast-hfb-mobile-header-display":"","site-post-title":"","ast-breadcrumbs-content":"","ast-featured-img":"","footer-sml-layout":"","ast-disable-related-posts":"","theme-transparent-header-meta":"default","adv-header-id-meta":"","stick-header-meta":"","header-above-stick-meta":"","header-main-stick-meta":"","header-below-stick-meta":"","astra-migrate-meta-layouts":"default","ast-page-background-enabled":"default","ast-page-background-meta":{"desktop":{"background-color":"","background-image":"","background-repeat":"repeat","background-position":"center center","background-size":"auto","background-attachment":"scroll","background-type":"","background-media":"","overlay-type":"","overlay-color":"","overlay-opacity":"","overlay-gradient":""},"tablet":{"background-color":"","background-image":"","background-repeat":"repeat","background-position":"center center","background-size":"auto","background-attachment":"scroll","background-type":"","background-media":"","overlay-type":"","overlay-color":"","overlay-opacity":"","overlay-gradient":""},"mobile":{"background-color":"","background-image":"","background-repeat":"repeat","background-position":"center center","background-size":"auto","background-attachment":"scroll","background-type":"","background-media":"","overlay-type":"","overlay-color":"","overlay-opacity":"","overlay-gradient":""}},"ast-content-background-meta":{"desktop":{"background-color":"var(--ast-global-color-5)","background-image":"","background-repeat":"repeat","background-position":"center center","background-size":"auto","background-attachment":"scroll","background-type":"","background-media":"","overlay-type":"","overlay-color":"","overlay-opacity":"","overlay-gradient":""},"tablet":{"background-color":"var(--ast-global-color-5)","background-image":"","background-repeat":"repeat","background-position":"center center","background-size":"auto","background-attachment":"scroll","background-type":"","background-media":"","overlay-type":"","overlay-color":"","overlay-opacity":"","overlay-gradient":""},"mobile":{"background-color":"var(--ast-global-color-5)","background-image":"","background-repeat":"repeat","background-position":"center center","background-size":"auto","background-attachment":"scroll","background-type":"","background-media":"","overlay-type":"","overlay-color":"","overlay-opacity":"","overlay-gradient":""}}},"product_brand":[],"product_cat":[910,878],"product_tag":[],"class_list":{"0":"post-14627","1":"product","2":"type-product","3":"status-publish","4":"has-post-thumbnail","6":"product_cat-chaise-longue","7":"product_cat-meubles-de-jardin","8":"desktop-align-left","9":"tablet-align-left","10":"mobile-align-left","12":"first","13":"instock","14":"product-type-simple"},"acf":[],"uagb_featured_image_src":{"full":["https:\/\/gervi.be\/wp-content\/uploads\/2024\/08\/nr3dedon-seayou.jpg",750,750,false],"thumbnail":["https:\/\/gervi.be\/wp-content\/uploads\/2024\/08\/nr3dedon-seayou-150x150.jpg",150,150,true],"medium":["https:\/\/gervi.be\/wp-content\/uploads\/2024\/08\/nr3dedon-seayou-300x300.jpg",300,300,true],"medium_large":["https:\/\/gervi.be\/wp-content\/uploads\/2024\/08\/nr3dedon-seayou.jpg",750,750,false],"large":["https:\/\/gervi.be\/wp-content\/uploads\/2024\/08\/nr3dedon-seayou.jpg",750,750,false],"1536x1536":["https:\/\/gervi.be\/wp-content\/uploads\/2024\/08\/nr3dedon-seayou.jpg",750,750,false],"2048x2048":["https:\/\/gervi.be\/wp-content\/uploads\/2024\/08\/nr3dedon-seayou.jpg",750,750,false],"woocommerce_thumbnail":["https:\/\/gervi.be\/wp-content\/uploads\/2024\/08\/nr3dedon-seayou.jpg",750,750,false],"woocommerce_single":["https:\/\/gervi.be\/wp-content\/uploads\/2024\/08\/nr3dedon-seayou.jpg",750,750,false],"woocommerce_gallery_thumbnail":["https:\/\/gervi.be\/wp-content\/uploads\/2024\/08\/nr3dedon-seayou-100x100.jpg",100,100,true],"dgwt-wcas-product-suggestion":["https:\/\/gervi.be\/wp-content\/uploads\/2024\/08\/nr3dedon-seayou.jpg",64,64,false]},"uagb_author_info":{"display_name":"Marjolein Nijs","author_link":"https:\/\/gervi.be\/fr\/author\/"},"uagb_comment_info":0,"uagb_excerpt":"SEAYOU de Jean-Marie Massaud fait \u00e9voluer la chaise longue classique vers un nouveau standard de confort, d&#8217;\u00e9l\u00e9gance et de modernit\u00e9. Aucun d\u00e9tail n&#8217;a \u00e9t\u00e9 n\u00e9glig\u00e9, du coussin d&#8217;appui-t\u00eate int\u00e9gr\u00e9 au m\u00e9canisme de r\u00e9glage en acier inoxydable. Cousin autonome de la collection embl\u00e9matique SEAX de Massaud, SEAYOU compl\u00e8te l&#8217;ensemble de la gamme DEDON, ajoutant un charme\u2026","_links":{"self":[{"href":"https:\/\/gervi.be\/fr\/wp-json\/wp\/v2\/product\/14627","targetHints":{"allow":["GET"]}}],"collection":[{"href":"https:\/\/gervi.be\/fr\/wp-json\/wp\/v2\/product"}],"about":[{"href":"https:\/\/gervi.be\/fr\/wp-json\/wp\/v2\/types\/product"}],"wp:featuredmedia":[{"embeddable":true,"href":"https:\/\/gervi.be\/fr\/wp-json\/wp\/v2\/media\/30418"}],"wp:attachment":[{"href":"https:\/\/gervi.be\/fr\/wp-json\/wp\/v2\/media?parent=14627"}],"wp:term":[{"taxonomy":"product_brand","embeddable":true,"href":"https:\/\/gervi.be\/fr\/wp-json\/wp\/v2\/product_brand?post=14627"},{"taxonomy":"product_cat","embeddable":true,"href":"https:\/\/gervi.be\/fr\/wp-json\/wp\/v2\/product_cat?post=14627"},{"taxonomy":"product_tag","embeddable":true,"href":"https:\/\/gervi.be\/fr\/wp-json\/wp\/v2\/product_tag?post=14627"}],"curies":[{"name":"wp","href":"https:\/\/api.w.org\/{rel}","templated":true}]}}