{"id":14621,"date":"2023-08-31T10:57:44","date_gmt":"2023-08-31T08:57:44","guid":{"rendered":"https:\/\/gervi.be\/shop\/tablo\/"},"modified":"2023-08-31T10:57:44","modified_gmt":"2023-08-31T10:57:44","slug":"tablo","status":"publish","type":"product","link":"https:\/\/gervi.be\/fr\/produit\/tablo\/","title":{"rendered":"TABL&#8217;O"},"content":{"rendered":"<p>Profitez de belles soir\u00e9es sans souci avec l&#8217;\u00e9l\u00e9gant OFYR Tabl&#8217;O. Pr\u00e9parer un d\u00e9licieux repas avec la famille et les amis autour de la table est tr\u00e8s facile avec cette unit\u00e9 de cuisson. Sortez en plein air avec des briquettes de noix de coco et respirez les ar\u00f4mes d\u00e9lectables des plats de l\u00e9gumes, de viande ou de poisson. Pour vous mettre l&#8217;eau \u00e0 la bouche.<\/p>\n","protected":false},"excerpt":{"rendered":"<p>Profitez de belles soir\u00e9es sans souci avec l&#8217;\u00e9l\u00e9gant OFYR Tabl&#8217;O. Pr\u00e9parer un d\u00e9licieux repas avec la famille et les amis autour de la table est tr\u00e8s facile avec cette unit\u00e9 de cuisson. Sortez en plein air avec des briquettes de noix de coco et respirez les ar\u00f4mes d\u00e9lectables des plats de l\u00e9gumes, de viande ou [&hellip;]<\/p>\n","protected":false},"featured_media":14628,"template":"","meta":{"_acf_changed":false,"_uag_custom_page_level_css":"","site-sidebar-layout":"default","site-content-layout":"","ast-site-content-layout":"default","site-content-style":"default","site-sidebar-style":"default","ast-global-header-display":"","ast-banner-title-visibility":"","ast-main-header-display":"","ast-hfb-above-header-display":"","ast-hfb-below-header-display":"","ast-hfb-mobile-header-display":"","site-post-title":"","ast-breadcrumbs-content":"","ast-featured-img":"","footer-sml-layout":"","ast-disable-related-posts":"","theme-transparent-header-meta":"","adv-header-id-meta":"","stick-header-meta":"","header-above-stick-meta":"","header-main-stick-meta":"","header-below-stick-meta":"","astra-migrate-meta-layouts":"default","ast-page-background-enabled":"default","ast-page-background-meta":{"desktop":{"background-color":"","background-image":"","background-repeat":"repeat","background-position":"center center","background-size":"auto","background-attachment":"scroll","background-type":"","background-media":"","overlay-type":"","overlay-color":"","overlay-opacity":"","overlay-gradient":""},"tablet":{"background-color":"","background-image":"","background-repeat":"repeat","background-position":"center center","background-size":"auto","background-attachment":"scroll","background-type":"","background-media":"","overlay-type":"","overlay-color":"","overlay-opacity":"","overlay-gradient":""},"mobile":{"background-color":"","background-image":"","background-repeat":"repeat","background-position":"center center","background-size":"auto","background-attachment":"scroll","background-type":"","background-media":"","overlay-type":"","overlay-color":"","overlay-opacity":"","overlay-gradient":""}},"ast-content-background-meta":{"desktop":{"background-color":"var(--ast-global-color-5)","background-image":"","background-repeat":"repeat","background-position":"center center","background-size":"auto","background-attachment":"scroll","background-type":"","background-media":"","overlay-type":"","overlay-color":"","overlay-opacity":"","overlay-gradient":""},"tablet":{"background-color":"var(--ast-global-color-5)","background-image":"","background-repeat":"repeat","background-position":"center center","background-size":"auto","background-attachment":"scroll","background-type":"","background-media":"","overlay-type":"","overlay-color":"","overlay-opacity":"","overlay-gradient":""},"mobile":{"background-color":"var(--ast-global-color-5)","background-image":"","background-repeat":"repeat","background-position":"center center","background-size":"auto","background-attachment":"scroll","background-type":"","background-media":"","overlay-type":"","overlay-color":"","overlay-opacity":"","overlay-gradient":""}}},"product_brand":[],"product_cat":[926],"product_tag":[],"class_list":{"0":"post-14621","1":"product","2":"type-product","3":"status-publish","4":"has-post-thumbnail","6":"product_cat-chauffage-de-terrasse","7":"desktop-align-left","8":"tablet-align-left","9":"mobile-align-left","11":"first","12":"instock","13":"product-type-simple"},"acf":[],"uagb_featured_image_src":{"full":["https:\/\/gervi.be\/wp-content\/uploads\/2023\/08\/nr3ofyr-tablo-bbq-terrasverwarmer.jpg",627,448,false],"thumbnail":["https:\/\/gervi.be\/wp-content\/uploads\/2023\/08\/nr3ofyr-tablo-bbq-terrasverwarmer-150x150.jpg",150,150,true],"medium":["https:\/\/gervi.be\/wp-content\/uploads\/2023\/08\/nr3ofyr-tablo-bbq-terrasverwarmer-300x214.jpg",300,214,true],"medium_large":["https:\/\/gervi.be\/wp-content\/uploads\/2023\/08\/nr3ofyr-tablo-bbq-terrasverwarmer.jpg",627,448,false],"large":["https:\/\/gervi.be\/wp-content\/uploads\/2023\/08\/nr3ofyr-tablo-bbq-terrasverwarmer.jpg",627,448,false],"1536x1536":["https:\/\/gervi.be\/wp-content\/uploads\/2023\/08\/nr3ofyr-tablo-bbq-terrasverwarmer.jpg",627,448,false],"2048x2048":["https:\/\/gervi.be\/wp-content\/uploads\/2023\/08\/nr3ofyr-tablo-bbq-terrasverwarmer.jpg",627,448,false],"woocommerce_thumbnail":["https:\/\/gervi.be\/wp-content\/uploads\/2023\/08\/nr3ofyr-tablo-bbq-terrasverwarmer-300x300.jpg",300,300,true],"woocommerce_single":["https:\/\/gervi.be\/wp-content\/uploads\/2023\/08\/nr3ofyr-tablo-bbq-terrasverwarmer.jpg",627,448,false],"woocommerce_gallery_thumbnail":["https:\/\/gervi.be\/wp-content\/uploads\/2023\/08\/nr3ofyr-tablo-bbq-terrasverwarmer-100x100.jpg",100,100,true],"dgwt-wcas-product-suggestion":["https:\/\/gervi.be\/wp-content\/uploads\/2023\/08\/nr3ofyr-tablo-bbq-terrasverwarmer.jpg",64,46,false]},"uagb_author_info":{"display_name":"Marjolein Nijs","author_link":"https:\/\/gervi.be\/fr\/author\/"},"uagb_comment_info":0,"uagb_excerpt":"Profitez de belles soir\u00e9es sans souci avec l&#8217;\u00e9l\u00e9gant OFYR Tabl&#8217;O. Pr\u00e9parer un d\u00e9licieux repas avec la famille et les amis autour de la table est tr\u00e8s facile avec cette unit\u00e9 de cuisson. Sortez en plein air avec des briquettes de noix de coco et respirez les ar\u00f4mes d\u00e9lectables des plats de l\u00e9gumes, de viande ou\u2026","_links":{"self":[{"href":"https:\/\/gervi.be\/fr\/wp-json\/wp\/v2\/product\/14621","targetHints":{"allow":["GET"]}}],"collection":[{"href":"https:\/\/gervi.be\/fr\/wp-json\/wp\/v2\/product"}],"about":[{"href":"https:\/\/gervi.be\/fr\/wp-json\/wp\/v2\/types\/product"}],"wp:featuredmedia":[{"embeddable":true,"href":"https:\/\/gervi.be\/fr\/wp-json\/wp\/v2\/media\/14628"}],"wp:attachment":[{"href":"https:\/\/gervi.be\/fr\/wp-json\/wp\/v2\/media?parent=14621"}],"wp:term":[{"taxonomy":"product_brand","embeddable":true,"href":"https:\/\/gervi.be\/fr\/wp-json\/wp\/v2\/product_brand?post=14621"},{"taxonomy":"product_cat","embeddable":true,"href":"https:\/\/gervi.be\/fr\/wp-json\/wp\/v2\/product_cat?post=14621"},{"taxonomy":"product_tag","embeddable":true,"href":"https:\/\/gervi.be\/fr\/wp-json\/wp\/v2\/product_tag?post=14621"}],"curies":[{"name":"wp","href":"https:\/\/api.w.org\/{rel}","templated":true}]}}