{"id":14611,"date":"2023-08-31T10:58:10","date_gmt":"2023-08-31T08:58:10","guid":{"rendered":"https:\/\/gervi.be\/shop\/plantation\/"},"modified":"2023-08-31T10:58:10","modified_gmt":"2023-08-31T10:58:10","slug":"plantation","status":"publish","type":"product","link":"https:\/\/gervi.be\/fr\/produit\/plantation\/","title":{"rendered":"PLANTATION"},"content":{"rendered":"<p>Les apparences peuvent \u00eatre si trompeuses. En effet, la collection Plantation rappelle un parapluie de march\u00e9 europ\u00e9en classique d&#8217;une \u00e9poque r\u00e9volue. Cependant, le m\u00e2t central tr\u00e8s durable est fabriqu\u00e9 en Aluma-TEAK\u2122, un polym\u00e8re de pointe imperm\u00e9able \u00e0 l&#8217;eau sal\u00e9e et \u00e0 la d\u00e9gradation par les UV. Le r\u00e9sultat est un m\u00e2t qui ressemble \u00e0 du bois mais qui ne pourrit pas, ne gonfle pas, ne s&#8217;\u00e9caille pas, ne rouille pas, ne s&#8217;effrite pas et r\u00e9siste parfaitement au sel et aux pluies acides pour des ann\u00e9es d&#8217;utilisation durable.<\/p>\n","protected":false},"excerpt":{"rendered":"<p>Les apparences peuvent \u00eatre si trompeuses. En effet, la collection Plantation rappelle un parapluie de march\u00e9 europ\u00e9en classique d&#8217;une \u00e9poque r\u00e9volue. Cependant, le m\u00e2t central tr\u00e8s durable est fabriqu\u00e9 en Aluma-TEAK\u2122, un polym\u00e8re de pointe imperm\u00e9able \u00e0 l&#8217;eau sal\u00e9e et \u00e0 la d\u00e9gradation par les UV. Le r\u00e9sultat est un m\u00e2t qui ressemble \u00e0 du [&hellip;]<\/p>\n","protected":false},"featured_media":14619,"template":"","meta":{"_acf_changed":false,"_uag_custom_page_level_css":"","site-sidebar-layout":"default","site-content-layout":"","ast-site-content-layout":"default","site-content-style":"default","site-sidebar-style":"default","ast-global-header-display":"","ast-banner-title-visibility":"","ast-main-header-display":"","ast-hfb-above-header-display":"","ast-hfb-below-header-display":"","ast-hfb-mobile-header-display":"","site-post-title":"","ast-breadcrumbs-content":"","ast-featured-img":"","footer-sml-layout":"","ast-disable-related-posts":"","theme-transparent-header-meta":"","adv-header-id-meta":"","stick-header-meta":"","header-above-stick-meta":"","header-main-stick-meta":"","header-below-stick-meta":"","astra-migrate-meta-layouts":"default","ast-page-background-enabled":"default","ast-page-background-meta":{"desktop":{"background-color":"","background-image":"","background-repeat":"repeat","background-position":"center center","background-size":"auto","background-attachment":"scroll","background-type":"","background-media":"","overlay-type":"","overlay-color":"","overlay-opacity":"","overlay-gradient":""},"tablet":{"background-color":"","background-image":"","background-repeat":"repeat","background-position":"center center","background-size":"auto","background-attachment":"scroll","background-type":"","background-media":"","overlay-type":"","overlay-color":"","overlay-opacity":"","overlay-gradient":""},"mobile":{"background-color":"","background-image":"","background-repeat":"repeat","background-position":"center center","background-size":"auto","background-attachment":"scroll","background-type":"","background-media":"","overlay-type":"","overlay-color":"","overlay-opacity":"","overlay-gradient":""}},"ast-content-background-meta":{"desktop":{"background-color":"var(--ast-global-color-5)","background-image":"","background-repeat":"repeat","background-position":"center center","background-size":"auto","background-attachment":"scroll","background-type":"","background-media":"","overlay-type":"","overlay-color":"","overlay-opacity":"","overlay-gradient":""},"tablet":{"background-color":"var(--ast-global-color-5)","background-image":"","background-repeat":"repeat","background-position":"center center","background-size":"auto","background-attachment":"scroll","background-type":"","background-media":"","overlay-type":"","overlay-color":"","overlay-opacity":"","overlay-gradient":""},"mobile":{"background-color":"var(--ast-global-color-5)","background-image":"","background-repeat":"repeat","background-position":"center center","background-size":"auto","background-attachment":"scroll","background-type":"","background-media":"","overlay-type":"","overlay-color":"","overlay-opacity":"","overlay-gradient":""}}},"product_brand":[],"product_cat":[871],"product_tag":[],"class_list":{"0":"post-14611","1":"product","2":"type-product","3":"status-publish","4":"has-post-thumbnail","6":"product_cat-parasols-fr","7":"desktop-align-left","8":"tablet-align-left","9":"mobile-align-left","11":"first","12":"instock","13":"product-type-simple"},"acf":[],"uagb_featured_image_src":{"full":["https:\/\/gervi.be\/wp-content\/uploads\/2023\/08\/nr3tuuci-plantation.jpg",627,448,false],"thumbnail":["https:\/\/gervi.be\/wp-content\/uploads\/2023\/08\/nr3tuuci-plantation-150x150.jpg",150,150,true],"medium":["https:\/\/gervi.be\/wp-content\/uploads\/2023\/08\/nr3tuuci-plantation-300x214.jpg",300,214,true],"medium_large":["https:\/\/gervi.be\/wp-content\/uploads\/2023\/08\/nr3tuuci-plantation.jpg",627,448,false],"large":["https:\/\/gervi.be\/wp-content\/uploads\/2023\/08\/nr3tuuci-plantation.jpg",627,448,false],"1536x1536":["https:\/\/gervi.be\/wp-content\/uploads\/2023\/08\/nr3tuuci-plantation.jpg",627,448,false],"2048x2048":["https:\/\/gervi.be\/wp-content\/uploads\/2023\/08\/nr3tuuci-plantation.jpg",627,448,false],"woocommerce_thumbnail":["https:\/\/gervi.be\/wp-content\/uploads\/2023\/08\/nr3tuuci-plantation-300x300.jpg",300,300,true],"woocommerce_single":["https:\/\/gervi.be\/wp-content\/uploads\/2023\/08\/nr3tuuci-plantation.jpg",627,448,false],"woocommerce_gallery_thumbnail":["https:\/\/gervi.be\/wp-content\/uploads\/2023\/08\/nr3tuuci-plantation-100x100.jpg",100,100,true],"dgwt-wcas-product-suggestion":["https:\/\/gervi.be\/wp-content\/uploads\/2023\/08\/nr3tuuci-plantation.jpg",64,46,false]},"uagb_author_info":{"display_name":"Marjolein Nijs","author_link":"https:\/\/gervi.be\/fr\/author\/"},"uagb_comment_info":0,"uagb_excerpt":"Les apparences peuvent \u00eatre si trompeuses. En effet, la collection Plantation rappelle un parapluie de march\u00e9 europ\u00e9en classique d&#8217;une \u00e9poque r\u00e9volue. Cependant, le m\u00e2t central tr\u00e8s durable est fabriqu\u00e9 en Aluma-TEAK\u2122, un polym\u00e8re de pointe imperm\u00e9able \u00e0 l&#8217;eau sal\u00e9e et \u00e0 la d\u00e9gradation par les UV. Le r\u00e9sultat est un m\u00e2t qui ressemble \u00e0 du\u2026","_links":{"self":[{"href":"https:\/\/gervi.be\/fr\/wp-json\/wp\/v2\/product\/14611","targetHints":{"allow":["GET"]}}],"collection":[{"href":"https:\/\/gervi.be\/fr\/wp-json\/wp\/v2\/product"}],"about":[{"href":"https:\/\/gervi.be\/fr\/wp-json\/wp\/v2\/types\/product"}],"wp:featuredmedia":[{"embeddable":true,"href":"https:\/\/gervi.be\/fr\/wp-json\/wp\/v2\/media\/14619"}],"wp:attachment":[{"href":"https:\/\/gervi.be\/fr\/wp-json\/wp\/v2\/media?parent=14611"}],"wp:term":[{"taxonomy":"product_brand","embeddable":true,"href":"https:\/\/gervi.be\/fr\/wp-json\/wp\/v2\/product_brand?post=14611"},{"taxonomy":"product_cat","embeddable":true,"href":"https:\/\/gervi.be\/fr\/wp-json\/wp\/v2\/product_cat?post=14611"},{"taxonomy":"product_tag","embeddable":true,"href":"https:\/\/gervi.be\/fr\/wp-json\/wp\/v2\/product_tag?post=14611"}],"curies":[{"name":"wp","href":"https:\/\/api.w.org\/{rel}","templated":true}]}}