{"id":14595,"date":"2023-08-31T10:58:00","date_gmt":"2023-08-31T08:58:00","guid":{"rendered":"https:\/\/gervi.be\/shop\/ginestra\/"},"modified":"2025-03-25T15:04:50","modified_gmt":"2025-03-25T14:04:50","slug":"ginestra","status":"publish","type":"product","link":"https:\/\/gervi.be\/fr\/produit\/ginestra\/","title":{"rendered":"GINESTRA"},"content":{"rendered":"<p>Une collection de grandes tables de salle \u00e0 manger rectangulaires et rondes avec des d\u00e9tails en teck naturel textur\u00e9. La m\u00eame collection comprend une chaise, toujours en teck naturel, aux lignes sinueuses et harmonieuses clairement inspir\u00e9es des tendances nordiques. La chaise se caract\u00e9rise par son rev\u00eatement en fibres de polypropyl\u00e8ne, id\u00e9al pour une utilisation en ext\u00e9rieur. Les couleurs ont \u00e9t\u00e9 choisies pour combiner le teck naturel avec des entrelacs beiges. Le confort est assur\u00e9 par les coussins d&#8217;assise et de dossier.<\/p>\n","protected":false},"excerpt":{"rendered":"<p>Une collection de grandes tables de salle \u00e0 manger rectangulaires et rondes avec des d\u00e9tails en teck naturel textur\u00e9. La m\u00eame collection comprend une chaise, toujours en teck naturel, aux lignes sinueuses et harmonieuses clairement inspir\u00e9es des tendances nordiques. La chaise se caract\u00e9rise par son rev\u00eatement en fibres de polypropyl\u00e8ne, id\u00e9al pour une utilisation en [&hellip;]<\/p>\n","protected":false},"featured_media":28800,"template":"","meta":{"_acf_changed":false,"_uag_custom_page_level_css":"","site-sidebar-layout":"default","site-content-layout":"","ast-site-content-layout":"default","site-content-style":"default","site-sidebar-style":"default","ast-global-header-display":"","ast-banner-title-visibility":"","ast-main-header-display":"","ast-hfb-above-header-display":"","ast-hfb-below-header-display":"","ast-hfb-mobile-header-display":"","site-post-title":"","ast-breadcrumbs-content":"","ast-featured-img":"","footer-sml-layout":"","ast-disable-related-posts":"","theme-transparent-header-meta":"default","adv-header-id-meta":"","stick-header-meta":"","header-above-stick-meta":"","header-main-stick-meta":"","header-below-stick-meta":"","astra-migrate-meta-layouts":"default","ast-page-background-enabled":"default","ast-page-background-meta":{"desktop":{"background-color":"","background-image":"","background-repeat":"repeat","background-position":"center center","background-size":"auto","background-attachment":"scroll","background-type":"","background-media":"","overlay-type":"","overlay-color":"","overlay-opacity":"","overlay-gradient":""},"tablet":{"background-color":"","background-image":"","background-repeat":"repeat","background-position":"center center","background-size":"auto","background-attachment":"scroll","background-type":"","background-media":"","overlay-type":"","overlay-color":"","overlay-opacity":"","overlay-gradient":""},"mobile":{"background-color":"","background-image":"","background-repeat":"repeat","background-position":"center center","background-size":"auto","background-attachment":"scroll","background-type":"","background-media":"","overlay-type":"","overlay-color":"","overlay-opacity":"","overlay-gradient":""}},"ast-content-background-meta":{"desktop":{"background-color":"var(--ast-global-color-5)","background-image":"","background-repeat":"repeat","background-position":"center center","background-size":"auto","background-attachment":"scroll","background-type":"","background-media":"","overlay-type":"","overlay-color":"","overlay-opacity":"","overlay-gradient":""},"tablet":{"background-color":"var(--ast-global-color-5)","background-image":"","background-repeat":"repeat","background-position":"center center","background-size":"auto","background-attachment":"scroll","background-type":"","background-media":"","overlay-type":"","overlay-color":"","overlay-opacity":"","overlay-gradient":""},"mobile":{"background-color":"var(--ast-global-color-5)","background-image":"","background-repeat":"repeat","background-position":"center center","background-size":"auto","background-attachment":"scroll","background-type":"","background-media":"","overlay-type":"","overlay-color":"","overlay-opacity":"","overlay-gradient":""}}},"product_brand":[],"product_cat":[878,923],"product_tag":[],"class_list":{"0":"post-14595","1":"product","2":"type-product","3":"status-publish","4":"has-post-thumbnail","6":"product_cat-meubles-de-jardin","7":"product_cat-table-de-jardin","8":"desktop-align-left","9":"tablet-align-left","10":"mobile-align-left","12":"first","13":"instock","14":"product-type-simple"},"acf":[],"uagb_featured_image_src":{"full":["https:\/\/gervi.be\/wp-content\/uploads\/2023\/08\/Slider_2_115_outdoor_table_Ginestra_03.png",750,750,false],"thumbnail":["https:\/\/gervi.be\/wp-content\/uploads\/2023\/08\/Slider_2_115_outdoor_table_Ginestra_03-150x150.png",150,150,true],"medium":["https:\/\/gervi.be\/wp-content\/uploads\/2023\/08\/Slider_2_115_outdoor_table_Ginestra_03-300x300.png",300,300,true],"medium_large":["https:\/\/gervi.be\/wp-content\/uploads\/2023\/08\/Slider_2_115_outdoor_table_Ginestra_03.png",750,750,false],"large":["https:\/\/gervi.be\/wp-content\/uploads\/2023\/08\/Slider_2_115_outdoor_table_Ginestra_03.png",750,750,false],"1536x1536":["https:\/\/gervi.be\/wp-content\/uploads\/2023\/08\/Slider_2_115_outdoor_table_Ginestra_03.png",750,750,false],"2048x2048":["https:\/\/gervi.be\/wp-content\/uploads\/2023\/08\/Slider_2_115_outdoor_table_Ginestra_03.png",750,750,false],"woocommerce_thumbnail":["https:\/\/gervi.be\/wp-content\/uploads\/2023\/08\/Slider_2_115_outdoor_table_Ginestra_03.png",750,750,false],"woocommerce_single":["https:\/\/gervi.be\/wp-content\/uploads\/2023\/08\/Slider_2_115_outdoor_table_Ginestra_03.png",750,750,false],"woocommerce_gallery_thumbnail":["https:\/\/gervi.be\/wp-content\/uploads\/2023\/08\/Slider_2_115_outdoor_table_Ginestra_03-100x100.png",100,100,true],"dgwt-wcas-product-suggestion":["https:\/\/gervi.be\/wp-content\/uploads\/2023\/08\/Slider_2_115_outdoor_table_Ginestra_03.png",64,64,false]},"uagb_author_info":{"display_name":"Marjolein Nijs","author_link":"https:\/\/gervi.be\/fr\/author\/"},"uagb_comment_info":0,"uagb_excerpt":"Une collection de grandes tables de salle \u00e0 manger rectangulaires et rondes avec des d\u00e9tails en teck naturel textur\u00e9. La m\u00eame collection comprend une chaise, toujours en teck naturel, aux lignes sinueuses et harmonieuses clairement inspir\u00e9es des tendances nordiques. La chaise se caract\u00e9rise par son rev\u00eatement en fibres de polypropyl\u00e8ne, id\u00e9al pour une utilisation en\u2026","_links":{"self":[{"href":"https:\/\/gervi.be\/fr\/wp-json\/wp\/v2\/product\/14595","targetHints":{"allow":["GET"]}}],"collection":[{"href":"https:\/\/gervi.be\/fr\/wp-json\/wp\/v2\/product"}],"about":[{"href":"https:\/\/gervi.be\/fr\/wp-json\/wp\/v2\/types\/product"}],"wp:featuredmedia":[{"embeddable":true,"href":"https:\/\/gervi.be\/fr\/wp-json\/wp\/v2\/media\/28800"}],"wp:attachment":[{"href":"https:\/\/gervi.be\/fr\/wp-json\/wp\/v2\/media?parent=14595"}],"wp:term":[{"taxonomy":"product_brand","embeddable":true,"href":"https:\/\/gervi.be\/fr\/wp-json\/wp\/v2\/product_brand?post=14595"},{"taxonomy":"product_cat","embeddable":true,"href":"https:\/\/gervi.be\/fr\/wp-json\/wp\/v2\/product_cat?post=14595"},{"taxonomy":"product_tag","embeddable":true,"href":"https:\/\/gervi.be\/fr\/wp-json\/wp\/v2\/product_tag?post=14595"}],"curies":[{"name":"wp","href":"https:\/\/api.w.org\/{rel}","templated":true}]}}