{"id":14556,"date":"2023-08-31T10:58:00","date_gmt":"2023-08-31T08:58:00","guid":{"rendered":"https:\/\/gervi.be\/shop\/izon\/"},"modified":"2025-08-01T14:16:58","modified_gmt":"2025-08-01T12:16:58","slug":"izon","status":"publish","type":"product","link":"https:\/\/gervi.be\/fr\/produit\/izon\/","title":{"rendered":"IZON"},"content":{"rendered":"<p>IZON d&#8217;Arik Levy est une collection de tables basses et de tables d&#8217;appoint con\u00e7ues pour \u00eatre assorties et m\u00eame superpos\u00e9es. Les cadres sont en aluminium peint par poudrage et disponibles en diff\u00e9rentes tailles. Les plateaux de table se pr\u00e9sentent sous diff\u00e9rentes formes, tailles et mat\u00e9riaux, du verre \u00e0 la pierre naturelle. Gr\u00e2ce \u00e0 son large \u00e9ventail d&#8217;options, IZON encourage les utilisateurs \u00e0 combiner les mat\u00e9riaux, les couleurs, les surfaces et les proportions, cr\u00e9ant ainsi des compositions de tables uniques et superpos\u00e9es qui s&#8217;adaptent \u00e0 tous les environnements.<\/p>\n","protected":false},"excerpt":{"rendered":"<p>IZON d&#8217;Arik Levy est une collection de tables basses et de tables d&#8217;appoint con\u00e7ues pour \u00eatre assorties et m\u00eame superpos\u00e9es. Les cadres sont en aluminium peint par poudrage et disponibles en diff\u00e9rentes tailles. Les plateaux de table se pr\u00e9sentent sous diff\u00e9rentes formes, tailles et mat\u00e9riaux, du verre \u00e0 la pierre naturelle. Gr\u00e2ce \u00e0 son large [&hellip;]<\/p>\n","protected":false},"featured_media":32226,"template":"","meta":{"_acf_changed":false,"_uag_custom_page_level_css":"","site-sidebar-layout":"default","site-content-layout":"","ast-site-content-layout":"default","site-content-style":"default","site-sidebar-style":"default","ast-global-header-display":"","ast-banner-title-visibility":"","ast-main-header-display":"","ast-hfb-above-header-display":"","ast-hfb-below-header-display":"","ast-hfb-mobile-header-display":"","site-post-title":"","ast-breadcrumbs-content":"","ast-featured-img":"","footer-sml-layout":"","ast-disable-related-posts":"","theme-transparent-header-meta":"default","adv-header-id-meta":"","stick-header-meta":"","header-above-stick-meta":"","header-main-stick-meta":"","header-below-stick-meta":"","astra-migrate-meta-layouts":"default","ast-page-background-enabled":"default","ast-page-background-meta":{"desktop":{"background-color":"","background-image":"","background-repeat":"repeat","background-position":"center center","background-size":"auto","background-attachment":"scroll","background-type":"","background-media":"","overlay-type":"","overlay-color":"","overlay-opacity":"","overlay-gradient":""},"tablet":{"background-color":"","background-image":"","background-repeat":"repeat","background-position":"center center","background-size":"auto","background-attachment":"scroll","background-type":"","background-media":"","overlay-type":"","overlay-color":"","overlay-opacity":"","overlay-gradient":""},"mobile":{"background-color":"","background-image":"","background-repeat":"repeat","background-position":"center center","background-size":"auto","background-attachment":"scroll","background-type":"","background-media":"","overlay-type":"","overlay-color":"","overlay-opacity":"","overlay-gradient":""}},"ast-content-background-meta":{"desktop":{"background-color":"var(--ast-global-color-5)","background-image":"","background-repeat":"repeat","background-position":"center center","background-size":"auto","background-attachment":"scroll","background-type":"","background-media":"","overlay-type":"","overlay-color":"","overlay-opacity":"","overlay-gradient":""},"tablet":{"background-color":"var(--ast-global-color-5)","background-image":"","background-repeat":"repeat","background-position":"center center","background-size":"auto","background-attachment":"scroll","background-type":"","background-media":"","overlay-type":"","overlay-color":"","overlay-opacity":"","overlay-gradient":""},"mobile":{"background-color":"var(--ast-global-color-5)","background-image":"","background-repeat":"repeat","background-position":"center center","background-size":"auto","background-attachment":"scroll","background-type":"","background-media":"","overlay-type":"","overlay-color":"","overlay-opacity":"","overlay-gradient":""}}},"product_brand":[6287],"product_cat":[878,897],"product_tag":[],"class_list":{"0":"post-14556","1":"product","2":"type-product","3":"status-publish","4":"has-post-thumbnail","6":"product_brand-dedon","7":"product_cat-meubles-de-jardin","8":"product_cat-table-dappoint","9":"desktop-align-left","10":"tablet-align-left","11":"mobile-align-left","13":"first","14":"instock","15":"product-type-simple"},"acf":[],"uagb_featured_image_src":{"full":["https:\/\/gervi.be\/wp-content\/uploads\/2023\/08\/Izon.png",750,750,false],"thumbnail":["https:\/\/gervi.be\/wp-content\/uploads\/2023\/08\/Izon-150x150.png",150,150,true],"medium":["https:\/\/gervi.be\/wp-content\/uploads\/2023\/08\/Izon-300x300.png",300,300,true],"medium_large":["https:\/\/gervi.be\/wp-content\/uploads\/2023\/08\/Izon.png",750,750,false],"large":["https:\/\/gervi.be\/wp-content\/uploads\/2023\/08\/Izon.png",750,750,false],"1536x1536":["https:\/\/gervi.be\/wp-content\/uploads\/2023\/08\/Izon.png",750,750,false],"2048x2048":["https:\/\/gervi.be\/wp-content\/uploads\/2023\/08\/Izon.png",750,750,false],"woocommerce_thumbnail":["https:\/\/gervi.be\/wp-content\/uploads\/2023\/08\/Izon.png",750,750,false],"woocommerce_single":["https:\/\/gervi.be\/wp-content\/uploads\/2023\/08\/Izon.png",750,750,false],"woocommerce_gallery_thumbnail":["https:\/\/gervi.be\/wp-content\/uploads\/2023\/08\/Izon-100x100.png",100,100,true],"dgwt-wcas-product-suggestion":["https:\/\/gervi.be\/wp-content\/uploads\/2023\/08\/Izon.png",64,64,false]},"uagb_author_info":{"display_name":"Marjolein Nijs","author_link":"https:\/\/gervi.be\/fr\/author\/"},"uagb_comment_info":0,"uagb_excerpt":"IZON d&#8217;Arik Levy est une collection de tables basses et de tables d&#8217;appoint con\u00e7ues pour \u00eatre assorties et m\u00eame superpos\u00e9es. Les cadres sont en aluminium peint par poudrage et disponibles en diff\u00e9rentes tailles. Les plateaux de table se pr\u00e9sentent sous diff\u00e9rentes formes, tailles et mat\u00e9riaux, du verre \u00e0 la pierre naturelle. Gr\u00e2ce \u00e0 son large\u2026","_links":{"self":[{"href":"https:\/\/gervi.be\/fr\/wp-json\/wp\/v2\/product\/14556","targetHints":{"allow":["GET"]}}],"collection":[{"href":"https:\/\/gervi.be\/fr\/wp-json\/wp\/v2\/product"}],"about":[{"href":"https:\/\/gervi.be\/fr\/wp-json\/wp\/v2\/types\/product"}],"wp:featuredmedia":[{"embeddable":true,"href":"https:\/\/gervi.be\/fr\/wp-json\/wp\/v2\/media\/32226"}],"wp:attachment":[{"href":"https:\/\/gervi.be\/fr\/wp-json\/wp\/v2\/media?parent=14556"}],"wp:term":[{"taxonomy":"product_brand","embeddable":true,"href":"https:\/\/gervi.be\/fr\/wp-json\/wp\/v2\/product_brand?post=14556"},{"taxonomy":"product_cat","embeddable":true,"href":"https:\/\/gervi.be\/fr\/wp-json\/wp\/v2\/product_cat?post=14556"},{"taxonomy":"product_tag","embeddable":true,"href":"https:\/\/gervi.be\/fr\/wp-json\/wp\/v2\/product_tag?post=14556"}],"curies":[{"name":"wp","href":"https:\/\/api.w.org\/{rel}","templated":true}]}}