{"id":14540,"date":"2023-08-31T10:56:44","date_gmt":"2023-08-31T08:56:44","guid":{"rendered":"https:\/\/gervi.be\/shop\/rilly\/"},"modified":"2025-05-16T14:57:51","modified_gmt":"2025-05-16T12:57:51","slug":"rilly","status":"publish","type":"product","link":"https:\/\/gervi.be\/fr\/produit\/rilly\/","title":{"rendered":"RILLY"},"content":{"rendered":"<p>Collection polyvalente d&#8217;\u00e9l\u00e9ments de salle \u00e0 manger, de salon et de piscine, RILLY, con\u00e7ue par le duo de designers GamFratesi, adopte une nouvelle approche de l&#8217;h\u00e9ritage ext\u00e9rieur de DEDON. Au lieu de la technique de tissage traditionnelle, elle pr\u00e9sente des brins verticaux parall\u00e8les de cordes marines ou de la nouvelle fibre DEDON Fiber &#8216;Touch&#8217;. Le r\u00e9sultat est une collection &#8220;transparente&#8221; de formes conviviales avec des facettes distinctives et une qualit\u00e9 graphique contemporaine. Des chaises longues aux canap\u00e9s, en passant par un vaste lit de jour double \u00e0 baldaquin, toute la gamme RILLY permet aux utilisateurs de cr\u00e9er des paysages uniques dans n&#8217;importe quel environnement ext\u00e9rieur.<\/p>\n","protected":false},"excerpt":{"rendered":"<p>Collection polyvalente d&#8217;\u00e9l\u00e9ments de salle \u00e0 manger, de salon et de piscine, RILLY, con\u00e7ue par le duo de designers GamFratesi, adopte une nouvelle approche de l&#8217;h\u00e9ritage ext\u00e9rieur de DEDON. Au lieu de la technique de tissage traditionnelle, elle pr\u00e9sente des brins verticaux parall\u00e8les de cordes marines ou de la nouvelle fibre DEDON Fiber &#8216;Touch&#8217;. Le [&hellip;]<\/p>\n","protected":false},"featured_media":30416,"template":"","meta":{"_acf_changed":false,"_uag_custom_page_level_css":"","site-sidebar-layout":"default","site-content-layout":"","ast-site-content-layout":"default","site-content-style":"default","site-sidebar-style":"default","ast-global-header-display":"","ast-banner-title-visibility":"","ast-main-header-display":"","ast-hfb-above-header-display":"","ast-hfb-below-header-display":"","ast-hfb-mobile-header-display":"","site-post-title":"","ast-breadcrumbs-content":"","ast-featured-img":"","footer-sml-layout":"","ast-disable-related-posts":"","theme-transparent-header-meta":"default","adv-header-id-meta":"","stick-header-meta":"","header-above-stick-meta":"","header-main-stick-meta":"","header-below-stick-meta":"","astra-migrate-meta-layouts":"default","ast-page-background-enabled":"default","ast-page-background-meta":{"desktop":{"background-color":"","background-image":"","background-repeat":"repeat","background-position":"center center","background-size":"auto","background-attachment":"scroll","background-type":"","background-media":"","overlay-type":"","overlay-color":"","overlay-opacity":"","overlay-gradient":""},"tablet":{"background-color":"","background-image":"","background-repeat":"repeat","background-position":"center center","background-size":"auto","background-attachment":"scroll","background-type":"","background-media":"","overlay-type":"","overlay-color":"","overlay-opacity":"","overlay-gradient":""},"mobile":{"background-color":"","background-image":"","background-repeat":"repeat","background-position":"center center","background-size":"auto","background-attachment":"scroll","background-type":"","background-media":"","overlay-type":"","overlay-color":"","overlay-opacity":"","overlay-gradient":""}},"ast-content-background-meta":{"desktop":{"background-color":"var(--ast-global-color-5)","background-image":"","background-repeat":"repeat","background-position":"center center","background-size":"auto","background-attachment":"scroll","background-type":"","background-media":"","overlay-type":"","overlay-color":"","overlay-opacity":"","overlay-gradient":""},"tablet":{"background-color":"var(--ast-global-color-5)","background-image":"","background-repeat":"repeat","background-position":"center center","background-size":"auto","background-attachment":"scroll","background-type":"","background-media":"","overlay-type":"","overlay-color":"","overlay-opacity":"","overlay-gradient":""},"mobile":{"background-color":"var(--ast-global-color-5)","background-image":"","background-repeat":"repeat","background-position":"center center","background-size":"auto","background-attachment":"scroll","background-type":"","background-media":"","overlay-type":"","overlay-color":"","overlay-opacity":"","overlay-gradient":""}}},"product_brand":[],"product_cat":[910,878],"product_tag":[],"class_list":{"0":"post-14540","1":"product","2":"type-product","3":"status-publish","4":"has-post-thumbnail","6":"product_cat-chaise-longue","7":"product_cat-meubles-de-jardin","8":"desktop-align-left","9":"tablet-align-left","10":"mobile-align-left","12":"first","13":"instock","14":"product-type-simple"},"acf":[],"uagb_featured_image_src":{"full":["https:\/\/gervi.be\/wp-content\/uploads\/2024\/08\/nr3dedon-rilly-loungestoel.jpg",750,750,false],"thumbnail":["https:\/\/gervi.be\/wp-content\/uploads\/2024\/08\/nr3dedon-rilly-loungestoel-150x150.jpg",150,150,true],"medium":["https:\/\/gervi.be\/wp-content\/uploads\/2024\/08\/nr3dedon-rilly-loungestoel-300x300.jpg",300,300,true],"medium_large":["https:\/\/gervi.be\/wp-content\/uploads\/2024\/08\/nr3dedon-rilly-loungestoel.jpg",750,750,false],"large":["https:\/\/gervi.be\/wp-content\/uploads\/2024\/08\/nr3dedon-rilly-loungestoel.jpg",750,750,false],"1536x1536":["https:\/\/gervi.be\/wp-content\/uploads\/2024\/08\/nr3dedon-rilly-loungestoel.jpg",750,750,false],"2048x2048":["https:\/\/gervi.be\/wp-content\/uploads\/2024\/08\/nr3dedon-rilly-loungestoel.jpg",750,750,false],"woocommerce_thumbnail":["https:\/\/gervi.be\/wp-content\/uploads\/2024\/08\/nr3dedon-rilly-loungestoel.jpg",750,750,false],"woocommerce_single":["https:\/\/gervi.be\/wp-content\/uploads\/2024\/08\/nr3dedon-rilly-loungestoel.jpg",750,750,false],"woocommerce_gallery_thumbnail":["https:\/\/gervi.be\/wp-content\/uploads\/2024\/08\/nr3dedon-rilly-loungestoel-100x100.jpg",100,100,true],"dgwt-wcas-product-suggestion":["https:\/\/gervi.be\/wp-content\/uploads\/2024\/08\/nr3dedon-rilly-loungestoel.jpg",64,64,false]},"uagb_author_info":{"display_name":"Marjolein Nijs","author_link":"https:\/\/gervi.be\/fr\/author\/"},"uagb_comment_info":0,"uagb_excerpt":"Collection polyvalente d&#8217;\u00e9l\u00e9ments de salle \u00e0 manger, de salon et de piscine, RILLY, con\u00e7ue par le duo de designers GamFratesi, adopte une nouvelle approche de l&#8217;h\u00e9ritage ext\u00e9rieur de DEDON. Au lieu de la technique de tissage traditionnelle, elle pr\u00e9sente des brins verticaux parall\u00e8les de cordes marines ou de la nouvelle fibre DEDON Fiber &#8216;Touch&#8217;. Le\u2026","_links":{"self":[{"href":"https:\/\/gervi.be\/fr\/wp-json\/wp\/v2\/product\/14540","targetHints":{"allow":["GET"]}}],"collection":[{"href":"https:\/\/gervi.be\/fr\/wp-json\/wp\/v2\/product"}],"about":[{"href":"https:\/\/gervi.be\/fr\/wp-json\/wp\/v2\/types\/product"}],"wp:featuredmedia":[{"embeddable":true,"href":"https:\/\/gervi.be\/fr\/wp-json\/wp\/v2\/media\/30416"}],"wp:attachment":[{"href":"https:\/\/gervi.be\/fr\/wp-json\/wp\/v2\/media?parent=14540"}],"wp:term":[{"taxonomy":"product_brand","embeddable":true,"href":"https:\/\/gervi.be\/fr\/wp-json\/wp\/v2\/product_brand?post=14540"},{"taxonomy":"product_cat","embeddable":true,"href":"https:\/\/gervi.be\/fr\/wp-json\/wp\/v2\/product_cat?post=14540"},{"taxonomy":"product_tag","embeddable":true,"href":"https:\/\/gervi.be\/fr\/wp-json\/wp\/v2\/product_tag?post=14540"}],"curies":[{"name":"wp","href":"https:\/\/api.w.org\/{rel}","templated":true}]}}