{"id":14534,"date":"2023-08-31T10:56:44","date_gmt":"2023-08-31T10:56:44","guid":{"rendered":"https:\/\/gervi.be\/shop\/kida\/"},"modified":"2026-04-01T11:09:19","modified_gmt":"2026-04-01T09:09:19","slug":"kida","status":"publish","type":"product","link":"https:\/\/gervi.be\/fr\/produit\/kida\/","title":{"rendered":"KIDA"},"content":{"rendered":"<p>Avec KIDA, Stephen Burks a con\u00e7u une chaise longue suspendue qui est aussi belle \u00e0 regarder qu&#8217;\u00e0 utiliser. La premi\u00e8re collection envelopp\u00e9e dans 834 m\u00e8tres de DEDON Special Fiber Touch au lieu d&#8217;\u00eatre tiss\u00e9e a une forme organique, semblable \u00e0 un berceau, ouverte, a\u00e9r\u00e9e, l\u00e9g\u00e8re et accueillante. Une fois \u00e0 l&#8217;int\u00e9rieur, les utilisateurs peuvent profiter du coussin confortable de KIDA, qui couvre toute la surface d&#8217;assise, et se sentir, selon les propres termes de Burks, &#8220;aussi libres qu&#8217;une brise&#8221; lorsqu&#8217;ils se balancent.<\/p>\n","protected":false},"excerpt":{"rendered":"<p>Avec KIDA, Stephen Burks a con\u00e7u une chaise longue suspendue qui est aussi belle \u00e0 regarder qu&#8217;\u00e0 utiliser. La premi\u00e8re collection envelopp\u00e9e dans 834 m\u00e8tres de DEDON Special Fiber Touch au lieu d&#8217;\u00eatre tiss\u00e9e a une forme organique, semblable \u00e0 un berceau, ouverte, a\u00e9r\u00e9e, l\u00e9g\u00e8re et accueillante. Une fois \u00e0 l&#8217;int\u00e9rieur, les utilisateurs peuvent profiter [&hellip;]<\/p>\n","protected":false},"featured_media":31879,"template":"","meta":{"_acf_changed":false,"_uag_custom_page_level_css":"","site-sidebar-layout":"default","site-content-layout":"default","ast-site-content-layout":"default","site-content-style":"default","site-sidebar-style":"default","ast-global-header-display":"","ast-banner-title-visibility":"","ast-main-header-display":"","ast-hfb-above-header-display":"","ast-hfb-below-header-display":"","ast-hfb-mobile-header-display":"","site-post-title":"","ast-breadcrumbs-content":"","ast-featured-img":"","footer-sml-layout":"","ast-disable-related-posts":"","theme-transparent-header-meta":"default","adv-header-id-meta":"","stick-header-meta":"","header-above-stick-meta":"","header-main-stick-meta":"","header-below-stick-meta":"","astra-migrate-meta-layouts":"default","ast-page-background-enabled":"default","ast-page-background-meta":{"desktop":{"background-color":"","background-image":"","background-repeat":"repeat","background-position":"center center","background-size":"auto","background-attachment":"scroll","background-type":"","background-media":"","overlay-type":"","overlay-color":"","overlay-opacity":"","overlay-gradient":""},"tablet":{"background-color":"","background-image":"","background-repeat":"repeat","background-position":"center center","background-size":"auto","background-attachment":"scroll","background-type":"","background-media":"","overlay-type":"","overlay-color":"","overlay-opacity":"","overlay-gradient":""},"mobile":{"background-color":"","background-image":"","background-repeat":"repeat","background-position":"center center","background-size":"auto","background-attachment":"scroll","background-type":"","background-media":"","overlay-type":"","overlay-color":"","overlay-opacity":"","overlay-gradient":""}},"ast-content-background-meta":{"desktop":{"background-color":"var(--ast-global-color-5)","background-image":"","background-repeat":"repeat","background-position":"center center","background-size":"auto","background-attachment":"scroll","background-type":"","background-media":"","overlay-type":"","overlay-color":"","overlay-opacity":"","overlay-gradient":""},"tablet":{"background-color":"var(--ast-global-color-5)","background-image":"","background-repeat":"repeat","background-position":"center center","background-size":"auto","background-attachment":"scroll","background-type":"","background-media":"","overlay-type":"","overlay-color":"","overlay-opacity":"","overlay-gradient":""},"mobile":{"background-color":"var(--ast-global-color-5)","background-image":"","background-repeat":"repeat","background-position":"center center","background-size":"auto","background-attachment":"scroll","background-type":"","background-media":"","overlay-type":"","overlay-color":"","overlay-opacity":"","overlay-gradient":""}}},"product_brand":[],"product_cat":[910,878],"product_tag":[],"class_list":{"0":"post-14534","1":"product","2":"type-product","3":"status-publish","4":"has-post-thumbnail","6":"product_cat-chaise-longue","7":"product_cat-meubles-de-jardin","8":"desktop-align-left","9":"tablet-align-left","10":"mobile-align-left","12":"first","13":"instock","14":"product-type-simple"},"acf":[],"uagb_featured_image_src":{"full":["https:\/\/gervi.be\/wp-content\/uploads\/2023\/08\/Kida.png",750,750,false],"thumbnail":["https:\/\/gervi.be\/wp-content\/uploads\/2023\/08\/Kida-150x150.png",150,150,true],"medium":["https:\/\/gervi.be\/wp-content\/uploads\/2023\/08\/Kida-300x300.png",300,300,true],"medium_large":["https:\/\/gervi.be\/wp-content\/uploads\/2023\/08\/Kida.png",750,750,false],"large":["https:\/\/gervi.be\/wp-content\/uploads\/2023\/08\/Kida.png",750,750,false],"1536x1536":["https:\/\/gervi.be\/wp-content\/uploads\/2023\/08\/Kida.png",750,750,false],"2048x2048":["https:\/\/gervi.be\/wp-content\/uploads\/2023\/08\/Kida.png",750,750,false],"woocommerce_thumbnail":["https:\/\/gervi.be\/wp-content\/uploads\/2023\/08\/Kida.png",750,750,false],"woocommerce_single":["https:\/\/gervi.be\/wp-content\/uploads\/2023\/08\/Kida.png",750,750,false],"woocommerce_gallery_thumbnail":["https:\/\/gervi.be\/wp-content\/uploads\/2023\/08\/Kida-100x100.png",100,100,true],"dgwt-wcas-product-suggestion":["https:\/\/gervi.be\/wp-content\/uploads\/2023\/08\/Kida.png",64,64,false]},"uagb_author_info":{"display_name":"Marjolein Nijs","author_link":"https:\/\/gervi.be\/fr\/author\/"},"uagb_comment_info":0,"uagb_excerpt":"Avec KIDA, Stephen Burks a con\u00e7u une chaise longue suspendue qui est aussi belle \u00e0 regarder qu&#8217;\u00e0 utiliser. La premi\u00e8re collection envelopp\u00e9e dans 834 m\u00e8tres de DEDON Special Fiber Touch au lieu d&#8217;\u00eatre tiss\u00e9e a une forme organique, semblable \u00e0 un berceau, ouverte, a\u00e9r\u00e9e, l\u00e9g\u00e8re et accueillante. Une fois \u00e0 l&#8217;int\u00e9rieur, les utilisateurs peuvent profiter\u2026","_links":{"self":[{"href":"https:\/\/gervi.be\/fr\/wp-json\/wp\/v2\/product\/14534","targetHints":{"allow":["GET"]}}],"collection":[{"href":"https:\/\/gervi.be\/fr\/wp-json\/wp\/v2\/product"}],"about":[{"href":"https:\/\/gervi.be\/fr\/wp-json\/wp\/v2\/types\/product"}],"wp:featuredmedia":[{"embeddable":true,"href":"https:\/\/gervi.be\/fr\/wp-json\/wp\/v2\/media\/31879"}],"wp:attachment":[{"href":"https:\/\/gervi.be\/fr\/wp-json\/wp\/v2\/media?parent=14534"}],"wp:term":[{"taxonomy":"product_brand","embeddable":true,"href":"https:\/\/gervi.be\/fr\/wp-json\/wp\/v2\/product_brand?post=14534"},{"taxonomy":"product_cat","embeddable":true,"href":"https:\/\/gervi.be\/fr\/wp-json\/wp\/v2\/product_cat?post=14534"},{"taxonomy":"product_tag","embeddable":true,"href":"https:\/\/gervi.be\/fr\/wp-json\/wp\/v2\/product_tag?post=14534"}],"curies":[{"name":"wp","href":"https:\/\/api.w.org\/{rel}","templated":true}]}}