{"id":14463,"date":"2023-08-29T13:51:02","date_gmt":"2023-08-29T13:51:02","guid":{"rendered":"https:\/\/gervi.be\/shop\/sauna-personnalise\/"},"modified":"2023-08-29T13:51:02","modified_gmt":"2023-08-29T13:51:02","slug":"sauna-sur-mesure","status":"publish","type":"product","link":"https:\/\/gervi.be\/fr\/produit\/sauna-sur-mesure\/","title":{"rendered":"Sauna personnalis\u00e9"},"content":{"rendered":"<p>Le bien-\u00eatre a une signification diff\u00e9rente pour chacun. C&#8217;est pourquoi Klafs adapte ses saunas \u00e0 votre id\u00e9e personnelle de la d\u00e9tente. Pour vous donner une bonne id\u00e9e de la vue de votre futur sauna KLAFS, un dessin \u00e0 l&#8217;\u00e9chelle est r\u00e9alis\u00e9. En outre, l&#8217;espace ambiant minimum pour la circulation de l&#8217;air est toujours pris en compte. Un sauna ne doit jamais \u00eatre construit compl\u00e8tement contre les murs de la pi\u00e8ce. Tous les saunas \u00e0 \u00e9l\u00e9ments peuvent \u00eatre \u00e9quip\u00e9s de si\u00e8ges et de fauteuils inclinables selon les besoins. Les bancs assis et inclinables de KLAFS sont fabriqu\u00e9s en standard en mat\u00e9riau 100 % incassable. Des dossiers suppl\u00e9mentaires sont disponibles en option pour am\u00e9liorer le confort d&#8217;assise. Vous avez \u00e9galement la possibilit\u00e9 de choisir vous-m\u00eame le rev\u00eatement int\u00e9rieur. Il en va de m\u00eame pour les rev\u00eatements ext\u00e9rieurs. Vous pouvez ainsi composer votre sauna de mani\u00e8re totalement uniforme et l&#8217;int\u00e9grer sans effort \u00e0 votre int\u00e9rieur !<\/p>\n","protected":false},"excerpt":{"rendered":"<ul>\n<li>Plusieurs options de doublure\n<\/li>\n<li>De multiples options pour le rev\u00eatement ext\u00e9rieur\n<\/li>\n<li>Enti\u00e8rement adapt\u00e9 \u00e0 vos besoins\n<\/li>\n<li>Diff\u00e9rentes tailles disponibles\n<\/li>\n<li><\/ul>\n","protected":false},"featured_media":14477,"template":"","meta":{"_acf_changed":false,"_uag_custom_page_level_css":"","site-sidebar-layout":"default","site-content-layout":"","ast-site-content-layout":"default","site-content-style":"default","site-sidebar-style":"default","ast-global-header-display":"","ast-banner-title-visibility":"","ast-main-header-display":"","ast-hfb-above-header-display":"","ast-hfb-below-header-display":"","ast-hfb-mobile-header-display":"","site-post-title":"","ast-breadcrumbs-content":"","ast-featured-img":"","footer-sml-layout":"","ast-disable-related-posts":"","theme-transparent-header-meta":"","adv-header-id-meta":"","stick-header-meta":"","header-above-stick-meta":"","header-main-stick-meta":"","header-below-stick-meta":"","astra-migrate-meta-layouts":"default","ast-page-background-enabled":"default","ast-page-background-meta":{"desktop":{"background-color":"","background-image":"","background-repeat":"repeat","background-position":"center center","background-size":"auto","background-attachment":"scroll","background-type":"","background-media":"","overlay-type":"","overlay-color":"","overlay-opacity":"","overlay-gradient":""},"tablet":{"background-color":"","background-image":"","background-repeat":"repeat","background-position":"center center","background-size":"auto","background-attachment":"scroll","background-type":"","background-media":"","overlay-type":"","overlay-color":"","overlay-opacity":"","overlay-gradient":""},"mobile":{"background-color":"","background-image":"","background-repeat":"repeat","background-position":"center center","background-size":"auto","background-attachment":"scroll","background-type":"","background-media":"","overlay-type":"","overlay-color":"","overlay-opacity":"","overlay-gradient":""}},"ast-content-background-meta":{"desktop":{"background-color":"var(--ast-global-color-5)","background-image":"","background-repeat":"repeat","background-position":"center center","background-size":"auto","background-attachment":"scroll","background-type":"","background-media":"","overlay-type":"","overlay-color":"","overlay-opacity":"","overlay-gradient":""},"tablet":{"background-color":"var(--ast-global-color-5)","background-image":"","background-repeat":"repeat","background-position":"center center","background-size":"auto","background-attachment":"scroll","background-type":"","background-media":"","overlay-type":"","overlay-color":"","overlay-opacity":"","overlay-gradient":""},"mobile":{"background-color":"var(--ast-global-color-5)","background-image":"","background-repeat":"repeat","background-position":"center center","background-size":"auto","background-attachment":"scroll","background-type":"","background-media":"","overlay-type":"","overlay-color":"","overlay-opacity":"","overlay-gradient":""}}},"product_brand":[],"product_cat":[765,643],"product_tag":[],"class_list":{"0":"post-14463","1":"product","2":"type-product","3":"status-publish","4":"has-post-thumbnail","6":"product_cat-modeles-klafs","7":"product_cat-sauna-fr","8":"desktop-align-left","9":"tablet-align-left","10":"mobile-align-left","12":"first","13":"instock","14":"product-type-simple"},"acf":[],"uagb_featured_image_src":{"full":["https:\/\/gervi.be\/wp-content\/uploads\/2023\/08\/nr3webshopopmaat.jpg",597,448,false],"thumbnail":["https:\/\/gervi.be\/wp-content\/uploads\/2023\/08\/nr3webshopopmaat-150x150.jpg",150,150,true],"medium":["https:\/\/gervi.be\/wp-content\/uploads\/2023\/08\/nr3webshopopmaat-300x225.jpg",300,225,true],"medium_large":["https:\/\/gervi.be\/wp-content\/uploads\/2023\/08\/nr3webshopopmaat.jpg",597,448,false],"large":["https:\/\/gervi.be\/wp-content\/uploads\/2023\/08\/nr3webshopopmaat.jpg",597,448,false],"1536x1536":["https:\/\/gervi.be\/wp-content\/uploads\/2023\/08\/nr3webshopopmaat.jpg",597,448,false],"2048x2048":["https:\/\/gervi.be\/wp-content\/uploads\/2023\/08\/nr3webshopopmaat.jpg",597,448,false],"woocommerce_thumbnail":["https:\/\/gervi.be\/wp-content\/uploads\/2023\/08\/nr3webshopopmaat-300x300.jpg",300,300,true],"woocommerce_single":["https:\/\/gervi.be\/wp-content\/uploads\/2023\/08\/nr3webshopopmaat.jpg",597,448,false],"woocommerce_gallery_thumbnail":["https:\/\/gervi.be\/wp-content\/uploads\/2023\/08\/nr3webshopopmaat-100x100.jpg",100,100,true],"dgwt-wcas-product-suggestion":["https:\/\/gervi.be\/wp-content\/uploads\/2023\/08\/nr3webshopopmaat.jpg",64,48,false]},"uagb_author_info":{"display_name":"Marjolein Nijs","author_link":"https:\/\/gervi.be\/fr\/author\/"},"uagb_comment_info":0,"uagb_excerpt":"Plusieurs options de doublure De multiples options pour le rev\u00eatement ext\u00e9rieur Enti\u00e8rement adapt\u00e9 \u00e0 vos besoins Diff\u00e9rentes tailles disponibles","_links":{"self":[{"href":"https:\/\/gervi.be\/fr\/wp-json\/wp\/v2\/product\/14463","targetHints":{"allow":["GET"]}}],"collection":[{"href":"https:\/\/gervi.be\/fr\/wp-json\/wp\/v2\/product"}],"about":[{"href":"https:\/\/gervi.be\/fr\/wp-json\/wp\/v2\/types\/product"}],"wp:featuredmedia":[{"embeddable":true,"href":"https:\/\/gervi.be\/fr\/wp-json\/wp\/v2\/media\/14477"}],"wp:attachment":[{"href":"https:\/\/gervi.be\/fr\/wp-json\/wp\/v2\/media?parent=14463"}],"wp:term":[{"taxonomy":"product_brand","embeddable":true,"href":"https:\/\/gervi.be\/fr\/wp-json\/wp\/v2\/product_brand?post=14463"},{"taxonomy":"product_cat","embeddable":true,"href":"https:\/\/gervi.be\/fr\/wp-json\/wp\/v2\/product_cat?post=14463"},{"taxonomy":"product_tag","embeddable":true,"href":"https:\/\/gervi.be\/fr\/wp-json\/wp\/v2\/product_tag?post=14463"}],"curies":[{"name":"wp","href":"https:\/\/api.w.org\/{rel}","templated":true}]}}