{"id":14462,"date":"2023-08-31T10:56:44","date_gmt":"2023-08-31T08:56:44","guid":{"rendered":"https:\/\/gervi.be\/shop\/ortigie\/"},"modified":"2025-07-25T09:40:57","modified_gmt":"2025-07-25T07:40:57","slug":"ortigia","status":"publish","type":"product","link":"https:\/\/gervi.be\/fr\/produit\/ortigia\/","title":{"rendered":"ORTIGIE"},"content":{"rendered":"<p>Ortigia Outdoor est la version ext\u00e9rieure de la famille \u00e9ponyme d&#8217;\u00e9l\u00e9ments d&#8217;assise au charme classique-traditionnel r\u00e9interpr\u00e9t\u00e9 dans un esprit contemporain. La structure des fauteuils Ortigia est enti\u00e8rement r\u00e9alis\u00e9e en iroko massif, travaill\u00e9 selon des techniques qui rappellent la tradition de l&#8217;ameublement de qualit\u00e9, et disponible en finition naturelle ou laqu\u00e9e blanc ou gris teint\u00e9. Il repose sur des pointes en alliage m\u00e9tallique moul\u00e9 et des coussins en nylon. L&#8217;assise est rembourr\u00e9e, tandis que le dossier est recouvert d&#8217;un rev\u00eatement sophistiqu\u00e9, enti\u00e8rement tiss\u00e9 \u00e0 la main, disponible en cordon de polypropyl\u00e8ne ou en caoutchouc polyur\u00e9thane, tous deux dans une \u00e9l\u00e9gante palette de couleurs. La famille Ortigia comprend un fauteuil avec accoudoirs, un fauteuil sans accoudoirs pouvant \u00eatre associ\u00e9 \u00e0 un ottoman et une chaise de salle \u00e0 manger.<\/p>\n","protected":false},"excerpt":{"rendered":"<p>Ortigia Outdoor est la version ext\u00e9rieure de la famille \u00e9ponyme d&#8217;\u00e9l\u00e9ments d&#8217;assise au charme classique-traditionnel r\u00e9interpr\u00e9t\u00e9 dans un esprit contemporain. La structure des fauteuils Ortigia est enti\u00e8rement r\u00e9alis\u00e9e en iroko massif, travaill\u00e9 selon des techniques qui rappellent la tradition de l&#8217;ameublement de qualit\u00e9, et disponible en finition naturelle ou laqu\u00e9e blanc ou gris teint\u00e9. Il [&hellip;]<\/p>\n","protected":false},"featured_media":31938,"template":"","meta":{"_acf_changed":false,"_uag_custom_page_level_css":"","site-sidebar-layout":"default","site-content-layout":"","ast-site-content-layout":"default","site-content-style":"default","site-sidebar-style":"default","ast-global-header-display":"","ast-banner-title-visibility":"","ast-main-header-display":"","ast-hfb-above-header-display":"","ast-hfb-below-header-display":"","ast-hfb-mobile-header-display":"","site-post-title":"","ast-breadcrumbs-content":"","ast-featured-img":"","footer-sml-layout":"","ast-disable-related-posts":"","theme-transparent-header-meta":"default","adv-header-id-meta":"","stick-header-meta":"","header-above-stick-meta":"","header-main-stick-meta":"","header-below-stick-meta":"","astra-migrate-meta-layouts":"default","ast-page-background-enabled":"default","ast-page-background-meta":{"desktop":{"background-color":"","background-image":"","background-repeat":"repeat","background-position":"center center","background-size":"auto","background-attachment":"scroll","background-type":"","background-media":"","overlay-type":"","overlay-color":"","overlay-opacity":"","overlay-gradient":""},"tablet":{"background-color":"","background-image":"","background-repeat":"repeat","background-position":"center center","background-size":"auto","background-attachment":"scroll","background-type":"","background-media":"","overlay-type":"","overlay-color":"","overlay-opacity":"","overlay-gradient":""},"mobile":{"background-color":"","background-image":"","background-repeat":"repeat","background-position":"center center","background-size":"auto","background-attachment":"scroll","background-type":"","background-media":"","overlay-type":"","overlay-color":"","overlay-opacity":"","overlay-gradient":""}},"ast-content-background-meta":{"desktop":{"background-color":"var(--ast-global-color-5)","background-image":"","background-repeat":"repeat","background-position":"center center","background-size":"auto","background-attachment":"scroll","background-type":"","background-media":"","overlay-type":"","overlay-color":"","overlay-opacity":"","overlay-gradient":""},"tablet":{"background-color":"var(--ast-global-color-5)","background-image":"","background-repeat":"repeat","background-position":"center center","background-size":"auto","background-attachment":"scroll","background-type":"","background-media":"","overlay-type":"","overlay-color":"","overlay-opacity":"","overlay-gradient":""},"mobile":{"background-color":"var(--ast-global-color-5)","background-image":"","background-repeat":"repeat","background-position":"center center","background-size":"auto","background-attachment":"scroll","background-type":"","background-media":"","overlay-type":"","overlay-color":"","overlay-opacity":"","overlay-gradient":""}}},"product_brand":[6305],"product_cat":[910,878],"product_tag":[],"class_list":{"0":"post-14462","1":"product","2":"type-product","3":"status-publish","4":"has-post-thumbnail","6":"product_brand-flexform","7":"product_cat-chaise-longue","8":"product_cat-meubles-de-jardin","9":"desktop-align-left","10":"tablet-align-left","11":"mobile-align-left","13":"first","14":"instock","15":"product-type-simple"},"acf":[],"uagb_featured_image_src":{"full":["https:\/\/gervi.be\/wp-content\/uploads\/2023\/08\/Ortigia.png",750,750,false],"thumbnail":["https:\/\/gervi.be\/wp-content\/uploads\/2023\/08\/Ortigia-150x150.png",150,150,true],"medium":["https:\/\/gervi.be\/wp-content\/uploads\/2023\/08\/Ortigia-300x300.png",300,300,true],"medium_large":["https:\/\/gervi.be\/wp-content\/uploads\/2023\/08\/Ortigia.png",750,750,false],"large":["https:\/\/gervi.be\/wp-content\/uploads\/2023\/08\/Ortigia.png",750,750,false],"1536x1536":["https:\/\/gervi.be\/wp-content\/uploads\/2023\/08\/Ortigia.png",750,750,false],"2048x2048":["https:\/\/gervi.be\/wp-content\/uploads\/2023\/08\/Ortigia.png",750,750,false],"woocommerce_thumbnail":["https:\/\/gervi.be\/wp-content\/uploads\/2023\/08\/Ortigia.png",750,750,false],"woocommerce_single":["https:\/\/gervi.be\/wp-content\/uploads\/2023\/08\/Ortigia.png",750,750,false],"woocommerce_gallery_thumbnail":["https:\/\/gervi.be\/wp-content\/uploads\/2023\/08\/Ortigia-100x100.png",100,100,true],"dgwt-wcas-product-suggestion":["https:\/\/gervi.be\/wp-content\/uploads\/2023\/08\/Ortigia.png",64,64,false]},"uagb_author_info":{"display_name":"Marjolein Nijs","author_link":"https:\/\/gervi.be\/fr\/author\/"},"uagb_comment_info":0,"uagb_excerpt":"Ortigia Outdoor est la version ext\u00e9rieure de la famille \u00e9ponyme d&#8217;\u00e9l\u00e9ments d&#8217;assise au charme classique-traditionnel r\u00e9interpr\u00e9t\u00e9 dans un esprit contemporain. La structure des fauteuils Ortigia est enti\u00e8rement r\u00e9alis\u00e9e en iroko massif, travaill\u00e9 selon des techniques qui rappellent la tradition de l&#8217;ameublement de qualit\u00e9, et disponible en finition naturelle ou laqu\u00e9e blanc ou gris teint\u00e9. Il\u2026","_links":{"self":[{"href":"https:\/\/gervi.be\/fr\/wp-json\/wp\/v2\/product\/14462","targetHints":{"allow":["GET"]}}],"collection":[{"href":"https:\/\/gervi.be\/fr\/wp-json\/wp\/v2\/product"}],"about":[{"href":"https:\/\/gervi.be\/fr\/wp-json\/wp\/v2\/types\/product"}],"wp:featuredmedia":[{"embeddable":true,"href":"https:\/\/gervi.be\/fr\/wp-json\/wp\/v2\/media\/31938"}],"wp:attachment":[{"href":"https:\/\/gervi.be\/fr\/wp-json\/wp\/v2\/media?parent=14462"}],"wp:term":[{"taxonomy":"product_brand","embeddable":true,"href":"https:\/\/gervi.be\/fr\/wp-json\/wp\/v2\/product_brand?post=14462"},{"taxonomy":"product_cat","embeddable":true,"href":"https:\/\/gervi.be\/fr\/wp-json\/wp\/v2\/product_cat?post=14462"},{"taxonomy":"product_tag","embeddable":true,"href":"https:\/\/gervi.be\/fr\/wp-json\/wp\/v2\/product_tag?post=14462"}],"curies":[{"name":"wp","href":"https:\/\/api.w.org\/{rel}","templated":true}]}}