{"id":14461,"date":"2023-08-31T10:57:32","date_gmt":"2023-08-31T08:57:32","guid":{"rendered":"https:\/\/gervi.be\/shop\/stork\/"},"modified":"2025-08-01T14:23:18","modified_gmt":"2025-08-01T12:23:18","slug":"cigogne","status":"publish","type":"product","link":"https:\/\/gervi.be\/fr\/produit\/cigogne\/","title":{"rendered":"STORK"},"content":{"rendered":"<p>STORK est une table d&#8217;appoint design, presque une sculpture, avec un caract\u00e8re l\u00e9ger et transversal qui peut s&#8217;int\u00e9grer partout, dans n&#8217;importe quel environnement ext\u00e9rieur ou int\u00e9rieur. Le protagoniste absolu est le teck, model\u00e9 dans le support du tr\u00e9pied avec un long cou qui soutient l\u00e9g\u00e8rement le plateau HPL gris. A c\u00f4t\u00e9 d&#8217;un fauteuil ou d&#8217;une chaise longue d&#8217;ext\u00e9rieur, STORK est un \u00e9l\u00e9ment polyvalent qui peut facilement \u00eatre combin\u00e9 avec d&#8217;autres meubles d&#8217;ext\u00e9rieur \u00e9l\u00e9gants.<\/p>\n","protected":false},"excerpt":{"rendered":"<p>STORK est une table d&#8217;appoint design, presque une sculpture, avec un caract\u00e8re l\u00e9ger et transversal qui peut s&#8217;int\u00e9grer partout, dans n&#8217;importe quel environnement ext\u00e9rieur ou int\u00e9rieur. Le protagoniste absolu est le teck, model\u00e9 dans le support du tr\u00e9pied avec un long cou qui soutient l\u00e9g\u00e8rement le plateau HPL gris. A c\u00f4t\u00e9 d&#8217;un fauteuil ou d&#8217;une [&hellip;]<\/p>\n","protected":false},"featured_media":32281,"template":"","meta":{"_acf_changed":false,"_uag_custom_page_level_css":"","site-sidebar-layout":"default","site-content-layout":"","ast-site-content-layout":"default","site-content-style":"default","site-sidebar-style":"default","ast-global-header-display":"","ast-banner-title-visibility":"","ast-main-header-display":"","ast-hfb-above-header-display":"","ast-hfb-below-header-display":"","ast-hfb-mobile-header-display":"","site-post-title":"","ast-breadcrumbs-content":"","ast-featured-img":"","footer-sml-layout":"","ast-disable-related-posts":"","theme-transparent-header-meta":"default","adv-header-id-meta":"","stick-header-meta":"","header-above-stick-meta":"","header-main-stick-meta":"","header-below-stick-meta":"","astra-migrate-meta-layouts":"default","ast-page-background-enabled":"default","ast-page-background-meta":{"desktop":{"background-color":"","background-image":"","background-repeat":"repeat","background-position":"center center","background-size":"auto","background-attachment":"scroll","background-type":"","background-media":"","overlay-type":"","overlay-color":"","overlay-opacity":"","overlay-gradient":""},"tablet":{"background-color":"","background-image":"","background-repeat":"repeat","background-position":"center center","background-size":"auto","background-attachment":"scroll","background-type":"","background-media":"","overlay-type":"","overlay-color":"","overlay-opacity":"","overlay-gradient":""},"mobile":{"background-color":"","background-image":"","background-repeat":"repeat","background-position":"center center","background-size":"auto","background-attachment":"scroll","background-type":"","background-media":"","overlay-type":"","overlay-color":"","overlay-opacity":"","overlay-gradient":""}},"ast-content-background-meta":{"desktop":{"background-color":"var(--ast-global-color-5)","background-image":"","background-repeat":"repeat","background-position":"center center","background-size":"auto","background-attachment":"scroll","background-type":"","background-media":"","overlay-type":"","overlay-color":"","overlay-opacity":"","overlay-gradient":""},"tablet":{"background-color":"var(--ast-global-color-5)","background-image":"","background-repeat":"repeat","background-position":"center center","background-size":"auto","background-attachment":"scroll","background-type":"","background-media":"","overlay-type":"","overlay-color":"","overlay-opacity":"","overlay-gradient":""},"mobile":{"background-color":"var(--ast-global-color-5)","background-image":"","background-repeat":"repeat","background-position":"center center","background-size":"auto","background-attachment":"scroll","background-type":"","background-media":"","overlay-type":"","overlay-color":"","overlay-opacity":"","overlay-gradient":""}}},"product_brand":[6300],"product_cat":[878,897],"product_tag":[],"class_list":{"0":"post-14461","1":"product","2":"type-product","3":"status-publish","4":"has-post-thumbnail","6":"product_brand-roda","7":"product_cat-meubles-de-jardin","8":"product_cat-table-dappoint","9":"desktop-align-left","10":"tablet-align-left","11":"mobile-align-left","13":"first","14":"instock","15":"product-type-simple"},"acf":[],"uagb_featured_image_src":{"full":["https:\/\/gervi.be\/wp-content\/uploads\/2023\/08\/Stork.png",750,750,false],"thumbnail":["https:\/\/gervi.be\/wp-content\/uploads\/2023\/08\/Stork-150x150.png",150,150,true],"medium":["https:\/\/gervi.be\/wp-content\/uploads\/2023\/08\/Stork-300x300.png",300,300,true],"medium_large":["https:\/\/gervi.be\/wp-content\/uploads\/2023\/08\/Stork.png",750,750,false],"large":["https:\/\/gervi.be\/wp-content\/uploads\/2023\/08\/Stork.png",750,750,false],"1536x1536":["https:\/\/gervi.be\/wp-content\/uploads\/2023\/08\/Stork.png",750,750,false],"2048x2048":["https:\/\/gervi.be\/wp-content\/uploads\/2023\/08\/Stork.png",750,750,false],"woocommerce_thumbnail":["https:\/\/gervi.be\/wp-content\/uploads\/2023\/08\/Stork.png",750,750,false],"woocommerce_single":["https:\/\/gervi.be\/wp-content\/uploads\/2023\/08\/Stork.png",750,750,false],"woocommerce_gallery_thumbnail":["https:\/\/gervi.be\/wp-content\/uploads\/2023\/08\/Stork-100x100.png",100,100,true],"dgwt-wcas-product-suggestion":["https:\/\/gervi.be\/wp-content\/uploads\/2023\/08\/Stork.png",64,64,false]},"uagb_author_info":{"display_name":"Marjolein Nijs","author_link":"https:\/\/gervi.be\/fr\/author\/"},"uagb_comment_info":0,"uagb_excerpt":"STORK est une table d&#8217;appoint design, presque une sculpture, avec un caract\u00e8re l\u00e9ger et transversal qui peut s&#8217;int\u00e9grer partout, dans n&#8217;importe quel environnement ext\u00e9rieur ou int\u00e9rieur. Le protagoniste absolu est le teck, model\u00e9 dans le support du tr\u00e9pied avec un long cou qui soutient l\u00e9g\u00e8rement le plateau HPL gris. A c\u00f4t\u00e9 d&#8217;un fauteuil ou d&#8217;une\u2026","_links":{"self":[{"href":"https:\/\/gervi.be\/fr\/wp-json\/wp\/v2\/product\/14461","targetHints":{"allow":["GET"]}}],"collection":[{"href":"https:\/\/gervi.be\/fr\/wp-json\/wp\/v2\/product"}],"about":[{"href":"https:\/\/gervi.be\/fr\/wp-json\/wp\/v2\/types\/product"}],"wp:featuredmedia":[{"embeddable":true,"href":"https:\/\/gervi.be\/fr\/wp-json\/wp\/v2\/media\/32281"}],"wp:attachment":[{"href":"https:\/\/gervi.be\/fr\/wp-json\/wp\/v2\/media?parent=14461"}],"wp:term":[{"taxonomy":"product_brand","embeddable":true,"href":"https:\/\/gervi.be\/fr\/wp-json\/wp\/v2\/product_brand?post=14461"},{"taxonomy":"product_cat","embeddable":true,"href":"https:\/\/gervi.be\/fr\/wp-json\/wp\/v2\/product_cat?post=14461"},{"taxonomy":"product_tag","embeddable":true,"href":"https:\/\/gervi.be\/fr\/wp-json\/wp\/v2\/product_tag?post=14461"}],"curies":[{"name":"wp","href":"https:\/\/api.w.org\/{rel}","templated":true}]}}