{"id":14455,"date":"2023-08-31T10:56:58","date_gmt":"2023-08-31T08:56:58","guid":{"rendered":"https:\/\/gervi.be\/shop\/erica-2\/"},"modified":"2025-07-25T09:09:00","modified_gmt":"2025-07-25T07:09:00","slug":"erica-2","status":"publish","type":"product","link":"https:\/\/gervi.be\/fr\/produit\/erica-2\/","title":{"rendered":"ERICA"},"content":{"rendered":"<p>La collection Erica offre un m\u00e9lange d&#8217;\u00e9l\u00e9ments en aluminium extrud\u00e9 et moul\u00e9. Sa l\u00e9g\u00e8ret\u00e9 et son design rendent cette collection id\u00e9ale pour les environnements publics et r\u00e9sidentiels, avec des coussins d&#8217;assise et de dossier pour un confort ergonomique et une qualit\u00e9 pour une utilisation en ext\u00e9rieur.<\/p>\n<p>Les cadres laqu\u00e9s sont disponibles en trois combinaisons de finitions : un cadre en aluminium laqu\u00e9 blanc avec un entrelacement de fibres de polypropyl\u00e8ne de couleur tortora, un cadre en aluminium laqu\u00e9 tortora avec un entrelacement de fibres de polypropyl\u00e8ne de couleur tortora ou enfin un cadre en aluminium laqu\u00e9 anthracite avec un entrelacement de fibres de polypropyl\u00e8ne de couleur anthracite.<\/p>\n","protected":false},"excerpt":{"rendered":"<p>La collection Erica offre un m\u00e9lange d&#8217;\u00e9l\u00e9ments en aluminium extrud\u00e9 et moul\u00e9. Sa l\u00e9g\u00e8ret\u00e9 et son design rendent cette collection id\u00e9ale pour les environnements publics et r\u00e9sidentiels, avec des coussins d&#8217;assise et de dossier pour un confort ergonomique et une qualit\u00e9 pour une utilisation en ext\u00e9rieur. Les cadres laqu\u00e9s sont disponibles en trois combinaisons de [&hellip;]<\/p>\n","protected":false},"featured_media":31846,"template":"","meta":{"_acf_changed":false,"_uag_custom_page_level_css":"","site-sidebar-layout":"default","site-content-layout":"default","ast-site-content-layout":"default","site-content-style":"default","site-sidebar-style":"default","ast-global-header-display":"","ast-banner-title-visibility":"","ast-main-header-display":"","ast-hfb-above-header-display":"","ast-hfb-below-header-display":"","ast-hfb-mobile-header-display":"","site-post-title":"","ast-breadcrumbs-content":"","ast-featured-img":"","footer-sml-layout":"","ast-disable-related-posts":"","theme-transparent-header-meta":"default","adv-header-id-meta":"","stick-header-meta":"","header-above-stick-meta":"","header-main-stick-meta":"","header-below-stick-meta":"","astra-migrate-meta-layouts":"default","ast-page-background-enabled":"default","ast-page-background-meta":{"desktop":{"background-color":"","background-image":"","background-repeat":"repeat","background-position":"center center","background-size":"auto","background-attachment":"scroll","background-type":"","background-media":"","overlay-type":"","overlay-color":"","overlay-opacity":"","overlay-gradient":""},"tablet":{"background-color":"","background-image":"","background-repeat":"repeat","background-position":"center center","background-size":"auto","background-attachment":"scroll","background-type":"","background-media":"","overlay-type":"","overlay-color":"","overlay-opacity":"","overlay-gradient":""},"mobile":{"background-color":"","background-image":"","background-repeat":"repeat","background-position":"center center","background-size":"auto","background-attachment":"scroll","background-type":"","background-media":"","overlay-type":"","overlay-color":"","overlay-opacity":"","overlay-gradient":""}},"ast-content-background-meta":{"desktop":{"background-color":"var(--ast-global-color-5)","background-image":"","background-repeat":"repeat","background-position":"center center","background-size":"auto","background-attachment":"scroll","background-type":"","background-media":"","overlay-type":"","overlay-color":"","overlay-opacity":"","overlay-gradient":""},"tablet":{"background-color":"var(--ast-global-color-5)","background-image":"","background-repeat":"repeat","background-position":"center center","background-size":"auto","background-attachment":"scroll","background-type":"","background-media":"","overlay-type":"","overlay-color":"","overlay-opacity":"","overlay-gradient":""},"mobile":{"background-color":"var(--ast-global-color-5)","background-image":"","background-repeat":"repeat","background-position":"center center","background-size":"auto","background-attachment":"scroll","background-type":"","background-media":"","overlay-type":"","overlay-color":"","overlay-opacity":"","overlay-gradient":""}}},"product_brand":[6298],"product_cat":[910,878],"product_tag":[],"class_list":{"0":"post-14455","1":"product","2":"type-product","3":"status-publish","4":"has-post-thumbnail","6":"product_brand-bb-italia","7":"product_cat-chaise-longue","8":"product_cat-meubles-de-jardin","9":"desktop-align-left","10":"tablet-align-left","11":"mobile-align-left","13":"first","14":"instock","15":"product-type-simple"},"acf":[],"uagb_featured_image_src":{"full":["https:\/\/gervi.be\/wp-content\/uploads\/2023\/08\/Erica.png",750,750,false],"thumbnail":["https:\/\/gervi.be\/wp-content\/uploads\/2023\/08\/Erica-150x150.png",150,150,true],"medium":["https:\/\/gervi.be\/wp-content\/uploads\/2023\/08\/Erica-300x300.png",300,300,true],"medium_large":["https:\/\/gervi.be\/wp-content\/uploads\/2023\/08\/Erica.png",750,750,false],"large":["https:\/\/gervi.be\/wp-content\/uploads\/2023\/08\/Erica.png",750,750,false],"1536x1536":["https:\/\/gervi.be\/wp-content\/uploads\/2023\/08\/Erica.png",750,750,false],"2048x2048":["https:\/\/gervi.be\/wp-content\/uploads\/2023\/08\/Erica.png",750,750,false],"woocommerce_thumbnail":["https:\/\/gervi.be\/wp-content\/uploads\/2023\/08\/Erica.png",750,750,false],"woocommerce_single":["https:\/\/gervi.be\/wp-content\/uploads\/2023\/08\/Erica.png",750,750,false],"woocommerce_gallery_thumbnail":["https:\/\/gervi.be\/wp-content\/uploads\/2023\/08\/Erica-100x100.png",100,100,true],"dgwt-wcas-product-suggestion":["https:\/\/gervi.be\/wp-content\/uploads\/2023\/08\/Erica.png",64,64,false]},"uagb_author_info":{"display_name":"Marjolein Nijs","author_link":"https:\/\/gervi.be\/fr\/author\/"},"uagb_comment_info":0,"uagb_excerpt":"La collection Erica offre un m\u00e9lange d&#8217;\u00e9l\u00e9ments en aluminium extrud\u00e9 et moul\u00e9. Sa l\u00e9g\u00e8ret\u00e9 et son design rendent cette collection id\u00e9ale pour les environnements publics et r\u00e9sidentiels, avec des coussins d&#8217;assise et de dossier pour un confort ergonomique et une qualit\u00e9 pour une utilisation en ext\u00e9rieur. Les cadres laqu\u00e9s sont disponibles en trois combinaisons de\u2026","_links":{"self":[{"href":"https:\/\/gervi.be\/fr\/wp-json\/wp\/v2\/product\/14455","targetHints":{"allow":["GET"]}}],"collection":[{"href":"https:\/\/gervi.be\/fr\/wp-json\/wp\/v2\/product"}],"about":[{"href":"https:\/\/gervi.be\/fr\/wp-json\/wp\/v2\/types\/product"}],"wp:featuredmedia":[{"embeddable":true,"href":"https:\/\/gervi.be\/fr\/wp-json\/wp\/v2\/media\/31846"}],"wp:attachment":[{"href":"https:\/\/gervi.be\/fr\/wp-json\/wp\/v2\/media?parent=14455"}],"wp:term":[{"taxonomy":"product_brand","embeddable":true,"href":"https:\/\/gervi.be\/fr\/wp-json\/wp\/v2\/product_brand?post=14455"},{"taxonomy":"product_cat","embeddable":true,"href":"https:\/\/gervi.be\/fr\/wp-json\/wp\/v2\/product_cat?post=14455"},{"taxonomy":"product_tag","embeddable":true,"href":"https:\/\/gervi.be\/fr\/wp-json\/wp\/v2\/product_tag?post=14455"}],"curies":[{"name":"wp","href":"https:\/\/api.w.org\/{rel}","templated":true}]}}